{"id":2685,"date":"2020-09-30T12:48:39","date_gmt":"2020-09-30T12:48:39","guid":{"rendered":"https:\/\/herculan.com\/de-beste-sportvloeren-en-naadloze-gietvloeren\/"},"modified":"2024-11-21T15:22:56","modified_gmt":"2024-11-21T15:22:56","slug":"de-beste-sportvloeren-en-naadloze-gietvloeren","status":"publish","type":"page","link":"https:\/\/herculan.com\/es\/","title":{"rendered":"Los mejores suelos deportivos y suelos sin juntas"},"content":{"rendered":"\r\n<h1 class=\"wp-block-heading\">High performance flooring<\/h1>\r\n\r\n\r\n\r\n<p>Herculan desarrolla, produce, vende e instala suelos sin juntas para diversas \u00e1reas de aplicaci\u00f3n, como <a href=\"\/es\/deporte-de-interior\/\">deportes de interior<\/a>, <a href=\"\/es\/deportes-al-aire-libre\/\">deportes al aire libre<\/a>, <a href=\"\/es\/utilidad\/\">utilidad<\/a> y <a href=\"\/es\/marina\/\">marina<\/a>. Haga una elecci\u00f3n arriba para ir directamente al sitio correcto.<\/p>\r\n","protected":false},"excerpt":{"rendered":"<p>High performance flooring Herculan desarrolla, produce, vende e instala suelos sin juntas para diversas \u00e1reas de aplicaci\u00f3n, como deportes de interior, deportes al aire libre, utilidad y marina. Haga una elecci\u00f3n arriba para ir directamente al sitio correcto.<\/p>\n","protected":false},"author":1,"featured_media":0,"parent":0,"menu_order":0,"comment_status":"closed","ping_status":"closed","template":"","meta":{"_acf_changed":false,"footnotes":""},"class_list":["post-2685","page","type-page","status-publish","hentry"],"acf":[],"yoast_head":"<!-- This site is optimized with the Yoast SEO plugin v27.4 - https:\/\/yoast.com\/product\/yoast-seo-wordpress\/ -->\n<title>Los mejores suelos deportivos y suelos sin juntas &#8226; Herculan<\/title>\n<meta name=\"description\" content=\"De beste sportvloeren voor elk budget. Utility gietvloeren, de naadloze oplossing. Scheepsvloeren voor jachten, cruiseschepen, marine en off-shore.\" \/>\n<meta name=\"robots\" content=\"index, follow, max-snippet:-1, max-image-preview:large, max-video-preview:-1\" \/>\n<link rel=\"canonical\" href=\"https:\/\/herculan.com\/es\/\" \/>\n<script type=\"application\/ld+json\" class=\"yoast-schema-graph\">{\"@context\":\"https:\\\/\\\/schema.org\",\"@graph\":[{\"@type\":\"WebPage\",\"@id\":\"https:\\\/\\\/herculan.com\\\/es\\\/\",\"url\":\"https:\\\/\\\/herculan.com\\\/es\\\/\",\"name\":\"Los mejores suelos deportivos y suelos sin juntas &#8226; Herculan\",\"isPartOf\":{\"@id\":\"https:\\\/\\\/herculan.com\\\/es\\\/#website\"},\"datePublished\":\"2020-09-30T12:48:39+00:00\",\"dateModified\":\"2024-11-21T15:22:56+00:00\",\"description\":\"De beste sportvloeren voor elk budget. Utility gietvloeren, de naadloze oplossing. Scheepsvloeren voor jachten, cruiseschepen, marine en off-shore.\",\"breadcrumb\":{\"@id\":\"https:\\\/\\\/herculan.com\\\/es\\\/#breadcrumb\"},\"inLanguage\":\"es\",\"potentialAction\":[{\"@type\":\"ReadAction\",\"target\":[\"https:\\\/\\\/herculan.com\\\/es\\\/\"]}]},{\"@type\":\"BreadcrumbList\",\"@id\":\"https:\\\/\\\/herculan.com\\\/es\\\/#breadcrumb\",\"itemListElement\":[{\"@type\":\"ListItem\",\"position\":1,\"name\":\"Home\",\"item\":\"https:\\\/\\\/herculan.com\\\/es\\\/\"},{\"@type\":\"ListItem\",\"position\":2,\"name\":\"Los mejores suelos deportivos y suelos sin juntas\"}]},{\"@type\":\"WebSite\",\"@id\":\"https:\\\/\\\/herculan.com\\\/es\\\/#website\",\"url\":\"https:\\\/\\\/herculan.com\\\/es\\\/\",\"name\":\"Herculan\",\"description\":\"We&#039;ve got it covered\",\"potentialAction\":[{\"@type\":\"SearchAction\",\"target\":{\"@type\":\"EntryPoint\",\"urlTemplate\":\"https:\\\/\\\/herculan.com\\\/es\\\/?s={search_term_string}\"},\"query-input\":{\"@type\":\"PropertyValueSpecification\",\"valueRequired\":true,\"valueName\":\"search_term_string\"}}],\"inLanguage\":\"es\"}]}<\/script>\n<!-- \/ Yoast SEO plugin. -->","yoast_head_json":{"title":"Los mejores suelos deportivos y suelos sin juntas &#8226; Herculan","description":"De beste sportvloeren voor elk budget. Utility gietvloeren, de naadloze oplossing. Scheepsvloeren voor jachten, cruiseschepen, marine en off-shore.","robots":{"index":"index","follow":"follow","max-snippet":"max-snippet:-1","max-image-preview":"max-image-preview:large","max-video-preview":"max-video-preview:-1"},"canonical":"https:\/\/herculan.com\/es\/","schema":{"@context":"https:\/\/schema.org","@graph":[{"@type":"WebPage","@id":"https:\/\/herculan.com\/es\/","url":"https:\/\/herculan.com\/es\/","name":"Los mejores suelos deportivos y suelos sin juntas &#8226; Herculan","isPartOf":{"@id":"https:\/\/herculan.com\/es\/#website"},"datePublished":"2020-09-30T12:48:39+00:00","dateModified":"2024-11-21T15:22:56+00:00","description":"De beste sportvloeren voor elk budget. Utility gietvloeren, de naadloze oplossing. Scheepsvloeren voor jachten, cruiseschepen, marine en off-shore.","breadcrumb":{"@id":"https:\/\/herculan.com\/es\/#breadcrumb"},"inLanguage":"es","potentialAction":[{"@type":"ReadAction","target":["https:\/\/herculan.com\/es\/"]}]},{"@type":"BreadcrumbList","@id":"https:\/\/herculan.com\/es\/#breadcrumb","itemListElement":[{"@type":"ListItem","position":1,"name":"Home","item":"https:\/\/herculan.com\/es\/"},{"@type":"ListItem","position":2,"name":"Los mejores suelos deportivos y suelos sin juntas"}]},{"@type":"WebSite","@id":"https:\/\/herculan.com\/es\/#website","url":"https:\/\/herculan.com\/es\/","name":"Herculan","description":"We&#039;ve got it covered","potentialAction":[{"@type":"SearchAction","target":{"@type":"EntryPoint","urlTemplate":"https:\/\/herculan.com\/es\/?s={search_term_string}"},"query-input":{"@type":"PropertyValueSpecification","valueRequired":true,"valueName":"search_term_string"}}],"inLanguage":"es"}]}},"_links":{"self":[{"href":"https:\/\/herculan.com\/es\/wp-json\/wp\/v2\/pages\/2685","targetHints":{"allow":["GET"]}}],"collection":[{"href":"https:\/\/herculan.com\/es\/wp-json\/wp\/v2\/pages"}],"about":[{"href":"https:\/\/herculan.com\/es\/wp-json\/wp\/v2\/types\/page"}],"author":[{"embeddable":true,"href":"https:\/\/herculan.com\/es\/wp-json\/wp\/v2\/users\/1"}],"replies":[{"embeddable":true,"href":"https:\/\/herculan.com\/es\/wp-json\/wp\/v2\/comments?post=2685"}],"version-history":[{"count":5,"href":"https:\/\/herculan.com\/es\/wp-json\/wp\/v2\/pages\/2685\/revisions"}],"predecessor-version":[{"id":10131,"href":"https:\/\/herculan.com\/es\/wp-json\/wp\/v2\/pages\/2685\/revisions\/10131"}],"wp:attachment":[{"href":"https:\/\/herculan.com\/es\/wp-json\/wp\/v2\/media?parent=2685"}],"curies":[{"name":"wp","href":"https:\/\/api.w.org\/{rel}","templated":true}]}}