{"id":2701,"date":"2020-09-30T13:41:51","date_gmt":"2020-09-30T13:41:51","guid":{"rendered":"https:\/\/herculan.com\/marine\/"},"modified":"2022-07-12T07:25:44","modified_gmt":"2022-07-12T07:25:44","slug":"marina","status":"publish","type":"page","link":"https:\/\/herculan.com\/es\/marina\/","title":{"rendered":"Marina"},"content":{"rendered":"\n<p>Un suelo expuesto continuamente a los elementos debe ser muy resistente: no solo al agua, viento, fr\u00edo y calor, sino a la carga pesada de m\u00e1quinas y cables. Por ello, los suelos autonivelantes Herculan se sienten como pez en el agua a bordo de barcos y plataformas. Dise\u00f1ados y fabricados para afrontar las situaciones m\u00e1s duras, estos suelos disfrutan de una s\u00f3lida base en todo el mundo.<\/p>\n","protected":false},"excerpt":{"rendered":"<p>Un suelo expuesto continuamente a los elementos debe ser muy resistente: no solo al agua, viento, fr\u00edo y calor, sino a la carga pesada de m\u00e1quinas y cables. Por ello, los suelos autonivelantes Herculan se sienten como pez en el agua a bordo de barcos y plataformas. Dise\u00f1ados y fabricados para afrontar las situaciones m\u00e1s [&hellip;]<\/p>\n","protected":false},"author":1,"featured_media":0,"parent":0,"menu_order":4,"comment_status":"closed","ping_status":"closed","template":"page-one-pager.php","meta":{"_acf_changed":false,"footnotes":""},"class_list":["post-2701","page","type-page","status-publish","hentry"],"acf":[],"yoast_head":"<!-- This site is optimized with the Yoast SEO plugin v27.3 - https:\/\/yoast.com\/product\/yoast-seo-wordpress\/ -->\n<title>Marina &#8226; Herculan<\/title>\n<meta name=\"robots\" content=\"index, follow, max-snippet:-1, max-image-preview:large, max-video-preview:-1\" \/>\n<link rel=\"canonical\" href=\"https:\/\/herculan.com\/es\/marina\/\" \/>\n<script type=\"application\/ld+json\" class=\"yoast-schema-graph\">{\"@context\":\"https:\\\/\\\/schema.org\",\"@graph\":[{\"@type\":\"WebPage\",\"@id\":\"https:\\\/\\\/herculan.com\\\/es\\\/marina\\\/\",\"url\":\"https:\\\/\\\/herculan.com\\\/es\\\/marina\\\/\",\"name\":\"Marina &#8226; Herculan\",\"isPartOf\":{\"@id\":\"https:\\\/\\\/herculan.com\\\/es\\\/#website\"},\"datePublished\":\"2020-09-30T13:41:51+00:00\",\"dateModified\":\"2022-07-12T07:25:44+00:00\",\"breadcrumb\":{\"@id\":\"https:\\\/\\\/herculan.com\\\/es\\\/marina\\\/#breadcrumb\"},\"inLanguage\":\"es\",\"potentialAction\":[{\"@type\":\"ReadAction\",\"target\":[\"https:\\\/\\\/herculan.com\\\/es\\\/marina\\\/\"]}]},{\"@type\":\"BreadcrumbList\",\"@id\":\"https:\\\/\\\/herculan.com\\\/es\\\/marina\\\/#breadcrumb\",\"itemListElement\":[{\"@type\":\"ListItem\",\"position\":1,\"name\":\"Home\",\"item\":\"https:\\\/\\\/herculan.com\\\/es\\\/\"},{\"@type\":\"ListItem\",\"position\":2,\"name\":\"Marina\"}]},{\"@type\":\"WebSite\",\"@id\":\"https:\\\/\\\/herculan.com\\\/es\\\/#website\",\"url\":\"https:\\\/\\\/herculan.com\\\/es\\\/\",\"name\":\"Herculan\",\"description\":\"We&#039;ve got it covered\",\"potentialAction\":[{\"@type\":\"SearchAction\",\"target\":{\"@type\":\"EntryPoint\",\"urlTemplate\":\"https:\\\/\\\/herculan.com\\\/es\\\/?s={search_term_string}\"},\"query-input\":{\"@type\":\"PropertyValueSpecification\",\"valueRequired\":true,\"valueName\":\"search_term_string\"}}],\"inLanguage\":\"es\"}]}<\/script>\n<!-- \/ Yoast SEO plugin. -->","yoast_head_json":{"title":"Marina &#8226; Herculan","robots":{"index":"index","follow":"follow","max-snippet":"max-snippet:-1","max-image-preview":"max-image-preview:large","max-video-preview":"max-video-preview:-1"},"canonical":"https:\/\/herculan.com\/es\/marina\/","schema":{"@context":"https:\/\/schema.org","@graph":[{"@type":"WebPage","@id":"https:\/\/herculan.com\/es\/marina\/","url":"https:\/\/herculan.com\/es\/marina\/","name":"Marina &#8226; Herculan","isPartOf":{"@id":"https:\/\/herculan.com\/es\/#website"},"datePublished":"2020-09-30T13:41:51+00:00","dateModified":"2022-07-12T07:25:44+00:00","breadcrumb":{"@id":"https:\/\/herculan.com\/es\/marina\/#breadcrumb"},"inLanguage":"es","potentialAction":[{"@type":"ReadAction","target":["https:\/\/herculan.com\/es\/marina\/"]}]},{"@type":"BreadcrumbList","@id":"https:\/\/herculan.com\/es\/marina\/#breadcrumb","itemListElement":[{"@type":"ListItem","position":1,"name":"Home","item":"https:\/\/herculan.com\/es\/"},{"@type":"ListItem","position":2,"name":"Marina"}]},{"@type":"WebSite","@id":"https:\/\/herculan.com\/es\/#website","url":"https:\/\/herculan.com\/es\/","name":"Herculan","description":"We&#039;ve got it covered","potentialAction":[{"@type":"SearchAction","target":{"@type":"EntryPoint","urlTemplate":"https:\/\/herculan.com\/es\/?s={search_term_string}"},"query-input":{"@type":"PropertyValueSpecification","valueRequired":true,"valueName":"search_term_string"}}],"inLanguage":"es"}]}},"_links":{"self":[{"href":"https:\/\/herculan.com\/es\/wp-json\/wp\/v2\/pages\/2701","targetHints":{"allow":["GET"]}}],"collection":[{"href":"https:\/\/herculan.com\/es\/wp-json\/wp\/v2\/pages"}],"about":[{"href":"https:\/\/herculan.com\/es\/wp-json\/wp\/v2\/types\/page"}],"author":[{"embeddable":true,"href":"https:\/\/herculan.com\/es\/wp-json\/wp\/v2\/users\/1"}],"replies":[{"embeddable":true,"href":"https:\/\/herculan.com\/es\/wp-json\/wp\/v2\/comments?post=2701"}],"version-history":[{"count":3,"href":"https:\/\/herculan.com\/es\/wp-json\/wp\/v2\/pages\/2701\/revisions"}],"predecessor-version":[{"id":6195,"href":"https:\/\/herculan.com\/es\/wp-json\/wp\/v2\/pages\/2701\/revisions\/6195"}],"wp:attachment":[{"href":"https:\/\/herculan.com\/es\/wp-json\/wp\/v2\/media?parent=2701"}],"curies":[{"name":"wp","href":"https:\/\/api.w.org\/{rel}","templated":true}]}}