{"id":2742,"date":"2020-10-05T10:37:34","date_gmt":"2020-10-05T10:37:34","guid":{"rendered":"https:\/\/herculan.com\/deporte-de-interior\/toepassingen\/"},"modified":"2020-10-22T08:58:44","modified_gmt":"2020-10-22T08:58:44","slug":"aplicaciones","status":"publish","type":"page","link":"https:\/\/herculan.com\/es\/deporte-de-interior\/aplicaciones\/","title":{"rendered":"Aplicaciones"},"content":{"rendered":"\n<p>Herculan ofrece un impresionante surtido de suelos deportivos de poliuretano de gran calidad. Por eso, disponemos del suelo deportivo que satisface sus deseos y necesidades para sus deportes, presupuesto y actividades. Si su suelo deportivo ya no cumple sus requisitos o expectativas, una renovaci\u00f3n del pavimento podr\u00eda ser su soluci\u00f3n.<\/p>\n","protected":false},"excerpt":{"rendered":"<p>Herculan ofrece un impresionante surtido de suelos deportivos de poliuretano de gran calidad. Por eso, disponemos del suelo deportivo que satisface sus deseos y necesidades para sus deportes, presupuesto y actividades. Si su suelo deportivo ya no cumple sus requisitos o expectativas, una renovaci\u00f3n del pavimento podr\u00eda ser su soluci\u00f3n.<\/p>\n","protected":false},"author":1,"featured_media":147,"parent":2695,"menu_order":1,"comment_status":"closed","ping_status":"closed","template":"page-applications.php","meta":{"_acf_changed":false,"footnotes":""},"class_list":["post-2742","page","type-page","status-publish","has-post-thumbnail","hentry"],"acf":[],"yoast_head":"<!-- This site is optimized with the Yoast SEO plugin v27.3 - https:\/\/yoast.com\/product\/yoast-seo-wordpress\/ -->\n<title>Aplicaciones &#8226; Herculan<\/title>\n<meta name=\"robots\" content=\"index, follow, max-snippet:-1, max-image-preview:large, max-video-preview:-1\" \/>\n<link rel=\"canonical\" href=\"https:\/\/herculan.com\/es\/deporte-de-interior\/aplicaciones\/\" \/>\n<script type=\"application\/ld+json\" class=\"yoast-schema-graph\">{\"@context\":\"https:\\\/\\\/schema.org\",\"@graph\":[{\"@type\":\"WebPage\",\"@id\":\"https:\\\/\\\/herculan.com\\\/es\\\/deporte-de-interior\\\/aplicaciones\\\/\",\"url\":\"https:\\\/\\\/herculan.com\\\/es\\\/deporte-de-interior\\\/aplicaciones\\\/\",\"name\":\"Aplicaciones &#8226; Herculan\",\"isPartOf\":{\"@id\":\"https:\\\/\\\/herculan.com\\\/es\\\/#website\"},\"primaryImageOfPage\":{\"@id\":\"https:\\\/\\\/herculan.com\\\/es\\\/deporte-de-interior\\\/aplicaciones\\\/#primaryimage\"},\"image\":{\"@id\":\"https:\\\/\\\/herculan.com\\\/es\\\/deporte-de-interior\\\/aplicaciones\\\/#primaryimage\"},\"thumbnailUrl\":\"https:\\\/\\\/herculan.com\\\/wp-content\\\/uploads\\\/2020\\\/09\\\/binnensport-hoofdfoto.jpg\",\"datePublished\":\"2020-10-05T10:37:34+00:00\",\"dateModified\":\"2020-10-22T08:58:44+00:00\",\"breadcrumb\":{\"@id\":\"https:\\\/\\\/herculan.com\\\/es\\\/deporte-de-interior\\\/aplicaciones\\\/#breadcrumb\"},\"inLanguage\":\"es\",\"potentialAction\":[{\"@type\":\"ReadAction\",\"target\":[\"https:\\\/\\\/herculan.com\\\/es\\\/deporte-de-interior\\\/aplicaciones\\\/\"]}]},{\"@type\":\"ImageObject\",\"inLanguage\":\"es\",\"@id\":\"https:\\\/\\\/herculan.com\\\/es\\\/deporte-de-interior\\\/aplicaciones\\\/#primaryimage\",\"url\":\"https:\\\/\\\/herculan.com\\\/wp-content\\\/uploads\\\/2020\\\/09\\\/binnensport-hoofdfoto.jpg\",\"contentUrl\":\"https:\\\/\\\/herculan.com\\\/wp-content\\\/uploads\\\/2020\\\/09\\\/binnensport-hoofdfoto.jpg\",\"width\":1200,\"height\":537},{\"@type\":\"BreadcrumbList\",\"@id\":\"https:\\\/\\\/herculan.com\\\/es\\\/deporte-de-interior\\\/aplicaciones\\\/#breadcrumb\",\"itemListElement\":[{\"@type\":\"ListItem\",\"position\":1,\"name\":\"Home\",\"item\":\"https:\\\/\\\/herculan.com\\\/es\\\/\"},{\"@type\":\"ListItem\",\"position\":2,\"name\":\"Deporte de interior\",\"item\":\"https:\\\/\\\/herculan.com\\\/es\\\/deporte-de-interior\\\/\"},{\"@type\":\"ListItem\",\"position\":3,\"name\":\"Aplicaciones\"}]},{\"@type\":\"WebSite\",\"@id\":\"https:\\\/\\\/herculan.com\\\/es\\\/#website\",\"url\":\"https:\\\/\\\/herculan.com\\\/es\\\/\",\"name\":\"Herculan\",\"description\":\"We&#039;ve got it covered\",\"potentialAction\":[{\"@type\":\"SearchAction\",\"target\":{\"@type\":\"EntryPoint\",\"urlTemplate\":\"https:\\\/\\\/herculan.com\\\/es\\\/?s={search_term_string}\"},\"query-input\":{\"@type\":\"PropertyValueSpecification\",\"valueRequired\":true,\"valueName\":\"search_term_string\"}}],\"inLanguage\":\"es\"}]}<\/script>\n<!-- \/ Yoast SEO plugin. -->","yoast_head_json":{"title":"Aplicaciones &#8226; Herculan","robots":{"index":"index","follow":"follow","max-snippet":"max-snippet:-1","max-image-preview":"max-image-preview:large","max-video-preview":"max-video-preview:-1"},"canonical":"https:\/\/herculan.com\/es\/deporte-de-interior\/aplicaciones\/","schema":{"@context":"https:\/\/schema.org","@graph":[{"@type":"WebPage","@id":"https:\/\/herculan.com\/es\/deporte-de-interior\/aplicaciones\/","url":"https:\/\/herculan.com\/es\/deporte-de-interior\/aplicaciones\/","name":"Aplicaciones &#8226; Herculan","isPartOf":{"@id":"https:\/\/herculan.com\/es\/#website"},"primaryImageOfPage":{"@id":"https:\/\/herculan.com\/es\/deporte-de-interior\/aplicaciones\/#primaryimage"},"image":{"@id":"https:\/\/herculan.com\/es\/deporte-de-interior\/aplicaciones\/#primaryimage"},"thumbnailUrl":"https:\/\/herculan.com\/wp-content\/uploads\/2020\/09\/binnensport-hoofdfoto.jpg","datePublished":"2020-10-05T10:37:34+00:00","dateModified":"2020-10-22T08:58:44+00:00","breadcrumb":{"@id":"https:\/\/herculan.com\/es\/deporte-de-interior\/aplicaciones\/#breadcrumb"},"inLanguage":"es","potentialAction":[{"@type":"ReadAction","target":["https:\/\/herculan.com\/es\/deporte-de-interior\/aplicaciones\/"]}]},{"@type":"ImageObject","inLanguage":"es","@id":"https:\/\/herculan.com\/es\/deporte-de-interior\/aplicaciones\/#primaryimage","url":"https:\/\/herculan.com\/wp-content\/uploads\/2020\/09\/binnensport-hoofdfoto.jpg","contentUrl":"https:\/\/herculan.com\/wp-content\/uploads\/2020\/09\/binnensport-hoofdfoto.jpg","width":1200,"height":537},{"@type":"BreadcrumbList","@id":"https:\/\/herculan.com\/es\/deporte-de-interior\/aplicaciones\/#breadcrumb","itemListElement":[{"@type":"ListItem","position":1,"name":"Home","item":"https:\/\/herculan.com\/es\/"},{"@type":"ListItem","position":2,"name":"Deporte de interior","item":"https:\/\/herculan.com\/es\/deporte-de-interior\/"},{"@type":"ListItem","position":3,"name":"Aplicaciones"}]},{"@type":"WebSite","@id":"https:\/\/herculan.com\/es\/#website","url":"https:\/\/herculan.com\/es\/","name":"Herculan","description":"We&#039;ve got it covered","potentialAction":[{"@type":"SearchAction","target":{"@type":"EntryPoint","urlTemplate":"https:\/\/herculan.com\/es\/?s={search_term_string}"},"query-input":{"@type":"PropertyValueSpecification","valueRequired":true,"valueName":"search_term_string"}}],"inLanguage":"es"}]}},"_links":{"self":[{"href":"https:\/\/herculan.com\/es\/wp-json\/wp\/v2\/pages\/2742","targetHints":{"allow":["GET"]}}],"collection":[{"href":"https:\/\/herculan.com\/es\/wp-json\/wp\/v2\/pages"}],"about":[{"href":"https:\/\/herculan.com\/es\/wp-json\/wp\/v2\/types\/page"}],"author":[{"embeddable":true,"href":"https:\/\/herculan.com\/es\/wp-json\/wp\/v2\/users\/1"}],"replies":[{"embeddable":true,"href":"https:\/\/herculan.com\/es\/wp-json\/wp\/v2\/comments?post=2742"}],"version-history":[{"count":4,"href":"https:\/\/herculan.com\/es\/wp-json\/wp\/v2\/pages\/2742\/revisions"}],"predecessor-version":[{"id":2762,"href":"https:\/\/herculan.com\/es\/wp-json\/wp\/v2\/pages\/2742\/revisions\/2762"}],"up":[{"embeddable":true,"href":"https:\/\/herculan.com\/es\/wp-json\/wp\/v2\/pages\/2695"}],"wp:featuredmedia":[{"embeddable":true,"href":"https:\/\/herculan.com\/es\/wp-json\/wp\/v2\/media\/147"}],"wp:attachment":[{"href":"https:\/\/herculan.com\/es\/wp-json\/wp\/v2\/media?parent=2742"}],"curies":[{"name":"wp","href":"https:\/\/api.w.org\/{rel}","templated":true}]}}