{"id":2748,"date":"2020-10-05T10:44:16","date_gmt":"2020-10-05T10:44:16","guid":{"rendered":"https:\/\/herculan.com\/deporte-de-interior\/rd-innovatie\/"},"modified":"2020-10-22T09:14:29","modified_gmt":"2020-10-22T09:14:29","slug":"id-innovacion","status":"publish","type":"page","link":"https:\/\/herculan.com\/es\/deporte-de-interior\/id-innovacion\/","title":{"rendered":"I&#038;D \/ innovaci\u00f3n"},"content":{"rendered":"\n<p>Herculan valora mucho el desarrollo y la innovaci\u00f3n. Muchas de sus investigaciones tienen el punto de mira en futuras normativas y exigencias de uso, con una sobrada anticipaci\u00f3n a la sostenibilidad del proceso de producci\u00f3n. Cuando el mercado de las materias primas fluct\u00faa caprichosamente, buscamos alternativas,\u00a0y siempre trabajamos en la mejora de nuestros propios productos para llevarlos a un nivel superior. Se trata de un proceso intensivo, pues nuestro objetivo es lograr siempre el mejor resultado.<\/p>\n","protected":false},"excerpt":{"rendered":"<p>Herculan valora mucho el desarrollo y la innovaci\u00f3n. Muchas de sus investigaciones tienen el punto de mira en futuras normativas y exigencias de uso, con una sobrada anticipaci\u00f3n a la sostenibilidad del proceso de producci\u00f3n. Cuando el mercado de las materias primas fluct\u00faa caprichosamente, buscamos alternativas,\u00a0y siempre trabajamos en la mejora de nuestros propios productos [&hellip;]<\/p>\n","protected":false},"author":1,"featured_media":115,"parent":2695,"menu_order":4,"comment_status":"closed","ping_status":"closed","template":"","meta":{"_acf_changed":false,"footnotes":""},"class_list":["post-2748","page","type-page","status-publish","has-post-thumbnail","hentry"],"acf":[],"yoast_head":"<!-- This site is optimized with the Yoast SEO plugin v27.3 - https:\/\/yoast.com\/product\/yoast-seo-wordpress\/ -->\n<title>I&amp;D \/ innovaci\u00f3n &#8226; Herculan<\/title>\n<meta name=\"robots\" content=\"index, follow, max-snippet:-1, max-image-preview:large, max-video-preview:-1\" \/>\n<link rel=\"canonical\" href=\"https:\/\/herculan.com\/es\/deporte-de-interior\/id-innovacion\/\" \/>\n<script type=\"application\/ld+json\" class=\"yoast-schema-graph\">{\"@context\":\"https:\\\/\\\/schema.org\",\"@graph\":[{\"@type\":\"WebPage\",\"@id\":\"https:\\\/\\\/herculan.com\\\/es\\\/deporte-de-interior\\\/id-innovacion\\\/\",\"url\":\"https:\\\/\\\/herculan.com\\\/es\\\/deporte-de-interior\\\/id-innovacion\\\/\",\"name\":\"I&D \\\/ innovaci\u00f3n &#8226; Herculan\",\"isPartOf\":{\"@id\":\"https:\\\/\\\/herculan.com\\\/es\\\/#website\"},\"primaryImageOfPage\":{\"@id\":\"https:\\\/\\\/herculan.com\\\/es\\\/deporte-de-interior\\\/id-innovacion\\\/#primaryimage\"},\"image\":{\"@id\":\"https:\\\/\\\/herculan.com\\\/es\\\/deporte-de-interior\\\/id-innovacion\\\/#primaryimage\"},\"thumbnailUrl\":\"https:\\\/\\\/herculan.com\\\/wp-content\\\/uploads\\\/2020\\\/09\\\/rendkleur.jpg\",\"datePublished\":\"2020-10-05T10:44:16+00:00\",\"dateModified\":\"2020-10-22T09:14:29+00:00\",\"breadcrumb\":{\"@id\":\"https:\\\/\\\/herculan.com\\\/es\\\/deporte-de-interior\\\/id-innovacion\\\/#breadcrumb\"},\"inLanguage\":\"es\",\"potentialAction\":[{\"@type\":\"ReadAction\",\"target\":[\"https:\\\/\\\/herculan.com\\\/es\\\/deporte-de-interior\\\/id-innovacion\\\/\"]}]},{\"@type\":\"ImageObject\",\"inLanguage\":\"es\",\"@id\":\"https:\\\/\\\/herculan.com\\\/es\\\/deporte-de-interior\\\/id-innovacion\\\/#primaryimage\",\"url\":\"https:\\\/\\\/herculan.com\\\/wp-content\\\/uploads\\\/2020\\\/09\\\/rendkleur.jpg\",\"contentUrl\":\"https:\\\/\\\/herculan.com\\\/wp-content\\\/uploads\\\/2020\\\/09\\\/rendkleur.jpg\",\"width\":1200,\"height\":537},{\"@type\":\"BreadcrumbList\",\"@id\":\"https:\\\/\\\/herculan.com\\\/es\\\/deporte-de-interior\\\/id-innovacion\\\/#breadcrumb\",\"itemListElement\":[{\"@type\":\"ListItem\",\"position\":1,\"name\":\"Home\",\"item\":\"https:\\\/\\\/herculan.com\\\/es\\\/\"},{\"@type\":\"ListItem\",\"position\":2,\"name\":\"Deporte de interior\",\"item\":\"https:\\\/\\\/herculan.com\\\/es\\\/deporte-de-interior\\\/\"},{\"@type\":\"ListItem\",\"position\":3,\"name\":\"I&#038;D \\\/ innovaci\u00f3n\"}]},{\"@type\":\"WebSite\",\"@id\":\"https:\\\/\\\/herculan.com\\\/es\\\/#website\",\"url\":\"https:\\\/\\\/herculan.com\\\/es\\\/\",\"name\":\"Herculan\",\"description\":\"We&#039;ve got it covered\",\"potentialAction\":[{\"@type\":\"SearchAction\",\"target\":{\"@type\":\"EntryPoint\",\"urlTemplate\":\"https:\\\/\\\/herculan.com\\\/es\\\/?s={search_term_string}\"},\"query-input\":{\"@type\":\"PropertyValueSpecification\",\"valueRequired\":true,\"valueName\":\"search_term_string\"}}],\"inLanguage\":\"es\"}]}<\/script>\n<!-- \/ Yoast SEO plugin. -->","yoast_head_json":{"title":"I&D \/ innovaci\u00f3n &#8226; Herculan","robots":{"index":"index","follow":"follow","max-snippet":"max-snippet:-1","max-image-preview":"max-image-preview:large","max-video-preview":"max-video-preview:-1"},"canonical":"https:\/\/herculan.com\/es\/deporte-de-interior\/id-innovacion\/","schema":{"@context":"https:\/\/schema.org","@graph":[{"@type":"WebPage","@id":"https:\/\/herculan.com\/es\/deporte-de-interior\/id-innovacion\/","url":"https:\/\/herculan.com\/es\/deporte-de-interior\/id-innovacion\/","name":"I&D \/ innovaci\u00f3n &#8226; Herculan","isPartOf":{"@id":"https:\/\/herculan.com\/es\/#website"},"primaryImageOfPage":{"@id":"https:\/\/herculan.com\/es\/deporte-de-interior\/id-innovacion\/#primaryimage"},"image":{"@id":"https:\/\/herculan.com\/es\/deporte-de-interior\/id-innovacion\/#primaryimage"},"thumbnailUrl":"https:\/\/herculan.com\/wp-content\/uploads\/2020\/09\/rendkleur.jpg","datePublished":"2020-10-05T10:44:16+00:00","dateModified":"2020-10-22T09:14:29+00:00","breadcrumb":{"@id":"https:\/\/herculan.com\/es\/deporte-de-interior\/id-innovacion\/#breadcrumb"},"inLanguage":"es","potentialAction":[{"@type":"ReadAction","target":["https:\/\/herculan.com\/es\/deporte-de-interior\/id-innovacion\/"]}]},{"@type":"ImageObject","inLanguage":"es","@id":"https:\/\/herculan.com\/es\/deporte-de-interior\/id-innovacion\/#primaryimage","url":"https:\/\/herculan.com\/wp-content\/uploads\/2020\/09\/rendkleur.jpg","contentUrl":"https:\/\/herculan.com\/wp-content\/uploads\/2020\/09\/rendkleur.jpg","width":1200,"height":537},{"@type":"BreadcrumbList","@id":"https:\/\/herculan.com\/es\/deporte-de-interior\/id-innovacion\/#breadcrumb","itemListElement":[{"@type":"ListItem","position":1,"name":"Home","item":"https:\/\/herculan.com\/es\/"},{"@type":"ListItem","position":2,"name":"Deporte de interior","item":"https:\/\/herculan.com\/es\/deporte-de-interior\/"},{"@type":"ListItem","position":3,"name":"I&#038;D \/ innovaci\u00f3n"}]},{"@type":"WebSite","@id":"https:\/\/herculan.com\/es\/#website","url":"https:\/\/herculan.com\/es\/","name":"Herculan","description":"We&#039;ve got it covered","potentialAction":[{"@type":"SearchAction","target":{"@type":"EntryPoint","urlTemplate":"https:\/\/herculan.com\/es\/?s={search_term_string}"},"query-input":{"@type":"PropertyValueSpecification","valueRequired":true,"valueName":"search_term_string"}}],"inLanguage":"es"}]}},"_links":{"self":[{"href":"https:\/\/herculan.com\/es\/wp-json\/wp\/v2\/pages\/2748","targetHints":{"allow":["GET"]}}],"collection":[{"href":"https:\/\/herculan.com\/es\/wp-json\/wp\/v2\/pages"}],"about":[{"href":"https:\/\/herculan.com\/es\/wp-json\/wp\/v2\/types\/page"}],"author":[{"embeddable":true,"href":"https:\/\/herculan.com\/es\/wp-json\/wp\/v2\/users\/1"}],"replies":[{"embeddable":true,"href":"https:\/\/herculan.com\/es\/wp-json\/wp\/v2\/comments?post=2748"}],"version-history":[{"count":2,"href":"https:\/\/herculan.com\/es\/wp-json\/wp\/v2\/pages\/2748\/revisions"}],"predecessor-version":[{"id":2779,"href":"https:\/\/herculan.com\/es\/wp-json\/wp\/v2\/pages\/2748\/revisions\/2779"}],"up":[{"embeddable":true,"href":"https:\/\/herculan.com\/es\/wp-json\/wp\/v2\/pages\/2695"}],"wp:featuredmedia":[{"embeddable":true,"href":"https:\/\/herculan.com\/es\/wp-json\/wp\/v2\/media\/115"}],"wp:attachment":[{"href":"https:\/\/herculan.com\/es\/wp-json\/wp\/v2\/media?parent=2748"}],"curies":[{"name":"wp","href":"https:\/\/api.w.org\/{rel}","templated":true}]}}