{"id":2750,"date":"2020-10-05T10:47:05","date_gmt":"2020-10-05T10:47:05","guid":{"rendered":"https:\/\/herculan.com\/deporte-de-interior\/productie\/"},"modified":"2020-10-22T09:18:47","modified_gmt":"2020-10-22T09:18:47","slug":"produccion","status":"publish","type":"page","link":"https:\/\/herculan.com\/es\/deporte-de-interior\/produccion\/","title":{"rendered":"Producci\u00f3n"},"content":{"rendered":"\n<p>No es f\u00e1cil ganarse una reputaci\u00f3n como fabricante de suelos deportivos. Un producto perfecto es la base del reconocimiento. En Herculan, el desarrollo de nuestros productos es constante, pues creemos que siempre se pueden mejorar. Gracias a ese \u00edmpetu, gozamos de un vasto conocimiento, que traducimos directamente en t\u00e9cnicas propias de producci\u00f3n y en una instalaci\u00f3n profesional de nuestros productos. Toda la responsabilidad bajo un mismo techo. Ya sea una situaci\u00f3n habitual o un proyecto espec\u00edfico, siempre obtendr\u00e1 una calidad demostrada.<\/p>\n","protected":false},"excerpt":{"rendered":"<p>No es f\u00e1cil ganarse una reputaci\u00f3n como fabricante de suelos deportivos. Un producto perfecto es la base del reconocimiento. En Herculan, el desarrollo de nuestros productos es constante, pues creemos que siempre se pueden mejorar. Gracias a ese \u00edmpetu, gozamos de un vasto conocimiento, que traducimos directamente en t\u00e9cnicas propias de producci\u00f3n y en una [&hellip;]<\/p>\n","protected":false},"author":1,"featured_media":99,"parent":2695,"menu_order":5,"comment_status":"closed","ping_status":"closed","template":"","meta":{"_acf_changed":false,"footnotes":""},"class_list":["post-2750","page","type-page","status-publish","has-post-thumbnail","hentry"],"acf":[],"yoast_head":"<!-- This site is optimized with the Yoast SEO plugin v27.3 - https:\/\/yoast.com\/product\/yoast-seo-wordpress\/ -->\n<title>Producci\u00f3n &#8226; Herculan<\/title>\n<meta name=\"robots\" content=\"index, follow, max-snippet:-1, max-image-preview:large, max-video-preview:-1\" \/>\n<link rel=\"canonical\" href=\"https:\/\/herculan.com\/es\/deporte-de-interior\/produccion\/\" \/>\n<script type=\"application\/ld+json\" class=\"yoast-schema-graph\">{\"@context\":\"https:\\\/\\\/schema.org\",\"@graph\":[{\"@type\":\"WebPage\",\"@id\":\"https:\\\/\\\/herculan.com\\\/es\\\/deporte-de-interior\\\/produccion\\\/\",\"url\":\"https:\\\/\\\/herculan.com\\\/es\\\/deporte-de-interior\\\/produccion\\\/\",\"name\":\"Producci\u00f3n &#8226; Herculan\",\"isPartOf\":{\"@id\":\"https:\\\/\\\/herculan.com\\\/es\\\/#website\"},\"primaryImageOfPage\":{\"@id\":\"https:\\\/\\\/herculan.com\\\/es\\\/deporte-de-interior\\\/produccion\\\/#primaryimage\"},\"image\":{\"@id\":\"https:\\\/\\\/herculan.com\\\/es\\\/deporte-de-interior\\\/produccion\\\/#primaryimage\"},\"thumbnailUrl\":\"https:\\\/\\\/herculan.com\\\/wp-content\\\/uploads\\\/2020\\\/09\\\/productie-sport-hoofdfoto.jpg\",\"datePublished\":\"2020-10-05T10:47:05+00:00\",\"dateModified\":\"2020-10-22T09:18:47+00:00\",\"breadcrumb\":{\"@id\":\"https:\\\/\\\/herculan.com\\\/es\\\/deporte-de-interior\\\/produccion\\\/#breadcrumb\"},\"inLanguage\":\"es\",\"potentialAction\":[{\"@type\":\"ReadAction\",\"target\":[\"https:\\\/\\\/herculan.com\\\/es\\\/deporte-de-interior\\\/produccion\\\/\"]}]},{\"@type\":\"ImageObject\",\"inLanguage\":\"es\",\"@id\":\"https:\\\/\\\/herculan.com\\\/es\\\/deporte-de-interior\\\/produccion\\\/#primaryimage\",\"url\":\"https:\\\/\\\/herculan.com\\\/wp-content\\\/uploads\\\/2020\\\/09\\\/productie-sport-hoofdfoto.jpg\",\"contentUrl\":\"https:\\\/\\\/herculan.com\\\/wp-content\\\/uploads\\\/2020\\\/09\\\/productie-sport-hoofdfoto.jpg\",\"width\":1200,\"height\":537},{\"@type\":\"BreadcrumbList\",\"@id\":\"https:\\\/\\\/herculan.com\\\/es\\\/deporte-de-interior\\\/produccion\\\/#breadcrumb\",\"itemListElement\":[{\"@type\":\"ListItem\",\"position\":1,\"name\":\"Home\",\"item\":\"https:\\\/\\\/herculan.com\\\/es\\\/\"},{\"@type\":\"ListItem\",\"position\":2,\"name\":\"Deporte de interior\",\"item\":\"https:\\\/\\\/herculan.com\\\/es\\\/deporte-de-interior\\\/\"},{\"@type\":\"ListItem\",\"position\":3,\"name\":\"Producci\u00f3n\"}]},{\"@type\":\"WebSite\",\"@id\":\"https:\\\/\\\/herculan.com\\\/es\\\/#website\",\"url\":\"https:\\\/\\\/herculan.com\\\/es\\\/\",\"name\":\"Herculan\",\"description\":\"We&#039;ve got it covered\",\"potentialAction\":[{\"@type\":\"SearchAction\",\"target\":{\"@type\":\"EntryPoint\",\"urlTemplate\":\"https:\\\/\\\/herculan.com\\\/es\\\/?s={search_term_string}\"},\"query-input\":{\"@type\":\"PropertyValueSpecification\",\"valueRequired\":true,\"valueName\":\"search_term_string\"}}],\"inLanguage\":\"es\"}]}<\/script>\n<!-- \/ Yoast SEO plugin. -->","yoast_head_json":{"title":"Producci\u00f3n &#8226; Herculan","robots":{"index":"index","follow":"follow","max-snippet":"max-snippet:-1","max-image-preview":"max-image-preview:large","max-video-preview":"max-video-preview:-1"},"canonical":"https:\/\/herculan.com\/es\/deporte-de-interior\/produccion\/","schema":{"@context":"https:\/\/schema.org","@graph":[{"@type":"WebPage","@id":"https:\/\/herculan.com\/es\/deporte-de-interior\/produccion\/","url":"https:\/\/herculan.com\/es\/deporte-de-interior\/produccion\/","name":"Producci\u00f3n &#8226; Herculan","isPartOf":{"@id":"https:\/\/herculan.com\/es\/#website"},"primaryImageOfPage":{"@id":"https:\/\/herculan.com\/es\/deporte-de-interior\/produccion\/#primaryimage"},"image":{"@id":"https:\/\/herculan.com\/es\/deporte-de-interior\/produccion\/#primaryimage"},"thumbnailUrl":"https:\/\/herculan.com\/wp-content\/uploads\/2020\/09\/productie-sport-hoofdfoto.jpg","datePublished":"2020-10-05T10:47:05+00:00","dateModified":"2020-10-22T09:18:47+00:00","breadcrumb":{"@id":"https:\/\/herculan.com\/es\/deporte-de-interior\/produccion\/#breadcrumb"},"inLanguage":"es","potentialAction":[{"@type":"ReadAction","target":["https:\/\/herculan.com\/es\/deporte-de-interior\/produccion\/"]}]},{"@type":"ImageObject","inLanguage":"es","@id":"https:\/\/herculan.com\/es\/deporte-de-interior\/produccion\/#primaryimage","url":"https:\/\/herculan.com\/wp-content\/uploads\/2020\/09\/productie-sport-hoofdfoto.jpg","contentUrl":"https:\/\/herculan.com\/wp-content\/uploads\/2020\/09\/productie-sport-hoofdfoto.jpg","width":1200,"height":537},{"@type":"BreadcrumbList","@id":"https:\/\/herculan.com\/es\/deporte-de-interior\/produccion\/#breadcrumb","itemListElement":[{"@type":"ListItem","position":1,"name":"Home","item":"https:\/\/herculan.com\/es\/"},{"@type":"ListItem","position":2,"name":"Deporte de interior","item":"https:\/\/herculan.com\/es\/deporte-de-interior\/"},{"@type":"ListItem","position":3,"name":"Producci\u00f3n"}]},{"@type":"WebSite","@id":"https:\/\/herculan.com\/es\/#website","url":"https:\/\/herculan.com\/es\/","name":"Herculan","description":"We&#039;ve got it covered","potentialAction":[{"@type":"SearchAction","target":{"@type":"EntryPoint","urlTemplate":"https:\/\/herculan.com\/es\/?s={search_term_string}"},"query-input":{"@type":"PropertyValueSpecification","valueRequired":true,"valueName":"search_term_string"}}],"inLanguage":"es"}]}},"_links":{"self":[{"href":"https:\/\/herculan.com\/es\/wp-json\/wp\/v2\/pages\/2750","targetHints":{"allow":["GET"]}}],"collection":[{"href":"https:\/\/herculan.com\/es\/wp-json\/wp\/v2\/pages"}],"about":[{"href":"https:\/\/herculan.com\/es\/wp-json\/wp\/v2\/types\/page"}],"author":[{"embeddable":true,"href":"https:\/\/herculan.com\/es\/wp-json\/wp\/v2\/users\/1"}],"replies":[{"embeddable":true,"href":"https:\/\/herculan.com\/es\/wp-json\/wp\/v2\/comments?post=2750"}],"version-history":[{"count":2,"href":"https:\/\/herculan.com\/es\/wp-json\/wp\/v2\/pages\/2750\/revisions"}],"predecessor-version":[{"id":2784,"href":"https:\/\/herculan.com\/es\/wp-json\/wp\/v2\/pages\/2750\/revisions\/2784"}],"up":[{"embeddable":true,"href":"https:\/\/herculan.com\/es\/wp-json\/wp\/v2\/pages\/2695"}],"wp:featuredmedia":[{"embeddable":true,"href":"https:\/\/herculan.com\/es\/wp-json\/wp\/v2\/media\/99"}],"wp:attachment":[{"href":"https:\/\/herculan.com\/es\/wp-json\/wp\/v2\/media?parent=2750"}],"curies":[{"name":"wp","href":"https:\/\/api.w.org\/{rel}","templated":true}]}}