{"id":2870,"date":"2020-10-05T13:55:21","date_gmt":"2020-10-05T13:55:21","guid":{"rendered":"https:\/\/herculan.com\/deporte-de-interior\/aplicaciones\/multi-functionele-centra\/"},"modified":"2020-10-22T10:12:59","modified_gmt":"2020-10-22T10:12:59","slug":"polideportivos","status":"publish","type":"page","link":"https:\/\/herculan.com\/es\/deporte-de-interior\/aplicaciones\/polideportivos\/","title":{"rendered":"Polideportivos"},"content":{"rendered":"\n<p>Un pavimento deportivo no siempre se utiliza exclusivamente para hacer deporte: algunos pabellones se alquilan tambi\u00e9n para celebrar espect\u00e1culos, eventos o conferencias, por ejemplo. Por tanto, un suelo deportivo no solo tiene que resistir el uso de deportistas y aparatos de fitness, sino tambi\u00e9n los puntos de carga de mesas y sillas, por ejemplo, as\u00ed como el paso de carretillas, portapal\u00e9s, etc.<\/p>\n","protected":false},"excerpt":{"rendered":"<p>Un pavimento deportivo no siempre se utiliza exclusivamente para hacer deporte: algunos pabellones se alquilan tambi\u00e9n para celebrar espect\u00e1culos, eventos o conferencias, por ejemplo. Por tanto, un suelo deportivo no solo tiene que resistir el uso de deportistas y aparatos de fitness, sino tambi\u00e9n los puntos de carga de mesas y sillas, por ejemplo, as\u00ed [&hellip;]<\/p>\n","protected":false},"author":1,"featured_media":159,"parent":2742,"menu_order":5,"comment_status":"closed","ping_status":"closed","template":"page-application.php","meta":{"_acf_changed":false,"footnotes":""},"class_list":["post-2870","page","type-page","status-publish","has-post-thumbnail","hentry"],"acf":[],"yoast_head":"<!-- This site is optimized with the Yoast SEO plugin v27.3 - https:\/\/yoast.com\/product\/yoast-seo-wordpress\/ -->\n<title>Polideportivos &#8226; Herculan<\/title>\n<meta name=\"robots\" content=\"index, follow, max-snippet:-1, max-image-preview:large, max-video-preview:-1\" \/>\n<link rel=\"canonical\" href=\"https:\/\/herculan.com\/es\/deporte-de-interior\/aplicaciones\/polideportivos\/\" \/>\n<script type=\"application\/ld+json\" class=\"yoast-schema-graph\">{\"@context\":\"https:\\\/\\\/schema.org\",\"@graph\":[{\"@type\":\"WebPage\",\"@id\":\"https:\\\/\\\/herculan.com\\\/es\\\/deporte-de-interior\\\/aplicaciones\\\/polideportivos\\\/\",\"url\":\"https:\\\/\\\/herculan.com\\\/es\\\/deporte-de-interior\\\/aplicaciones\\\/polideportivos\\\/\",\"name\":\"Polideportivos &#8226; Herculan\",\"isPartOf\":{\"@id\":\"https:\\\/\\\/herculan.com\\\/es\\\/#website\"},\"primaryImageOfPage\":{\"@id\":\"https:\\\/\\\/herculan.com\\\/es\\\/deporte-de-interior\\\/aplicaciones\\\/polideportivos\\\/#primaryimage\"},\"image\":{\"@id\":\"https:\\\/\\\/herculan.com\\\/es\\\/deporte-de-interior\\\/aplicaciones\\\/polideportivos\\\/#primaryimage\"},\"thumbnailUrl\":\"https:\\\/\\\/herculan.com\\\/wp-content\\\/uploads\\\/2020\\\/09\\\/CA-Project-Meadows.jpg\",\"datePublished\":\"2020-10-05T13:55:21+00:00\",\"dateModified\":\"2020-10-22T10:12:59+00:00\",\"breadcrumb\":{\"@id\":\"https:\\\/\\\/herculan.com\\\/es\\\/deporte-de-interior\\\/aplicaciones\\\/polideportivos\\\/#breadcrumb\"},\"inLanguage\":\"es\",\"potentialAction\":[{\"@type\":\"ReadAction\",\"target\":[\"https:\\\/\\\/herculan.com\\\/es\\\/deporte-de-interior\\\/aplicaciones\\\/polideportivos\\\/\"]}]},{\"@type\":\"ImageObject\",\"inLanguage\":\"es\",\"@id\":\"https:\\\/\\\/herculan.com\\\/es\\\/deporte-de-interior\\\/aplicaciones\\\/polideportivos\\\/#primaryimage\",\"url\":\"https:\\\/\\\/herculan.com\\\/wp-content\\\/uploads\\\/2020\\\/09\\\/CA-Project-Meadows.jpg\",\"contentUrl\":\"https:\\\/\\\/herculan.com\\\/wp-content\\\/uploads\\\/2020\\\/09\\\/CA-Project-Meadows.jpg\",\"width\":1200,\"height\":537},{\"@type\":\"BreadcrumbList\",\"@id\":\"https:\\\/\\\/herculan.com\\\/es\\\/deporte-de-interior\\\/aplicaciones\\\/polideportivos\\\/#breadcrumb\",\"itemListElement\":[{\"@type\":\"ListItem\",\"position\":1,\"name\":\"Home\",\"item\":\"https:\\\/\\\/herculan.com\\\/es\\\/\"},{\"@type\":\"ListItem\",\"position\":2,\"name\":\"Deporte de interior\",\"item\":\"https:\\\/\\\/herculan.com\\\/es\\\/deporte-de-interior\\\/\"},{\"@type\":\"ListItem\",\"position\":3,\"name\":\"Aplicaciones\",\"item\":\"https:\\\/\\\/herculan.com\\\/es\\\/deporte-de-interior\\\/aplicaciones\\\/\"},{\"@type\":\"ListItem\",\"position\":4,\"name\":\"Polideportivos\"}]},{\"@type\":\"WebSite\",\"@id\":\"https:\\\/\\\/herculan.com\\\/es\\\/#website\",\"url\":\"https:\\\/\\\/herculan.com\\\/es\\\/\",\"name\":\"Herculan\",\"description\":\"We&#039;ve got it covered\",\"potentialAction\":[{\"@type\":\"SearchAction\",\"target\":{\"@type\":\"EntryPoint\",\"urlTemplate\":\"https:\\\/\\\/herculan.com\\\/es\\\/?s={search_term_string}\"},\"query-input\":{\"@type\":\"PropertyValueSpecification\",\"valueRequired\":true,\"valueName\":\"search_term_string\"}}],\"inLanguage\":\"es\"}]}<\/script>\n<!-- \/ Yoast SEO plugin. -->","yoast_head_json":{"title":"Polideportivos &#8226; Herculan","robots":{"index":"index","follow":"follow","max-snippet":"max-snippet:-1","max-image-preview":"max-image-preview:large","max-video-preview":"max-video-preview:-1"},"canonical":"https:\/\/herculan.com\/es\/deporte-de-interior\/aplicaciones\/polideportivos\/","schema":{"@context":"https:\/\/schema.org","@graph":[{"@type":"WebPage","@id":"https:\/\/herculan.com\/es\/deporte-de-interior\/aplicaciones\/polideportivos\/","url":"https:\/\/herculan.com\/es\/deporte-de-interior\/aplicaciones\/polideportivos\/","name":"Polideportivos &#8226; Herculan","isPartOf":{"@id":"https:\/\/herculan.com\/es\/#website"},"primaryImageOfPage":{"@id":"https:\/\/herculan.com\/es\/deporte-de-interior\/aplicaciones\/polideportivos\/#primaryimage"},"image":{"@id":"https:\/\/herculan.com\/es\/deporte-de-interior\/aplicaciones\/polideportivos\/#primaryimage"},"thumbnailUrl":"https:\/\/herculan.com\/wp-content\/uploads\/2020\/09\/CA-Project-Meadows.jpg","datePublished":"2020-10-05T13:55:21+00:00","dateModified":"2020-10-22T10:12:59+00:00","breadcrumb":{"@id":"https:\/\/herculan.com\/es\/deporte-de-interior\/aplicaciones\/polideportivos\/#breadcrumb"},"inLanguage":"es","potentialAction":[{"@type":"ReadAction","target":["https:\/\/herculan.com\/es\/deporte-de-interior\/aplicaciones\/polideportivos\/"]}]},{"@type":"ImageObject","inLanguage":"es","@id":"https:\/\/herculan.com\/es\/deporte-de-interior\/aplicaciones\/polideportivos\/#primaryimage","url":"https:\/\/herculan.com\/wp-content\/uploads\/2020\/09\/CA-Project-Meadows.jpg","contentUrl":"https:\/\/herculan.com\/wp-content\/uploads\/2020\/09\/CA-Project-Meadows.jpg","width":1200,"height":537},{"@type":"BreadcrumbList","@id":"https:\/\/herculan.com\/es\/deporte-de-interior\/aplicaciones\/polideportivos\/#breadcrumb","itemListElement":[{"@type":"ListItem","position":1,"name":"Home","item":"https:\/\/herculan.com\/es\/"},{"@type":"ListItem","position":2,"name":"Deporte de interior","item":"https:\/\/herculan.com\/es\/deporte-de-interior\/"},{"@type":"ListItem","position":3,"name":"Aplicaciones","item":"https:\/\/herculan.com\/es\/deporte-de-interior\/aplicaciones\/"},{"@type":"ListItem","position":4,"name":"Polideportivos"}]},{"@type":"WebSite","@id":"https:\/\/herculan.com\/es\/#website","url":"https:\/\/herculan.com\/es\/","name":"Herculan","description":"We&#039;ve got it covered","potentialAction":[{"@type":"SearchAction","target":{"@type":"EntryPoint","urlTemplate":"https:\/\/herculan.com\/es\/?s={search_term_string}"},"query-input":{"@type":"PropertyValueSpecification","valueRequired":true,"valueName":"search_term_string"}}],"inLanguage":"es"}]}},"_links":{"self":[{"href":"https:\/\/herculan.com\/es\/wp-json\/wp\/v2\/pages\/2870","targetHints":{"allow":["GET"]}}],"collection":[{"href":"https:\/\/herculan.com\/es\/wp-json\/wp\/v2\/pages"}],"about":[{"href":"https:\/\/herculan.com\/es\/wp-json\/wp\/v2\/types\/page"}],"author":[{"embeddable":true,"href":"https:\/\/herculan.com\/es\/wp-json\/wp\/v2\/users\/1"}],"replies":[{"embeddable":true,"href":"https:\/\/herculan.com\/es\/wp-json\/wp\/v2\/comments?post=2870"}],"version-history":[{"count":2,"href":"https:\/\/herculan.com\/es\/wp-json\/wp\/v2\/pages\/2870\/revisions"}],"predecessor-version":[{"id":2894,"href":"https:\/\/herculan.com\/es\/wp-json\/wp\/v2\/pages\/2870\/revisions\/2894"}],"up":[{"embeddable":true,"href":"https:\/\/herculan.com\/es\/wp-json\/wp\/v2\/pages\/2742"}],"wp:featuredmedia":[{"embeddable":true,"href":"https:\/\/herculan.com\/es\/wp-json\/wp\/v2\/media\/159"}],"wp:attachment":[{"href":"https:\/\/herculan.com\/es\/wp-json\/wp\/v2\/media?parent=2870"}],"curies":[{"name":"wp","href":"https:\/\/api.w.org\/{rel}","templated":true}]}}