{"id":2872,"date":"2020-10-05T14:21:44","date_gmt":"2020-10-05T14:21:44","guid":{"rendered":"https:\/\/herculan.com\/deporte-de-interior\/aplicaciones\/speciale-toepassingen\/"},"modified":"2020-10-22T10:15:25","modified_gmt":"2020-10-22T10:15:25","slug":"aplicaciones-deportivas-especiales","status":"publish","type":"page","link":"https:\/\/herculan.com\/es\/deporte-de-interior\/aplicaciones\/aplicaciones-deportivas-especiales\/","title":{"rendered":"Aplicaciones deportivas especiales"},"content":{"rendered":"\n<p>Algunos deportes requieren sistemas exclusivos, como el atletismo de interior, hockey y patines sobre ruedas o deportes con sillas de ruedas. Estos deportes exigen otras propiedades a un pavimento deportivo. Respaldado por sus a\u00f1os de experiencia, Herculan ha creado un pavimento resistente a estas cargas distintas, para que tambi\u00e9n estos deportes particulares puedan practicarse \u00f3ptimamente.<\/p>\n","protected":false},"excerpt":{"rendered":"<p>Algunos deportes requieren sistemas exclusivos, como el atletismo de interior, hockey y patines sobre ruedas o deportes con sillas de ruedas. Estos deportes exigen otras propiedades a un pavimento deportivo. Respaldado por sus a\u00f1os de experiencia, Herculan ha creado un pavimento resistente a estas cargas distintas, para que tambi\u00e9n estos deportes particulares puedan practicarse \u00f3ptimamente.<\/p>\n","protected":false},"author":1,"featured_media":327,"parent":2742,"menu_order":6,"comment_status":"closed","ping_status":"closed","template":"page-application.php","meta":{"_acf_changed":false,"footnotes":""},"class_list":["post-2872","page","type-page","status-publish","has-post-thumbnail","hentry"],"acf":[],"yoast_head":"<!-- This site is optimized with the Yoast SEO plugin v27.4 - https:\/\/yoast.com\/product\/yoast-seo-wordpress\/ -->\n<title>Aplicaciones deportivas especiales &#8226; Herculan<\/title>\n<meta name=\"robots\" content=\"index, follow, max-snippet:-1, max-image-preview:large, max-video-preview:-1\" \/>\n<link rel=\"canonical\" href=\"https:\/\/herculan.com\/es\/deporte-de-interior\/aplicaciones\/aplicaciones-deportivas-especiales\/\" \/>\n<script type=\"application\/ld+json\" class=\"yoast-schema-graph\">{\"@context\":\"https:\\\/\\\/schema.org\",\"@graph\":[{\"@type\":\"WebPage\",\"@id\":\"https:\\\/\\\/herculan.com\\\/es\\\/deporte-de-interior\\\/aplicaciones\\\/aplicaciones-deportivas-especiales\\\/\",\"url\":\"https:\\\/\\\/herculan.com\\\/es\\\/deporte-de-interior\\\/aplicaciones\\\/aplicaciones-deportivas-especiales\\\/\",\"name\":\"Aplicaciones deportivas especiales &#8226; Herculan\",\"isPartOf\":{\"@id\":\"https:\\\/\\\/herculan.com\\\/es\\\/#website\"},\"primaryImageOfPage\":{\"@id\":\"https:\\\/\\\/herculan.com\\\/es\\\/deporte-de-interior\\\/aplicaciones\\\/aplicaciones-deportivas-especiales\\\/#primaryimage\"},\"image\":{\"@id\":\"https:\\\/\\\/herculan.com\\\/es\\\/deporte-de-interior\\\/aplicaciones\\\/aplicaciones-deportivas-especiales\\\/#primaryimage\"},\"thumbnailUrl\":\"https:\\\/\\\/herculan.com\\\/wp-content\\\/uploads\\\/2020\\\/09\\\/multifunctionele-centra-hoofdfoto.jpg\",\"datePublished\":\"2020-10-05T14:21:44+00:00\",\"dateModified\":\"2020-10-22T10:15:25+00:00\",\"breadcrumb\":{\"@id\":\"https:\\\/\\\/herculan.com\\\/es\\\/deporte-de-interior\\\/aplicaciones\\\/aplicaciones-deportivas-especiales\\\/#breadcrumb\"},\"inLanguage\":\"es\",\"potentialAction\":[{\"@type\":\"ReadAction\",\"target\":[\"https:\\\/\\\/herculan.com\\\/es\\\/deporte-de-interior\\\/aplicaciones\\\/aplicaciones-deportivas-especiales\\\/\"]}]},{\"@type\":\"ImageObject\",\"inLanguage\":\"es\",\"@id\":\"https:\\\/\\\/herculan.com\\\/es\\\/deporte-de-interior\\\/aplicaciones\\\/aplicaciones-deportivas-especiales\\\/#primaryimage\",\"url\":\"https:\\\/\\\/herculan.com\\\/wp-content\\\/uploads\\\/2020\\\/09\\\/multifunctionele-centra-hoofdfoto.jpg\",\"contentUrl\":\"https:\\\/\\\/herculan.com\\\/wp-content\\\/uploads\\\/2020\\\/09\\\/multifunctionele-centra-hoofdfoto.jpg\",\"width\":1200,\"height\":537},{\"@type\":\"BreadcrumbList\",\"@id\":\"https:\\\/\\\/herculan.com\\\/es\\\/deporte-de-interior\\\/aplicaciones\\\/aplicaciones-deportivas-especiales\\\/#breadcrumb\",\"itemListElement\":[{\"@type\":\"ListItem\",\"position\":1,\"name\":\"Home\",\"item\":\"https:\\\/\\\/herculan.com\\\/es\\\/\"},{\"@type\":\"ListItem\",\"position\":2,\"name\":\"Deporte de interior\",\"item\":\"https:\\\/\\\/herculan.com\\\/es\\\/deporte-de-interior\\\/\"},{\"@type\":\"ListItem\",\"position\":3,\"name\":\"Aplicaciones\",\"item\":\"https:\\\/\\\/herculan.com\\\/es\\\/deporte-de-interior\\\/aplicaciones\\\/\"},{\"@type\":\"ListItem\",\"position\":4,\"name\":\"Aplicaciones deportivas especiales\"}]},{\"@type\":\"WebSite\",\"@id\":\"https:\\\/\\\/herculan.com\\\/es\\\/#website\",\"url\":\"https:\\\/\\\/herculan.com\\\/es\\\/\",\"name\":\"Herculan\",\"description\":\"We&#039;ve got it covered\",\"potentialAction\":[{\"@type\":\"SearchAction\",\"target\":{\"@type\":\"EntryPoint\",\"urlTemplate\":\"https:\\\/\\\/herculan.com\\\/es\\\/?s={search_term_string}\"},\"query-input\":{\"@type\":\"PropertyValueSpecification\",\"valueRequired\":true,\"valueName\":\"search_term_string\"}}],\"inLanguage\":\"es\"}]}<\/script>\n<!-- \/ Yoast SEO plugin. -->","yoast_head_json":{"title":"Aplicaciones deportivas especiales &#8226; Herculan","robots":{"index":"index","follow":"follow","max-snippet":"max-snippet:-1","max-image-preview":"max-image-preview:large","max-video-preview":"max-video-preview:-1"},"canonical":"https:\/\/herculan.com\/es\/deporte-de-interior\/aplicaciones\/aplicaciones-deportivas-especiales\/","schema":{"@context":"https:\/\/schema.org","@graph":[{"@type":"WebPage","@id":"https:\/\/herculan.com\/es\/deporte-de-interior\/aplicaciones\/aplicaciones-deportivas-especiales\/","url":"https:\/\/herculan.com\/es\/deporte-de-interior\/aplicaciones\/aplicaciones-deportivas-especiales\/","name":"Aplicaciones deportivas especiales &#8226; Herculan","isPartOf":{"@id":"https:\/\/herculan.com\/es\/#website"},"primaryImageOfPage":{"@id":"https:\/\/herculan.com\/es\/deporte-de-interior\/aplicaciones\/aplicaciones-deportivas-especiales\/#primaryimage"},"image":{"@id":"https:\/\/herculan.com\/es\/deporte-de-interior\/aplicaciones\/aplicaciones-deportivas-especiales\/#primaryimage"},"thumbnailUrl":"https:\/\/herculan.com\/wp-content\/uploads\/2020\/09\/multifunctionele-centra-hoofdfoto.jpg","datePublished":"2020-10-05T14:21:44+00:00","dateModified":"2020-10-22T10:15:25+00:00","breadcrumb":{"@id":"https:\/\/herculan.com\/es\/deporte-de-interior\/aplicaciones\/aplicaciones-deportivas-especiales\/#breadcrumb"},"inLanguage":"es","potentialAction":[{"@type":"ReadAction","target":["https:\/\/herculan.com\/es\/deporte-de-interior\/aplicaciones\/aplicaciones-deportivas-especiales\/"]}]},{"@type":"ImageObject","inLanguage":"es","@id":"https:\/\/herculan.com\/es\/deporte-de-interior\/aplicaciones\/aplicaciones-deportivas-especiales\/#primaryimage","url":"https:\/\/herculan.com\/wp-content\/uploads\/2020\/09\/multifunctionele-centra-hoofdfoto.jpg","contentUrl":"https:\/\/herculan.com\/wp-content\/uploads\/2020\/09\/multifunctionele-centra-hoofdfoto.jpg","width":1200,"height":537},{"@type":"BreadcrumbList","@id":"https:\/\/herculan.com\/es\/deporte-de-interior\/aplicaciones\/aplicaciones-deportivas-especiales\/#breadcrumb","itemListElement":[{"@type":"ListItem","position":1,"name":"Home","item":"https:\/\/herculan.com\/es\/"},{"@type":"ListItem","position":2,"name":"Deporte de interior","item":"https:\/\/herculan.com\/es\/deporte-de-interior\/"},{"@type":"ListItem","position":3,"name":"Aplicaciones","item":"https:\/\/herculan.com\/es\/deporte-de-interior\/aplicaciones\/"},{"@type":"ListItem","position":4,"name":"Aplicaciones deportivas especiales"}]},{"@type":"WebSite","@id":"https:\/\/herculan.com\/es\/#website","url":"https:\/\/herculan.com\/es\/","name":"Herculan","description":"We&#039;ve got it covered","potentialAction":[{"@type":"SearchAction","target":{"@type":"EntryPoint","urlTemplate":"https:\/\/herculan.com\/es\/?s={search_term_string}"},"query-input":{"@type":"PropertyValueSpecification","valueRequired":true,"valueName":"search_term_string"}}],"inLanguage":"es"}]}},"_links":{"self":[{"href":"https:\/\/herculan.com\/es\/wp-json\/wp\/v2\/pages\/2872","targetHints":{"allow":["GET"]}}],"collection":[{"href":"https:\/\/herculan.com\/es\/wp-json\/wp\/v2\/pages"}],"about":[{"href":"https:\/\/herculan.com\/es\/wp-json\/wp\/v2\/types\/page"}],"author":[{"embeddable":true,"href":"https:\/\/herculan.com\/es\/wp-json\/wp\/v2\/users\/1"}],"replies":[{"embeddable":true,"href":"https:\/\/herculan.com\/es\/wp-json\/wp\/v2\/comments?post=2872"}],"version-history":[{"count":2,"href":"https:\/\/herculan.com\/es\/wp-json\/wp\/v2\/pages\/2872\/revisions"}],"predecessor-version":[{"id":2899,"href":"https:\/\/herculan.com\/es\/wp-json\/wp\/v2\/pages\/2872\/revisions\/2899"}],"up":[{"embeddable":true,"href":"https:\/\/herculan.com\/es\/wp-json\/wp\/v2\/pages\/2742"}],"wp:featuredmedia":[{"embeddable":true,"href":"https:\/\/herculan.com\/es\/wp-json\/wp\/v2\/media\/327"}],"wp:attachment":[{"href":"https:\/\/herculan.com\/es\/wp-json\/wp\/v2\/media?parent=2872"}],"curies":[{"name":"wp","href":"https:\/\/api.w.org\/{rel}","templated":true}]}}