{"id":3022,"date":"2020-10-12T13:02:08","date_gmt":"2020-10-12T13:02:08","guid":{"rendered":"https:\/\/herculan.com\/deportes-al-aire-libre\/aplicaciones\/playgrounds\/"},"modified":"2020-10-22T12:33:44","modified_gmt":"2020-10-22T12:33:44","slug":"parques-infantiles","status":"publish","type":"page","link":"https:\/\/herculan.com\/es\/deportes-al-aire-libre\/aplicaciones\/parques-infantiles\/","title":{"rendered":"Parques infantiles"},"content":{"rendered":"\n<p>Los pavimentos de los parques infantiles de Herculan no tienen juntas, se instalan in situ y son de colores. La\u00a0elasticidad de la superficie es la propiedad m\u00e1s importante de un parque infantil, ya que el pavimento debe absorber las ca\u00eddas de tal modo que se reduzca al m\u00ednimo el riesgo de que un ni\u00f1o se lesione jugando. Los pavimentos de Herculan han sido probados y aprobados conforme a las normativas europeas hasta un \u00edndice CLE de 3 metros. Gracias a su instalaci\u00f3n en el lugar de uso, es posible decorar la superficie del suelo con distintos dibujos, dise\u00f1os y combinaciones de colores.<\/p>\n","protected":false},"excerpt":{"rendered":"<p>Los pavimentos de los parques infantiles de Herculan no tienen juntas, se instalan in situ y son de colores. La\u00a0elasticidad de la superficie es la propiedad m\u00e1s importante de un parque infantil, ya que el pavimento debe absorber las ca\u00eddas de tal modo que se reduzca al m\u00ednimo el riesgo de que un ni\u00f1o se [&hellip;]<\/p>\n","protected":false},"author":1,"featured_media":375,"parent":2964,"menu_order":3,"comment_status":"closed","ping_status":"closed","template":"page-application.php","meta":{"_acf_changed":false,"footnotes":""},"class_list":["post-3022","page","type-page","status-publish","has-post-thumbnail","hentry"],"acf":[],"yoast_head":"<!-- This site is optimized with the Yoast SEO plugin v27.3 - https:\/\/yoast.com\/product\/yoast-seo-wordpress\/ -->\n<title>Parques infantiles &#8226; Herculan<\/title>\n<meta name=\"robots\" content=\"index, follow, max-snippet:-1, max-image-preview:large, max-video-preview:-1\" \/>\n<link rel=\"canonical\" href=\"https:\/\/herculan.com\/es\/deportes-al-aire-libre\/aplicaciones\/parques-infantiles\/\" \/>\n<script type=\"application\/ld+json\" class=\"yoast-schema-graph\">{\"@context\":\"https:\\\/\\\/schema.org\",\"@graph\":[{\"@type\":\"WebPage\",\"@id\":\"https:\\\/\\\/herculan.com\\\/es\\\/deportes-al-aire-libre\\\/aplicaciones\\\/parques-infantiles\\\/\",\"url\":\"https:\\\/\\\/herculan.com\\\/es\\\/deportes-al-aire-libre\\\/aplicaciones\\\/parques-infantiles\\\/\",\"name\":\"Parques infantiles &#8226; Herculan\",\"isPartOf\":{\"@id\":\"https:\\\/\\\/herculan.com\\\/es\\\/#website\"},\"primaryImageOfPage\":{\"@id\":\"https:\\\/\\\/herculan.com\\\/es\\\/deportes-al-aire-libre\\\/aplicaciones\\\/parques-infantiles\\\/#primaryimage\"},\"image\":{\"@id\":\"https:\\\/\\\/herculan.com\\\/es\\\/deportes-al-aire-libre\\\/aplicaciones\\\/parques-infantiles\\\/#primaryimage\"},\"thumbnailUrl\":\"https:\\\/\\\/herculan.com\\\/wp-content\\\/uploads\\\/2020\\\/09\\\/playground-buitensport-hoofdfoto.jpg\",\"datePublished\":\"2020-10-12T13:02:08+00:00\",\"dateModified\":\"2020-10-22T12:33:44+00:00\",\"breadcrumb\":{\"@id\":\"https:\\\/\\\/herculan.com\\\/es\\\/deportes-al-aire-libre\\\/aplicaciones\\\/parques-infantiles\\\/#breadcrumb\"},\"inLanguage\":\"es\",\"potentialAction\":[{\"@type\":\"ReadAction\",\"target\":[\"https:\\\/\\\/herculan.com\\\/es\\\/deportes-al-aire-libre\\\/aplicaciones\\\/parques-infantiles\\\/\"]}]},{\"@type\":\"ImageObject\",\"inLanguage\":\"es\",\"@id\":\"https:\\\/\\\/herculan.com\\\/es\\\/deportes-al-aire-libre\\\/aplicaciones\\\/parques-infantiles\\\/#primaryimage\",\"url\":\"https:\\\/\\\/herculan.com\\\/wp-content\\\/uploads\\\/2020\\\/09\\\/playground-buitensport-hoofdfoto.jpg\",\"contentUrl\":\"https:\\\/\\\/herculan.com\\\/wp-content\\\/uploads\\\/2020\\\/09\\\/playground-buitensport-hoofdfoto.jpg\",\"width\":1200,\"height\":537},{\"@type\":\"BreadcrumbList\",\"@id\":\"https:\\\/\\\/herculan.com\\\/es\\\/deportes-al-aire-libre\\\/aplicaciones\\\/parques-infantiles\\\/#breadcrumb\",\"itemListElement\":[{\"@type\":\"ListItem\",\"position\":1,\"name\":\"Home\",\"item\":\"https:\\\/\\\/herculan.com\\\/es\\\/\"},{\"@type\":\"ListItem\",\"position\":2,\"name\":\"Deportes al aire libre\",\"item\":\"https:\\\/\\\/herculan.com\\\/es\\\/deportes-al-aire-libre\\\/\"},{\"@type\":\"ListItem\",\"position\":3,\"name\":\"Aplicaciones\",\"item\":\"https:\\\/\\\/herculan.com\\\/es\\\/deportes-al-aire-libre\\\/aplicaciones\\\/\"},{\"@type\":\"ListItem\",\"position\":4,\"name\":\"Parques infantiles\"}]},{\"@type\":\"WebSite\",\"@id\":\"https:\\\/\\\/herculan.com\\\/es\\\/#website\",\"url\":\"https:\\\/\\\/herculan.com\\\/es\\\/\",\"name\":\"Herculan\",\"description\":\"We&#039;ve got it covered\",\"potentialAction\":[{\"@type\":\"SearchAction\",\"target\":{\"@type\":\"EntryPoint\",\"urlTemplate\":\"https:\\\/\\\/herculan.com\\\/es\\\/?s={search_term_string}\"},\"query-input\":{\"@type\":\"PropertyValueSpecification\",\"valueRequired\":true,\"valueName\":\"search_term_string\"}}],\"inLanguage\":\"es\"}]}<\/script>\n<!-- \/ Yoast SEO plugin. -->","yoast_head_json":{"title":"Parques infantiles &#8226; Herculan","robots":{"index":"index","follow":"follow","max-snippet":"max-snippet:-1","max-image-preview":"max-image-preview:large","max-video-preview":"max-video-preview:-1"},"canonical":"https:\/\/herculan.com\/es\/deportes-al-aire-libre\/aplicaciones\/parques-infantiles\/","schema":{"@context":"https:\/\/schema.org","@graph":[{"@type":"WebPage","@id":"https:\/\/herculan.com\/es\/deportes-al-aire-libre\/aplicaciones\/parques-infantiles\/","url":"https:\/\/herculan.com\/es\/deportes-al-aire-libre\/aplicaciones\/parques-infantiles\/","name":"Parques infantiles &#8226; Herculan","isPartOf":{"@id":"https:\/\/herculan.com\/es\/#website"},"primaryImageOfPage":{"@id":"https:\/\/herculan.com\/es\/deportes-al-aire-libre\/aplicaciones\/parques-infantiles\/#primaryimage"},"image":{"@id":"https:\/\/herculan.com\/es\/deportes-al-aire-libre\/aplicaciones\/parques-infantiles\/#primaryimage"},"thumbnailUrl":"https:\/\/herculan.com\/wp-content\/uploads\/2020\/09\/playground-buitensport-hoofdfoto.jpg","datePublished":"2020-10-12T13:02:08+00:00","dateModified":"2020-10-22T12:33:44+00:00","breadcrumb":{"@id":"https:\/\/herculan.com\/es\/deportes-al-aire-libre\/aplicaciones\/parques-infantiles\/#breadcrumb"},"inLanguage":"es","potentialAction":[{"@type":"ReadAction","target":["https:\/\/herculan.com\/es\/deportes-al-aire-libre\/aplicaciones\/parques-infantiles\/"]}]},{"@type":"ImageObject","inLanguage":"es","@id":"https:\/\/herculan.com\/es\/deportes-al-aire-libre\/aplicaciones\/parques-infantiles\/#primaryimage","url":"https:\/\/herculan.com\/wp-content\/uploads\/2020\/09\/playground-buitensport-hoofdfoto.jpg","contentUrl":"https:\/\/herculan.com\/wp-content\/uploads\/2020\/09\/playground-buitensport-hoofdfoto.jpg","width":1200,"height":537},{"@type":"BreadcrumbList","@id":"https:\/\/herculan.com\/es\/deportes-al-aire-libre\/aplicaciones\/parques-infantiles\/#breadcrumb","itemListElement":[{"@type":"ListItem","position":1,"name":"Home","item":"https:\/\/herculan.com\/es\/"},{"@type":"ListItem","position":2,"name":"Deportes al aire libre","item":"https:\/\/herculan.com\/es\/deportes-al-aire-libre\/"},{"@type":"ListItem","position":3,"name":"Aplicaciones","item":"https:\/\/herculan.com\/es\/deportes-al-aire-libre\/aplicaciones\/"},{"@type":"ListItem","position":4,"name":"Parques infantiles"}]},{"@type":"WebSite","@id":"https:\/\/herculan.com\/es\/#website","url":"https:\/\/herculan.com\/es\/","name":"Herculan","description":"We&#039;ve got it covered","potentialAction":[{"@type":"SearchAction","target":{"@type":"EntryPoint","urlTemplate":"https:\/\/herculan.com\/es\/?s={search_term_string}"},"query-input":{"@type":"PropertyValueSpecification","valueRequired":true,"valueName":"search_term_string"}}],"inLanguage":"es"}]}},"_links":{"self":[{"href":"https:\/\/herculan.com\/es\/wp-json\/wp\/v2\/pages\/3022","targetHints":{"allow":["GET"]}}],"collection":[{"href":"https:\/\/herculan.com\/es\/wp-json\/wp\/v2\/pages"}],"about":[{"href":"https:\/\/herculan.com\/es\/wp-json\/wp\/v2\/types\/page"}],"author":[{"embeddable":true,"href":"https:\/\/herculan.com\/es\/wp-json\/wp\/v2\/users\/1"}],"replies":[{"embeddable":true,"href":"https:\/\/herculan.com\/es\/wp-json\/wp\/v2\/comments?post=3022"}],"version-history":[{"count":2,"href":"https:\/\/herculan.com\/es\/wp-json\/wp\/v2\/pages\/3022\/revisions"}],"predecessor-version":[{"id":3036,"href":"https:\/\/herculan.com\/es\/wp-json\/wp\/v2\/pages\/3022\/revisions\/3036"}],"up":[{"embeddable":true,"href":"https:\/\/herculan.com\/es\/wp-json\/wp\/v2\/pages\/2964"}],"wp:featuredmedia":[{"embeddable":true,"href":"https:\/\/herculan.com\/es\/wp-json\/wp\/v2\/media\/375"}],"wp:attachment":[{"href":"https:\/\/herculan.com\/es\/wp-json\/wp\/v2\/media?parent=3022"}],"curies":[{"name":"wp","href":"https:\/\/api.w.org\/{rel}","templated":true}]}}