{"id":3130,"date":"2020-10-12T14:02:04","date_gmt":"2020-10-12T14:02:04","guid":{"rendered":"https:\/\/herculan.com\/utilidad\/gietvloer-systemen\/"},"modified":"2020-10-26T14:37:21","modified_gmt":"2020-10-26T14:37:21","slug":"sistemas-de-suelos-autonivelantes","status":"publish","type":"page","link":"https:\/\/herculan.com\/es\/utilidad\/sistemas-de-suelos-autonivelantes\/","title":{"rendered":"Sistemas de suelos autonivelantes"},"content":{"rendered":"\n<p>El suelo m\u00e1s profesional para edificios p\u00fablicos, oficinas e industrias es el suelo autonivelante sin juntas. Un suelo con muchas ventajas. Incluso con un uso intensivo, este suelo autonivelante es muy resistente, higi\u00e9nico y f\u00e1cil de mantener. Un suelo duradero con infinitas opciones de color y dise\u00f1os. Los suelos autonivelantes herculan pueden modificarse completamente al gusto del cliente. Son respetuosos con el medio ambiente, su uso es seguro y cumplen las exigencias del certificado ecospecifier.<\/p>\n","protected":false},"excerpt":{"rendered":"<p>El suelo m\u00e1s profesional para edificios p\u00fablicos, oficinas e industrias es el suelo autonivelante sin juntas. Un suelo con muchas ventajas. Incluso con un uso intensivo, este suelo autonivelante es muy resistente, higi\u00e9nico y f\u00e1cil de mantener. Un suelo duradero con infinitas opciones de color y dise\u00f1os. Los suelos autonivelantes herculan pueden modificarse completamente al [&hellip;]<\/p>\n","protected":false},"author":1,"featured_media":0,"parent":2699,"menu_order":2,"comment_status":"closed","ping_status":"closed","template":"page-systems.php","meta":{"_acf_changed":false,"footnotes":""},"class_list":["post-3130","page","type-page","status-publish","hentry"],"acf":[],"yoast_head":"<!-- This site is optimized with the Yoast SEO plugin v27.4 - https:\/\/yoast.com\/product\/yoast-seo-wordpress\/ -->\n<title>Sistemas de suelos autonivelantes &#8226; Herculan<\/title>\n<meta name=\"robots\" content=\"index, follow, max-snippet:-1, max-image-preview:large, max-video-preview:-1\" \/>\n<link rel=\"canonical\" href=\"https:\/\/herculan.com\/es\/utilidad\/sistemas-de-suelos-autonivelantes\/\" \/>\n<script type=\"application\/ld+json\" class=\"yoast-schema-graph\">{\"@context\":\"https:\\\/\\\/schema.org\",\"@graph\":[{\"@type\":\"WebPage\",\"@id\":\"https:\\\/\\\/herculan.com\\\/es\\\/utilidad\\\/sistemas-de-suelos-autonivelantes\\\/\",\"url\":\"https:\\\/\\\/herculan.com\\\/es\\\/utilidad\\\/sistemas-de-suelos-autonivelantes\\\/\",\"name\":\"Sistemas de suelos autonivelantes &#8226; Herculan\",\"isPartOf\":{\"@id\":\"https:\\\/\\\/herculan.com\\\/es\\\/#website\"},\"datePublished\":\"2020-10-12T14:02:04+00:00\",\"dateModified\":\"2020-10-26T14:37:21+00:00\",\"breadcrumb\":{\"@id\":\"https:\\\/\\\/herculan.com\\\/es\\\/utilidad\\\/sistemas-de-suelos-autonivelantes\\\/#breadcrumb\"},\"inLanguage\":\"es\",\"potentialAction\":[{\"@type\":\"ReadAction\",\"target\":[\"https:\\\/\\\/herculan.com\\\/es\\\/utilidad\\\/sistemas-de-suelos-autonivelantes\\\/\"]}]},{\"@type\":\"BreadcrumbList\",\"@id\":\"https:\\\/\\\/herculan.com\\\/es\\\/utilidad\\\/sistemas-de-suelos-autonivelantes\\\/#breadcrumb\",\"itemListElement\":[{\"@type\":\"ListItem\",\"position\":1,\"name\":\"Home\",\"item\":\"https:\\\/\\\/herculan.com\\\/es\\\/\"},{\"@type\":\"ListItem\",\"position\":2,\"name\":\"Utilidad\",\"item\":\"https:\\\/\\\/herculan.com\\\/es\\\/utilidad\\\/\"},{\"@type\":\"ListItem\",\"position\":3,\"name\":\"Sistemas de suelos autonivelantes\"}]},{\"@type\":\"WebSite\",\"@id\":\"https:\\\/\\\/herculan.com\\\/es\\\/#website\",\"url\":\"https:\\\/\\\/herculan.com\\\/es\\\/\",\"name\":\"Herculan\",\"description\":\"We&#039;ve got it covered\",\"potentialAction\":[{\"@type\":\"SearchAction\",\"target\":{\"@type\":\"EntryPoint\",\"urlTemplate\":\"https:\\\/\\\/herculan.com\\\/es\\\/?s={search_term_string}\"},\"query-input\":{\"@type\":\"PropertyValueSpecification\",\"valueRequired\":true,\"valueName\":\"search_term_string\"}}],\"inLanguage\":\"es\"}]}<\/script>\n<!-- \/ Yoast SEO plugin. -->","yoast_head_json":{"title":"Sistemas de suelos autonivelantes &#8226; Herculan","robots":{"index":"index","follow":"follow","max-snippet":"max-snippet:-1","max-image-preview":"max-image-preview:large","max-video-preview":"max-video-preview:-1"},"canonical":"https:\/\/herculan.com\/es\/utilidad\/sistemas-de-suelos-autonivelantes\/","schema":{"@context":"https:\/\/schema.org","@graph":[{"@type":"WebPage","@id":"https:\/\/herculan.com\/es\/utilidad\/sistemas-de-suelos-autonivelantes\/","url":"https:\/\/herculan.com\/es\/utilidad\/sistemas-de-suelos-autonivelantes\/","name":"Sistemas de suelos autonivelantes &#8226; Herculan","isPartOf":{"@id":"https:\/\/herculan.com\/es\/#website"},"datePublished":"2020-10-12T14:02:04+00:00","dateModified":"2020-10-26T14:37:21+00:00","breadcrumb":{"@id":"https:\/\/herculan.com\/es\/utilidad\/sistemas-de-suelos-autonivelantes\/#breadcrumb"},"inLanguage":"es","potentialAction":[{"@type":"ReadAction","target":["https:\/\/herculan.com\/es\/utilidad\/sistemas-de-suelos-autonivelantes\/"]}]},{"@type":"BreadcrumbList","@id":"https:\/\/herculan.com\/es\/utilidad\/sistemas-de-suelos-autonivelantes\/#breadcrumb","itemListElement":[{"@type":"ListItem","position":1,"name":"Home","item":"https:\/\/herculan.com\/es\/"},{"@type":"ListItem","position":2,"name":"Utilidad","item":"https:\/\/herculan.com\/es\/utilidad\/"},{"@type":"ListItem","position":3,"name":"Sistemas de suelos autonivelantes"}]},{"@type":"WebSite","@id":"https:\/\/herculan.com\/es\/#website","url":"https:\/\/herculan.com\/es\/","name":"Herculan","description":"We&#039;ve got it covered","potentialAction":[{"@type":"SearchAction","target":{"@type":"EntryPoint","urlTemplate":"https:\/\/herculan.com\/es\/?s={search_term_string}"},"query-input":{"@type":"PropertyValueSpecification","valueRequired":true,"valueName":"search_term_string"}}],"inLanguage":"es"}]}},"_links":{"self":[{"href":"https:\/\/herculan.com\/es\/wp-json\/wp\/v2\/pages\/3130","targetHints":{"allow":["GET"]}}],"collection":[{"href":"https:\/\/herculan.com\/es\/wp-json\/wp\/v2\/pages"}],"about":[{"href":"https:\/\/herculan.com\/es\/wp-json\/wp\/v2\/types\/page"}],"author":[{"embeddable":true,"href":"https:\/\/herculan.com\/es\/wp-json\/wp\/v2\/users\/1"}],"replies":[{"embeddable":true,"href":"https:\/\/herculan.com\/es\/wp-json\/wp\/v2\/comments?post=3130"}],"version-history":[{"count":2,"href":"https:\/\/herculan.com\/es\/wp-json\/wp\/v2\/pages\/3130\/revisions"}],"predecessor-version":[{"id":3147,"href":"https:\/\/herculan.com\/es\/wp-json\/wp\/v2\/pages\/3130\/revisions\/3147"}],"up":[{"embeddable":true,"href":"https:\/\/herculan.com\/es\/wp-json\/wp\/v2\/pages\/2699"}],"wp:attachment":[{"href":"https:\/\/herculan.com\/es\/wp-json\/wp\/v2\/media?parent=3130"}],"curies":[{"name":"wp","href":"https:\/\/api.w.org\/{rel}","templated":true}]}}