{"id":3140,"date":"2020-10-12T14:42:18","date_gmt":"2020-10-12T14:42:18","guid":{"rendered":"https:\/\/herculan.com\/utilidad\/contact\/"},"modified":"2022-06-14T08:01:46","modified_gmt":"2022-06-14T08:01:46","slug":"contacte","status":"publish","type":"page","link":"https:\/\/herculan.com\/es\/utilidad\/contacte\/","title":{"rendered":"Contacte"},"content":{"rendered":"\n<h3 class=\"wp-block-heading\">Oficina central<\/h3>\n\n\n\n<p><strong>+31 (0)183 &#8211; 35 47 00<\/strong><br><strong><a href=\"mailto:verkoopmaterialenn@herculan.nl\">info@herculan.com<\/a><\/strong><\/p>\n\n\n\n<h3 class=\"wp-block-heading\">Encuentre un representante En el pa\u00eds de su elecci\u00f3n<\/h3>\n\n\n\n<p>Seleccione el pa\u00eds deseado en el mapa. Si el pa\u00eds deseado no se activa, contacte con nuestra oficina central para solicitar un representante adecuado.<\/p>\n","protected":false},"excerpt":{"rendered":"<p>Oficina central +31 (0)183 &#8211; 35 47 00info@herculan.com Encuentre un representante En el pa\u00eds de su elecci\u00f3n Seleccione el pa\u00eds deseado en el mapa. Si el pa\u00eds deseado no se activa, contacte con nuestra oficina central para solicitar un representante adecuado.<\/p>\n","protected":false},"author":1,"featured_media":0,"parent":2699,"menu_order":7,"comment_status":"closed","ping_status":"closed","template":"page-contact.php","meta":{"_acf_changed":false,"footnotes":""},"class_list":["post-3140","page","type-page","status-publish","hentry"],"acf":[],"yoast_head":"<!-- This site is optimized with the Yoast SEO plugin v27.3 - https:\/\/yoast.com\/product\/yoast-seo-wordpress\/ -->\n<title>Contacte &#8226; Herculan<\/title>\n<meta name=\"robots\" content=\"index, follow, max-snippet:-1, max-image-preview:large, max-video-preview:-1\" \/>\n<link rel=\"canonical\" href=\"https:\/\/herculan.com\/es\/utilidad\/contacte\/\" \/>\n<script type=\"application\/ld+json\" class=\"yoast-schema-graph\">{\"@context\":\"https:\\\/\\\/schema.org\",\"@graph\":[{\"@type\":\"WebPage\",\"@id\":\"https:\\\/\\\/herculan.com\\\/es\\\/utilidad\\\/contacte\\\/\",\"url\":\"https:\\\/\\\/herculan.com\\\/es\\\/utilidad\\\/contacte\\\/\",\"name\":\"Contacte &#8226; Herculan\",\"isPartOf\":{\"@id\":\"https:\\\/\\\/herculan.com\\\/es\\\/#website\"},\"datePublished\":\"2020-10-12T14:42:18+00:00\",\"dateModified\":\"2022-06-14T08:01:46+00:00\",\"breadcrumb\":{\"@id\":\"https:\\\/\\\/herculan.com\\\/es\\\/utilidad\\\/contacte\\\/#breadcrumb\"},\"inLanguage\":\"es\",\"potentialAction\":[{\"@type\":\"ReadAction\",\"target\":[\"https:\\\/\\\/herculan.com\\\/es\\\/utilidad\\\/contacte\\\/\"]}]},{\"@type\":\"BreadcrumbList\",\"@id\":\"https:\\\/\\\/herculan.com\\\/es\\\/utilidad\\\/contacte\\\/#breadcrumb\",\"itemListElement\":[{\"@type\":\"ListItem\",\"position\":1,\"name\":\"Home\",\"item\":\"https:\\\/\\\/herculan.com\\\/es\\\/\"},{\"@type\":\"ListItem\",\"position\":2,\"name\":\"Utilidad\",\"item\":\"https:\\\/\\\/herculan.com\\\/es\\\/utilidad\\\/\"},{\"@type\":\"ListItem\",\"position\":3,\"name\":\"Contacte\"}]},{\"@type\":\"WebSite\",\"@id\":\"https:\\\/\\\/herculan.com\\\/es\\\/#website\",\"url\":\"https:\\\/\\\/herculan.com\\\/es\\\/\",\"name\":\"Herculan\",\"description\":\"We&#039;ve got it covered\",\"potentialAction\":[{\"@type\":\"SearchAction\",\"target\":{\"@type\":\"EntryPoint\",\"urlTemplate\":\"https:\\\/\\\/herculan.com\\\/es\\\/?s={search_term_string}\"},\"query-input\":{\"@type\":\"PropertyValueSpecification\",\"valueRequired\":true,\"valueName\":\"search_term_string\"}}],\"inLanguage\":\"es\"}]}<\/script>\n<!-- \/ Yoast SEO plugin. -->","yoast_head_json":{"title":"Contacte &#8226; Herculan","robots":{"index":"index","follow":"follow","max-snippet":"max-snippet:-1","max-image-preview":"max-image-preview:large","max-video-preview":"max-video-preview:-1"},"canonical":"https:\/\/herculan.com\/es\/utilidad\/contacte\/","schema":{"@context":"https:\/\/schema.org","@graph":[{"@type":"WebPage","@id":"https:\/\/herculan.com\/es\/utilidad\/contacte\/","url":"https:\/\/herculan.com\/es\/utilidad\/contacte\/","name":"Contacte &#8226; Herculan","isPartOf":{"@id":"https:\/\/herculan.com\/es\/#website"},"datePublished":"2020-10-12T14:42:18+00:00","dateModified":"2022-06-14T08:01:46+00:00","breadcrumb":{"@id":"https:\/\/herculan.com\/es\/utilidad\/contacte\/#breadcrumb"},"inLanguage":"es","potentialAction":[{"@type":"ReadAction","target":["https:\/\/herculan.com\/es\/utilidad\/contacte\/"]}]},{"@type":"BreadcrumbList","@id":"https:\/\/herculan.com\/es\/utilidad\/contacte\/#breadcrumb","itemListElement":[{"@type":"ListItem","position":1,"name":"Home","item":"https:\/\/herculan.com\/es\/"},{"@type":"ListItem","position":2,"name":"Utilidad","item":"https:\/\/herculan.com\/es\/utilidad\/"},{"@type":"ListItem","position":3,"name":"Contacte"}]},{"@type":"WebSite","@id":"https:\/\/herculan.com\/es\/#website","url":"https:\/\/herculan.com\/es\/","name":"Herculan","description":"We&#039;ve got it covered","potentialAction":[{"@type":"SearchAction","target":{"@type":"EntryPoint","urlTemplate":"https:\/\/herculan.com\/es\/?s={search_term_string}"},"query-input":{"@type":"PropertyValueSpecification","valueRequired":true,"valueName":"search_term_string"}}],"inLanguage":"es"}]}},"_links":{"self":[{"href":"https:\/\/herculan.com\/es\/wp-json\/wp\/v2\/pages\/3140","targetHints":{"allow":["GET"]}}],"collection":[{"href":"https:\/\/herculan.com\/es\/wp-json\/wp\/v2\/pages"}],"about":[{"href":"https:\/\/herculan.com\/es\/wp-json\/wp\/v2\/types\/page"}],"author":[{"embeddable":true,"href":"https:\/\/herculan.com\/es\/wp-json\/wp\/v2\/users\/1"}],"replies":[{"embeddable":true,"href":"https:\/\/herculan.com\/es\/wp-json\/wp\/v2\/comments?post=3140"}],"version-history":[{"count":3,"href":"https:\/\/herculan.com\/es\/wp-json\/wp\/v2\/pages\/3140\/revisions"}],"predecessor-version":[{"id":5739,"href":"https:\/\/herculan.com\/es\/wp-json\/wp\/v2\/pages\/3140\/revisions\/5739"}],"up":[{"embeddable":true,"href":"https:\/\/herculan.com\/es\/wp-json\/wp\/v2\/pages\/2699"}],"wp:attachment":[{"href":"https:\/\/herculan.com\/es\/wp-json\/wp\/v2\/media?parent=3140"}],"curies":[{"name":"wp","href":"https:\/\/api.w.org\/{rel}","templated":true}]}}