{"id":3266,"date":"2020-10-13T08:17:07","date_gmt":"2020-10-13T08:17:07","guid":{"rendered":"https:\/\/herculan.com\/utilidad\/aplicaciones\/industria\/productieruimte\/"},"modified":"2020-10-26T15:37:55","modified_gmt":"2020-10-26T15:37:55","slug":"naves-de-produccion","status":"publish","type":"page","link":"https:\/\/herculan.com\/es\/utilidad\/aplicaciones\/industria\/naves-de-produccion\/","title":{"rendered":"Naves de producci\u00f3n"},"content":{"rendered":"\n<p>Los suelos instalados en entornos industriales deben responder a altas exigencias. Si bien la industria es particularmente vers\u00e1til, algunas caracter\u00edsticas son de aplicaci\u00f3n general. En primer lugar, el suelo debe tener el mismo f\u00e1cil mantenimiento tanto en entornos de producci\u00f3n moderada como intensiva, secos y h\u00famedos. La carga con pal\u00e9s y carretillas no debe suponer ning\u00fan problema, y la impermeabilidad debe ser casi incuestionable. Especialmente para la industria, Herculan ha creado varios sistemas de suelo autonivelante que pueden instalarse a la perfecci\u00f3n en pr\u00e1cticamente cualquier espacio de producci\u00f3n.<\/p>\n","protected":false},"excerpt":{"rendered":"<p>Los suelos instalados en entornos industriales deben responder a altas exigencias. Si bien la industria es particularmente vers\u00e1til, algunas caracter\u00edsticas son de aplicaci\u00f3n general. En primer lugar, el suelo debe tener el mismo f\u00e1cil mantenimiento tanto en entornos de producci\u00f3n moderada como intensiva, secos y h\u00famedos. La carga con pal\u00e9s y carretillas no debe suponer [&hellip;]<\/p>\n","protected":false},"author":1,"featured_media":391,"parent":3226,"menu_order":1,"comment_status":"closed","ping_status":"closed","template":"page-application.php","meta":{"_acf_changed":false,"footnotes":""},"class_list":["post-3266","page","type-page","status-publish","has-post-thumbnail","hentry"],"acf":[],"yoast_head":"<!-- This site is optimized with the Yoast SEO plugin v27.4 - https:\/\/yoast.com\/product\/yoast-seo-wordpress\/ -->\n<title>Naves de producci\u00f3n &#8226; Herculan<\/title>\n<meta name=\"robots\" content=\"index, follow, max-snippet:-1, max-image-preview:large, max-video-preview:-1\" \/>\n<link rel=\"canonical\" href=\"https:\/\/herculan.com\/es\/utilidad\/aplicaciones\/industria\/naves-de-produccion\/\" \/>\n<script type=\"application\/ld+json\" class=\"yoast-schema-graph\">{\"@context\":\"https:\\\/\\\/schema.org\",\"@graph\":[{\"@type\":\"WebPage\",\"@id\":\"https:\\\/\\\/herculan.com\\\/es\\\/utilidad\\\/aplicaciones\\\/industria\\\/naves-de-produccion\\\/\",\"url\":\"https:\\\/\\\/herculan.com\\\/es\\\/utilidad\\\/aplicaciones\\\/industria\\\/naves-de-produccion\\\/\",\"name\":\"Naves de producci\u00f3n &#8226; Herculan\",\"isPartOf\":{\"@id\":\"https:\\\/\\\/herculan.com\\\/es\\\/#website\"},\"primaryImageOfPage\":{\"@id\":\"https:\\\/\\\/herculan.com\\\/es\\\/utilidad\\\/aplicaciones\\\/industria\\\/naves-de-produccion\\\/#primaryimage\"},\"image\":{\"@id\":\"https:\\\/\\\/herculan.com\\\/es\\\/utilidad\\\/aplicaciones\\\/industria\\\/naves-de-produccion\\\/#primaryimage\"},\"thumbnailUrl\":\"https:\\\/\\\/herculan.com\\\/wp-content\\\/uploads\\\/2020\\\/09\\\/productie-utillity-hoofdfoto.jpg\",\"datePublished\":\"2020-10-13T08:17:07+00:00\",\"dateModified\":\"2020-10-26T15:37:55+00:00\",\"breadcrumb\":{\"@id\":\"https:\\\/\\\/herculan.com\\\/es\\\/utilidad\\\/aplicaciones\\\/industria\\\/naves-de-produccion\\\/#breadcrumb\"},\"inLanguage\":\"es\",\"potentialAction\":[{\"@type\":\"ReadAction\",\"target\":[\"https:\\\/\\\/herculan.com\\\/es\\\/utilidad\\\/aplicaciones\\\/industria\\\/naves-de-produccion\\\/\"]}]},{\"@type\":\"ImageObject\",\"inLanguage\":\"es\",\"@id\":\"https:\\\/\\\/herculan.com\\\/es\\\/utilidad\\\/aplicaciones\\\/industria\\\/naves-de-produccion\\\/#primaryimage\",\"url\":\"https:\\\/\\\/herculan.com\\\/wp-content\\\/uploads\\\/2020\\\/09\\\/productie-utillity-hoofdfoto.jpg\",\"contentUrl\":\"https:\\\/\\\/herculan.com\\\/wp-content\\\/uploads\\\/2020\\\/09\\\/productie-utillity-hoofdfoto.jpg\",\"width\":1200,\"height\":537},{\"@type\":\"BreadcrumbList\",\"@id\":\"https:\\\/\\\/herculan.com\\\/es\\\/utilidad\\\/aplicaciones\\\/industria\\\/naves-de-produccion\\\/#breadcrumb\",\"itemListElement\":[{\"@type\":\"ListItem\",\"position\":1,\"name\":\"Home\",\"item\":\"https:\\\/\\\/herculan.com\\\/es\\\/\"},{\"@type\":\"ListItem\",\"position\":2,\"name\":\"Utilidad\",\"item\":\"https:\\\/\\\/herculan.com\\\/es\\\/utilidad\\\/\"},{\"@type\":\"ListItem\",\"position\":3,\"name\":\"Aplicaciones\",\"item\":\"https:\\\/\\\/herculan.com\\\/es\\\/utilidad\\\/aplicaciones\\\/\"},{\"@type\":\"ListItem\",\"position\":4,\"name\":\"Industria\",\"item\":\"https:\\\/\\\/herculan.com\\\/es\\\/utilidad\\\/aplicaciones\\\/industria\\\/\"},{\"@type\":\"ListItem\",\"position\":5,\"name\":\"Naves de producci\u00f3n\"}]},{\"@type\":\"WebSite\",\"@id\":\"https:\\\/\\\/herculan.com\\\/es\\\/#website\",\"url\":\"https:\\\/\\\/herculan.com\\\/es\\\/\",\"name\":\"Herculan\",\"description\":\"We&#039;ve got it covered\",\"potentialAction\":[{\"@type\":\"SearchAction\",\"target\":{\"@type\":\"EntryPoint\",\"urlTemplate\":\"https:\\\/\\\/herculan.com\\\/es\\\/?s={search_term_string}\"},\"query-input\":{\"@type\":\"PropertyValueSpecification\",\"valueRequired\":true,\"valueName\":\"search_term_string\"}}],\"inLanguage\":\"es\"}]}<\/script>\n<!-- \/ Yoast SEO plugin. -->","yoast_head_json":{"title":"Naves de producci\u00f3n &#8226; Herculan","robots":{"index":"index","follow":"follow","max-snippet":"max-snippet:-1","max-image-preview":"max-image-preview:large","max-video-preview":"max-video-preview:-1"},"canonical":"https:\/\/herculan.com\/es\/utilidad\/aplicaciones\/industria\/naves-de-produccion\/","schema":{"@context":"https:\/\/schema.org","@graph":[{"@type":"WebPage","@id":"https:\/\/herculan.com\/es\/utilidad\/aplicaciones\/industria\/naves-de-produccion\/","url":"https:\/\/herculan.com\/es\/utilidad\/aplicaciones\/industria\/naves-de-produccion\/","name":"Naves de producci\u00f3n &#8226; Herculan","isPartOf":{"@id":"https:\/\/herculan.com\/es\/#website"},"primaryImageOfPage":{"@id":"https:\/\/herculan.com\/es\/utilidad\/aplicaciones\/industria\/naves-de-produccion\/#primaryimage"},"image":{"@id":"https:\/\/herculan.com\/es\/utilidad\/aplicaciones\/industria\/naves-de-produccion\/#primaryimage"},"thumbnailUrl":"https:\/\/herculan.com\/wp-content\/uploads\/2020\/09\/productie-utillity-hoofdfoto.jpg","datePublished":"2020-10-13T08:17:07+00:00","dateModified":"2020-10-26T15:37:55+00:00","breadcrumb":{"@id":"https:\/\/herculan.com\/es\/utilidad\/aplicaciones\/industria\/naves-de-produccion\/#breadcrumb"},"inLanguage":"es","potentialAction":[{"@type":"ReadAction","target":["https:\/\/herculan.com\/es\/utilidad\/aplicaciones\/industria\/naves-de-produccion\/"]}]},{"@type":"ImageObject","inLanguage":"es","@id":"https:\/\/herculan.com\/es\/utilidad\/aplicaciones\/industria\/naves-de-produccion\/#primaryimage","url":"https:\/\/herculan.com\/wp-content\/uploads\/2020\/09\/productie-utillity-hoofdfoto.jpg","contentUrl":"https:\/\/herculan.com\/wp-content\/uploads\/2020\/09\/productie-utillity-hoofdfoto.jpg","width":1200,"height":537},{"@type":"BreadcrumbList","@id":"https:\/\/herculan.com\/es\/utilidad\/aplicaciones\/industria\/naves-de-produccion\/#breadcrumb","itemListElement":[{"@type":"ListItem","position":1,"name":"Home","item":"https:\/\/herculan.com\/es\/"},{"@type":"ListItem","position":2,"name":"Utilidad","item":"https:\/\/herculan.com\/es\/utilidad\/"},{"@type":"ListItem","position":3,"name":"Aplicaciones","item":"https:\/\/herculan.com\/es\/utilidad\/aplicaciones\/"},{"@type":"ListItem","position":4,"name":"Industria","item":"https:\/\/herculan.com\/es\/utilidad\/aplicaciones\/industria\/"},{"@type":"ListItem","position":5,"name":"Naves de producci\u00f3n"}]},{"@type":"WebSite","@id":"https:\/\/herculan.com\/es\/#website","url":"https:\/\/herculan.com\/es\/","name":"Herculan","description":"We&#039;ve got it covered","potentialAction":[{"@type":"SearchAction","target":{"@type":"EntryPoint","urlTemplate":"https:\/\/herculan.com\/es\/?s={search_term_string}"},"query-input":{"@type":"PropertyValueSpecification","valueRequired":true,"valueName":"search_term_string"}}],"inLanguage":"es"}]}},"_links":{"self":[{"href":"https:\/\/herculan.com\/es\/wp-json\/wp\/v2\/pages\/3266","targetHints":{"allow":["GET"]}}],"collection":[{"href":"https:\/\/herculan.com\/es\/wp-json\/wp\/v2\/pages"}],"about":[{"href":"https:\/\/herculan.com\/es\/wp-json\/wp\/v2\/types\/page"}],"author":[{"embeddable":true,"href":"https:\/\/herculan.com\/es\/wp-json\/wp\/v2\/users\/1"}],"replies":[{"embeddable":true,"href":"https:\/\/herculan.com\/es\/wp-json\/wp\/v2\/comments?post=3266"}],"version-history":[{"count":2,"href":"https:\/\/herculan.com\/es\/wp-json\/wp\/v2\/pages\/3266\/revisions"}],"predecessor-version":[{"id":3276,"href":"https:\/\/herculan.com\/es\/wp-json\/wp\/v2\/pages\/3266\/revisions\/3276"}],"up":[{"embeddable":true,"href":"https:\/\/herculan.com\/es\/wp-json\/wp\/v2\/pages\/3226"}],"wp:featuredmedia":[{"embeddable":true,"href":"https:\/\/herculan.com\/es\/wp-json\/wp\/v2\/media\/391"}],"wp:attachment":[{"href":"https:\/\/herculan.com\/es\/wp-json\/wp\/v2\/media?parent=3266"}],"curies":[{"name":"wp","href":"https:\/\/api.w.org\/{rel}","templated":true}]}}