{"id":3268,"date":"2020-10-13T08:19:25","date_gmt":"2020-10-13T08:19:25","guid":{"rendered":"https:\/\/herculan.com\/utilidad\/aplicaciones\/industria\/logistiek-opslag\/"},"modified":"2020-10-26T15:38:35","modified_gmt":"2020-10-26T15:38:35","slug":"centros-logisticos-y-almacenes","status":"publish","type":"page","link":"https:\/\/herculan.com\/es\/utilidad\/aplicaciones\/industria\/centros-logisticos-y-almacenes\/","title":{"rendered":"Centros log\u00edsticos y almacenes"},"content":{"rendered":"\n<p>Los almacenes y centros de log\u00edstica suelen estar intercomunicados. Sus suelos, por ende, tambi\u00e9n. Aqu\u00ed, la superficie del suelo debe soportar el movimiento de las carretillas elevadoras y de pal\u00e9s, la fricci\u00f3n de plataformas y cajas y el impacto de ca\u00edda de objetos y embalaje. Adem\u00e1s, es posible que su superficie deba ser impermeable, lo que supone una ventaja para el mantenimiento del suelo.<\/p>\n","protected":false},"excerpt":{"rendered":"<p>Los almacenes y centros de log\u00edstica suelen estar intercomunicados. Sus suelos, por ende, tambi\u00e9n. Aqu\u00ed, la superficie del suelo debe soportar el movimiento de las carretillas elevadoras y de pal\u00e9s, la fricci\u00f3n de plataformas y cajas y el impacto de ca\u00edda de objetos y embalaje. Adem\u00e1s, es posible que su superficie deba ser impermeable, lo [&hellip;]<\/p>\n","protected":false},"author":1,"featured_media":255,"parent":3226,"menu_order":2,"comment_status":"closed","ping_status":"closed","template":"page-application.php","meta":{"_acf_changed":false,"footnotes":""},"class_list":["post-3268","page","type-page","status-publish","has-post-thumbnail","hentry"],"acf":[],"yoast_head":"<!-- This site is optimized with the Yoast SEO plugin v27.4 - https:\/\/yoast.com\/product\/yoast-seo-wordpress\/ -->\n<title>Centros log\u00edsticos y almacenes &#8226; Herculan<\/title>\n<meta name=\"robots\" content=\"index, follow, max-snippet:-1, max-image-preview:large, max-video-preview:-1\" \/>\n<link rel=\"canonical\" href=\"https:\/\/herculan.com\/es\/utilidad\/aplicaciones\/industria\/centros-logisticos-y-almacenes\/\" \/>\n<script type=\"application\/ld+json\" class=\"yoast-schema-graph\">{\"@context\":\"https:\\\/\\\/schema.org\",\"@graph\":[{\"@type\":\"WebPage\",\"@id\":\"https:\\\/\\\/herculan.com\\\/es\\\/utilidad\\\/aplicaciones\\\/industria\\\/centros-logisticos-y-almacenes\\\/\",\"url\":\"https:\\\/\\\/herculan.com\\\/es\\\/utilidad\\\/aplicaciones\\\/industria\\\/centros-logisticos-y-almacenes\\\/\",\"name\":\"Centros log\u00edsticos y almacenes &#8226; Herculan\",\"isPartOf\":{\"@id\":\"https:\\\/\\\/herculan.com\\\/es\\\/#website\"},\"primaryImageOfPage\":{\"@id\":\"https:\\\/\\\/herculan.com\\\/es\\\/utilidad\\\/aplicaciones\\\/industria\\\/centros-logisticos-y-almacenes\\\/#primaryimage\"},\"image\":{\"@id\":\"https:\\\/\\\/herculan.com\\\/es\\\/utilidad\\\/aplicaciones\\\/industria\\\/centros-logisticos-y-almacenes\\\/#primaryimage\"},\"thumbnailUrl\":\"https:\\\/\\\/herculan.com\\\/wp-content\\\/uploads\\\/2020\\\/09\\\/Industrieel-centraal-boekhuis-1.jpg\",\"datePublished\":\"2020-10-13T08:19:25+00:00\",\"dateModified\":\"2020-10-26T15:38:35+00:00\",\"breadcrumb\":{\"@id\":\"https:\\\/\\\/herculan.com\\\/es\\\/utilidad\\\/aplicaciones\\\/industria\\\/centros-logisticos-y-almacenes\\\/#breadcrumb\"},\"inLanguage\":\"es\",\"potentialAction\":[{\"@type\":\"ReadAction\",\"target\":[\"https:\\\/\\\/herculan.com\\\/es\\\/utilidad\\\/aplicaciones\\\/industria\\\/centros-logisticos-y-almacenes\\\/\"]}]},{\"@type\":\"ImageObject\",\"inLanguage\":\"es\",\"@id\":\"https:\\\/\\\/herculan.com\\\/es\\\/utilidad\\\/aplicaciones\\\/industria\\\/centros-logisticos-y-almacenes\\\/#primaryimage\",\"url\":\"https:\\\/\\\/herculan.com\\\/wp-content\\\/uploads\\\/2020\\\/09\\\/Industrieel-centraal-boekhuis-1.jpg\",\"contentUrl\":\"https:\\\/\\\/herculan.com\\\/wp-content\\\/uploads\\\/2020\\\/09\\\/Industrieel-centraal-boekhuis-1.jpg\",\"width\":1200,\"height\":537},{\"@type\":\"BreadcrumbList\",\"@id\":\"https:\\\/\\\/herculan.com\\\/es\\\/utilidad\\\/aplicaciones\\\/industria\\\/centros-logisticos-y-almacenes\\\/#breadcrumb\",\"itemListElement\":[{\"@type\":\"ListItem\",\"position\":1,\"name\":\"Home\",\"item\":\"https:\\\/\\\/herculan.com\\\/es\\\/\"},{\"@type\":\"ListItem\",\"position\":2,\"name\":\"Utilidad\",\"item\":\"https:\\\/\\\/herculan.com\\\/es\\\/utilidad\\\/\"},{\"@type\":\"ListItem\",\"position\":3,\"name\":\"Aplicaciones\",\"item\":\"https:\\\/\\\/herculan.com\\\/es\\\/utilidad\\\/aplicaciones\\\/\"},{\"@type\":\"ListItem\",\"position\":4,\"name\":\"Industria\",\"item\":\"https:\\\/\\\/herculan.com\\\/es\\\/utilidad\\\/aplicaciones\\\/industria\\\/\"},{\"@type\":\"ListItem\",\"position\":5,\"name\":\"Centros log\u00edsticos y almacenes\"}]},{\"@type\":\"WebSite\",\"@id\":\"https:\\\/\\\/herculan.com\\\/es\\\/#website\",\"url\":\"https:\\\/\\\/herculan.com\\\/es\\\/\",\"name\":\"Herculan\",\"description\":\"We&#039;ve got it covered\",\"potentialAction\":[{\"@type\":\"SearchAction\",\"target\":{\"@type\":\"EntryPoint\",\"urlTemplate\":\"https:\\\/\\\/herculan.com\\\/es\\\/?s={search_term_string}\"},\"query-input\":{\"@type\":\"PropertyValueSpecification\",\"valueRequired\":true,\"valueName\":\"search_term_string\"}}],\"inLanguage\":\"es\"}]}<\/script>\n<!-- \/ Yoast SEO plugin. -->","yoast_head_json":{"title":"Centros log\u00edsticos y almacenes &#8226; Herculan","robots":{"index":"index","follow":"follow","max-snippet":"max-snippet:-1","max-image-preview":"max-image-preview:large","max-video-preview":"max-video-preview:-1"},"canonical":"https:\/\/herculan.com\/es\/utilidad\/aplicaciones\/industria\/centros-logisticos-y-almacenes\/","schema":{"@context":"https:\/\/schema.org","@graph":[{"@type":"WebPage","@id":"https:\/\/herculan.com\/es\/utilidad\/aplicaciones\/industria\/centros-logisticos-y-almacenes\/","url":"https:\/\/herculan.com\/es\/utilidad\/aplicaciones\/industria\/centros-logisticos-y-almacenes\/","name":"Centros log\u00edsticos y almacenes &#8226; Herculan","isPartOf":{"@id":"https:\/\/herculan.com\/es\/#website"},"primaryImageOfPage":{"@id":"https:\/\/herculan.com\/es\/utilidad\/aplicaciones\/industria\/centros-logisticos-y-almacenes\/#primaryimage"},"image":{"@id":"https:\/\/herculan.com\/es\/utilidad\/aplicaciones\/industria\/centros-logisticos-y-almacenes\/#primaryimage"},"thumbnailUrl":"https:\/\/herculan.com\/wp-content\/uploads\/2020\/09\/Industrieel-centraal-boekhuis-1.jpg","datePublished":"2020-10-13T08:19:25+00:00","dateModified":"2020-10-26T15:38:35+00:00","breadcrumb":{"@id":"https:\/\/herculan.com\/es\/utilidad\/aplicaciones\/industria\/centros-logisticos-y-almacenes\/#breadcrumb"},"inLanguage":"es","potentialAction":[{"@type":"ReadAction","target":["https:\/\/herculan.com\/es\/utilidad\/aplicaciones\/industria\/centros-logisticos-y-almacenes\/"]}]},{"@type":"ImageObject","inLanguage":"es","@id":"https:\/\/herculan.com\/es\/utilidad\/aplicaciones\/industria\/centros-logisticos-y-almacenes\/#primaryimage","url":"https:\/\/herculan.com\/wp-content\/uploads\/2020\/09\/Industrieel-centraal-boekhuis-1.jpg","contentUrl":"https:\/\/herculan.com\/wp-content\/uploads\/2020\/09\/Industrieel-centraal-boekhuis-1.jpg","width":1200,"height":537},{"@type":"BreadcrumbList","@id":"https:\/\/herculan.com\/es\/utilidad\/aplicaciones\/industria\/centros-logisticos-y-almacenes\/#breadcrumb","itemListElement":[{"@type":"ListItem","position":1,"name":"Home","item":"https:\/\/herculan.com\/es\/"},{"@type":"ListItem","position":2,"name":"Utilidad","item":"https:\/\/herculan.com\/es\/utilidad\/"},{"@type":"ListItem","position":3,"name":"Aplicaciones","item":"https:\/\/herculan.com\/es\/utilidad\/aplicaciones\/"},{"@type":"ListItem","position":4,"name":"Industria","item":"https:\/\/herculan.com\/es\/utilidad\/aplicaciones\/industria\/"},{"@type":"ListItem","position":5,"name":"Centros log\u00edsticos y almacenes"}]},{"@type":"WebSite","@id":"https:\/\/herculan.com\/es\/#website","url":"https:\/\/herculan.com\/es\/","name":"Herculan","description":"We&#039;ve got it covered","potentialAction":[{"@type":"SearchAction","target":{"@type":"EntryPoint","urlTemplate":"https:\/\/herculan.com\/es\/?s={search_term_string}"},"query-input":{"@type":"PropertyValueSpecification","valueRequired":true,"valueName":"search_term_string"}}],"inLanguage":"es"}]}},"_links":{"self":[{"href":"https:\/\/herculan.com\/es\/wp-json\/wp\/v2\/pages\/3268","targetHints":{"allow":["GET"]}}],"collection":[{"href":"https:\/\/herculan.com\/es\/wp-json\/wp\/v2\/pages"}],"about":[{"href":"https:\/\/herculan.com\/es\/wp-json\/wp\/v2\/types\/page"}],"author":[{"embeddable":true,"href":"https:\/\/herculan.com\/es\/wp-json\/wp\/v2\/users\/1"}],"replies":[{"embeddable":true,"href":"https:\/\/herculan.com\/es\/wp-json\/wp\/v2\/comments?post=3268"}],"version-history":[{"count":2,"href":"https:\/\/herculan.com\/es\/wp-json\/wp\/v2\/pages\/3268\/revisions"}],"predecessor-version":[{"id":3278,"href":"https:\/\/herculan.com\/es\/wp-json\/wp\/v2\/pages\/3268\/revisions\/3278"}],"up":[{"embeddable":true,"href":"https:\/\/herculan.com\/es\/wp-json\/wp\/v2\/pages\/3226"}],"wp:featuredmedia":[{"embeddable":true,"href":"https:\/\/herculan.com\/es\/wp-json\/wp\/v2\/media\/255"}],"wp:attachment":[{"href":"https:\/\/herculan.com\/es\/wp-json\/wp\/v2\/media?parent=3268"}],"curies":[{"name":"wp","href":"https:\/\/api.w.org\/{rel}","templated":true}]}}