{"id":3312,"date":"2020-10-13T08:41:57","date_gmt":"2020-10-13T08:41:57","guid":{"rendered":"https:\/\/herculan.com\/utilidad\/aplicaciones\/entorno-laboral-y-domestico\/escuelas\/entree-receptie-onderwijs\/"},"modified":"2020-10-26T15:57:55","modified_gmt":"2020-10-26T15:57:55","slug":"entrada-y-recepcion-escuelas","status":"publish","type":"page","link":"https:\/\/herculan.com\/es\/utilidad\/aplicaciones\/entorno-laboral-y-domestico\/escuelas\/entrada-y-recepcion-escuelas\/","title":{"rendered":"Entrada y recepci\u00f3n"},"content":{"rendered":"\n<p>Tanto la entrada como la recepci\u00f3n marcan la primera impresi\u00f3n de una escuela o una universidad. Por ello, las propiedades est\u00e9ticas del revestimiento o topping son muy importantes y deben combinarse perfectamente con las propiedades funcionales, como durabilidad y resistencia al desgaste.<\/p>\n","protected":false},"excerpt":{"rendered":"<p>Tanto la entrada como la recepci\u00f3n marcan la primera impresi\u00f3n de una escuela o una universidad. Por ello, las propiedades est\u00e9ticas del revestimiento o topping son muy importantes y deben combinarse perfectamente con las propiedades funcionales, como durabilidad y resistencia al desgaste.<\/p>\n","protected":false},"author":1,"featured_media":431,"parent":3260,"menu_order":1,"comment_status":"closed","ping_status":"closed","template":"page-application.php","meta":{"_acf_changed":false,"footnotes":""},"class_list":["post-3312","page","type-page","status-publish","has-post-thumbnail","hentry"],"acf":[],"yoast_head":"<!-- This site is optimized with the Yoast SEO plugin v27.4 - https:\/\/yoast.com\/product\/yoast-seo-wordpress\/ -->\n<title>Entrada y recepci\u00f3n &#8226; Herculan<\/title>\n<meta name=\"robots\" content=\"index, follow, max-snippet:-1, max-image-preview:large, max-video-preview:-1\" \/>\n<link rel=\"canonical\" href=\"https:\/\/herculan.com\/es\/utilidad\/aplicaciones\/entorno-laboral-y-domestico\/escuelas\/entrada-y-recepcion-escuelas\/\" \/>\n<script type=\"application\/ld+json\" class=\"yoast-schema-graph\">{\"@context\":\"https:\\\/\\\/schema.org\",\"@graph\":[{\"@type\":\"WebPage\",\"@id\":\"https:\\\/\\\/herculan.com\\\/es\\\/utilidad\\\/aplicaciones\\\/entorno-laboral-y-domestico\\\/escuelas\\\/entrada-y-recepcion-escuelas\\\/\",\"url\":\"https:\\\/\\\/herculan.com\\\/es\\\/utilidad\\\/aplicaciones\\\/entorno-laboral-y-domestico\\\/escuelas\\\/entrada-y-recepcion-escuelas\\\/\",\"name\":\"Entrada y recepci\u00f3n &#8226; Herculan\",\"isPartOf\":{\"@id\":\"https:\\\/\\\/herculan.com\\\/es\\\/#website\"},\"primaryImageOfPage\":{\"@id\":\"https:\\\/\\\/herculan.com\\\/es\\\/utilidad\\\/aplicaciones\\\/entorno-laboral-y-domestico\\\/escuelas\\\/entrada-y-recepcion-escuelas\\\/#primaryimage\"},\"image\":{\"@id\":\"https:\\\/\\\/herculan.com\\\/es\\\/utilidad\\\/aplicaciones\\\/entorno-laboral-y-domestico\\\/escuelas\\\/entrada-y-recepcion-escuelas\\\/#primaryimage\"},\"thumbnailUrl\":\"https:\\\/\\\/herculan.com\\\/wp-content\\\/uploads\\\/2020\\\/09\\\/receptie-school.jpg\",\"datePublished\":\"2020-10-13T08:41:57+00:00\",\"dateModified\":\"2020-10-26T15:57:55+00:00\",\"breadcrumb\":{\"@id\":\"https:\\\/\\\/herculan.com\\\/es\\\/utilidad\\\/aplicaciones\\\/entorno-laboral-y-domestico\\\/escuelas\\\/entrada-y-recepcion-escuelas\\\/#breadcrumb\"},\"inLanguage\":\"es\",\"potentialAction\":[{\"@type\":\"ReadAction\",\"target\":[\"https:\\\/\\\/herculan.com\\\/es\\\/utilidad\\\/aplicaciones\\\/entorno-laboral-y-domestico\\\/escuelas\\\/entrada-y-recepcion-escuelas\\\/\"]}]},{\"@type\":\"ImageObject\",\"inLanguage\":\"es\",\"@id\":\"https:\\\/\\\/herculan.com\\\/es\\\/utilidad\\\/aplicaciones\\\/entorno-laboral-y-domestico\\\/escuelas\\\/entrada-y-recepcion-escuelas\\\/#primaryimage\",\"url\":\"https:\\\/\\\/herculan.com\\\/wp-content\\\/uploads\\\/2020\\\/09\\\/receptie-school.jpg\",\"contentUrl\":\"https:\\\/\\\/herculan.com\\\/wp-content\\\/uploads\\\/2020\\\/09\\\/receptie-school.jpg\",\"width\":1200,\"height\":537},{\"@type\":\"BreadcrumbList\",\"@id\":\"https:\\\/\\\/herculan.com\\\/es\\\/utilidad\\\/aplicaciones\\\/entorno-laboral-y-domestico\\\/escuelas\\\/entrada-y-recepcion-escuelas\\\/#breadcrumb\",\"itemListElement\":[{\"@type\":\"ListItem\",\"position\":1,\"name\":\"Home\",\"item\":\"https:\\\/\\\/herculan.com\\\/es\\\/\"},{\"@type\":\"ListItem\",\"position\":2,\"name\":\"Utilidad\",\"item\":\"https:\\\/\\\/herculan.com\\\/es\\\/utilidad\\\/\"},{\"@type\":\"ListItem\",\"position\":3,\"name\":\"Aplicaciones\",\"item\":\"https:\\\/\\\/herculan.com\\\/es\\\/utilidad\\\/aplicaciones\\\/\"},{\"@type\":\"ListItem\",\"position\":4,\"name\":\"Entorno laboral y dom\u00e9stico\",\"item\":\"https:\\\/\\\/herculan.com\\\/es\\\/utilidad\\\/aplicaciones\\\/entorno-laboral-y-domestico\\\/\"},{\"@type\":\"ListItem\",\"position\":5,\"name\":\"Escuelas\",\"item\":\"https:\\\/\\\/herculan.com\\\/es\\\/utilidad\\\/aplicaciones\\\/entorno-laboral-y-domestico\\\/escuelas\\\/\"},{\"@type\":\"ListItem\",\"position\":6,\"name\":\"Entrada y recepci\u00f3n\"}]},{\"@type\":\"WebSite\",\"@id\":\"https:\\\/\\\/herculan.com\\\/es\\\/#website\",\"url\":\"https:\\\/\\\/herculan.com\\\/es\\\/\",\"name\":\"Herculan\",\"description\":\"We&#039;ve got it covered\",\"potentialAction\":[{\"@type\":\"SearchAction\",\"target\":{\"@type\":\"EntryPoint\",\"urlTemplate\":\"https:\\\/\\\/herculan.com\\\/es\\\/?s={search_term_string}\"},\"query-input\":{\"@type\":\"PropertyValueSpecification\",\"valueRequired\":true,\"valueName\":\"search_term_string\"}}],\"inLanguage\":\"es\"}]}<\/script>\n<!-- \/ Yoast SEO plugin. -->","yoast_head_json":{"title":"Entrada y recepci\u00f3n &#8226; Herculan","robots":{"index":"index","follow":"follow","max-snippet":"max-snippet:-1","max-image-preview":"max-image-preview:large","max-video-preview":"max-video-preview:-1"},"canonical":"https:\/\/herculan.com\/es\/utilidad\/aplicaciones\/entorno-laboral-y-domestico\/escuelas\/entrada-y-recepcion-escuelas\/","schema":{"@context":"https:\/\/schema.org","@graph":[{"@type":"WebPage","@id":"https:\/\/herculan.com\/es\/utilidad\/aplicaciones\/entorno-laboral-y-domestico\/escuelas\/entrada-y-recepcion-escuelas\/","url":"https:\/\/herculan.com\/es\/utilidad\/aplicaciones\/entorno-laboral-y-domestico\/escuelas\/entrada-y-recepcion-escuelas\/","name":"Entrada y recepci\u00f3n &#8226; Herculan","isPartOf":{"@id":"https:\/\/herculan.com\/es\/#website"},"primaryImageOfPage":{"@id":"https:\/\/herculan.com\/es\/utilidad\/aplicaciones\/entorno-laboral-y-domestico\/escuelas\/entrada-y-recepcion-escuelas\/#primaryimage"},"image":{"@id":"https:\/\/herculan.com\/es\/utilidad\/aplicaciones\/entorno-laboral-y-domestico\/escuelas\/entrada-y-recepcion-escuelas\/#primaryimage"},"thumbnailUrl":"https:\/\/herculan.com\/wp-content\/uploads\/2020\/09\/receptie-school.jpg","datePublished":"2020-10-13T08:41:57+00:00","dateModified":"2020-10-26T15:57:55+00:00","breadcrumb":{"@id":"https:\/\/herculan.com\/es\/utilidad\/aplicaciones\/entorno-laboral-y-domestico\/escuelas\/entrada-y-recepcion-escuelas\/#breadcrumb"},"inLanguage":"es","potentialAction":[{"@type":"ReadAction","target":["https:\/\/herculan.com\/es\/utilidad\/aplicaciones\/entorno-laboral-y-domestico\/escuelas\/entrada-y-recepcion-escuelas\/"]}]},{"@type":"ImageObject","inLanguage":"es","@id":"https:\/\/herculan.com\/es\/utilidad\/aplicaciones\/entorno-laboral-y-domestico\/escuelas\/entrada-y-recepcion-escuelas\/#primaryimage","url":"https:\/\/herculan.com\/wp-content\/uploads\/2020\/09\/receptie-school.jpg","contentUrl":"https:\/\/herculan.com\/wp-content\/uploads\/2020\/09\/receptie-school.jpg","width":1200,"height":537},{"@type":"BreadcrumbList","@id":"https:\/\/herculan.com\/es\/utilidad\/aplicaciones\/entorno-laboral-y-domestico\/escuelas\/entrada-y-recepcion-escuelas\/#breadcrumb","itemListElement":[{"@type":"ListItem","position":1,"name":"Home","item":"https:\/\/herculan.com\/es\/"},{"@type":"ListItem","position":2,"name":"Utilidad","item":"https:\/\/herculan.com\/es\/utilidad\/"},{"@type":"ListItem","position":3,"name":"Aplicaciones","item":"https:\/\/herculan.com\/es\/utilidad\/aplicaciones\/"},{"@type":"ListItem","position":4,"name":"Entorno laboral y dom\u00e9stico","item":"https:\/\/herculan.com\/es\/utilidad\/aplicaciones\/entorno-laboral-y-domestico\/"},{"@type":"ListItem","position":5,"name":"Escuelas","item":"https:\/\/herculan.com\/es\/utilidad\/aplicaciones\/entorno-laboral-y-domestico\/escuelas\/"},{"@type":"ListItem","position":6,"name":"Entrada y recepci\u00f3n"}]},{"@type":"WebSite","@id":"https:\/\/herculan.com\/es\/#website","url":"https:\/\/herculan.com\/es\/","name":"Herculan","description":"We&#039;ve got it covered","potentialAction":[{"@type":"SearchAction","target":{"@type":"EntryPoint","urlTemplate":"https:\/\/herculan.com\/es\/?s={search_term_string}"},"query-input":{"@type":"PropertyValueSpecification","valueRequired":true,"valueName":"search_term_string"}}],"inLanguage":"es"}]}},"_links":{"self":[{"href":"https:\/\/herculan.com\/es\/wp-json\/wp\/v2\/pages\/3312","targetHints":{"allow":["GET"]}}],"collection":[{"href":"https:\/\/herculan.com\/es\/wp-json\/wp\/v2\/pages"}],"about":[{"href":"https:\/\/herculan.com\/es\/wp-json\/wp\/v2\/types\/page"}],"author":[{"embeddable":true,"href":"https:\/\/herculan.com\/es\/wp-json\/wp\/v2\/users\/1"}],"replies":[{"embeddable":true,"href":"https:\/\/herculan.com\/es\/wp-json\/wp\/v2\/comments?post=3312"}],"version-history":[{"count":2,"href":"https:\/\/herculan.com\/es\/wp-json\/wp\/v2\/pages\/3312\/revisions"}],"predecessor-version":[{"id":3324,"href":"https:\/\/herculan.com\/es\/wp-json\/wp\/v2\/pages\/3312\/revisions\/3324"}],"up":[{"embeddable":true,"href":"https:\/\/herculan.com\/es\/wp-json\/wp\/v2\/pages\/3260"}],"wp:featuredmedia":[{"embeddable":true,"href":"https:\/\/herculan.com\/es\/wp-json\/wp\/v2\/media\/431"}],"wp:attachment":[{"href":"https:\/\/herculan.com\/es\/wp-json\/wp\/v2\/media?parent=3312"}],"curies":[{"name":"wp","href":"https:\/\/api.w.org\/{rel}","templated":true}]}}