{"id":3316,"date":"2020-10-13T08:44:43","date_gmt":"2020-10-13T08:44:43","guid":{"rendered":"https:\/\/herculan.com\/utilidad\/aplicaciones\/entorno-laboral-y-domestico\/escuelas\/auditoria-lokalen\/"},"modified":"2020-10-26T16:00:33","modified_gmt":"2020-10-26T16:00:33","slug":"auditorios-y-aulas","status":"publish","type":"page","link":"https:\/\/herculan.com\/es\/utilidad\/aplicaciones\/entorno-laboral-y-domestico\/escuelas\/auditorios-y-aulas\/","title":{"rendered":"Auditorios y aulas"},"content":{"rendered":"\n<p>Las salas de auditorio y aulas son los centros neur\u00e1lgicos de un centro de ense\u00f1anza. El acabado de estos espacios debe ser resistente a la presi\u00f3n de las mesas y sillas, y al roce continuo y localizado del calzado. En un entorno donde se exige concentraci\u00f3n y atenci\u00f3n, se desear\u00e1 cierta absorci\u00f3n ac\u00fastica. Especialmente para este tipo de aplicaci\u00f3n, Herculan ha creado el suelo de poliuretano, que responde a todos estos aspectos.<\/p>\n","protected":false},"excerpt":{"rendered":"<p>Las salas de auditorio y aulas son los centros neur\u00e1lgicos de un centro de ense\u00f1anza. El acabado de estos espacios debe ser resistente a la presi\u00f3n de las mesas y sillas, y al roce continuo y localizado del calzado. En un entorno donde se exige concentraci\u00f3n y atenci\u00f3n, se desear\u00e1 cierta absorci\u00f3n ac\u00fastica. Especialmente para [&hellip;]<\/p>\n","protected":false},"author":1,"featured_media":143,"parent":3260,"menu_order":3,"comment_status":"closed","ping_status":"closed","template":"page-application.php","meta":{"_acf_changed":false,"footnotes":""},"class_list":["post-3316","page","type-page","status-publish","has-post-thumbnail","hentry"],"acf":[],"yoast_head":"<!-- This site is optimized with the Yoast SEO plugin v27.3 - https:\/\/yoast.com\/product\/yoast-seo-wordpress\/ -->\n<title>Auditorios y aulas &#8226; Herculan<\/title>\n<meta name=\"robots\" content=\"index, follow, max-snippet:-1, max-image-preview:large, max-video-preview:-1\" \/>\n<link rel=\"canonical\" href=\"https:\/\/herculan.com\/es\/utilidad\/aplicaciones\/entorno-laboral-y-domestico\/escuelas\/auditorios-y-aulas\/\" \/>\n<script type=\"application\/ld+json\" class=\"yoast-schema-graph\">{\"@context\":\"https:\\\/\\\/schema.org\",\"@graph\":[{\"@type\":\"WebPage\",\"@id\":\"https:\\\/\\\/herculan.com\\\/es\\\/utilidad\\\/aplicaciones\\\/entorno-laboral-y-domestico\\\/escuelas\\\/auditorios-y-aulas\\\/\",\"url\":\"https:\\\/\\\/herculan.com\\\/es\\\/utilidad\\\/aplicaciones\\\/entorno-laboral-y-domestico\\\/escuelas\\\/auditorios-y-aulas\\\/\",\"name\":\"Auditorios y aulas &#8226; Herculan\",\"isPartOf\":{\"@id\":\"https:\\\/\\\/herculan.com\\\/es\\\/#website\"},\"primaryImageOfPage\":{\"@id\":\"https:\\\/\\\/herculan.com\\\/es\\\/utilidad\\\/aplicaciones\\\/entorno-laboral-y-domestico\\\/escuelas\\\/auditorios-y-aulas\\\/#primaryimage\"},\"image\":{\"@id\":\"https:\\\/\\\/herculan.com\\\/es\\\/utilidad\\\/aplicaciones\\\/entorno-laboral-y-domestico\\\/escuelas\\\/auditorios-y-aulas\\\/#primaryimage\"},\"thumbnailUrl\":\"https:\\\/\\\/herculan.com\\\/wp-content\\\/uploads\\\/2020\\\/09\\\/auditoria-onderwijs-utillity-hoofdfoto.jpg\",\"datePublished\":\"2020-10-13T08:44:43+00:00\",\"dateModified\":\"2020-10-26T16:00:33+00:00\",\"breadcrumb\":{\"@id\":\"https:\\\/\\\/herculan.com\\\/es\\\/utilidad\\\/aplicaciones\\\/entorno-laboral-y-domestico\\\/escuelas\\\/auditorios-y-aulas\\\/#breadcrumb\"},\"inLanguage\":\"es\",\"potentialAction\":[{\"@type\":\"ReadAction\",\"target\":[\"https:\\\/\\\/herculan.com\\\/es\\\/utilidad\\\/aplicaciones\\\/entorno-laboral-y-domestico\\\/escuelas\\\/auditorios-y-aulas\\\/\"]}]},{\"@type\":\"ImageObject\",\"inLanguage\":\"es\",\"@id\":\"https:\\\/\\\/herculan.com\\\/es\\\/utilidad\\\/aplicaciones\\\/entorno-laboral-y-domestico\\\/escuelas\\\/auditorios-y-aulas\\\/#primaryimage\",\"url\":\"https:\\\/\\\/herculan.com\\\/wp-content\\\/uploads\\\/2020\\\/09\\\/auditoria-onderwijs-utillity-hoofdfoto.jpg\",\"contentUrl\":\"https:\\\/\\\/herculan.com\\\/wp-content\\\/uploads\\\/2020\\\/09\\\/auditoria-onderwijs-utillity-hoofdfoto.jpg\",\"width\":1200,\"height\":537},{\"@type\":\"BreadcrumbList\",\"@id\":\"https:\\\/\\\/herculan.com\\\/es\\\/utilidad\\\/aplicaciones\\\/entorno-laboral-y-domestico\\\/escuelas\\\/auditorios-y-aulas\\\/#breadcrumb\",\"itemListElement\":[{\"@type\":\"ListItem\",\"position\":1,\"name\":\"Home\",\"item\":\"https:\\\/\\\/herculan.com\\\/es\\\/\"},{\"@type\":\"ListItem\",\"position\":2,\"name\":\"Utilidad\",\"item\":\"https:\\\/\\\/herculan.com\\\/es\\\/utilidad\\\/\"},{\"@type\":\"ListItem\",\"position\":3,\"name\":\"Aplicaciones\",\"item\":\"https:\\\/\\\/herculan.com\\\/es\\\/utilidad\\\/aplicaciones\\\/\"},{\"@type\":\"ListItem\",\"position\":4,\"name\":\"Entorno laboral y dom\u00e9stico\",\"item\":\"https:\\\/\\\/herculan.com\\\/es\\\/utilidad\\\/aplicaciones\\\/entorno-laboral-y-domestico\\\/\"},{\"@type\":\"ListItem\",\"position\":5,\"name\":\"Escuelas\",\"item\":\"https:\\\/\\\/herculan.com\\\/es\\\/utilidad\\\/aplicaciones\\\/entorno-laboral-y-domestico\\\/escuelas\\\/\"},{\"@type\":\"ListItem\",\"position\":6,\"name\":\"Auditorios y aulas\"}]},{\"@type\":\"WebSite\",\"@id\":\"https:\\\/\\\/herculan.com\\\/es\\\/#website\",\"url\":\"https:\\\/\\\/herculan.com\\\/es\\\/\",\"name\":\"Herculan\",\"description\":\"We&#039;ve got it covered\",\"potentialAction\":[{\"@type\":\"SearchAction\",\"target\":{\"@type\":\"EntryPoint\",\"urlTemplate\":\"https:\\\/\\\/herculan.com\\\/es\\\/?s={search_term_string}\"},\"query-input\":{\"@type\":\"PropertyValueSpecification\",\"valueRequired\":true,\"valueName\":\"search_term_string\"}}],\"inLanguage\":\"es\"}]}<\/script>\n<!-- \/ Yoast SEO plugin. -->","yoast_head_json":{"title":"Auditorios y aulas &#8226; Herculan","robots":{"index":"index","follow":"follow","max-snippet":"max-snippet:-1","max-image-preview":"max-image-preview:large","max-video-preview":"max-video-preview:-1"},"canonical":"https:\/\/herculan.com\/es\/utilidad\/aplicaciones\/entorno-laboral-y-domestico\/escuelas\/auditorios-y-aulas\/","schema":{"@context":"https:\/\/schema.org","@graph":[{"@type":"WebPage","@id":"https:\/\/herculan.com\/es\/utilidad\/aplicaciones\/entorno-laboral-y-domestico\/escuelas\/auditorios-y-aulas\/","url":"https:\/\/herculan.com\/es\/utilidad\/aplicaciones\/entorno-laboral-y-domestico\/escuelas\/auditorios-y-aulas\/","name":"Auditorios y aulas &#8226; Herculan","isPartOf":{"@id":"https:\/\/herculan.com\/es\/#website"},"primaryImageOfPage":{"@id":"https:\/\/herculan.com\/es\/utilidad\/aplicaciones\/entorno-laboral-y-domestico\/escuelas\/auditorios-y-aulas\/#primaryimage"},"image":{"@id":"https:\/\/herculan.com\/es\/utilidad\/aplicaciones\/entorno-laboral-y-domestico\/escuelas\/auditorios-y-aulas\/#primaryimage"},"thumbnailUrl":"https:\/\/herculan.com\/wp-content\/uploads\/2020\/09\/auditoria-onderwijs-utillity-hoofdfoto.jpg","datePublished":"2020-10-13T08:44:43+00:00","dateModified":"2020-10-26T16:00:33+00:00","breadcrumb":{"@id":"https:\/\/herculan.com\/es\/utilidad\/aplicaciones\/entorno-laboral-y-domestico\/escuelas\/auditorios-y-aulas\/#breadcrumb"},"inLanguage":"es","potentialAction":[{"@type":"ReadAction","target":["https:\/\/herculan.com\/es\/utilidad\/aplicaciones\/entorno-laboral-y-domestico\/escuelas\/auditorios-y-aulas\/"]}]},{"@type":"ImageObject","inLanguage":"es","@id":"https:\/\/herculan.com\/es\/utilidad\/aplicaciones\/entorno-laboral-y-domestico\/escuelas\/auditorios-y-aulas\/#primaryimage","url":"https:\/\/herculan.com\/wp-content\/uploads\/2020\/09\/auditoria-onderwijs-utillity-hoofdfoto.jpg","contentUrl":"https:\/\/herculan.com\/wp-content\/uploads\/2020\/09\/auditoria-onderwijs-utillity-hoofdfoto.jpg","width":1200,"height":537},{"@type":"BreadcrumbList","@id":"https:\/\/herculan.com\/es\/utilidad\/aplicaciones\/entorno-laboral-y-domestico\/escuelas\/auditorios-y-aulas\/#breadcrumb","itemListElement":[{"@type":"ListItem","position":1,"name":"Home","item":"https:\/\/herculan.com\/es\/"},{"@type":"ListItem","position":2,"name":"Utilidad","item":"https:\/\/herculan.com\/es\/utilidad\/"},{"@type":"ListItem","position":3,"name":"Aplicaciones","item":"https:\/\/herculan.com\/es\/utilidad\/aplicaciones\/"},{"@type":"ListItem","position":4,"name":"Entorno laboral y dom\u00e9stico","item":"https:\/\/herculan.com\/es\/utilidad\/aplicaciones\/entorno-laboral-y-domestico\/"},{"@type":"ListItem","position":5,"name":"Escuelas","item":"https:\/\/herculan.com\/es\/utilidad\/aplicaciones\/entorno-laboral-y-domestico\/escuelas\/"},{"@type":"ListItem","position":6,"name":"Auditorios y aulas"}]},{"@type":"WebSite","@id":"https:\/\/herculan.com\/es\/#website","url":"https:\/\/herculan.com\/es\/","name":"Herculan","description":"We&#039;ve got it covered","potentialAction":[{"@type":"SearchAction","target":{"@type":"EntryPoint","urlTemplate":"https:\/\/herculan.com\/es\/?s={search_term_string}"},"query-input":{"@type":"PropertyValueSpecification","valueRequired":true,"valueName":"search_term_string"}}],"inLanguage":"es"}]}},"_links":{"self":[{"href":"https:\/\/herculan.com\/es\/wp-json\/wp\/v2\/pages\/3316","targetHints":{"allow":["GET"]}}],"collection":[{"href":"https:\/\/herculan.com\/es\/wp-json\/wp\/v2\/pages"}],"about":[{"href":"https:\/\/herculan.com\/es\/wp-json\/wp\/v2\/types\/page"}],"author":[{"embeddable":true,"href":"https:\/\/herculan.com\/es\/wp-json\/wp\/v2\/users\/1"}],"replies":[{"embeddable":true,"href":"https:\/\/herculan.com\/es\/wp-json\/wp\/v2\/comments?post=3316"}],"version-history":[{"count":2,"href":"https:\/\/herculan.com\/es\/wp-json\/wp\/v2\/pages\/3316\/revisions"}],"predecessor-version":[{"id":3329,"href":"https:\/\/herculan.com\/es\/wp-json\/wp\/v2\/pages\/3316\/revisions\/3329"}],"up":[{"embeddable":true,"href":"https:\/\/herculan.com\/es\/wp-json\/wp\/v2\/pages\/3260"}],"wp:featuredmedia":[{"embeddable":true,"href":"https:\/\/herculan.com\/es\/wp-json\/wp\/v2\/media\/143"}],"wp:attachment":[{"href":"https:\/\/herculan.com\/es\/wp-json\/wp\/v2\/media?parent=3316"}],"curies":[{"name":"wp","href":"https:\/\/api.w.org\/{rel}","templated":true}]}}