{"id":3353,"date":"2020-10-13T10:31:25","date_gmt":"2020-10-13T10:31:25","guid":{"rendered":"https:\/\/herculan.com\/utilidad\/aplicaciones\/entorno-laboral-y-domestico\/centros-sanitarios\/patienten-en-operatiekamers\/"},"modified":"2020-10-27T07:49:41","modified_gmt":"2020-10-27T07:49:41","slug":"salas-de-pacientes-y-quirofanos","status":"publish","type":"page","link":"https:\/\/herculan.com\/es\/utilidad\/aplicaciones\/entorno-laboral-y-domestico\/centros-sanitarios\/salas-de-pacientes-y-quirofanos\/","title":{"rendered":"Salas de pacientes y quir\u00f3fanos"},"content":{"rendered":"\n<p>Las salas de los pacientes y los quir\u00f3fanos son espacios espec\u00edficos, por lo que tambi\u00e9n requieren suelos espec\u00edficos. En estos espacios, la higiene y la seguridad son prioritarias, por lo que la primera condici\u00f3n es un acabado sin juntas. Adem\u00e1s, en un entorno donde se exige calma, concentraci\u00f3n y atenci\u00f3n, se desea cierta absorci\u00f3n ac\u00fastica. Especial para hospitales y cl\u00ednicas, Herculan ha creado un suelo de poliuretano que satisface todas las exigencias y preferencias.<\/p>\n","protected":false},"excerpt":{"rendered":"<p>Las salas de los pacientes y los quir\u00f3fanos son espacios espec\u00edficos, por lo que tambi\u00e9n requieren suelos espec\u00edficos. En estos espacios, la higiene y la seguridad son prioritarias, por lo que la primera condici\u00f3n es un acabado sin juntas. Adem\u00e1s, en un entorno donde se exige calma, concentraci\u00f3n y atenci\u00f3n, se desea cierta absorci\u00f3n ac\u00fastica. [&hellip;]<\/p>\n","protected":false},"author":1,"featured_media":371,"parent":3262,"menu_order":3,"comment_status":"closed","ping_status":"closed","template":"page-application.php","meta":{"_acf_changed":false,"footnotes":""},"class_list":["post-3353","page","type-page","status-publish","has-post-thumbnail","hentry"],"acf":[],"yoast_head":"<!-- This site is optimized with the Yoast SEO plugin v27.3 - https:\/\/yoast.com\/product\/yoast-seo-wordpress\/ -->\n<title>Salas de pacientes y quir\u00f3fanos &#8226; Herculan<\/title>\n<meta name=\"robots\" content=\"index, follow, max-snippet:-1, max-image-preview:large, max-video-preview:-1\" \/>\n<link rel=\"canonical\" href=\"https:\/\/herculan.com\/es\/utilidad\/aplicaciones\/entorno-laboral-y-domestico\/centros-sanitarios\/salas-de-pacientes-y-quirofanos\/\" \/>\n<script type=\"application\/ld+json\" class=\"yoast-schema-graph\">{\"@context\":\"https:\\\/\\\/schema.org\",\"@graph\":[{\"@type\":\"WebPage\",\"@id\":\"https:\\\/\\\/herculan.com\\\/es\\\/utilidad\\\/aplicaciones\\\/entorno-laboral-y-domestico\\\/centros-sanitarios\\\/salas-de-pacientes-y-quirofanos\\\/\",\"url\":\"https:\\\/\\\/herculan.com\\\/es\\\/utilidad\\\/aplicaciones\\\/entorno-laboral-y-domestico\\\/centros-sanitarios\\\/salas-de-pacientes-y-quirofanos\\\/\",\"name\":\"Salas de pacientes y quir\u00f3fanos &#8226; Herculan\",\"isPartOf\":{\"@id\":\"https:\\\/\\\/herculan.com\\\/es\\\/#website\"},\"primaryImageOfPage\":{\"@id\":\"https:\\\/\\\/herculan.com\\\/es\\\/utilidad\\\/aplicaciones\\\/entorno-laboral-y-domestico\\\/centros-sanitarios\\\/salas-de-pacientes-y-quirofanos\\\/#primaryimage\"},\"image\":{\"@id\":\"https:\\\/\\\/herculan.com\\\/es\\\/utilidad\\\/aplicaciones\\\/entorno-laboral-y-domestico\\\/centros-sanitarios\\\/salas-de-pacientes-y-quirofanos\\\/#primaryimage\"},\"thumbnailUrl\":\"https:\\\/\\\/herculan.com\\\/wp-content\\\/uploads\\\/2020\\\/09\\\/patientenkamer-gezondheidszorg-utillity-hoofdfoto.jpg\",\"datePublished\":\"2020-10-13T10:31:25+00:00\",\"dateModified\":\"2020-10-27T07:49:41+00:00\",\"breadcrumb\":{\"@id\":\"https:\\\/\\\/herculan.com\\\/es\\\/utilidad\\\/aplicaciones\\\/entorno-laboral-y-domestico\\\/centros-sanitarios\\\/salas-de-pacientes-y-quirofanos\\\/#breadcrumb\"},\"inLanguage\":\"es\",\"potentialAction\":[{\"@type\":\"ReadAction\",\"target\":[\"https:\\\/\\\/herculan.com\\\/es\\\/utilidad\\\/aplicaciones\\\/entorno-laboral-y-domestico\\\/centros-sanitarios\\\/salas-de-pacientes-y-quirofanos\\\/\"]}]},{\"@type\":\"ImageObject\",\"inLanguage\":\"es\",\"@id\":\"https:\\\/\\\/herculan.com\\\/es\\\/utilidad\\\/aplicaciones\\\/entorno-laboral-y-domestico\\\/centros-sanitarios\\\/salas-de-pacientes-y-quirofanos\\\/#primaryimage\",\"url\":\"https:\\\/\\\/herculan.com\\\/wp-content\\\/uploads\\\/2020\\\/09\\\/patientenkamer-gezondheidszorg-utillity-hoofdfoto.jpg\",\"contentUrl\":\"https:\\\/\\\/herculan.com\\\/wp-content\\\/uploads\\\/2020\\\/09\\\/patientenkamer-gezondheidszorg-utillity-hoofdfoto.jpg\",\"width\":1200,\"height\":537},{\"@type\":\"BreadcrumbList\",\"@id\":\"https:\\\/\\\/herculan.com\\\/es\\\/utilidad\\\/aplicaciones\\\/entorno-laboral-y-domestico\\\/centros-sanitarios\\\/salas-de-pacientes-y-quirofanos\\\/#breadcrumb\",\"itemListElement\":[{\"@type\":\"ListItem\",\"position\":1,\"name\":\"Home\",\"item\":\"https:\\\/\\\/herculan.com\\\/es\\\/\"},{\"@type\":\"ListItem\",\"position\":2,\"name\":\"Utilidad\",\"item\":\"https:\\\/\\\/herculan.com\\\/es\\\/utilidad\\\/\"},{\"@type\":\"ListItem\",\"position\":3,\"name\":\"Aplicaciones\",\"item\":\"https:\\\/\\\/herculan.com\\\/es\\\/utilidad\\\/aplicaciones\\\/\"},{\"@type\":\"ListItem\",\"position\":4,\"name\":\"Entorno laboral y dom\u00e9stico\",\"item\":\"https:\\\/\\\/herculan.com\\\/es\\\/utilidad\\\/aplicaciones\\\/entorno-laboral-y-domestico\\\/\"},{\"@type\":\"ListItem\",\"position\":5,\"name\":\"Centros sanitarios\",\"item\":\"https:\\\/\\\/herculan.com\\\/es\\\/utilidad\\\/aplicaciones\\\/entorno-laboral-y-domestico\\\/centros-sanitarios\\\/\"},{\"@type\":\"ListItem\",\"position\":6,\"name\":\"Salas de pacientes y quir\u00f3fanos\"}]},{\"@type\":\"WebSite\",\"@id\":\"https:\\\/\\\/herculan.com\\\/es\\\/#website\",\"url\":\"https:\\\/\\\/herculan.com\\\/es\\\/\",\"name\":\"Herculan\",\"description\":\"We&#039;ve got it covered\",\"potentialAction\":[{\"@type\":\"SearchAction\",\"target\":{\"@type\":\"EntryPoint\",\"urlTemplate\":\"https:\\\/\\\/herculan.com\\\/es\\\/?s={search_term_string}\"},\"query-input\":{\"@type\":\"PropertyValueSpecification\",\"valueRequired\":true,\"valueName\":\"search_term_string\"}}],\"inLanguage\":\"es\"}]}<\/script>\n<!-- \/ Yoast SEO plugin. -->","yoast_head_json":{"title":"Salas de pacientes y quir\u00f3fanos &#8226; Herculan","robots":{"index":"index","follow":"follow","max-snippet":"max-snippet:-1","max-image-preview":"max-image-preview:large","max-video-preview":"max-video-preview:-1"},"canonical":"https:\/\/herculan.com\/es\/utilidad\/aplicaciones\/entorno-laboral-y-domestico\/centros-sanitarios\/salas-de-pacientes-y-quirofanos\/","schema":{"@context":"https:\/\/schema.org","@graph":[{"@type":"WebPage","@id":"https:\/\/herculan.com\/es\/utilidad\/aplicaciones\/entorno-laboral-y-domestico\/centros-sanitarios\/salas-de-pacientes-y-quirofanos\/","url":"https:\/\/herculan.com\/es\/utilidad\/aplicaciones\/entorno-laboral-y-domestico\/centros-sanitarios\/salas-de-pacientes-y-quirofanos\/","name":"Salas de pacientes y quir\u00f3fanos &#8226; Herculan","isPartOf":{"@id":"https:\/\/herculan.com\/es\/#website"},"primaryImageOfPage":{"@id":"https:\/\/herculan.com\/es\/utilidad\/aplicaciones\/entorno-laboral-y-domestico\/centros-sanitarios\/salas-de-pacientes-y-quirofanos\/#primaryimage"},"image":{"@id":"https:\/\/herculan.com\/es\/utilidad\/aplicaciones\/entorno-laboral-y-domestico\/centros-sanitarios\/salas-de-pacientes-y-quirofanos\/#primaryimage"},"thumbnailUrl":"https:\/\/herculan.com\/wp-content\/uploads\/2020\/09\/patientenkamer-gezondheidszorg-utillity-hoofdfoto.jpg","datePublished":"2020-10-13T10:31:25+00:00","dateModified":"2020-10-27T07:49:41+00:00","breadcrumb":{"@id":"https:\/\/herculan.com\/es\/utilidad\/aplicaciones\/entorno-laboral-y-domestico\/centros-sanitarios\/salas-de-pacientes-y-quirofanos\/#breadcrumb"},"inLanguage":"es","potentialAction":[{"@type":"ReadAction","target":["https:\/\/herculan.com\/es\/utilidad\/aplicaciones\/entorno-laboral-y-domestico\/centros-sanitarios\/salas-de-pacientes-y-quirofanos\/"]}]},{"@type":"ImageObject","inLanguage":"es","@id":"https:\/\/herculan.com\/es\/utilidad\/aplicaciones\/entorno-laboral-y-domestico\/centros-sanitarios\/salas-de-pacientes-y-quirofanos\/#primaryimage","url":"https:\/\/herculan.com\/wp-content\/uploads\/2020\/09\/patientenkamer-gezondheidszorg-utillity-hoofdfoto.jpg","contentUrl":"https:\/\/herculan.com\/wp-content\/uploads\/2020\/09\/patientenkamer-gezondheidszorg-utillity-hoofdfoto.jpg","width":1200,"height":537},{"@type":"BreadcrumbList","@id":"https:\/\/herculan.com\/es\/utilidad\/aplicaciones\/entorno-laboral-y-domestico\/centros-sanitarios\/salas-de-pacientes-y-quirofanos\/#breadcrumb","itemListElement":[{"@type":"ListItem","position":1,"name":"Home","item":"https:\/\/herculan.com\/es\/"},{"@type":"ListItem","position":2,"name":"Utilidad","item":"https:\/\/herculan.com\/es\/utilidad\/"},{"@type":"ListItem","position":3,"name":"Aplicaciones","item":"https:\/\/herculan.com\/es\/utilidad\/aplicaciones\/"},{"@type":"ListItem","position":4,"name":"Entorno laboral y dom\u00e9stico","item":"https:\/\/herculan.com\/es\/utilidad\/aplicaciones\/entorno-laboral-y-domestico\/"},{"@type":"ListItem","position":5,"name":"Centros sanitarios","item":"https:\/\/herculan.com\/es\/utilidad\/aplicaciones\/entorno-laboral-y-domestico\/centros-sanitarios\/"},{"@type":"ListItem","position":6,"name":"Salas de pacientes y quir\u00f3fanos"}]},{"@type":"WebSite","@id":"https:\/\/herculan.com\/es\/#website","url":"https:\/\/herculan.com\/es\/","name":"Herculan","description":"We&#039;ve got it covered","potentialAction":[{"@type":"SearchAction","target":{"@type":"EntryPoint","urlTemplate":"https:\/\/herculan.com\/es\/?s={search_term_string}"},"query-input":{"@type":"PropertyValueSpecification","valueRequired":true,"valueName":"search_term_string"}}],"inLanguage":"es"}]}},"_links":{"self":[{"href":"https:\/\/herculan.com\/es\/wp-json\/wp\/v2\/pages\/3353","targetHints":{"allow":["GET"]}}],"collection":[{"href":"https:\/\/herculan.com\/es\/wp-json\/wp\/v2\/pages"}],"about":[{"href":"https:\/\/herculan.com\/es\/wp-json\/wp\/v2\/types\/page"}],"author":[{"embeddable":true,"href":"https:\/\/herculan.com\/es\/wp-json\/wp\/v2\/users\/1"}],"replies":[{"embeddable":true,"href":"https:\/\/herculan.com\/es\/wp-json\/wp\/v2\/comments?post=3353"}],"version-history":[{"count":2,"href":"https:\/\/herculan.com\/es\/wp-json\/wp\/v2\/pages\/3353\/revisions"}],"predecessor-version":[{"id":3365,"href":"https:\/\/herculan.com\/es\/wp-json\/wp\/v2\/pages\/3353\/revisions\/3365"}],"up":[{"embeddable":true,"href":"https:\/\/herculan.com\/es\/wp-json\/wp\/v2\/pages\/3262"}],"wp:featuredmedia":[{"embeddable":true,"href":"https:\/\/herculan.com\/es\/wp-json\/wp\/v2\/media\/371"}],"wp:attachment":[{"href":"https:\/\/herculan.com\/es\/wp-json\/wp\/v2\/media?parent=3353"}],"curies":[{"name":"wp","href":"https:\/\/api.w.org\/{rel}","templated":true}]}}