{"id":3359,"date":"2020-10-13T10:36:10","date_gmt":"2020-10-13T10:36:10","guid":{"rendered":"https:\/\/herculan.com\/utilidad\/aplicaciones\/entorno-laboral-y-domestico\/centros-sanitarios\/sanitaire-ruimtes-gezondheidszorg\/"},"modified":"2020-10-27T07:54:37","modified_gmt":"2020-10-27T07:54:37","slug":"sanitarios-centros-sanitarios","status":"publish","type":"page","link":"https:\/\/herculan.com\/es\/utilidad\/aplicaciones\/entorno-laboral-y-domestico\/centros-sanitarios\/sanitarios-centros-sanitarios\/","title":{"rendered":"Sanitarios"},"content":{"rendered":"\n<p>La higiene es muy importante, y una elecci\u00f3n muy l\u00f3gica para estos espacios es un suelo sin juntas. Tampoco debemos olvidar la seguridad de este tipo de aplicaci\u00f3n, por lo que se puede optar por un acabado ligeramente rugoso. Como la est\u00e9tica tambi\u00e9n es muy importante, un acabado decorativo es lo m\u00e1s acertado.<\/p>\n","protected":false},"excerpt":{"rendered":"<p>La higiene es muy importante, y una elecci\u00f3n muy l\u00f3gica para estos espacios es un suelo sin juntas. Tampoco debemos olvidar la seguridad de este tipo de aplicaci\u00f3n, por lo que se puede optar por un acabado ligeramente rugoso. Como la est\u00e9tica tambi\u00e9n es muy importante, un acabado decorativo es lo m\u00e1s acertado.<\/p>\n","protected":false},"author":1,"featured_media":435,"parent":3262,"menu_order":6,"comment_status":"closed","ping_status":"closed","template":"page-application.php","meta":{"_acf_changed":false,"footnotes":""},"class_list":["post-3359","page","type-page","status-publish","has-post-thumbnail","hentry"],"acf":[],"yoast_head":"<!-- This site is optimized with the Yoast SEO plugin v27.3 - https:\/\/yoast.com\/product\/yoast-seo-wordpress\/ -->\n<title>Sanitarios &#8226; Herculan<\/title>\n<meta name=\"robots\" content=\"index, follow, max-snippet:-1, max-image-preview:large, max-video-preview:-1\" \/>\n<link rel=\"canonical\" href=\"https:\/\/herculan.com\/es\/utilidad\/aplicaciones\/entorno-laboral-y-domestico\/centros-sanitarios\/sanitarios-centros-sanitarios\/\" \/>\n<script type=\"application\/ld+json\" class=\"yoast-schema-graph\">{\"@context\":\"https:\\\/\\\/schema.org\",\"@graph\":[{\"@type\":\"WebPage\",\"@id\":\"https:\\\/\\\/herculan.com\\\/es\\\/utilidad\\\/aplicaciones\\\/entorno-laboral-y-domestico\\\/centros-sanitarios\\\/sanitarios-centros-sanitarios\\\/\",\"url\":\"https:\\\/\\\/herculan.com\\\/es\\\/utilidad\\\/aplicaciones\\\/entorno-laboral-y-domestico\\\/centros-sanitarios\\\/sanitarios-centros-sanitarios\\\/\",\"name\":\"Sanitarios &#8226; Herculan\",\"isPartOf\":{\"@id\":\"https:\\\/\\\/herculan.com\\\/es\\\/#website\"},\"primaryImageOfPage\":{\"@id\":\"https:\\\/\\\/herculan.com\\\/es\\\/utilidad\\\/aplicaciones\\\/entorno-laboral-y-domestico\\\/centros-sanitarios\\\/sanitarios-centros-sanitarios\\\/#primaryimage\"},\"image\":{\"@id\":\"https:\\\/\\\/herculan.com\\\/es\\\/utilidad\\\/aplicaciones\\\/entorno-laboral-y-domestico\\\/centros-sanitarios\\\/sanitarios-centros-sanitarios\\\/#primaryimage\"},\"thumbnailUrl\":\"https:\\\/\\\/herculan.com\\\/wp-content\\\/uploads\\\/2020\\\/09\\\/Sanitair-blauw-2.jpg\",\"datePublished\":\"2020-10-13T10:36:10+00:00\",\"dateModified\":\"2020-10-27T07:54:37+00:00\",\"breadcrumb\":{\"@id\":\"https:\\\/\\\/herculan.com\\\/es\\\/utilidad\\\/aplicaciones\\\/entorno-laboral-y-domestico\\\/centros-sanitarios\\\/sanitarios-centros-sanitarios\\\/#breadcrumb\"},\"inLanguage\":\"es\",\"potentialAction\":[{\"@type\":\"ReadAction\",\"target\":[\"https:\\\/\\\/herculan.com\\\/es\\\/utilidad\\\/aplicaciones\\\/entorno-laboral-y-domestico\\\/centros-sanitarios\\\/sanitarios-centros-sanitarios\\\/\"]}]},{\"@type\":\"ImageObject\",\"inLanguage\":\"es\",\"@id\":\"https:\\\/\\\/herculan.com\\\/es\\\/utilidad\\\/aplicaciones\\\/entorno-laboral-y-domestico\\\/centros-sanitarios\\\/sanitarios-centros-sanitarios\\\/#primaryimage\",\"url\":\"https:\\\/\\\/herculan.com\\\/wp-content\\\/uploads\\\/2020\\\/09\\\/Sanitair-blauw-2.jpg\",\"contentUrl\":\"https:\\\/\\\/herculan.com\\\/wp-content\\\/uploads\\\/2020\\\/09\\\/Sanitair-blauw-2.jpg\",\"width\":1200,\"height\":537},{\"@type\":\"BreadcrumbList\",\"@id\":\"https:\\\/\\\/herculan.com\\\/es\\\/utilidad\\\/aplicaciones\\\/entorno-laboral-y-domestico\\\/centros-sanitarios\\\/sanitarios-centros-sanitarios\\\/#breadcrumb\",\"itemListElement\":[{\"@type\":\"ListItem\",\"position\":1,\"name\":\"Home\",\"item\":\"https:\\\/\\\/herculan.com\\\/es\\\/\"},{\"@type\":\"ListItem\",\"position\":2,\"name\":\"Utilidad\",\"item\":\"https:\\\/\\\/herculan.com\\\/es\\\/utilidad\\\/\"},{\"@type\":\"ListItem\",\"position\":3,\"name\":\"Aplicaciones\",\"item\":\"https:\\\/\\\/herculan.com\\\/es\\\/utilidad\\\/aplicaciones\\\/\"},{\"@type\":\"ListItem\",\"position\":4,\"name\":\"Entorno laboral y dom\u00e9stico\",\"item\":\"https:\\\/\\\/herculan.com\\\/es\\\/utilidad\\\/aplicaciones\\\/entorno-laboral-y-domestico\\\/\"},{\"@type\":\"ListItem\",\"position\":5,\"name\":\"Centros sanitarios\",\"item\":\"https:\\\/\\\/herculan.com\\\/es\\\/utilidad\\\/aplicaciones\\\/entorno-laboral-y-domestico\\\/centros-sanitarios\\\/\"},{\"@type\":\"ListItem\",\"position\":6,\"name\":\"Sanitarios\"}]},{\"@type\":\"WebSite\",\"@id\":\"https:\\\/\\\/herculan.com\\\/es\\\/#website\",\"url\":\"https:\\\/\\\/herculan.com\\\/es\\\/\",\"name\":\"Herculan\",\"description\":\"We&#039;ve got it covered\",\"potentialAction\":[{\"@type\":\"SearchAction\",\"target\":{\"@type\":\"EntryPoint\",\"urlTemplate\":\"https:\\\/\\\/herculan.com\\\/es\\\/?s={search_term_string}\"},\"query-input\":{\"@type\":\"PropertyValueSpecification\",\"valueRequired\":true,\"valueName\":\"search_term_string\"}}],\"inLanguage\":\"es\"}]}<\/script>\n<!-- \/ Yoast SEO plugin. -->","yoast_head_json":{"title":"Sanitarios &#8226; Herculan","robots":{"index":"index","follow":"follow","max-snippet":"max-snippet:-1","max-image-preview":"max-image-preview:large","max-video-preview":"max-video-preview:-1"},"canonical":"https:\/\/herculan.com\/es\/utilidad\/aplicaciones\/entorno-laboral-y-domestico\/centros-sanitarios\/sanitarios-centros-sanitarios\/","schema":{"@context":"https:\/\/schema.org","@graph":[{"@type":"WebPage","@id":"https:\/\/herculan.com\/es\/utilidad\/aplicaciones\/entorno-laboral-y-domestico\/centros-sanitarios\/sanitarios-centros-sanitarios\/","url":"https:\/\/herculan.com\/es\/utilidad\/aplicaciones\/entorno-laboral-y-domestico\/centros-sanitarios\/sanitarios-centros-sanitarios\/","name":"Sanitarios &#8226; Herculan","isPartOf":{"@id":"https:\/\/herculan.com\/es\/#website"},"primaryImageOfPage":{"@id":"https:\/\/herculan.com\/es\/utilidad\/aplicaciones\/entorno-laboral-y-domestico\/centros-sanitarios\/sanitarios-centros-sanitarios\/#primaryimage"},"image":{"@id":"https:\/\/herculan.com\/es\/utilidad\/aplicaciones\/entorno-laboral-y-domestico\/centros-sanitarios\/sanitarios-centros-sanitarios\/#primaryimage"},"thumbnailUrl":"https:\/\/herculan.com\/wp-content\/uploads\/2020\/09\/Sanitair-blauw-2.jpg","datePublished":"2020-10-13T10:36:10+00:00","dateModified":"2020-10-27T07:54:37+00:00","breadcrumb":{"@id":"https:\/\/herculan.com\/es\/utilidad\/aplicaciones\/entorno-laboral-y-domestico\/centros-sanitarios\/sanitarios-centros-sanitarios\/#breadcrumb"},"inLanguage":"es","potentialAction":[{"@type":"ReadAction","target":["https:\/\/herculan.com\/es\/utilidad\/aplicaciones\/entorno-laboral-y-domestico\/centros-sanitarios\/sanitarios-centros-sanitarios\/"]}]},{"@type":"ImageObject","inLanguage":"es","@id":"https:\/\/herculan.com\/es\/utilidad\/aplicaciones\/entorno-laboral-y-domestico\/centros-sanitarios\/sanitarios-centros-sanitarios\/#primaryimage","url":"https:\/\/herculan.com\/wp-content\/uploads\/2020\/09\/Sanitair-blauw-2.jpg","contentUrl":"https:\/\/herculan.com\/wp-content\/uploads\/2020\/09\/Sanitair-blauw-2.jpg","width":1200,"height":537},{"@type":"BreadcrumbList","@id":"https:\/\/herculan.com\/es\/utilidad\/aplicaciones\/entorno-laboral-y-domestico\/centros-sanitarios\/sanitarios-centros-sanitarios\/#breadcrumb","itemListElement":[{"@type":"ListItem","position":1,"name":"Home","item":"https:\/\/herculan.com\/es\/"},{"@type":"ListItem","position":2,"name":"Utilidad","item":"https:\/\/herculan.com\/es\/utilidad\/"},{"@type":"ListItem","position":3,"name":"Aplicaciones","item":"https:\/\/herculan.com\/es\/utilidad\/aplicaciones\/"},{"@type":"ListItem","position":4,"name":"Entorno laboral y dom\u00e9stico","item":"https:\/\/herculan.com\/es\/utilidad\/aplicaciones\/entorno-laboral-y-domestico\/"},{"@type":"ListItem","position":5,"name":"Centros sanitarios","item":"https:\/\/herculan.com\/es\/utilidad\/aplicaciones\/entorno-laboral-y-domestico\/centros-sanitarios\/"},{"@type":"ListItem","position":6,"name":"Sanitarios"}]},{"@type":"WebSite","@id":"https:\/\/herculan.com\/es\/#website","url":"https:\/\/herculan.com\/es\/","name":"Herculan","description":"We&#039;ve got it covered","potentialAction":[{"@type":"SearchAction","target":{"@type":"EntryPoint","urlTemplate":"https:\/\/herculan.com\/es\/?s={search_term_string}"},"query-input":{"@type":"PropertyValueSpecification","valueRequired":true,"valueName":"search_term_string"}}],"inLanguage":"es"}]}},"_links":{"self":[{"href":"https:\/\/herculan.com\/es\/wp-json\/wp\/v2\/pages\/3359","targetHints":{"allow":["GET"]}}],"collection":[{"href":"https:\/\/herculan.com\/es\/wp-json\/wp\/v2\/pages"}],"about":[{"href":"https:\/\/herculan.com\/es\/wp-json\/wp\/v2\/types\/page"}],"author":[{"embeddable":true,"href":"https:\/\/herculan.com\/es\/wp-json\/wp\/v2\/users\/1"}],"replies":[{"embeddable":true,"href":"https:\/\/herculan.com\/es\/wp-json\/wp\/v2\/comments?post=3359"}],"version-history":[{"count":2,"href":"https:\/\/herculan.com\/es\/wp-json\/wp\/v2\/pages\/3359\/revisions"}],"predecessor-version":[{"id":3372,"href":"https:\/\/herculan.com\/es\/wp-json\/wp\/v2\/pages\/3359\/revisions\/3372"}],"up":[{"embeddable":true,"href":"https:\/\/herculan.com\/es\/wp-json\/wp\/v2\/pages\/3262"}],"wp:featuredmedia":[{"embeddable":true,"href":"https:\/\/herculan.com\/es\/wp-json\/wp\/v2\/media\/435"}],"wp:attachment":[{"href":"https:\/\/herculan.com\/es\/wp-json\/wp\/v2\/media?parent=3359"}],"curies":[{"name":"wp","href":"https:\/\/api.w.org\/{rel}","templated":true}]}}