{"id":3386,"date":"2020-10-13T10:41:52","date_gmt":"2020-10-13T10:41:52","guid":{"rendered":"https:\/\/herculan.com\/utilidad\/aplicaciones\/entorno-laboral-y-domestico\/suelos-de-edificios-publicos\/entree-receptie-openbare-gebouwen\/"},"modified":"2020-10-27T08:06:18","modified_gmt":"2020-10-27T08:06:18","slug":"entrada-y-recepcion-suelos-de-edificios-publicos","status":"publish","type":"page","link":"https:\/\/herculan.com\/es\/utilidad\/aplicaciones\/entorno-laboral-y-domestico\/suelos-de-edificios-publicos\/entrada-y-recepcion-suelos-de-edificios-publicos\/","title":{"rendered":"Entrada y recepci\u00f3n"},"content":{"rendered":"\n<p>Tanto la entrada como la recepci\u00f3n marcan la primera impresi\u00f3n de un edificio comercial o p\u00fablico. Por ello, es importante tener en cuenta las propiedades est\u00e9ticas del acabado de un suelo. Seg\u00fan la naturaleza del edificio, el acabado del suelo puede ayudar a crear un ambiente agradable y relajado, as\u00ed como una imagen elegante y cuidada del espacio. El suelo debe ser duradero y resistente a las continuas pisadas. Una limpieza sencilla es un factor preferente.<\/p>\n","protected":false},"excerpt":{"rendered":"<p>Tanto la entrada como la recepci\u00f3n marcan la primera impresi\u00f3n de un edificio comercial o p\u00fablico. Por ello, es importante tener en cuenta las propiedades est\u00e9ticas del acabado de un suelo. Seg\u00fan la naturaleza del edificio, el acabado del suelo puede ayudar a crear un ambiente agradable y relajado, as\u00ed como una imagen elegante y [&hellip;]<\/p>\n","protected":false},"author":1,"featured_media":275,"parent":3264,"menu_order":1,"comment_status":"closed","ping_status":"closed","template":"page-application.php","meta":{"_acf_changed":false,"footnotes":""},"class_list":["post-3386","page","type-page","status-publish","has-post-thumbnail","hentry"],"acf":[],"yoast_head":"<!-- This site is optimized with the Yoast SEO plugin v27.3 - https:\/\/yoast.com\/product\/yoast-seo-wordpress\/ -->\n<title>Entrada y recepci\u00f3n &#8226; Herculan<\/title>\n<meta name=\"robots\" content=\"index, follow, max-snippet:-1, max-image-preview:large, max-video-preview:-1\" \/>\n<link rel=\"canonical\" href=\"https:\/\/herculan.com\/es\/utilidad\/aplicaciones\/entorno-laboral-y-domestico\/suelos-de-edificios-publicos\/entrada-y-recepcion-suelos-de-edificios-publicos\/\" \/>\n<script type=\"application\/ld+json\" class=\"yoast-schema-graph\">{\"@context\":\"https:\\\/\\\/schema.org\",\"@graph\":[{\"@type\":\"WebPage\",\"@id\":\"https:\\\/\\\/herculan.com\\\/es\\\/utilidad\\\/aplicaciones\\\/entorno-laboral-y-domestico\\\/suelos-de-edificios-publicos\\\/entrada-y-recepcion-suelos-de-edificios-publicos\\\/\",\"url\":\"https:\\\/\\\/herculan.com\\\/es\\\/utilidad\\\/aplicaciones\\\/entorno-laboral-y-domestico\\\/suelos-de-edificios-publicos\\\/entrada-y-recepcion-suelos-de-edificios-publicos\\\/\",\"name\":\"Entrada y recepci\u00f3n &#8226; Herculan\",\"isPartOf\":{\"@id\":\"https:\\\/\\\/herculan.com\\\/es\\\/#website\"},\"primaryImageOfPage\":{\"@id\":\"https:\\\/\\\/herculan.com\\\/es\\\/utilidad\\\/aplicaciones\\\/entorno-laboral-y-domestico\\\/suelos-de-edificios-publicos\\\/entrada-y-recepcion-suelos-de-edificios-publicos\\\/#primaryimage\"},\"image\":{\"@id\":\"https:\\\/\\\/herculan.com\\\/es\\\/utilidad\\\/aplicaciones\\\/entorno-laboral-y-domestico\\\/suelos-de-edificios-publicos\\\/entrada-y-recepcion-suelos-de-edificios-publicos\\\/#primaryimage\"},\"thumbnailUrl\":\"https:\\\/\\\/herculan.com\\\/wp-content\\\/uploads\\\/2020\\\/09\\\/kantoor-openbaar-utillity-hoofdfoto.jpg\",\"datePublished\":\"2020-10-13T10:41:52+00:00\",\"dateModified\":\"2020-10-27T08:06:18+00:00\",\"breadcrumb\":{\"@id\":\"https:\\\/\\\/herculan.com\\\/es\\\/utilidad\\\/aplicaciones\\\/entorno-laboral-y-domestico\\\/suelos-de-edificios-publicos\\\/entrada-y-recepcion-suelos-de-edificios-publicos\\\/#breadcrumb\"},\"inLanguage\":\"es\",\"potentialAction\":[{\"@type\":\"ReadAction\",\"target\":[\"https:\\\/\\\/herculan.com\\\/es\\\/utilidad\\\/aplicaciones\\\/entorno-laboral-y-domestico\\\/suelos-de-edificios-publicos\\\/entrada-y-recepcion-suelos-de-edificios-publicos\\\/\"]}]},{\"@type\":\"ImageObject\",\"inLanguage\":\"es\",\"@id\":\"https:\\\/\\\/herculan.com\\\/es\\\/utilidad\\\/aplicaciones\\\/entorno-laboral-y-domestico\\\/suelos-de-edificios-publicos\\\/entrada-y-recepcion-suelos-de-edificios-publicos\\\/#primaryimage\",\"url\":\"https:\\\/\\\/herculan.com\\\/wp-content\\\/uploads\\\/2020\\\/09\\\/kantoor-openbaar-utillity-hoofdfoto.jpg\",\"contentUrl\":\"https:\\\/\\\/herculan.com\\\/wp-content\\\/uploads\\\/2020\\\/09\\\/kantoor-openbaar-utillity-hoofdfoto.jpg\",\"width\":1200,\"height\":537},{\"@type\":\"BreadcrumbList\",\"@id\":\"https:\\\/\\\/herculan.com\\\/es\\\/utilidad\\\/aplicaciones\\\/entorno-laboral-y-domestico\\\/suelos-de-edificios-publicos\\\/entrada-y-recepcion-suelos-de-edificios-publicos\\\/#breadcrumb\",\"itemListElement\":[{\"@type\":\"ListItem\",\"position\":1,\"name\":\"Home\",\"item\":\"https:\\\/\\\/herculan.com\\\/es\\\/\"},{\"@type\":\"ListItem\",\"position\":2,\"name\":\"Utilidad\",\"item\":\"https:\\\/\\\/herculan.com\\\/es\\\/utilidad\\\/\"},{\"@type\":\"ListItem\",\"position\":3,\"name\":\"Aplicaciones\",\"item\":\"https:\\\/\\\/herculan.com\\\/es\\\/utilidad\\\/aplicaciones\\\/\"},{\"@type\":\"ListItem\",\"position\":4,\"name\":\"Entorno laboral y dom\u00e9stico\",\"item\":\"https:\\\/\\\/herculan.com\\\/es\\\/utilidad\\\/aplicaciones\\\/entorno-laboral-y-domestico\\\/\"},{\"@type\":\"ListItem\",\"position\":5,\"name\":\"Suelos de edificios p\u00fablicos\",\"item\":\"https:\\\/\\\/herculan.com\\\/es\\\/utilidad\\\/aplicaciones\\\/entorno-laboral-y-domestico\\\/suelos-de-edificios-publicos\\\/\"},{\"@type\":\"ListItem\",\"position\":6,\"name\":\"Entrada y recepci\u00f3n\"}]},{\"@type\":\"WebSite\",\"@id\":\"https:\\\/\\\/herculan.com\\\/es\\\/#website\",\"url\":\"https:\\\/\\\/herculan.com\\\/es\\\/\",\"name\":\"Herculan\",\"description\":\"We&#039;ve got it covered\",\"potentialAction\":[{\"@type\":\"SearchAction\",\"target\":{\"@type\":\"EntryPoint\",\"urlTemplate\":\"https:\\\/\\\/herculan.com\\\/es\\\/?s={search_term_string}\"},\"query-input\":{\"@type\":\"PropertyValueSpecification\",\"valueRequired\":true,\"valueName\":\"search_term_string\"}}],\"inLanguage\":\"es\"}]}<\/script>\n<!-- \/ Yoast SEO plugin. -->","yoast_head_json":{"title":"Entrada y recepci\u00f3n &#8226; Herculan","robots":{"index":"index","follow":"follow","max-snippet":"max-snippet:-1","max-image-preview":"max-image-preview:large","max-video-preview":"max-video-preview:-1"},"canonical":"https:\/\/herculan.com\/es\/utilidad\/aplicaciones\/entorno-laboral-y-domestico\/suelos-de-edificios-publicos\/entrada-y-recepcion-suelos-de-edificios-publicos\/","schema":{"@context":"https:\/\/schema.org","@graph":[{"@type":"WebPage","@id":"https:\/\/herculan.com\/es\/utilidad\/aplicaciones\/entorno-laboral-y-domestico\/suelos-de-edificios-publicos\/entrada-y-recepcion-suelos-de-edificios-publicos\/","url":"https:\/\/herculan.com\/es\/utilidad\/aplicaciones\/entorno-laboral-y-domestico\/suelos-de-edificios-publicos\/entrada-y-recepcion-suelos-de-edificios-publicos\/","name":"Entrada y recepci\u00f3n &#8226; Herculan","isPartOf":{"@id":"https:\/\/herculan.com\/es\/#website"},"primaryImageOfPage":{"@id":"https:\/\/herculan.com\/es\/utilidad\/aplicaciones\/entorno-laboral-y-domestico\/suelos-de-edificios-publicos\/entrada-y-recepcion-suelos-de-edificios-publicos\/#primaryimage"},"image":{"@id":"https:\/\/herculan.com\/es\/utilidad\/aplicaciones\/entorno-laboral-y-domestico\/suelos-de-edificios-publicos\/entrada-y-recepcion-suelos-de-edificios-publicos\/#primaryimage"},"thumbnailUrl":"https:\/\/herculan.com\/wp-content\/uploads\/2020\/09\/kantoor-openbaar-utillity-hoofdfoto.jpg","datePublished":"2020-10-13T10:41:52+00:00","dateModified":"2020-10-27T08:06:18+00:00","breadcrumb":{"@id":"https:\/\/herculan.com\/es\/utilidad\/aplicaciones\/entorno-laboral-y-domestico\/suelos-de-edificios-publicos\/entrada-y-recepcion-suelos-de-edificios-publicos\/#breadcrumb"},"inLanguage":"es","potentialAction":[{"@type":"ReadAction","target":["https:\/\/herculan.com\/es\/utilidad\/aplicaciones\/entorno-laboral-y-domestico\/suelos-de-edificios-publicos\/entrada-y-recepcion-suelos-de-edificios-publicos\/"]}]},{"@type":"ImageObject","inLanguage":"es","@id":"https:\/\/herculan.com\/es\/utilidad\/aplicaciones\/entorno-laboral-y-domestico\/suelos-de-edificios-publicos\/entrada-y-recepcion-suelos-de-edificios-publicos\/#primaryimage","url":"https:\/\/herculan.com\/wp-content\/uploads\/2020\/09\/kantoor-openbaar-utillity-hoofdfoto.jpg","contentUrl":"https:\/\/herculan.com\/wp-content\/uploads\/2020\/09\/kantoor-openbaar-utillity-hoofdfoto.jpg","width":1200,"height":537},{"@type":"BreadcrumbList","@id":"https:\/\/herculan.com\/es\/utilidad\/aplicaciones\/entorno-laboral-y-domestico\/suelos-de-edificios-publicos\/entrada-y-recepcion-suelos-de-edificios-publicos\/#breadcrumb","itemListElement":[{"@type":"ListItem","position":1,"name":"Home","item":"https:\/\/herculan.com\/es\/"},{"@type":"ListItem","position":2,"name":"Utilidad","item":"https:\/\/herculan.com\/es\/utilidad\/"},{"@type":"ListItem","position":3,"name":"Aplicaciones","item":"https:\/\/herculan.com\/es\/utilidad\/aplicaciones\/"},{"@type":"ListItem","position":4,"name":"Entorno laboral y dom\u00e9stico","item":"https:\/\/herculan.com\/es\/utilidad\/aplicaciones\/entorno-laboral-y-domestico\/"},{"@type":"ListItem","position":5,"name":"Suelos de edificios p\u00fablicos","item":"https:\/\/herculan.com\/es\/utilidad\/aplicaciones\/entorno-laboral-y-domestico\/suelos-de-edificios-publicos\/"},{"@type":"ListItem","position":6,"name":"Entrada y recepci\u00f3n"}]},{"@type":"WebSite","@id":"https:\/\/herculan.com\/es\/#website","url":"https:\/\/herculan.com\/es\/","name":"Herculan","description":"We&#039;ve got it covered","potentialAction":[{"@type":"SearchAction","target":{"@type":"EntryPoint","urlTemplate":"https:\/\/herculan.com\/es\/?s={search_term_string}"},"query-input":{"@type":"PropertyValueSpecification","valueRequired":true,"valueName":"search_term_string"}}],"inLanguage":"es"}]}},"_links":{"self":[{"href":"https:\/\/herculan.com\/es\/wp-json\/wp\/v2\/pages\/3386","targetHints":{"allow":["GET"]}}],"collection":[{"href":"https:\/\/herculan.com\/es\/wp-json\/wp\/v2\/pages"}],"about":[{"href":"https:\/\/herculan.com\/es\/wp-json\/wp\/v2\/types\/page"}],"author":[{"embeddable":true,"href":"https:\/\/herculan.com\/es\/wp-json\/wp\/v2\/users\/1"}],"replies":[{"embeddable":true,"href":"https:\/\/herculan.com\/es\/wp-json\/wp\/v2\/comments?post=3386"}],"version-history":[{"count":2,"href":"https:\/\/herculan.com\/es\/wp-json\/wp\/v2\/pages\/3386\/revisions"}],"predecessor-version":[{"id":3398,"href":"https:\/\/herculan.com\/es\/wp-json\/wp\/v2\/pages\/3386\/revisions\/3398"}],"up":[{"embeddable":true,"href":"https:\/\/herculan.com\/es\/wp-json\/wp\/v2\/pages\/3264"}],"wp:featuredmedia":[{"embeddable":true,"href":"https:\/\/herculan.com\/es\/wp-json\/wp\/v2\/media\/275"}],"wp:attachment":[{"href":"https:\/\/herculan.com\/es\/wp-json\/wp\/v2\/media?parent=3386"}],"curies":[{"name":"wp","href":"https:\/\/api.w.org\/{rel}","templated":true}]}}