{"id":3395,"date":"2020-10-13T10:47:50","date_gmt":"2020-10-13T10:47:50","guid":{"rendered":"https:\/\/herculan.com\/utilidad\/aplicaciones\/entorno-laboral-y-domestico\/suelos-de-edificios-publicos\/magazijnen-dhz\/"},"modified":"2020-10-27T08:14:01","modified_gmt":"2020-10-27T08:14:01","slug":"almacenes-y-empresas-de-bricolaje","status":"publish","type":"page","link":"https:\/\/herculan.com\/es\/utilidad\/aplicaciones\/entorno-laboral-y-domestico\/suelos-de-edificios-publicos\/almacenes-y-empresas-de-bricolaje\/","title":{"rendered":"Almacenes y empresas de bricolaje"},"content":{"rendered":"\n<p>Este suelo es duro de pelar\u2026 Aunque caiga algo\u00a0pesado, no se altera ni queda huella. Para satisfacer los requisitos espec\u00edficos de almacenes y empresas de bricolaje, Herculan cre\u00f3 la soluci\u00f3n duradera que no se desgasta. Adem\u00e1s, soporta perfectamente\u00a0la continua carga de paso\u00a0y\u00a0el uso de carretillas de pallets, contenedores\u00a0y\u00a0carritos. Y si pensamos que el suelo no tiene juntas y es f\u00e1cil de limpiar, podemos decir que satisface\u00a0todos los deseos y requisitos.<\/p>\n","protected":false},"excerpt":{"rendered":"<p>Este suelo es duro de pelar\u2026 Aunque caiga algo\u00a0pesado, no se altera ni queda huella. Para satisfacer los requisitos espec\u00edficos de almacenes y empresas de bricolaje, Herculan cre\u00f3 la soluci\u00f3n duradera que no se desgasta. Adem\u00e1s, soporta perfectamente\u00a0la continua carga de paso\u00a0y\u00a0el uso de carretillas de pallets, contenedores\u00a0y\u00a0carritos. Y si pensamos que el suelo no [&hellip;]<\/p>\n","protected":false},"author":1,"featured_media":295,"parent":3264,"menu_order":5,"comment_status":"closed","ping_status":"closed","template":"page-application.php","meta":{"_acf_changed":false,"footnotes":""},"class_list":["post-3395","page","type-page","status-publish","has-post-thumbnail","hentry"],"acf":[],"yoast_head":"<!-- This site is optimized with the Yoast SEO plugin v27.3 - https:\/\/yoast.com\/product\/yoast-seo-wordpress\/ -->\n<title>Almacenes y empresas de bricolaje &#8226; Herculan<\/title>\n<meta name=\"robots\" content=\"index, follow, max-snippet:-1, max-image-preview:large, max-video-preview:-1\" \/>\n<link rel=\"canonical\" href=\"https:\/\/herculan.com\/es\/utilidad\/aplicaciones\/entorno-laboral-y-domestico\/suelos-de-edificios-publicos\/almacenes-y-empresas-de-bricolaje\/\" \/>\n<script type=\"application\/ld+json\" class=\"yoast-schema-graph\">{\"@context\":\"https:\\\/\\\/schema.org\",\"@graph\":[{\"@type\":\"WebPage\",\"@id\":\"https:\\\/\\\/herculan.com\\\/es\\\/utilidad\\\/aplicaciones\\\/entorno-laboral-y-domestico\\\/suelos-de-edificios-publicos\\\/almacenes-y-empresas-de-bricolaje\\\/\",\"url\":\"https:\\\/\\\/herculan.com\\\/es\\\/utilidad\\\/aplicaciones\\\/entorno-laboral-y-domestico\\\/suelos-de-edificios-publicos\\\/almacenes-y-empresas-de-bricolaje\\\/\",\"name\":\"Almacenes y empresas de bricolaje &#8226; Herculan\",\"isPartOf\":{\"@id\":\"https:\\\/\\\/herculan.com\\\/es\\\/#website\"},\"primaryImageOfPage\":{\"@id\":\"https:\\\/\\\/herculan.com\\\/es\\\/utilidad\\\/aplicaciones\\\/entorno-laboral-y-domestico\\\/suelos-de-edificios-publicos\\\/almacenes-y-empresas-de-bricolaje\\\/#primaryimage\"},\"image\":{\"@id\":\"https:\\\/\\\/herculan.com\\\/es\\\/utilidad\\\/aplicaciones\\\/entorno-laboral-y-domestico\\\/suelos-de-edificios-publicos\\\/almacenes-y-empresas-de-bricolaje\\\/#primaryimage\"},\"thumbnailUrl\":\"https:\\\/\\\/herculan.com\\\/wp-content\\\/uploads\\\/2020\\\/09\\\/magazijn-openbaar-utillity-hoofdfoto2.jpg\",\"datePublished\":\"2020-10-13T10:47:50+00:00\",\"dateModified\":\"2020-10-27T08:14:01+00:00\",\"breadcrumb\":{\"@id\":\"https:\\\/\\\/herculan.com\\\/es\\\/utilidad\\\/aplicaciones\\\/entorno-laboral-y-domestico\\\/suelos-de-edificios-publicos\\\/almacenes-y-empresas-de-bricolaje\\\/#breadcrumb\"},\"inLanguage\":\"es\",\"potentialAction\":[{\"@type\":\"ReadAction\",\"target\":[\"https:\\\/\\\/herculan.com\\\/es\\\/utilidad\\\/aplicaciones\\\/entorno-laboral-y-domestico\\\/suelos-de-edificios-publicos\\\/almacenes-y-empresas-de-bricolaje\\\/\"]}]},{\"@type\":\"ImageObject\",\"inLanguage\":\"es\",\"@id\":\"https:\\\/\\\/herculan.com\\\/es\\\/utilidad\\\/aplicaciones\\\/entorno-laboral-y-domestico\\\/suelos-de-edificios-publicos\\\/almacenes-y-empresas-de-bricolaje\\\/#primaryimage\",\"url\":\"https:\\\/\\\/herculan.com\\\/wp-content\\\/uploads\\\/2020\\\/09\\\/magazijn-openbaar-utillity-hoofdfoto2.jpg\",\"contentUrl\":\"https:\\\/\\\/herculan.com\\\/wp-content\\\/uploads\\\/2020\\\/09\\\/magazijn-openbaar-utillity-hoofdfoto2.jpg\",\"width\":1200,\"height\":537},{\"@type\":\"BreadcrumbList\",\"@id\":\"https:\\\/\\\/herculan.com\\\/es\\\/utilidad\\\/aplicaciones\\\/entorno-laboral-y-domestico\\\/suelos-de-edificios-publicos\\\/almacenes-y-empresas-de-bricolaje\\\/#breadcrumb\",\"itemListElement\":[{\"@type\":\"ListItem\",\"position\":1,\"name\":\"Home\",\"item\":\"https:\\\/\\\/herculan.com\\\/es\\\/\"},{\"@type\":\"ListItem\",\"position\":2,\"name\":\"Utilidad\",\"item\":\"https:\\\/\\\/herculan.com\\\/es\\\/utilidad\\\/\"},{\"@type\":\"ListItem\",\"position\":3,\"name\":\"Aplicaciones\",\"item\":\"https:\\\/\\\/herculan.com\\\/es\\\/utilidad\\\/aplicaciones\\\/\"},{\"@type\":\"ListItem\",\"position\":4,\"name\":\"Entorno laboral y dom\u00e9stico\",\"item\":\"https:\\\/\\\/herculan.com\\\/es\\\/utilidad\\\/aplicaciones\\\/entorno-laboral-y-domestico\\\/\"},{\"@type\":\"ListItem\",\"position\":5,\"name\":\"Suelos de edificios p\u00fablicos\",\"item\":\"https:\\\/\\\/herculan.com\\\/es\\\/utilidad\\\/aplicaciones\\\/entorno-laboral-y-domestico\\\/suelos-de-edificios-publicos\\\/\"},{\"@type\":\"ListItem\",\"position\":6,\"name\":\"Almacenes y empresas de bricolaje\"}]},{\"@type\":\"WebSite\",\"@id\":\"https:\\\/\\\/herculan.com\\\/es\\\/#website\",\"url\":\"https:\\\/\\\/herculan.com\\\/es\\\/\",\"name\":\"Herculan\",\"description\":\"We&#039;ve got it covered\",\"potentialAction\":[{\"@type\":\"SearchAction\",\"target\":{\"@type\":\"EntryPoint\",\"urlTemplate\":\"https:\\\/\\\/herculan.com\\\/es\\\/?s={search_term_string}\"},\"query-input\":{\"@type\":\"PropertyValueSpecification\",\"valueRequired\":true,\"valueName\":\"search_term_string\"}}],\"inLanguage\":\"es\"}]}<\/script>\n<!-- \/ Yoast SEO plugin. -->","yoast_head_json":{"title":"Almacenes y empresas de bricolaje &#8226; Herculan","robots":{"index":"index","follow":"follow","max-snippet":"max-snippet:-1","max-image-preview":"max-image-preview:large","max-video-preview":"max-video-preview:-1"},"canonical":"https:\/\/herculan.com\/es\/utilidad\/aplicaciones\/entorno-laboral-y-domestico\/suelos-de-edificios-publicos\/almacenes-y-empresas-de-bricolaje\/","schema":{"@context":"https:\/\/schema.org","@graph":[{"@type":"WebPage","@id":"https:\/\/herculan.com\/es\/utilidad\/aplicaciones\/entorno-laboral-y-domestico\/suelos-de-edificios-publicos\/almacenes-y-empresas-de-bricolaje\/","url":"https:\/\/herculan.com\/es\/utilidad\/aplicaciones\/entorno-laboral-y-domestico\/suelos-de-edificios-publicos\/almacenes-y-empresas-de-bricolaje\/","name":"Almacenes y empresas de bricolaje &#8226; Herculan","isPartOf":{"@id":"https:\/\/herculan.com\/es\/#website"},"primaryImageOfPage":{"@id":"https:\/\/herculan.com\/es\/utilidad\/aplicaciones\/entorno-laboral-y-domestico\/suelos-de-edificios-publicos\/almacenes-y-empresas-de-bricolaje\/#primaryimage"},"image":{"@id":"https:\/\/herculan.com\/es\/utilidad\/aplicaciones\/entorno-laboral-y-domestico\/suelos-de-edificios-publicos\/almacenes-y-empresas-de-bricolaje\/#primaryimage"},"thumbnailUrl":"https:\/\/herculan.com\/wp-content\/uploads\/2020\/09\/magazijn-openbaar-utillity-hoofdfoto2.jpg","datePublished":"2020-10-13T10:47:50+00:00","dateModified":"2020-10-27T08:14:01+00:00","breadcrumb":{"@id":"https:\/\/herculan.com\/es\/utilidad\/aplicaciones\/entorno-laboral-y-domestico\/suelos-de-edificios-publicos\/almacenes-y-empresas-de-bricolaje\/#breadcrumb"},"inLanguage":"es","potentialAction":[{"@type":"ReadAction","target":["https:\/\/herculan.com\/es\/utilidad\/aplicaciones\/entorno-laboral-y-domestico\/suelos-de-edificios-publicos\/almacenes-y-empresas-de-bricolaje\/"]}]},{"@type":"ImageObject","inLanguage":"es","@id":"https:\/\/herculan.com\/es\/utilidad\/aplicaciones\/entorno-laboral-y-domestico\/suelos-de-edificios-publicos\/almacenes-y-empresas-de-bricolaje\/#primaryimage","url":"https:\/\/herculan.com\/wp-content\/uploads\/2020\/09\/magazijn-openbaar-utillity-hoofdfoto2.jpg","contentUrl":"https:\/\/herculan.com\/wp-content\/uploads\/2020\/09\/magazijn-openbaar-utillity-hoofdfoto2.jpg","width":1200,"height":537},{"@type":"BreadcrumbList","@id":"https:\/\/herculan.com\/es\/utilidad\/aplicaciones\/entorno-laboral-y-domestico\/suelos-de-edificios-publicos\/almacenes-y-empresas-de-bricolaje\/#breadcrumb","itemListElement":[{"@type":"ListItem","position":1,"name":"Home","item":"https:\/\/herculan.com\/es\/"},{"@type":"ListItem","position":2,"name":"Utilidad","item":"https:\/\/herculan.com\/es\/utilidad\/"},{"@type":"ListItem","position":3,"name":"Aplicaciones","item":"https:\/\/herculan.com\/es\/utilidad\/aplicaciones\/"},{"@type":"ListItem","position":4,"name":"Entorno laboral y dom\u00e9stico","item":"https:\/\/herculan.com\/es\/utilidad\/aplicaciones\/entorno-laboral-y-domestico\/"},{"@type":"ListItem","position":5,"name":"Suelos de edificios p\u00fablicos","item":"https:\/\/herculan.com\/es\/utilidad\/aplicaciones\/entorno-laboral-y-domestico\/suelos-de-edificios-publicos\/"},{"@type":"ListItem","position":6,"name":"Almacenes y empresas de bricolaje"}]},{"@type":"WebSite","@id":"https:\/\/herculan.com\/es\/#website","url":"https:\/\/herculan.com\/es\/","name":"Herculan","description":"We&#039;ve got it covered","potentialAction":[{"@type":"SearchAction","target":{"@type":"EntryPoint","urlTemplate":"https:\/\/herculan.com\/es\/?s={search_term_string}"},"query-input":{"@type":"PropertyValueSpecification","valueRequired":true,"valueName":"search_term_string"}}],"inLanguage":"es"}]}},"_links":{"self":[{"href":"https:\/\/herculan.com\/es\/wp-json\/wp\/v2\/pages\/3395","targetHints":{"allow":["GET"]}}],"collection":[{"href":"https:\/\/herculan.com\/es\/wp-json\/wp\/v2\/pages"}],"about":[{"href":"https:\/\/herculan.com\/es\/wp-json\/wp\/v2\/types\/page"}],"author":[{"embeddable":true,"href":"https:\/\/herculan.com\/es\/wp-json\/wp\/v2\/users\/1"}],"replies":[{"embeddable":true,"href":"https:\/\/herculan.com\/es\/wp-json\/wp\/v2\/comments?post=3395"}],"version-history":[{"count":2,"href":"https:\/\/herculan.com\/es\/wp-json\/wp\/v2\/pages\/3395\/revisions"}],"predecessor-version":[{"id":3407,"href":"https:\/\/herculan.com\/es\/wp-json\/wp\/v2\/pages\/3395\/revisions\/3407"}],"up":[{"embeddable":true,"href":"https:\/\/herculan.com\/es\/wp-json\/wp\/v2\/pages\/3264"}],"wp:featuredmedia":[{"embeddable":true,"href":"https:\/\/herculan.com\/es\/wp-json\/wp\/v2\/media\/295"}],"wp:attachment":[{"href":"https:\/\/herculan.com\/es\/wp-json\/wp\/v2\/media?parent=3395"}],"curies":[{"name":"wp","href":"https:\/\/api.w.org\/{rel}","templated":true}]}}