{"id":3497,"date":"2020-10-13T13:58:52","date_gmt":"2020-10-13T13:58:52","guid":{"rendered":"https:\/\/herculan.com\/marina\/aplicaciones\/binnenvaart-zeeschepen\/"},"modified":"2020-10-27T09:29:07","modified_gmt":"2020-10-27T09:29:07","slug":"barcos-de-navegacion-interior-y-maritima","status":"publish","type":"page","link":"https:\/\/herculan.com\/es\/marina\/aplicaciones\/barcos-de-navegacion-interior-y-maritima\/","title":{"rendered":"Barcos de navegaci\u00f3n interior y mar\u00edtima"},"content":{"rendered":"\n<p>Para los suelos de barco, tanto de navegaci\u00f3n interior como mar\u00edtima, Herculan ha desarrollado un suelo funcional y decorativo con propiedades exclusivas. Adem\u00e1s de ser completamente continuo y tener un dise\u00f1o decorativo, este suelo es extremadamente resistente y pr\u00e1cticamente inmune a las influencias climatol\u00f3gicas. Inalterable ante agua, viento, fr\u00edo o calor.<\/p>\n","protected":false},"excerpt":{"rendered":"<p>Para los suelos de barco, tanto de navegaci\u00f3n interior como mar\u00edtima, Herculan ha desarrollado un suelo funcional y decorativo con propiedades exclusivas. Adem\u00e1s de ser completamente continuo y tener un dise\u00f1o decorativo, este suelo es extremadamente resistente y pr\u00e1cticamente inmune a las influencias climatol\u00f3gicas. Inalterable ante agua, viento, fr\u00edo o calor.<\/p>\n","protected":false},"author":1,"featured_media":39,"parent":3425,"menu_order":3,"comment_status":"closed","ping_status":"closed","template":"page-application.php","meta":{"_acf_changed":false,"footnotes":""},"class_list":["post-3497","page","type-page","status-publish","has-post-thumbnail","hentry"],"acf":[],"yoast_head":"<!-- This site is optimized with the Yoast SEO plugin v27.3 - https:\/\/yoast.com\/product\/yoast-seo-wordpress\/ -->\n<title>Barcos de navegaci\u00f3n interior y mar\u00edtima &#8226; Herculan<\/title>\n<meta name=\"robots\" content=\"index, follow, max-snippet:-1, max-image-preview:large, max-video-preview:-1\" \/>\n<link rel=\"canonical\" href=\"https:\/\/herculan.com\/es\/marina\/aplicaciones\/barcos-de-navegacion-interior-y-maritima\/\" \/>\n<script type=\"application\/ld+json\" class=\"yoast-schema-graph\">{\"@context\":\"https:\\\/\\\/schema.org\",\"@graph\":[{\"@type\":\"WebPage\",\"@id\":\"https:\\\/\\\/herculan.com\\\/es\\\/marina\\\/aplicaciones\\\/barcos-de-navegacion-interior-y-maritima\\\/\",\"url\":\"https:\\\/\\\/herculan.com\\\/es\\\/marina\\\/aplicaciones\\\/barcos-de-navegacion-interior-y-maritima\\\/\",\"name\":\"Barcos de navegaci\u00f3n interior y mar\u00edtima &#8226; Herculan\",\"isPartOf\":{\"@id\":\"https:\\\/\\\/herculan.com\\\/es\\\/#website\"},\"primaryImageOfPage\":{\"@id\":\"https:\\\/\\\/herculan.com\\\/es\\\/marina\\\/aplicaciones\\\/barcos-de-navegacion-interior-y-maritima\\\/#primaryimage\"},\"image\":{\"@id\":\"https:\\\/\\\/herculan.com\\\/es\\\/marina\\\/aplicaciones\\\/barcos-de-navegacion-interior-y-maritima\\\/#primaryimage\"},\"thumbnailUrl\":\"https:\\\/\\\/herculan.com\\\/wp-content\\\/uploads\\\/2020\\\/09\\\/algemeen-hoofdfoto.jpg\",\"datePublished\":\"2020-10-13T13:58:52+00:00\",\"dateModified\":\"2020-10-27T09:29:07+00:00\",\"breadcrumb\":{\"@id\":\"https:\\\/\\\/herculan.com\\\/es\\\/marina\\\/aplicaciones\\\/barcos-de-navegacion-interior-y-maritima\\\/#breadcrumb\"},\"inLanguage\":\"es\",\"potentialAction\":[{\"@type\":\"ReadAction\",\"target\":[\"https:\\\/\\\/herculan.com\\\/es\\\/marina\\\/aplicaciones\\\/barcos-de-navegacion-interior-y-maritima\\\/\"]}]},{\"@type\":\"ImageObject\",\"inLanguage\":\"es\",\"@id\":\"https:\\\/\\\/herculan.com\\\/es\\\/marina\\\/aplicaciones\\\/barcos-de-navegacion-interior-y-maritima\\\/#primaryimage\",\"url\":\"https:\\\/\\\/herculan.com\\\/wp-content\\\/uploads\\\/2020\\\/09\\\/algemeen-hoofdfoto.jpg\",\"contentUrl\":\"https:\\\/\\\/herculan.com\\\/wp-content\\\/uploads\\\/2020\\\/09\\\/algemeen-hoofdfoto.jpg\",\"width\":1200,\"height\":537},{\"@type\":\"BreadcrumbList\",\"@id\":\"https:\\\/\\\/herculan.com\\\/es\\\/marina\\\/aplicaciones\\\/barcos-de-navegacion-interior-y-maritima\\\/#breadcrumb\",\"itemListElement\":[{\"@type\":\"ListItem\",\"position\":1,\"name\":\"Home\",\"item\":\"https:\\\/\\\/herculan.com\\\/es\\\/\"},{\"@type\":\"ListItem\",\"position\":2,\"name\":\"Marina\",\"item\":\"https:\\\/\\\/herculan.com\\\/es\\\/marina\\\/\"},{\"@type\":\"ListItem\",\"position\":3,\"name\":\"Aplicaciones\",\"item\":\"https:\\\/\\\/herculan.com\\\/es\\\/marina\\\/aplicaciones\\\/\"},{\"@type\":\"ListItem\",\"position\":4,\"name\":\"Barcos de navegaci\u00f3n interior y mar\u00edtima\"}]},{\"@type\":\"WebSite\",\"@id\":\"https:\\\/\\\/herculan.com\\\/es\\\/#website\",\"url\":\"https:\\\/\\\/herculan.com\\\/es\\\/\",\"name\":\"Herculan\",\"description\":\"We&#039;ve got it covered\",\"potentialAction\":[{\"@type\":\"SearchAction\",\"target\":{\"@type\":\"EntryPoint\",\"urlTemplate\":\"https:\\\/\\\/herculan.com\\\/es\\\/?s={search_term_string}\"},\"query-input\":{\"@type\":\"PropertyValueSpecification\",\"valueRequired\":true,\"valueName\":\"search_term_string\"}}],\"inLanguage\":\"es\"}]}<\/script>\n<!-- \/ Yoast SEO plugin. -->","yoast_head_json":{"title":"Barcos de navegaci\u00f3n interior y mar\u00edtima &#8226; Herculan","robots":{"index":"index","follow":"follow","max-snippet":"max-snippet:-1","max-image-preview":"max-image-preview:large","max-video-preview":"max-video-preview:-1"},"canonical":"https:\/\/herculan.com\/es\/marina\/aplicaciones\/barcos-de-navegacion-interior-y-maritima\/","schema":{"@context":"https:\/\/schema.org","@graph":[{"@type":"WebPage","@id":"https:\/\/herculan.com\/es\/marina\/aplicaciones\/barcos-de-navegacion-interior-y-maritima\/","url":"https:\/\/herculan.com\/es\/marina\/aplicaciones\/barcos-de-navegacion-interior-y-maritima\/","name":"Barcos de navegaci\u00f3n interior y mar\u00edtima &#8226; Herculan","isPartOf":{"@id":"https:\/\/herculan.com\/es\/#website"},"primaryImageOfPage":{"@id":"https:\/\/herculan.com\/es\/marina\/aplicaciones\/barcos-de-navegacion-interior-y-maritima\/#primaryimage"},"image":{"@id":"https:\/\/herculan.com\/es\/marina\/aplicaciones\/barcos-de-navegacion-interior-y-maritima\/#primaryimage"},"thumbnailUrl":"https:\/\/herculan.com\/wp-content\/uploads\/2020\/09\/algemeen-hoofdfoto.jpg","datePublished":"2020-10-13T13:58:52+00:00","dateModified":"2020-10-27T09:29:07+00:00","breadcrumb":{"@id":"https:\/\/herculan.com\/es\/marina\/aplicaciones\/barcos-de-navegacion-interior-y-maritima\/#breadcrumb"},"inLanguage":"es","potentialAction":[{"@type":"ReadAction","target":["https:\/\/herculan.com\/es\/marina\/aplicaciones\/barcos-de-navegacion-interior-y-maritima\/"]}]},{"@type":"ImageObject","inLanguage":"es","@id":"https:\/\/herculan.com\/es\/marina\/aplicaciones\/barcos-de-navegacion-interior-y-maritima\/#primaryimage","url":"https:\/\/herculan.com\/wp-content\/uploads\/2020\/09\/algemeen-hoofdfoto.jpg","contentUrl":"https:\/\/herculan.com\/wp-content\/uploads\/2020\/09\/algemeen-hoofdfoto.jpg","width":1200,"height":537},{"@type":"BreadcrumbList","@id":"https:\/\/herculan.com\/es\/marina\/aplicaciones\/barcos-de-navegacion-interior-y-maritima\/#breadcrumb","itemListElement":[{"@type":"ListItem","position":1,"name":"Home","item":"https:\/\/herculan.com\/es\/"},{"@type":"ListItem","position":2,"name":"Marina","item":"https:\/\/herculan.com\/es\/marina\/"},{"@type":"ListItem","position":3,"name":"Aplicaciones","item":"https:\/\/herculan.com\/es\/marina\/aplicaciones\/"},{"@type":"ListItem","position":4,"name":"Barcos de navegaci\u00f3n interior y mar\u00edtima"}]},{"@type":"WebSite","@id":"https:\/\/herculan.com\/es\/#website","url":"https:\/\/herculan.com\/es\/","name":"Herculan","description":"We&#039;ve got it covered","potentialAction":[{"@type":"SearchAction","target":{"@type":"EntryPoint","urlTemplate":"https:\/\/herculan.com\/es\/?s={search_term_string}"},"query-input":{"@type":"PropertyValueSpecification","valueRequired":true,"valueName":"search_term_string"}}],"inLanguage":"es"}]}},"_links":{"self":[{"href":"https:\/\/herculan.com\/es\/wp-json\/wp\/v2\/pages\/3497","targetHints":{"allow":["GET"]}}],"collection":[{"href":"https:\/\/herculan.com\/es\/wp-json\/wp\/v2\/pages"}],"about":[{"href":"https:\/\/herculan.com\/es\/wp-json\/wp\/v2\/types\/page"}],"author":[{"embeddable":true,"href":"https:\/\/herculan.com\/es\/wp-json\/wp\/v2\/users\/1"}],"replies":[{"embeddable":true,"href":"https:\/\/herculan.com\/es\/wp-json\/wp\/v2\/comments?post=3497"}],"version-history":[{"count":2,"href":"https:\/\/herculan.com\/es\/wp-json\/wp\/v2\/pages\/3497\/revisions"}],"predecessor-version":[{"id":3504,"href":"https:\/\/herculan.com\/es\/wp-json\/wp\/v2\/pages\/3497\/revisions\/3504"}],"up":[{"embeddable":true,"href":"https:\/\/herculan.com\/es\/wp-json\/wp\/v2\/pages\/3425"}],"wp:featuredmedia":[{"embeddable":true,"href":"https:\/\/herculan.com\/es\/wp-json\/wp\/v2\/media\/39"}],"wp:attachment":[{"href":"https:\/\/herculan.com\/es\/wp-json\/wp\/v2\/media?parent=3497"}],"curies":[{"name":"wp","href":"https:\/\/api.w.org\/{rel}","templated":true}]}}