{"id":5756,"date":"2022-06-14T08:17:51","date_gmt":"2022-06-14T08:17:51","guid":{"rendered":"https:\/\/herculan.com\/deporte-de-interior\/over-ons\/"},"modified":"2023-05-10T11:29:28","modified_gmt":"2023-05-10T11:29:28","slug":"sobre-nosotros","status":"publish","type":"page","link":"https:\/\/herculan.com\/es\/sobre-nosotros\/","title":{"rendered":"Sobre nosotros"},"content":{"rendered":"<p>Herculan desarrolla, produce, vende e instala pisos sin juntas para diversas \u00e1reas de aplicaci\u00f3n, como deportes de interior, deportes al aire libre, construcci\u00f3n no residencial y transporte mar\u00edtimo. Con alrededor de 30 a\u00f1os de experiencia y +\/- 90 empleados calificados, podemos garantizar que le entregaremos el piso que desea.<\/p>\n<p>Nuestra oferta se adapta totalmente a sus deseos y necesidades. Hacemos esto siempre iniciando la conversaci\u00f3n personalmente. Como resultado, lo conocemos a usted y sus deseos, necesidades y expectativas.<\/p>\n<p>El desarrollo y la producci\u00f3n tienen lugar en nuestro propio laboratorio y en nuestra f\u00e1brica en nuestra ubicaci\u00f3n en Meerkerk. Por lo tanto, el cambio r\u00e1pido y f\u00e1cil no es desconocido para nosotros. Invertimos continuamente en nuestra gente, materiales, t\u00e9cnicas y medios de producci\u00f3n. \u00bfPor qu\u00e9? Para que podamos seguir garantizando el asesoramiento profesional y la instalaci\u00f3n de nuestros mejores productos. Hacemos esto de acuerdo con acuerdos claros, para que todas las partes sepan cu\u00e1l es su posici\u00f3n.<\/p>\n","protected":false},"excerpt":{"rendered":"<p>Herculan desarrolla, produce, vende e instala pisos sin juntas para diversas \u00e1reas de aplicaci\u00f3n, como deportes de interior, deportes al aire libre, construcci\u00f3n no residencial y transporte mar\u00edtimo. Con alrededor de 30 a\u00f1os de experiencia y +\/- 90 empleados calificados, podemos garantizar que le entregaremos el piso que desea. Nuestra oferta se adapta totalmente a [&hellip;]<\/p>\n","protected":false},"author":1,"featured_media":887,"parent":0,"menu_order":50,"comment_status":"closed","ping_status":"closed","template":"page-about-us.php","meta":{"_acf_changed":false,"footnotes":""},"class_list":["post-5756","page","type-page","status-publish","has-post-thumbnail","hentry"],"acf":[],"yoast_head":"<!-- This site is optimized with the Yoast SEO plugin v27.4 - https:\/\/yoast.com\/product\/yoast-seo-wordpress\/ -->\n<title>Sobre nosotros &#8226; Herculan<\/title>\n<meta name=\"robots\" content=\"index, follow, max-snippet:-1, max-image-preview:large, max-video-preview:-1\" \/>\n<link rel=\"canonical\" href=\"https:\/\/herculan.com\/es\/sobre-nosotros\/\" \/>\n<script type=\"application\/ld+json\" class=\"yoast-schema-graph\">{\"@context\":\"https:\\\/\\\/schema.org\",\"@graph\":[{\"@type\":\"WebPage\",\"@id\":\"https:\\\/\\\/herculan.com\\\/es\\\/sobre-nosotros\\\/\",\"url\":\"https:\\\/\\\/herculan.com\\\/es\\\/sobre-nosotros\\\/\",\"name\":\"Sobre nosotros &#8226; Herculan\",\"isPartOf\":{\"@id\":\"https:\\\/\\\/herculan.com\\\/es\\\/#website\"},\"primaryImageOfPage\":{\"@id\":\"https:\\\/\\\/herculan.com\\\/es\\\/sobre-nosotros\\\/#primaryimage\"},\"image\":{\"@id\":\"https:\\\/\\\/herculan.com\\\/es\\\/sobre-nosotros\\\/#primaryimage\"},\"thumbnailUrl\":\"https:\\\/\\\/herculan.com\\\/wp-content\\\/uploads\\\/2020\\\/09\\\/receptie-2.jpg\",\"datePublished\":\"2022-06-14T08:17:51+00:00\",\"dateModified\":\"2023-05-10T11:29:28+00:00\",\"breadcrumb\":{\"@id\":\"https:\\\/\\\/herculan.com\\\/es\\\/sobre-nosotros\\\/#breadcrumb\"},\"inLanguage\":\"es\",\"potentialAction\":[{\"@type\":\"ReadAction\",\"target\":[\"https:\\\/\\\/herculan.com\\\/es\\\/sobre-nosotros\\\/\"]}]},{\"@type\":\"ImageObject\",\"inLanguage\":\"es\",\"@id\":\"https:\\\/\\\/herculan.com\\\/es\\\/sobre-nosotros\\\/#primaryimage\",\"url\":\"https:\\\/\\\/herculan.com\\\/wp-content\\\/uploads\\\/2020\\\/09\\\/receptie-2.jpg\",\"contentUrl\":\"https:\\\/\\\/herculan.com\\\/wp-content\\\/uploads\\\/2020\\\/09\\\/receptie-2.jpg\",\"width\":1200,\"height\":600},{\"@type\":\"BreadcrumbList\",\"@id\":\"https:\\\/\\\/herculan.com\\\/es\\\/sobre-nosotros\\\/#breadcrumb\",\"itemListElement\":[{\"@type\":\"ListItem\",\"position\":1,\"name\":\"Home\",\"item\":\"https:\\\/\\\/herculan.com\\\/es\\\/\"},{\"@type\":\"ListItem\",\"position\":2,\"name\":\"Sobre nosotros\"}]},{\"@type\":\"WebSite\",\"@id\":\"https:\\\/\\\/herculan.com\\\/es\\\/#website\",\"url\":\"https:\\\/\\\/herculan.com\\\/es\\\/\",\"name\":\"Herculan\",\"description\":\"We&#039;ve got it covered\",\"potentialAction\":[{\"@type\":\"SearchAction\",\"target\":{\"@type\":\"EntryPoint\",\"urlTemplate\":\"https:\\\/\\\/herculan.com\\\/es\\\/?s={search_term_string}\"},\"query-input\":{\"@type\":\"PropertyValueSpecification\",\"valueRequired\":true,\"valueName\":\"search_term_string\"}}],\"inLanguage\":\"es\"}]}<\/script>\n<!-- \/ Yoast SEO plugin. -->","yoast_head_json":{"title":"Sobre nosotros &#8226; Herculan","robots":{"index":"index","follow":"follow","max-snippet":"max-snippet:-1","max-image-preview":"max-image-preview:large","max-video-preview":"max-video-preview:-1"},"canonical":"https:\/\/herculan.com\/es\/sobre-nosotros\/","schema":{"@context":"https:\/\/schema.org","@graph":[{"@type":"WebPage","@id":"https:\/\/herculan.com\/es\/sobre-nosotros\/","url":"https:\/\/herculan.com\/es\/sobre-nosotros\/","name":"Sobre nosotros &#8226; Herculan","isPartOf":{"@id":"https:\/\/herculan.com\/es\/#website"},"primaryImageOfPage":{"@id":"https:\/\/herculan.com\/es\/sobre-nosotros\/#primaryimage"},"image":{"@id":"https:\/\/herculan.com\/es\/sobre-nosotros\/#primaryimage"},"thumbnailUrl":"https:\/\/herculan.com\/wp-content\/uploads\/2020\/09\/receptie-2.jpg","datePublished":"2022-06-14T08:17:51+00:00","dateModified":"2023-05-10T11:29:28+00:00","breadcrumb":{"@id":"https:\/\/herculan.com\/es\/sobre-nosotros\/#breadcrumb"},"inLanguage":"es","potentialAction":[{"@type":"ReadAction","target":["https:\/\/herculan.com\/es\/sobre-nosotros\/"]}]},{"@type":"ImageObject","inLanguage":"es","@id":"https:\/\/herculan.com\/es\/sobre-nosotros\/#primaryimage","url":"https:\/\/herculan.com\/wp-content\/uploads\/2020\/09\/receptie-2.jpg","contentUrl":"https:\/\/herculan.com\/wp-content\/uploads\/2020\/09\/receptie-2.jpg","width":1200,"height":600},{"@type":"BreadcrumbList","@id":"https:\/\/herculan.com\/es\/sobre-nosotros\/#breadcrumb","itemListElement":[{"@type":"ListItem","position":1,"name":"Home","item":"https:\/\/herculan.com\/es\/"},{"@type":"ListItem","position":2,"name":"Sobre nosotros"}]},{"@type":"WebSite","@id":"https:\/\/herculan.com\/es\/#website","url":"https:\/\/herculan.com\/es\/","name":"Herculan","description":"We&#039;ve got it covered","potentialAction":[{"@type":"SearchAction","target":{"@type":"EntryPoint","urlTemplate":"https:\/\/herculan.com\/es\/?s={search_term_string}"},"query-input":{"@type":"PropertyValueSpecification","valueRequired":true,"valueName":"search_term_string"}}],"inLanguage":"es"}]}},"_links":{"self":[{"href":"https:\/\/herculan.com\/es\/wp-json\/wp\/v2\/pages\/5756","targetHints":{"allow":["GET"]}}],"collection":[{"href":"https:\/\/herculan.com\/es\/wp-json\/wp\/v2\/pages"}],"about":[{"href":"https:\/\/herculan.com\/es\/wp-json\/wp\/v2\/types\/page"}],"author":[{"embeddable":true,"href":"https:\/\/herculan.com\/es\/wp-json\/wp\/v2\/users\/1"}],"replies":[{"embeddable":true,"href":"https:\/\/herculan.com\/es\/wp-json\/wp\/v2\/comments?post=5756"}],"version-history":[{"count":4,"href":"https:\/\/herculan.com\/es\/wp-json\/wp\/v2\/pages\/5756\/revisions"}],"predecessor-version":[{"id":7463,"href":"https:\/\/herculan.com\/es\/wp-json\/wp\/v2\/pages\/5756\/revisions\/7463"}],"wp:featuredmedia":[{"embeddable":true,"href":"https:\/\/herculan.com\/es\/wp-json\/wp\/v2\/media\/887"}],"wp:attachment":[{"href":"https:\/\/herculan.com\/es\/wp-json\/wp\/v2\/media?parent=5756"}],"curies":[{"name":"wp","href":"https:\/\/api.w.org\/{rel}","templated":true}]}}