{"id":7451,"date":"2022-10-31T15:38:38","date_gmt":"2022-10-31T15:38:38","guid":{"rendered":"https:\/\/herculan.com\/sobre-nosotros\/de-historie-van-herculan\/"},"modified":"2023-05-10T11:20:57","modified_gmt":"2023-05-10T11:20:57","slug":"la-historia-de-herculan","status":"publish","type":"page","link":"https:\/\/herculan.com\/es\/sobre-nosotros\/la-historia-de-herculan\/","title":{"rendered":"La historia de Herculan"},"content":{"rendered":"\r\n<p>Herculan comenz\u00f3 en 1991 bajo el nombre de Eputan Kunststoftechniek BV. Cinco hombres entusiastas hab\u00edan decidido montar Eputan. No hab\u00eda dinero, solo ilusi\u00f3n, confianza en el futuro y ganas de triunfar. Producir materiales un d\u00eda y colocar pisos al d\u00eda siguiente. Todo por nuestra cuenta, pero con la ayuda de amigos y familiares, porque sin ellos no habr\u00edamos sobrevivido a esta etapa pionera.<\/p>\r\n<p>En 2000, Eputan se traslada a Meerkerk, Energieweg 6. Despu\u00e9s de algunas renovaciones, la producci\u00f3n puede llevarse a cabo aqu\u00ed y hay suficiente espacio para una oficina comercial, administraci\u00f3n, comedor y laboratorio. Pero no por mucho tiempo, aqu\u00ed tambi\u00e9n Eputan crece fuera de su abrigo r\u00e1pidamente. Afortunadamente, se present\u00f3 la oportunidad de comprar terrenos adicionales en la ubicaci\u00f3n actual. Las nuevas construcciones y renovaciones sustanciales aseguraron que la empresa estuviera en constante crecimiento para finalmente obtener una base de operaciones que tambi\u00e9n pudiera manejar el crecimiento futuro. Mientras tanto, tambi\u00e9n se hab\u00eda hecho cargo de la empresa Hercutrade, de ah\u00ed el origen del nombre Herculan.<\/p>\r\n<p>Despu\u00e9s de la renovaci\u00f3n, la empresa se profesionaliz\u00f3 a\u00fan m\u00e1s desde el punto de vista organizativo. Mucha atenci\u00f3n al desarrollo de productos, nuevos sistemas TIC, estabilizaci\u00f3n en la facturaci\u00f3n y estructura de la organizaci\u00f3n. Tambi\u00e9n se absorbi\u00f3 la empresa Helder &amp; May para seguir especializ\u00e1ndose en el sector mar\u00edtimo. Por lo tanto, el crecimiento en varias \u00e1reas ha sido central en los \u00faltimos 30 a\u00f1os, pero sobre la base de los cimientos que comenzamos una vez: \u00abNegocios honestos en cooperaci\u00f3n con socios, empleados, compradores y proveedores leales\u00bb.<\/p>\r\n<p><a href=\"https:\/\/herculan.com\/es\/sobre-nosotros\/\" class=\"btn-more\">volver a nosotros<\/a><\/p>\r\n","protected":false},"excerpt":{"rendered":"<p>Herculan comenz\u00f3 en 1991 bajo el nombre de Eputan Kunststoftechniek BV. Cinco hombres entusiastas hab\u00edan decidido montar Eputan. No hab\u00eda dinero, solo ilusi\u00f3n, confianza en el futuro y ganas de triunfar. Producir materiales un d\u00eda y colocar pisos al d\u00eda siguiente. Todo por nuestra cuenta, pero con la ayuda de amigos y familiares, porque sin [&hellip;]<\/p>\n","protected":false},"author":1,"featured_media":0,"parent":5756,"menu_order":0,"comment_status":"closed","ping_status":"closed","template":"","meta":{"_acf_changed":false,"footnotes":""},"class_list":["post-7451","page","type-page","status-publish","hentry"],"acf":[],"yoast_head":"<!-- This site is optimized with the Yoast SEO plugin v27.4 - https:\/\/yoast.com\/product\/yoast-seo-wordpress\/ -->\n<title>La historia de Herculan &#8226; Herculan<\/title>\n<meta name=\"robots\" content=\"index, follow, max-snippet:-1, max-image-preview:large, max-video-preview:-1\" \/>\n<link rel=\"canonical\" href=\"https:\/\/herculan.com\/es\/sobre-nosotros\/la-historia-de-herculan\/\" \/>\n<script type=\"application\/ld+json\" class=\"yoast-schema-graph\">{\"@context\":\"https:\\\/\\\/schema.org\",\"@graph\":[{\"@type\":\"WebPage\",\"@id\":\"https:\\\/\\\/herculan.com\\\/es\\\/sobre-nosotros\\\/la-historia-de-herculan\\\/\",\"url\":\"https:\\\/\\\/herculan.com\\\/es\\\/sobre-nosotros\\\/la-historia-de-herculan\\\/\",\"name\":\"La historia de Herculan &#8226; Herculan\",\"isPartOf\":{\"@id\":\"https:\\\/\\\/herculan.com\\\/es\\\/#website\"},\"datePublished\":\"2022-10-31T15:38:38+00:00\",\"dateModified\":\"2023-05-10T11:20:57+00:00\",\"breadcrumb\":{\"@id\":\"https:\\\/\\\/herculan.com\\\/es\\\/sobre-nosotros\\\/la-historia-de-herculan\\\/#breadcrumb\"},\"inLanguage\":\"es\",\"potentialAction\":[{\"@type\":\"ReadAction\",\"target\":[\"https:\\\/\\\/herculan.com\\\/es\\\/sobre-nosotros\\\/la-historia-de-herculan\\\/\"]}]},{\"@type\":\"BreadcrumbList\",\"@id\":\"https:\\\/\\\/herculan.com\\\/es\\\/sobre-nosotros\\\/la-historia-de-herculan\\\/#breadcrumb\",\"itemListElement\":[{\"@type\":\"ListItem\",\"position\":1,\"name\":\"Home\",\"item\":\"https:\\\/\\\/herculan.com\\\/es\\\/\"},{\"@type\":\"ListItem\",\"position\":2,\"name\":\"Sobre nosotros\",\"item\":\"https:\\\/\\\/herculan.com\\\/es\\\/sobre-nosotros\\\/\"},{\"@type\":\"ListItem\",\"position\":3,\"name\":\"La historia de Herculan\"}]},{\"@type\":\"WebSite\",\"@id\":\"https:\\\/\\\/herculan.com\\\/es\\\/#website\",\"url\":\"https:\\\/\\\/herculan.com\\\/es\\\/\",\"name\":\"Herculan\",\"description\":\"We&#039;ve got it covered\",\"potentialAction\":[{\"@type\":\"SearchAction\",\"target\":{\"@type\":\"EntryPoint\",\"urlTemplate\":\"https:\\\/\\\/herculan.com\\\/es\\\/?s={search_term_string}\"},\"query-input\":{\"@type\":\"PropertyValueSpecification\",\"valueRequired\":true,\"valueName\":\"search_term_string\"}}],\"inLanguage\":\"es\"}]}<\/script>\n<!-- \/ Yoast SEO plugin. -->","yoast_head_json":{"title":"La historia de Herculan &#8226; Herculan","robots":{"index":"index","follow":"follow","max-snippet":"max-snippet:-1","max-image-preview":"max-image-preview:large","max-video-preview":"max-video-preview:-1"},"canonical":"https:\/\/herculan.com\/es\/sobre-nosotros\/la-historia-de-herculan\/","schema":{"@context":"https:\/\/schema.org","@graph":[{"@type":"WebPage","@id":"https:\/\/herculan.com\/es\/sobre-nosotros\/la-historia-de-herculan\/","url":"https:\/\/herculan.com\/es\/sobre-nosotros\/la-historia-de-herculan\/","name":"La historia de Herculan &#8226; Herculan","isPartOf":{"@id":"https:\/\/herculan.com\/es\/#website"},"datePublished":"2022-10-31T15:38:38+00:00","dateModified":"2023-05-10T11:20:57+00:00","breadcrumb":{"@id":"https:\/\/herculan.com\/es\/sobre-nosotros\/la-historia-de-herculan\/#breadcrumb"},"inLanguage":"es","potentialAction":[{"@type":"ReadAction","target":["https:\/\/herculan.com\/es\/sobre-nosotros\/la-historia-de-herculan\/"]}]},{"@type":"BreadcrumbList","@id":"https:\/\/herculan.com\/es\/sobre-nosotros\/la-historia-de-herculan\/#breadcrumb","itemListElement":[{"@type":"ListItem","position":1,"name":"Home","item":"https:\/\/herculan.com\/es\/"},{"@type":"ListItem","position":2,"name":"Sobre nosotros","item":"https:\/\/herculan.com\/es\/sobre-nosotros\/"},{"@type":"ListItem","position":3,"name":"La historia de Herculan"}]},{"@type":"WebSite","@id":"https:\/\/herculan.com\/es\/#website","url":"https:\/\/herculan.com\/es\/","name":"Herculan","description":"We&#039;ve got it covered","potentialAction":[{"@type":"SearchAction","target":{"@type":"EntryPoint","urlTemplate":"https:\/\/herculan.com\/es\/?s={search_term_string}"},"query-input":{"@type":"PropertyValueSpecification","valueRequired":true,"valueName":"search_term_string"}}],"inLanguage":"es"}]}},"_links":{"self":[{"href":"https:\/\/herculan.com\/es\/wp-json\/wp\/v2\/pages\/7451","targetHints":{"allow":["GET"]}}],"collection":[{"href":"https:\/\/herculan.com\/es\/wp-json\/wp\/v2\/pages"}],"about":[{"href":"https:\/\/herculan.com\/es\/wp-json\/wp\/v2\/types\/page"}],"author":[{"embeddable":true,"href":"https:\/\/herculan.com\/es\/wp-json\/wp\/v2\/users\/1"}],"replies":[{"embeddable":true,"href":"https:\/\/herculan.com\/es\/wp-json\/wp\/v2\/comments?post=7451"}],"version-history":[{"count":2,"href":"https:\/\/herculan.com\/es\/wp-json\/wp\/v2\/pages\/7451\/revisions"}],"predecessor-version":[{"id":7461,"href":"https:\/\/herculan.com\/es\/wp-json\/wp\/v2\/pages\/7451\/revisions\/7461"}],"up":[{"embeddable":true,"href":"https:\/\/herculan.com\/es\/wp-json\/wp\/v2\/pages\/5756"}],"wp:attachment":[{"href":"https:\/\/herculan.com\/es\/wp-json\/wp\/v2\/media?parent=7451"}],"curies":[{"name":"wp","href":"https:\/\/api.w.org\/{rel}","templated":true}]}}