{"id":2694,"date":"2020-09-30T13:39:54","date_gmt":"2020-09-30T13:39:54","guid":{"rendered":"https:\/\/herculan.com\/indoor-sport\/"},"modified":"2022-07-12T07:29:21","modified_gmt":"2022-07-12T07:29:21","slug":"sports-en-salle","status":"publish","type":"page","link":"https:\/\/herculan.com\/fr\/sports-en-salle\/","title":{"rendered":"Sports en salle"},"content":{"rendered":"\n<p>Le rev\u00eatement de sol constitue la base fixe des activit\u00e9s et comp\u00e9titions sportives. Ce rev\u00eatement doit offrir des performances optimales quelles que soient les conditions, durant plusieurs d\u00e9cennies. C\u2019est pr\u00e9cis\u00e9ment la sp\u00e9cialit\u00e9 d\u2019Herculan. Si le sport est une passion, Herculan partage cette passion pour les sols sportifs. Fabricant international, Herculan propose depuis plus de 25 ans d\u00e9j\u00e0 des rev\u00eatements de sol parfaits, convenant \u00e0 chaque sport ext\u00e9rieur et chaque sport en salle.<\/p>\n","protected":false},"excerpt":{"rendered":"<p>Le rev\u00eatement de sol constitue la base fixe des activit\u00e9s et comp\u00e9titions sportives. Ce rev\u00eatement doit offrir des performances optimales quelles que soient les conditions, durant plusieurs d\u00e9cennies. C\u2019est pr\u00e9cis\u00e9ment la sp\u00e9cialit\u00e9 d\u2019Herculan. Si le sport est une passion, Herculan partage cette passion pour les sols sportifs. Fabricant international, Herculan propose depuis plus de 25 [&hellip;]<\/p>\n","protected":false},"author":1,"featured_media":0,"parent":0,"menu_order":1,"comment_status":"closed","ping_status":"closed","template":"page-one-pager.php","meta":{"_acf_changed":false,"footnotes":""},"class_list":["post-2694","page","type-page","status-publish","hentry"],"acf":[],"yoast_head":"<!-- This site is optimized with the Yoast SEO plugin v27.3 - https:\/\/yoast.com\/product\/yoast-seo-wordpress\/ -->\n<title>Sports en salle &#8226; Herculan<\/title>\n<meta name=\"robots\" content=\"index, follow, max-snippet:-1, max-image-preview:large, max-video-preview:-1\" \/>\n<link rel=\"canonical\" href=\"https:\/\/herculan.com\/fr\/sports-en-salle\/\" \/>\n<script type=\"application\/ld+json\" class=\"yoast-schema-graph\">{\"@context\":\"https:\\\/\\\/schema.org\",\"@graph\":[{\"@type\":\"WebPage\",\"@id\":\"https:\\\/\\\/herculan.com\\\/fr\\\/sports-en-salle\\\/\",\"url\":\"https:\\\/\\\/herculan.com\\\/fr\\\/sports-en-salle\\\/\",\"name\":\"Sports en salle &#8226; Herculan\",\"isPartOf\":{\"@id\":\"https:\\\/\\\/herculan.com\\\/fr\\\/#website\"},\"datePublished\":\"2020-09-30T13:39:54+00:00\",\"dateModified\":\"2022-07-12T07:29:21+00:00\",\"breadcrumb\":{\"@id\":\"https:\\\/\\\/herculan.com\\\/fr\\\/sports-en-salle\\\/#breadcrumb\"},\"inLanguage\":\"fr-FR\",\"potentialAction\":[{\"@type\":\"ReadAction\",\"target\":[\"https:\\\/\\\/herculan.com\\\/fr\\\/sports-en-salle\\\/\"]}]},{\"@type\":\"BreadcrumbList\",\"@id\":\"https:\\\/\\\/herculan.com\\\/fr\\\/sports-en-salle\\\/#breadcrumb\",\"itemListElement\":[{\"@type\":\"ListItem\",\"position\":1,\"name\":\"Home\",\"item\":\"https:\\\/\\\/herculan.com\\\/fr\\\/\"},{\"@type\":\"ListItem\",\"position\":2,\"name\":\"Sports en salle\"}]},{\"@type\":\"WebSite\",\"@id\":\"https:\\\/\\\/herculan.com\\\/fr\\\/#website\",\"url\":\"https:\\\/\\\/herculan.com\\\/fr\\\/\",\"name\":\"Herculan\",\"description\":\"We&#039;ve got it covered\",\"potentialAction\":[{\"@type\":\"SearchAction\",\"target\":{\"@type\":\"EntryPoint\",\"urlTemplate\":\"https:\\\/\\\/herculan.com\\\/fr\\\/?s={search_term_string}\"},\"query-input\":{\"@type\":\"PropertyValueSpecification\",\"valueRequired\":true,\"valueName\":\"search_term_string\"}}],\"inLanguage\":\"fr-FR\"}]}<\/script>\n<!-- \/ Yoast SEO plugin. -->","yoast_head_json":{"title":"Sports en salle &#8226; Herculan","robots":{"index":"index","follow":"follow","max-snippet":"max-snippet:-1","max-image-preview":"max-image-preview:large","max-video-preview":"max-video-preview:-1"},"canonical":"https:\/\/herculan.com\/fr\/sports-en-salle\/","schema":{"@context":"https:\/\/schema.org","@graph":[{"@type":"WebPage","@id":"https:\/\/herculan.com\/fr\/sports-en-salle\/","url":"https:\/\/herculan.com\/fr\/sports-en-salle\/","name":"Sports en salle &#8226; Herculan","isPartOf":{"@id":"https:\/\/herculan.com\/fr\/#website"},"datePublished":"2020-09-30T13:39:54+00:00","dateModified":"2022-07-12T07:29:21+00:00","breadcrumb":{"@id":"https:\/\/herculan.com\/fr\/sports-en-salle\/#breadcrumb"},"inLanguage":"fr-FR","potentialAction":[{"@type":"ReadAction","target":["https:\/\/herculan.com\/fr\/sports-en-salle\/"]}]},{"@type":"BreadcrumbList","@id":"https:\/\/herculan.com\/fr\/sports-en-salle\/#breadcrumb","itemListElement":[{"@type":"ListItem","position":1,"name":"Home","item":"https:\/\/herculan.com\/fr\/"},{"@type":"ListItem","position":2,"name":"Sports en salle"}]},{"@type":"WebSite","@id":"https:\/\/herculan.com\/fr\/#website","url":"https:\/\/herculan.com\/fr\/","name":"Herculan","description":"We&#039;ve got it covered","potentialAction":[{"@type":"SearchAction","target":{"@type":"EntryPoint","urlTemplate":"https:\/\/herculan.com\/fr\/?s={search_term_string}"},"query-input":{"@type":"PropertyValueSpecification","valueRequired":true,"valueName":"search_term_string"}}],"inLanguage":"fr-FR"}]}},"_links":{"self":[{"href":"https:\/\/herculan.com\/fr\/wp-json\/wp\/v2\/pages\/2694","targetHints":{"allow":["GET"]}}],"collection":[{"href":"https:\/\/herculan.com\/fr\/wp-json\/wp\/v2\/pages"}],"about":[{"href":"https:\/\/herculan.com\/fr\/wp-json\/wp\/v2\/types\/page"}],"author":[{"embeddable":true,"href":"https:\/\/herculan.com\/fr\/wp-json\/wp\/v2\/users\/1"}],"replies":[{"embeddable":true,"href":"https:\/\/herculan.com\/fr\/wp-json\/wp\/v2\/comments?post=2694"}],"version-history":[{"count":7,"href":"https:\/\/herculan.com\/fr\/wp-json\/wp\/v2\/pages\/2694\/revisions"}],"predecessor-version":[{"id":6197,"href":"https:\/\/herculan.com\/fr\/wp-json\/wp\/v2\/pages\/2694\/revisions\/6197"}],"wp:attachment":[{"href":"https:\/\/herculan.com\/fr\/wp-json\/wp\/v2\/media?parent=2694"}],"curies":[{"name":"wp","href":"https:\/\/api.w.org\/{rel}","templated":true}]}}