{"id":2698,"date":"2020-09-30T13:41:17","date_gmt":"2020-09-30T13:41:17","guid":{"rendered":"https:\/\/herculan.com\/utility\/"},"modified":"2022-07-12T07:20:51","modified_gmt":"2022-07-12T07:20:51","slug":"utility","status":"publish","type":"page","link":"https:\/\/herculan.com\/fr\/utility\/","title":{"rendered":"Utility"},"content":{"rendered":"\n<p>Le rev\u00eatement de sol le plus professionnel pour les b\u00e2timents publics, les bureaux et l\u2019industrie est le sol coul\u00e9 sans joints. Ce rev\u00eatement de sol pr\u00e9sente de nombreux avantages. M\u00eame en cas d\u2019utilisation intensive, ce sol coul\u00e9 est tr\u00e8s r\u00e9sistant \u00e0 l\u2019usure, hygi\u00e9nique et facile \u00e0 entretenir. Un rev\u00eatement durable qui offre des possibilit\u00e9s illimit\u00e9es en termes de coloris et de motifs. Les sols coul\u00e9s Herculan peuvent \u00eatre enti\u00e8rement modifi\u00e9s pour correspondre \u00e0 vos souhaits. Ils sont respectueux de l\u2019environnement, leur utilisation est s\u00fbre et ils sont conformes aux exigences pr\u00e9vues par Ecospecifier.<\/p>\n","protected":false},"excerpt":{"rendered":"<p>Le rev\u00eatement de sol le plus professionnel pour les b\u00e2timents publics, les bureaux et l\u2019industrie est le sol coul\u00e9 sans joints. Ce rev\u00eatement de sol pr\u00e9sente de nombreux avantages. M\u00eame en cas d\u2019utilisation intensive, ce sol coul\u00e9 est tr\u00e8s r\u00e9sistant \u00e0 l\u2019usure, hygi\u00e9nique et facile \u00e0 entretenir. Un rev\u00eatement durable qui offre des possibilit\u00e9s illimit\u00e9es [&hellip;]<\/p>\n","protected":false},"author":1,"featured_media":0,"parent":0,"menu_order":3,"comment_status":"closed","ping_status":"closed","template":"page-one-pager.php","meta":{"_acf_changed":false,"footnotes":""},"class_list":["post-2698","page","type-page","status-publish","hentry"],"acf":[],"yoast_head":"<!-- This site is optimized with the Yoast SEO plugin v27.3 - https:\/\/yoast.com\/product\/yoast-seo-wordpress\/ -->\n<title>Utility &#8226; Herculan<\/title>\n<meta name=\"robots\" content=\"index, follow, max-snippet:-1, max-image-preview:large, max-video-preview:-1\" \/>\n<link rel=\"canonical\" href=\"https:\/\/herculan.com\/fr\/utility\/\" \/>\n<script type=\"application\/ld+json\" class=\"yoast-schema-graph\">{\"@context\":\"https:\\\/\\\/schema.org\",\"@graph\":[{\"@type\":\"WebPage\",\"@id\":\"https:\\\/\\\/herculan.com\\\/fr\\\/utility\\\/\",\"url\":\"https:\\\/\\\/herculan.com\\\/fr\\\/utility\\\/\",\"name\":\"Utility &#8226; Herculan\",\"isPartOf\":{\"@id\":\"https:\\\/\\\/herculan.com\\\/fr\\\/#website\"},\"datePublished\":\"2020-09-30T13:41:17+00:00\",\"dateModified\":\"2022-07-12T07:20:51+00:00\",\"breadcrumb\":{\"@id\":\"https:\\\/\\\/herculan.com\\\/fr\\\/utility\\\/#breadcrumb\"},\"inLanguage\":\"fr-FR\",\"potentialAction\":[{\"@type\":\"ReadAction\",\"target\":[\"https:\\\/\\\/herculan.com\\\/fr\\\/utility\\\/\"]}]},{\"@type\":\"BreadcrumbList\",\"@id\":\"https:\\\/\\\/herculan.com\\\/fr\\\/utility\\\/#breadcrumb\",\"itemListElement\":[{\"@type\":\"ListItem\",\"position\":1,\"name\":\"Home\",\"item\":\"https:\\\/\\\/herculan.com\\\/fr\\\/\"},{\"@type\":\"ListItem\",\"position\":2,\"name\":\"Utility\"}]},{\"@type\":\"WebSite\",\"@id\":\"https:\\\/\\\/herculan.com\\\/fr\\\/#website\",\"url\":\"https:\\\/\\\/herculan.com\\\/fr\\\/\",\"name\":\"Herculan\",\"description\":\"We&#039;ve got it covered\",\"potentialAction\":[{\"@type\":\"SearchAction\",\"target\":{\"@type\":\"EntryPoint\",\"urlTemplate\":\"https:\\\/\\\/herculan.com\\\/fr\\\/?s={search_term_string}\"},\"query-input\":{\"@type\":\"PropertyValueSpecification\",\"valueRequired\":true,\"valueName\":\"search_term_string\"}}],\"inLanguage\":\"fr-FR\"}]}<\/script>\n<!-- \/ Yoast SEO plugin. -->","yoast_head_json":{"title":"Utility &#8226; Herculan","robots":{"index":"index","follow":"follow","max-snippet":"max-snippet:-1","max-image-preview":"max-image-preview:large","max-video-preview":"max-video-preview:-1"},"canonical":"https:\/\/herculan.com\/fr\/utility\/","schema":{"@context":"https:\/\/schema.org","@graph":[{"@type":"WebPage","@id":"https:\/\/herculan.com\/fr\/utility\/","url":"https:\/\/herculan.com\/fr\/utility\/","name":"Utility &#8226; Herculan","isPartOf":{"@id":"https:\/\/herculan.com\/fr\/#website"},"datePublished":"2020-09-30T13:41:17+00:00","dateModified":"2022-07-12T07:20:51+00:00","breadcrumb":{"@id":"https:\/\/herculan.com\/fr\/utility\/#breadcrumb"},"inLanguage":"fr-FR","potentialAction":[{"@type":"ReadAction","target":["https:\/\/herculan.com\/fr\/utility\/"]}]},{"@type":"BreadcrumbList","@id":"https:\/\/herculan.com\/fr\/utility\/#breadcrumb","itemListElement":[{"@type":"ListItem","position":1,"name":"Home","item":"https:\/\/herculan.com\/fr\/"},{"@type":"ListItem","position":2,"name":"Utility"}]},{"@type":"WebSite","@id":"https:\/\/herculan.com\/fr\/#website","url":"https:\/\/herculan.com\/fr\/","name":"Herculan","description":"We&#039;ve got it covered","potentialAction":[{"@type":"SearchAction","target":{"@type":"EntryPoint","urlTemplate":"https:\/\/herculan.com\/fr\/?s={search_term_string}"},"query-input":{"@type":"PropertyValueSpecification","valueRequired":true,"valueName":"search_term_string"}}],"inLanguage":"fr-FR"}]}},"_links":{"self":[{"href":"https:\/\/herculan.com\/fr\/wp-json\/wp\/v2\/pages\/2698","targetHints":{"allow":["GET"]}}],"collection":[{"href":"https:\/\/herculan.com\/fr\/wp-json\/wp\/v2\/pages"}],"about":[{"href":"https:\/\/herculan.com\/fr\/wp-json\/wp\/v2\/types\/page"}],"author":[{"embeddable":true,"href":"https:\/\/herculan.com\/fr\/wp-json\/wp\/v2\/users\/1"}],"replies":[{"embeddable":true,"href":"https:\/\/herculan.com\/fr\/wp-json\/wp\/v2\/comments?post=2698"}],"version-history":[{"count":3,"href":"https:\/\/herculan.com\/fr\/wp-json\/wp\/v2\/pages\/2698\/revisions"}],"predecessor-version":[{"id":6186,"href":"https:\/\/herculan.com\/fr\/wp-json\/wp\/v2\/pages\/2698\/revisions\/6186"}],"wp:attachment":[{"href":"https:\/\/herculan.com\/fr\/wp-json\/wp\/v2\/media?parent=2698"}],"curies":[{"name":"wp","href":"https:\/\/api.w.org\/{rel}","templated":true}]}}