{"id":2741,"date":"2020-10-05T10:37:34","date_gmt":"2020-10-05T10:37:34","guid":{"rendered":"https:\/\/herculan.com\/sports-en-salle\/toepassingen\/"},"modified":"2020-10-22T08:59:44","modified_gmt":"2020-10-22T08:59:44","slug":"applications","status":"publish","type":"page","link":"https:\/\/herculan.com\/fr\/sports-en-salle\/applications\/","title":{"rendered":"Applications"},"content":{"rendered":"\n<p>Nous proposons une gamme impressionnante de syst\u00e8mes de sols sportifs Herculan en polyur\u00e9thane de qualit\u00e9 sup\u00e9rieure. Il y a donc toujours un sol sportif qui correspond \u00e0 vos souhaits en mati\u00e8re de sport, de budget et d\u2019activit\u00e9s. Si vous avez d\u00e9j\u00e0 un sol sportif et si ce rev\u00eatement ne r\u00e9pond plus \u00e0 vos exigences ou \u00e0 vos souhaits, une r\u00e9novation de sol sportif pourra peut-\u00eatre vous apporter une solution.<\/p>\n","protected":false},"excerpt":{"rendered":"<p>Nous proposons une gamme impressionnante de syst\u00e8mes de sols sportifs Herculan en polyur\u00e9thane de qualit\u00e9 sup\u00e9rieure. Il y a donc toujours un sol sportif qui correspond \u00e0 vos souhaits en mati\u00e8re de sport, de budget et d\u2019activit\u00e9s. Si vous avez d\u00e9j\u00e0 un sol sportif et si ce rev\u00eatement ne r\u00e9pond plus \u00e0 vos exigences ou [&hellip;]<\/p>\n","protected":false},"author":1,"featured_media":146,"parent":2694,"menu_order":1,"comment_status":"closed","ping_status":"closed","template":"page-applications.php","meta":{"_acf_changed":false,"footnotes":""},"class_list":["post-2741","page","type-page","status-publish","has-post-thumbnail","hentry"],"acf":[],"yoast_head":"<!-- This site is optimized with the Yoast SEO plugin v27.3 - https:\/\/yoast.com\/product\/yoast-seo-wordpress\/ -->\n<title>Applications &#8226; Herculan<\/title>\n<meta name=\"robots\" content=\"index, follow, max-snippet:-1, max-image-preview:large, max-video-preview:-1\" \/>\n<link rel=\"canonical\" href=\"https:\/\/herculan.com\/fr\/sports-en-salle\/applications\/\" \/>\n<script type=\"application\/ld+json\" class=\"yoast-schema-graph\">{\"@context\":\"https:\\\/\\\/schema.org\",\"@graph\":[{\"@type\":\"WebPage\",\"@id\":\"https:\\\/\\\/herculan.com\\\/fr\\\/sports-en-salle\\\/applications\\\/\",\"url\":\"https:\\\/\\\/herculan.com\\\/fr\\\/sports-en-salle\\\/applications\\\/\",\"name\":\"Applications &#8226; Herculan\",\"isPartOf\":{\"@id\":\"https:\\\/\\\/herculan.com\\\/fr\\\/#website\"},\"primaryImageOfPage\":{\"@id\":\"https:\\\/\\\/herculan.com\\\/fr\\\/sports-en-salle\\\/applications\\\/#primaryimage\"},\"image\":{\"@id\":\"https:\\\/\\\/herculan.com\\\/fr\\\/sports-en-salle\\\/applications\\\/#primaryimage\"},\"thumbnailUrl\":\"https:\\\/\\\/herculan.com\\\/wp-content\\\/uploads\\\/2020\\\/09\\\/binnensport-hoofdfoto.jpg\",\"datePublished\":\"2020-10-05T10:37:34+00:00\",\"dateModified\":\"2020-10-22T08:59:44+00:00\",\"breadcrumb\":{\"@id\":\"https:\\\/\\\/herculan.com\\\/fr\\\/sports-en-salle\\\/applications\\\/#breadcrumb\"},\"inLanguage\":\"fr-FR\",\"potentialAction\":[{\"@type\":\"ReadAction\",\"target\":[\"https:\\\/\\\/herculan.com\\\/fr\\\/sports-en-salle\\\/applications\\\/\"]}]},{\"@type\":\"ImageObject\",\"inLanguage\":\"fr-FR\",\"@id\":\"https:\\\/\\\/herculan.com\\\/fr\\\/sports-en-salle\\\/applications\\\/#primaryimage\",\"url\":\"https:\\\/\\\/herculan.com\\\/wp-content\\\/uploads\\\/2020\\\/09\\\/binnensport-hoofdfoto.jpg\",\"contentUrl\":\"https:\\\/\\\/herculan.com\\\/wp-content\\\/uploads\\\/2020\\\/09\\\/binnensport-hoofdfoto.jpg\",\"width\":1200,\"height\":537},{\"@type\":\"BreadcrumbList\",\"@id\":\"https:\\\/\\\/herculan.com\\\/fr\\\/sports-en-salle\\\/applications\\\/#breadcrumb\",\"itemListElement\":[{\"@type\":\"ListItem\",\"position\":1,\"name\":\"Home\",\"item\":\"https:\\\/\\\/herculan.com\\\/fr\\\/\"},{\"@type\":\"ListItem\",\"position\":2,\"name\":\"Sports en salle\",\"item\":\"https:\\\/\\\/herculan.com\\\/fr\\\/sports-en-salle\\\/\"},{\"@type\":\"ListItem\",\"position\":3,\"name\":\"Applications\"}]},{\"@type\":\"WebSite\",\"@id\":\"https:\\\/\\\/herculan.com\\\/fr\\\/#website\",\"url\":\"https:\\\/\\\/herculan.com\\\/fr\\\/\",\"name\":\"Herculan\",\"description\":\"We&#039;ve got it covered\",\"potentialAction\":[{\"@type\":\"SearchAction\",\"target\":{\"@type\":\"EntryPoint\",\"urlTemplate\":\"https:\\\/\\\/herculan.com\\\/fr\\\/?s={search_term_string}\"},\"query-input\":{\"@type\":\"PropertyValueSpecification\",\"valueRequired\":true,\"valueName\":\"search_term_string\"}}],\"inLanguage\":\"fr-FR\"}]}<\/script>\n<!-- \/ Yoast SEO plugin. -->","yoast_head_json":{"title":"Applications &#8226; Herculan","robots":{"index":"index","follow":"follow","max-snippet":"max-snippet:-1","max-image-preview":"max-image-preview:large","max-video-preview":"max-video-preview:-1"},"canonical":"https:\/\/herculan.com\/fr\/sports-en-salle\/applications\/","schema":{"@context":"https:\/\/schema.org","@graph":[{"@type":"WebPage","@id":"https:\/\/herculan.com\/fr\/sports-en-salle\/applications\/","url":"https:\/\/herculan.com\/fr\/sports-en-salle\/applications\/","name":"Applications &#8226; Herculan","isPartOf":{"@id":"https:\/\/herculan.com\/fr\/#website"},"primaryImageOfPage":{"@id":"https:\/\/herculan.com\/fr\/sports-en-salle\/applications\/#primaryimage"},"image":{"@id":"https:\/\/herculan.com\/fr\/sports-en-salle\/applications\/#primaryimage"},"thumbnailUrl":"https:\/\/herculan.com\/wp-content\/uploads\/2020\/09\/binnensport-hoofdfoto.jpg","datePublished":"2020-10-05T10:37:34+00:00","dateModified":"2020-10-22T08:59:44+00:00","breadcrumb":{"@id":"https:\/\/herculan.com\/fr\/sports-en-salle\/applications\/#breadcrumb"},"inLanguage":"fr-FR","potentialAction":[{"@type":"ReadAction","target":["https:\/\/herculan.com\/fr\/sports-en-salle\/applications\/"]}]},{"@type":"ImageObject","inLanguage":"fr-FR","@id":"https:\/\/herculan.com\/fr\/sports-en-salle\/applications\/#primaryimage","url":"https:\/\/herculan.com\/wp-content\/uploads\/2020\/09\/binnensport-hoofdfoto.jpg","contentUrl":"https:\/\/herculan.com\/wp-content\/uploads\/2020\/09\/binnensport-hoofdfoto.jpg","width":1200,"height":537},{"@type":"BreadcrumbList","@id":"https:\/\/herculan.com\/fr\/sports-en-salle\/applications\/#breadcrumb","itemListElement":[{"@type":"ListItem","position":1,"name":"Home","item":"https:\/\/herculan.com\/fr\/"},{"@type":"ListItem","position":2,"name":"Sports en salle","item":"https:\/\/herculan.com\/fr\/sports-en-salle\/"},{"@type":"ListItem","position":3,"name":"Applications"}]},{"@type":"WebSite","@id":"https:\/\/herculan.com\/fr\/#website","url":"https:\/\/herculan.com\/fr\/","name":"Herculan","description":"We&#039;ve got it covered","potentialAction":[{"@type":"SearchAction","target":{"@type":"EntryPoint","urlTemplate":"https:\/\/herculan.com\/fr\/?s={search_term_string}"},"query-input":{"@type":"PropertyValueSpecification","valueRequired":true,"valueName":"search_term_string"}}],"inLanguage":"fr-FR"}]}},"_links":{"self":[{"href":"https:\/\/herculan.com\/fr\/wp-json\/wp\/v2\/pages\/2741","targetHints":{"allow":["GET"]}}],"collection":[{"href":"https:\/\/herculan.com\/fr\/wp-json\/wp\/v2\/pages"}],"about":[{"href":"https:\/\/herculan.com\/fr\/wp-json\/wp\/v2\/types\/page"}],"author":[{"embeddable":true,"href":"https:\/\/herculan.com\/fr\/wp-json\/wp\/v2\/users\/1"}],"replies":[{"embeddable":true,"href":"https:\/\/herculan.com\/fr\/wp-json\/wp\/v2\/comments?post=2741"}],"version-history":[{"count":2,"href":"https:\/\/herculan.com\/fr\/wp-json\/wp\/v2\/pages\/2741\/revisions"}],"predecessor-version":[{"id":2764,"href":"https:\/\/herculan.com\/fr\/wp-json\/wp\/v2\/pages\/2741\/revisions\/2764"}],"up":[{"embeddable":true,"href":"https:\/\/herculan.com\/fr\/wp-json\/wp\/v2\/pages\/2694"}],"wp:featuredmedia":[{"embeddable":true,"href":"https:\/\/herculan.com\/fr\/wp-json\/wp\/v2\/media\/146"}],"wp:attachment":[{"href":"https:\/\/herculan.com\/fr\/wp-json\/wp\/v2\/media?parent=2741"}],"curies":[{"name":"wp","href":"https:\/\/api.w.org\/{rel}","templated":true}]}}