{"id":2747,"date":"2020-10-05T10:44:16","date_gmt":"2020-10-05T10:44:16","guid":{"rendered":"https:\/\/herculan.com\/sports-en-salle\/rd-innovatie\/"},"modified":"2020-10-22T09:16:53","modified_gmt":"2020-10-22T09:16:53","slug":"rd-innovation","status":"publish","type":"page","link":"https:\/\/herculan.com\/fr\/sports-en-salle\/rd-innovation\/","title":{"rendered":"R&#038;D \/ innovation"},"content":{"rendered":"\n<p>Herculan attache une grande importance au d\u00e9veloppement et \u00e0 l\u2019innovation. De nombreuses \u00e9tudes s\u2019orientent vers les futures r\u00e9glementations et exigences d\u2019utilisation. Nous anticipons pleinement sur les d\u00e9veloppements \u00e0 venir en mati\u00e8re de durabilit\u00e9 du processus de production. Nous cherchons des solutions de remplacement lorsque le march\u00e9 des mati\u00e8res premi\u00e8res devient capricieux et nous am\u00e9liorons en permanence nos propres produits pour les hisser \u00e0 un niveau encore sup\u00e9rieur. C\u2019est un processus intensif, car nous recherchons toujours le meilleur r\u00e9sultat.<\/p>\n","protected":false},"excerpt":{"rendered":"<p>Herculan attache une grande importance au d\u00e9veloppement et \u00e0 l\u2019innovation. De nombreuses \u00e9tudes s\u2019orientent vers les futures r\u00e9glementations et exigences d\u2019utilisation. Nous anticipons pleinement sur les d\u00e9veloppements \u00e0 venir en mati\u00e8re de durabilit\u00e9 du processus de production. Nous cherchons des solutions de remplacement lorsque le march\u00e9 des mati\u00e8res premi\u00e8res devient capricieux et nous am\u00e9liorons en [&hellip;]<\/p>\n","protected":false},"author":1,"featured_media":114,"parent":2694,"menu_order":4,"comment_status":"closed","ping_status":"closed","template":"","meta":{"_acf_changed":false,"footnotes":""},"class_list":["post-2747","page","type-page","status-publish","has-post-thumbnail","hentry"],"acf":[],"yoast_head":"<!-- This site is optimized with the Yoast SEO plugin v27.3 - https:\/\/yoast.com\/product\/yoast-seo-wordpress\/ -->\n<title>R&amp;D \/ innovation &#8226; Herculan<\/title>\n<meta name=\"robots\" content=\"index, follow, max-snippet:-1, max-image-preview:large, max-video-preview:-1\" \/>\n<link rel=\"canonical\" href=\"https:\/\/herculan.com\/fr\/sports-en-salle\/rd-innovation\/\" \/>\n<script type=\"application\/ld+json\" class=\"yoast-schema-graph\">{\"@context\":\"https:\\\/\\\/schema.org\",\"@graph\":[{\"@type\":\"WebPage\",\"@id\":\"https:\\\/\\\/herculan.com\\\/fr\\\/sports-en-salle\\\/rd-innovation\\\/\",\"url\":\"https:\\\/\\\/herculan.com\\\/fr\\\/sports-en-salle\\\/rd-innovation\\\/\",\"name\":\"R&D \\\/ innovation &#8226; Herculan\",\"isPartOf\":{\"@id\":\"https:\\\/\\\/herculan.com\\\/fr\\\/#website\"},\"primaryImageOfPage\":{\"@id\":\"https:\\\/\\\/herculan.com\\\/fr\\\/sports-en-salle\\\/rd-innovation\\\/#primaryimage\"},\"image\":{\"@id\":\"https:\\\/\\\/herculan.com\\\/fr\\\/sports-en-salle\\\/rd-innovation\\\/#primaryimage\"},\"thumbnailUrl\":\"https:\\\/\\\/herculan.com\\\/wp-content\\\/uploads\\\/2020\\\/09\\\/rendkleur.jpg\",\"datePublished\":\"2020-10-05T10:44:16+00:00\",\"dateModified\":\"2020-10-22T09:16:53+00:00\",\"breadcrumb\":{\"@id\":\"https:\\\/\\\/herculan.com\\\/fr\\\/sports-en-salle\\\/rd-innovation\\\/#breadcrumb\"},\"inLanguage\":\"fr-FR\",\"potentialAction\":[{\"@type\":\"ReadAction\",\"target\":[\"https:\\\/\\\/herculan.com\\\/fr\\\/sports-en-salle\\\/rd-innovation\\\/\"]}]},{\"@type\":\"ImageObject\",\"inLanguage\":\"fr-FR\",\"@id\":\"https:\\\/\\\/herculan.com\\\/fr\\\/sports-en-salle\\\/rd-innovation\\\/#primaryimage\",\"url\":\"https:\\\/\\\/herculan.com\\\/wp-content\\\/uploads\\\/2020\\\/09\\\/rendkleur.jpg\",\"contentUrl\":\"https:\\\/\\\/herculan.com\\\/wp-content\\\/uploads\\\/2020\\\/09\\\/rendkleur.jpg\",\"width\":1200,\"height\":537},{\"@type\":\"BreadcrumbList\",\"@id\":\"https:\\\/\\\/herculan.com\\\/fr\\\/sports-en-salle\\\/rd-innovation\\\/#breadcrumb\",\"itemListElement\":[{\"@type\":\"ListItem\",\"position\":1,\"name\":\"Home\",\"item\":\"https:\\\/\\\/herculan.com\\\/fr\\\/\"},{\"@type\":\"ListItem\",\"position\":2,\"name\":\"Sports en salle\",\"item\":\"https:\\\/\\\/herculan.com\\\/fr\\\/sports-en-salle\\\/\"},{\"@type\":\"ListItem\",\"position\":3,\"name\":\"R&#038;D \\\/ innovation\"}]},{\"@type\":\"WebSite\",\"@id\":\"https:\\\/\\\/herculan.com\\\/fr\\\/#website\",\"url\":\"https:\\\/\\\/herculan.com\\\/fr\\\/\",\"name\":\"Herculan\",\"description\":\"We&#039;ve got it covered\",\"potentialAction\":[{\"@type\":\"SearchAction\",\"target\":{\"@type\":\"EntryPoint\",\"urlTemplate\":\"https:\\\/\\\/herculan.com\\\/fr\\\/?s={search_term_string}\"},\"query-input\":{\"@type\":\"PropertyValueSpecification\",\"valueRequired\":true,\"valueName\":\"search_term_string\"}}],\"inLanguage\":\"fr-FR\"}]}<\/script>\n<!-- \/ Yoast SEO plugin. -->","yoast_head_json":{"title":"R&D \/ innovation &#8226; Herculan","robots":{"index":"index","follow":"follow","max-snippet":"max-snippet:-1","max-image-preview":"max-image-preview:large","max-video-preview":"max-video-preview:-1"},"canonical":"https:\/\/herculan.com\/fr\/sports-en-salle\/rd-innovation\/","schema":{"@context":"https:\/\/schema.org","@graph":[{"@type":"WebPage","@id":"https:\/\/herculan.com\/fr\/sports-en-salle\/rd-innovation\/","url":"https:\/\/herculan.com\/fr\/sports-en-salle\/rd-innovation\/","name":"R&D \/ innovation &#8226; Herculan","isPartOf":{"@id":"https:\/\/herculan.com\/fr\/#website"},"primaryImageOfPage":{"@id":"https:\/\/herculan.com\/fr\/sports-en-salle\/rd-innovation\/#primaryimage"},"image":{"@id":"https:\/\/herculan.com\/fr\/sports-en-salle\/rd-innovation\/#primaryimage"},"thumbnailUrl":"https:\/\/herculan.com\/wp-content\/uploads\/2020\/09\/rendkleur.jpg","datePublished":"2020-10-05T10:44:16+00:00","dateModified":"2020-10-22T09:16:53+00:00","breadcrumb":{"@id":"https:\/\/herculan.com\/fr\/sports-en-salle\/rd-innovation\/#breadcrumb"},"inLanguage":"fr-FR","potentialAction":[{"@type":"ReadAction","target":["https:\/\/herculan.com\/fr\/sports-en-salle\/rd-innovation\/"]}]},{"@type":"ImageObject","inLanguage":"fr-FR","@id":"https:\/\/herculan.com\/fr\/sports-en-salle\/rd-innovation\/#primaryimage","url":"https:\/\/herculan.com\/wp-content\/uploads\/2020\/09\/rendkleur.jpg","contentUrl":"https:\/\/herculan.com\/wp-content\/uploads\/2020\/09\/rendkleur.jpg","width":1200,"height":537},{"@type":"BreadcrumbList","@id":"https:\/\/herculan.com\/fr\/sports-en-salle\/rd-innovation\/#breadcrumb","itemListElement":[{"@type":"ListItem","position":1,"name":"Home","item":"https:\/\/herculan.com\/fr\/"},{"@type":"ListItem","position":2,"name":"Sports en salle","item":"https:\/\/herculan.com\/fr\/sports-en-salle\/"},{"@type":"ListItem","position":3,"name":"R&#038;D \/ innovation"}]},{"@type":"WebSite","@id":"https:\/\/herculan.com\/fr\/#website","url":"https:\/\/herculan.com\/fr\/","name":"Herculan","description":"We&#039;ve got it covered","potentialAction":[{"@type":"SearchAction","target":{"@type":"EntryPoint","urlTemplate":"https:\/\/herculan.com\/fr\/?s={search_term_string}"},"query-input":{"@type":"PropertyValueSpecification","valueRequired":true,"valueName":"search_term_string"}}],"inLanguage":"fr-FR"}]}},"_links":{"self":[{"href":"https:\/\/herculan.com\/fr\/wp-json\/wp\/v2\/pages\/2747","targetHints":{"allow":["GET"]}}],"collection":[{"href":"https:\/\/herculan.com\/fr\/wp-json\/wp\/v2\/pages"}],"about":[{"href":"https:\/\/herculan.com\/fr\/wp-json\/wp\/v2\/types\/page"}],"author":[{"embeddable":true,"href":"https:\/\/herculan.com\/fr\/wp-json\/wp\/v2\/users\/1"}],"replies":[{"embeddable":true,"href":"https:\/\/herculan.com\/fr\/wp-json\/wp\/v2\/comments?post=2747"}],"version-history":[{"count":2,"href":"https:\/\/herculan.com\/fr\/wp-json\/wp\/v2\/pages\/2747\/revisions"}],"predecessor-version":[{"id":2782,"href":"https:\/\/herculan.com\/fr\/wp-json\/wp\/v2\/pages\/2747\/revisions\/2782"}],"up":[{"embeddable":true,"href":"https:\/\/herculan.com\/fr\/wp-json\/wp\/v2\/pages\/2694"}],"wp:featuredmedia":[{"embeddable":true,"href":"https:\/\/herculan.com\/fr\/wp-json\/wp\/v2\/media\/114"}],"wp:attachment":[{"href":"https:\/\/herculan.com\/fr\/wp-json\/wp\/v2\/media?parent=2747"}],"curies":[{"name":"wp","href":"https:\/\/api.w.org\/{rel}","templated":true}]}}