{"id":2863,"date":"2020-10-05T13:51:57","date_gmt":"2020-10-05T13:51:57","guid":{"rendered":"https:\/\/herculan.com\/sports-en-salle\/applications\/sporthallen\/"},"modified":"2020-10-22T10:04:02","modified_gmt":"2020-10-22T10:04:02","slug":"salles-de-sports","status":"publish","type":"page","link":"https:\/\/herculan.com\/fr\/sports-en-salle\/applications\/salles-de-sports\/","title":{"rendered":"Salles de sports"},"content":{"rendered":"\n<p>Plusieurs sports sont g\u00e9n\u00e9ralement pratiqu\u00e9s dans une salle de sports. Le sol doit donc \u00eatre polyvalent et constituer un compromis parfait entre les diff\u00e9rentes exigences que ces activit\u00e9s sportives posent au sol sportif. Le choix d\u00e9pend alors entre autres du budget pr\u00e9vu, des souhaits, des types de sports et du niveau auquel les activit\u00e9s seront pratiqu\u00e9es. Herculan vous propose la solution ad\u00e9quate.<\/p>\n","protected":false},"excerpt":{"rendered":"<p>Plusieurs sports sont g\u00e9n\u00e9ralement pratiqu\u00e9s dans une salle de sports. Le sol doit donc \u00eatre polyvalent et constituer un compromis parfait entre les diff\u00e9rentes exigences que ces activit\u00e9s sportives posent au sol sportif. Le choix d\u00e9pend alors entre autres du budget pr\u00e9vu, des souhaits, des types de sports et du niveau auquel les activit\u00e9s seront [&hellip;]<\/p>\n","protected":false},"author":1,"featured_media":526,"parent":2741,"menu_order":2,"comment_status":"closed","ping_status":"closed","template":"page-application.php","meta":{"_acf_changed":false,"footnotes":""},"class_list":["post-2863","page","type-page","status-publish","has-post-thumbnail","hentry"],"acf":[],"yoast_head":"<!-- This site is optimized with the Yoast SEO plugin v27.4 - https:\/\/yoast.com\/product\/yoast-seo-wordpress\/ -->\n<title>Salles de sports &#8226; Herculan<\/title>\n<meta name=\"robots\" content=\"index, follow, max-snippet:-1, max-image-preview:large, max-video-preview:-1\" \/>\n<link rel=\"canonical\" href=\"https:\/\/herculan.com\/fr\/sports-en-salle\/applications\/salles-de-sports\/\" \/>\n<script type=\"application\/ld+json\" class=\"yoast-schema-graph\">{\"@context\":\"https:\\\/\\\/schema.org\",\"@graph\":[{\"@type\":\"WebPage\",\"@id\":\"https:\\\/\\\/herculan.com\\\/fr\\\/sports-en-salle\\\/applications\\\/salles-de-sports\\\/\",\"url\":\"https:\\\/\\\/herculan.com\\\/fr\\\/sports-en-salle\\\/applications\\\/salles-de-sports\\\/\",\"name\":\"Salles de sports &#8226; Herculan\",\"isPartOf\":{\"@id\":\"https:\\\/\\\/herculan.com\\\/fr\\\/#website\"},\"primaryImageOfPage\":{\"@id\":\"https:\\\/\\\/herculan.com\\\/fr\\\/sports-en-salle\\\/applications\\\/salles-de-sports\\\/#primaryimage\"},\"image\":{\"@id\":\"https:\\\/\\\/herculan.com\\\/fr\\\/sports-en-salle\\\/applications\\\/salles-de-sports\\\/#primaryimage\"},\"thumbnailUrl\":\"https:\\\/\\\/herculan.com\\\/wp-content\\\/uploads\\\/2020\\\/09\\\/Sportvloer-hoofdfoto.jpg\",\"datePublished\":\"2020-10-05T13:51:57+00:00\",\"dateModified\":\"2020-10-22T10:04:02+00:00\",\"breadcrumb\":{\"@id\":\"https:\\\/\\\/herculan.com\\\/fr\\\/sports-en-salle\\\/applications\\\/salles-de-sports\\\/#breadcrumb\"},\"inLanguage\":\"fr-FR\",\"potentialAction\":[{\"@type\":\"ReadAction\",\"target\":[\"https:\\\/\\\/herculan.com\\\/fr\\\/sports-en-salle\\\/applications\\\/salles-de-sports\\\/\"]}]},{\"@type\":\"ImageObject\",\"inLanguage\":\"fr-FR\",\"@id\":\"https:\\\/\\\/herculan.com\\\/fr\\\/sports-en-salle\\\/applications\\\/salles-de-sports\\\/#primaryimage\",\"url\":\"https:\\\/\\\/herculan.com\\\/wp-content\\\/uploads\\\/2020\\\/09\\\/Sportvloer-hoofdfoto.jpg\",\"contentUrl\":\"https:\\\/\\\/herculan.com\\\/wp-content\\\/uploads\\\/2020\\\/09\\\/Sportvloer-hoofdfoto.jpg\",\"width\":1200,\"height\":537},{\"@type\":\"BreadcrumbList\",\"@id\":\"https:\\\/\\\/herculan.com\\\/fr\\\/sports-en-salle\\\/applications\\\/salles-de-sports\\\/#breadcrumb\",\"itemListElement\":[{\"@type\":\"ListItem\",\"position\":1,\"name\":\"Home\",\"item\":\"https:\\\/\\\/herculan.com\\\/fr\\\/\"},{\"@type\":\"ListItem\",\"position\":2,\"name\":\"Sports en salle\",\"item\":\"https:\\\/\\\/herculan.com\\\/fr\\\/sports-en-salle\\\/\"},{\"@type\":\"ListItem\",\"position\":3,\"name\":\"Applications\",\"item\":\"https:\\\/\\\/herculan.com\\\/fr\\\/sports-en-salle\\\/applications\\\/\"},{\"@type\":\"ListItem\",\"position\":4,\"name\":\"Salles de sports\"}]},{\"@type\":\"WebSite\",\"@id\":\"https:\\\/\\\/herculan.com\\\/fr\\\/#website\",\"url\":\"https:\\\/\\\/herculan.com\\\/fr\\\/\",\"name\":\"Herculan\",\"description\":\"We&#039;ve got it covered\",\"potentialAction\":[{\"@type\":\"SearchAction\",\"target\":{\"@type\":\"EntryPoint\",\"urlTemplate\":\"https:\\\/\\\/herculan.com\\\/fr\\\/?s={search_term_string}\"},\"query-input\":{\"@type\":\"PropertyValueSpecification\",\"valueRequired\":true,\"valueName\":\"search_term_string\"}}],\"inLanguage\":\"fr-FR\"}]}<\/script>\n<!-- \/ Yoast SEO plugin. -->","yoast_head_json":{"title":"Salles de sports &#8226; Herculan","robots":{"index":"index","follow":"follow","max-snippet":"max-snippet:-1","max-image-preview":"max-image-preview:large","max-video-preview":"max-video-preview:-1"},"canonical":"https:\/\/herculan.com\/fr\/sports-en-salle\/applications\/salles-de-sports\/","schema":{"@context":"https:\/\/schema.org","@graph":[{"@type":"WebPage","@id":"https:\/\/herculan.com\/fr\/sports-en-salle\/applications\/salles-de-sports\/","url":"https:\/\/herculan.com\/fr\/sports-en-salle\/applications\/salles-de-sports\/","name":"Salles de sports &#8226; Herculan","isPartOf":{"@id":"https:\/\/herculan.com\/fr\/#website"},"primaryImageOfPage":{"@id":"https:\/\/herculan.com\/fr\/sports-en-salle\/applications\/salles-de-sports\/#primaryimage"},"image":{"@id":"https:\/\/herculan.com\/fr\/sports-en-salle\/applications\/salles-de-sports\/#primaryimage"},"thumbnailUrl":"https:\/\/herculan.com\/wp-content\/uploads\/2020\/09\/Sportvloer-hoofdfoto.jpg","datePublished":"2020-10-05T13:51:57+00:00","dateModified":"2020-10-22T10:04:02+00:00","breadcrumb":{"@id":"https:\/\/herculan.com\/fr\/sports-en-salle\/applications\/salles-de-sports\/#breadcrumb"},"inLanguage":"fr-FR","potentialAction":[{"@type":"ReadAction","target":["https:\/\/herculan.com\/fr\/sports-en-salle\/applications\/salles-de-sports\/"]}]},{"@type":"ImageObject","inLanguage":"fr-FR","@id":"https:\/\/herculan.com\/fr\/sports-en-salle\/applications\/salles-de-sports\/#primaryimage","url":"https:\/\/herculan.com\/wp-content\/uploads\/2020\/09\/Sportvloer-hoofdfoto.jpg","contentUrl":"https:\/\/herculan.com\/wp-content\/uploads\/2020\/09\/Sportvloer-hoofdfoto.jpg","width":1200,"height":537},{"@type":"BreadcrumbList","@id":"https:\/\/herculan.com\/fr\/sports-en-salle\/applications\/salles-de-sports\/#breadcrumb","itemListElement":[{"@type":"ListItem","position":1,"name":"Home","item":"https:\/\/herculan.com\/fr\/"},{"@type":"ListItem","position":2,"name":"Sports en salle","item":"https:\/\/herculan.com\/fr\/sports-en-salle\/"},{"@type":"ListItem","position":3,"name":"Applications","item":"https:\/\/herculan.com\/fr\/sports-en-salle\/applications\/"},{"@type":"ListItem","position":4,"name":"Salles de sports"}]},{"@type":"WebSite","@id":"https:\/\/herculan.com\/fr\/#website","url":"https:\/\/herculan.com\/fr\/","name":"Herculan","description":"We&#039;ve got it covered","potentialAction":[{"@type":"SearchAction","target":{"@type":"EntryPoint","urlTemplate":"https:\/\/herculan.com\/fr\/?s={search_term_string}"},"query-input":{"@type":"PropertyValueSpecification","valueRequired":true,"valueName":"search_term_string"}}],"inLanguage":"fr-FR"}]}},"_links":{"self":[{"href":"https:\/\/herculan.com\/fr\/wp-json\/wp\/v2\/pages\/2863","targetHints":{"allow":["GET"]}}],"collection":[{"href":"https:\/\/herculan.com\/fr\/wp-json\/wp\/v2\/pages"}],"about":[{"href":"https:\/\/herculan.com\/fr\/wp-json\/wp\/v2\/types\/page"}],"author":[{"embeddable":true,"href":"https:\/\/herculan.com\/fr\/wp-json\/wp\/v2\/users\/1"}],"replies":[{"embeddable":true,"href":"https:\/\/herculan.com\/fr\/wp-json\/wp\/v2\/comments?post=2863"}],"version-history":[{"count":2,"href":"https:\/\/herculan.com\/fr\/wp-json\/wp\/v2\/pages\/2863\/revisions"}],"predecessor-version":[{"id":2884,"href":"https:\/\/herculan.com\/fr\/wp-json\/wp\/v2\/pages\/2863\/revisions\/2884"}],"up":[{"embeddable":true,"href":"https:\/\/herculan.com\/fr\/wp-json\/wp\/v2\/pages\/2741"}],"wp:featuredmedia":[{"embeddable":true,"href":"https:\/\/herculan.com\/fr\/wp-json\/wp\/v2\/media\/526"}],"wp:attachment":[{"href":"https:\/\/herculan.com\/fr\/wp-json\/wp\/v2\/media?parent=2863"}],"curies":[{"name":"wp","href":"https:\/\/api.w.org\/{rel}","templated":true}]}}