{"id":2865,"date":"2020-10-05T13:53:04","date_gmt":"2020-10-05T13:53:04","guid":{"rendered":"https:\/\/herculan.com\/sports-en-salle\/applications\/scholen-universiteiten\/"},"modified":"2020-10-22T10:09:15","modified_gmt":"2020-10-22T10:09:15","slug":"etablissements-scolaires-et-universitaires","status":"publish","type":"page","link":"https:\/\/herculan.com\/fr\/sports-en-salle\/applications\/etablissements-scolaires-et-universitaires\/","title":{"rendered":"\u00c9tablissements scolaires et universitaires"},"content":{"rendered":"\n<p>Les \u00e9tablissements scolaires et universitaires pr\u00e9voient des exigences et des souhaits sp\u00e9cifiques concernant leurs \u00e9quipements sportifs. Les exigences pr\u00e9vues pour les sols sportifs de l\u2019enseignement primaire peuvent \u00eatre diff\u00e9rentes de celles qui sont d\u00e9termin\u00e9es pour les sols sportifs d\u2019universit\u00e9 sur lesquels les sports sont pratiqu\u00e9s \u00e0 haut niveau.<\/p>\n","protected":false},"excerpt":{"rendered":"<p>Les \u00e9tablissements scolaires et universitaires pr\u00e9voient des exigences et des souhaits sp\u00e9cifiques concernant leurs \u00e9quipements sportifs. Les exigences pr\u00e9vues pour les sols sportifs de l\u2019enseignement primaire peuvent \u00eatre diff\u00e9rentes de celles qui sont d\u00e9termin\u00e9es pour les sols sportifs d\u2019universit\u00e9 sur lesquels les sports sont pratiqu\u00e9s \u00e0 haut niveau.<\/p>\n","protected":false},"author":1,"featured_media":450,"parent":2741,"menu_order":3,"comment_status":"closed","ping_status":"closed","template":"page-application.php","meta":{"_acf_changed":false,"footnotes":""},"class_list":["post-2865","page","type-page","status-publish","has-post-thumbnail","hentry"],"acf":[],"yoast_head":"<!-- This site is optimized with the Yoast SEO plugin v27.3 - https:\/\/yoast.com\/product\/yoast-seo-wordpress\/ -->\n<title>\u00c9tablissements scolaires et universitaires &#8226; Herculan<\/title>\n<meta name=\"robots\" content=\"index, follow, max-snippet:-1, max-image-preview:large, max-video-preview:-1\" \/>\n<link rel=\"canonical\" href=\"https:\/\/herculan.com\/fr\/sports-en-salle\/applications\/etablissements-scolaires-et-universitaires\/\" \/>\n<script type=\"application\/ld+json\" class=\"yoast-schema-graph\">{\"@context\":\"https:\\\/\\\/schema.org\",\"@graph\":[{\"@type\":\"WebPage\",\"@id\":\"https:\\\/\\\/herculan.com\\\/fr\\\/sports-en-salle\\\/applications\\\/etablissements-scolaires-et-universitaires\\\/\",\"url\":\"https:\\\/\\\/herculan.com\\\/fr\\\/sports-en-salle\\\/applications\\\/etablissements-scolaires-et-universitaires\\\/\",\"name\":\"\u00c9tablissements scolaires et universitaires &#8226; Herculan\",\"isPartOf\":{\"@id\":\"https:\\\/\\\/herculan.com\\\/fr\\\/#website\"},\"primaryImageOfPage\":{\"@id\":\"https:\\\/\\\/herculan.com\\\/fr\\\/sports-en-salle\\\/applications\\\/etablissements-scolaires-et-universitaires\\\/#primaryimage\"},\"image\":{\"@id\":\"https:\\\/\\\/herculan.com\\\/fr\\\/sports-en-salle\\\/applications\\\/etablissements-scolaires-et-universitaires\\\/#primaryimage\"},\"thumbnailUrl\":\"https:\\\/\\\/herculan.com\\\/wp-content\\\/uploads\\\/2020\\\/09\\\/Scholen-hoofdfoto.jpg\",\"datePublished\":\"2020-10-05T13:53:04+00:00\",\"dateModified\":\"2020-10-22T10:09:15+00:00\",\"breadcrumb\":{\"@id\":\"https:\\\/\\\/herculan.com\\\/fr\\\/sports-en-salle\\\/applications\\\/etablissements-scolaires-et-universitaires\\\/#breadcrumb\"},\"inLanguage\":\"fr-FR\",\"potentialAction\":[{\"@type\":\"ReadAction\",\"target\":[\"https:\\\/\\\/herculan.com\\\/fr\\\/sports-en-salle\\\/applications\\\/etablissements-scolaires-et-universitaires\\\/\"]}]},{\"@type\":\"ImageObject\",\"inLanguage\":\"fr-FR\",\"@id\":\"https:\\\/\\\/herculan.com\\\/fr\\\/sports-en-salle\\\/applications\\\/etablissements-scolaires-et-universitaires\\\/#primaryimage\",\"url\":\"https:\\\/\\\/herculan.com\\\/wp-content\\\/uploads\\\/2020\\\/09\\\/Scholen-hoofdfoto.jpg\",\"contentUrl\":\"https:\\\/\\\/herculan.com\\\/wp-content\\\/uploads\\\/2020\\\/09\\\/Scholen-hoofdfoto.jpg\",\"width\":1200,\"height\":537},{\"@type\":\"BreadcrumbList\",\"@id\":\"https:\\\/\\\/herculan.com\\\/fr\\\/sports-en-salle\\\/applications\\\/etablissements-scolaires-et-universitaires\\\/#breadcrumb\",\"itemListElement\":[{\"@type\":\"ListItem\",\"position\":1,\"name\":\"Home\",\"item\":\"https:\\\/\\\/herculan.com\\\/fr\\\/\"},{\"@type\":\"ListItem\",\"position\":2,\"name\":\"Sports en salle\",\"item\":\"https:\\\/\\\/herculan.com\\\/fr\\\/sports-en-salle\\\/\"},{\"@type\":\"ListItem\",\"position\":3,\"name\":\"Applications\",\"item\":\"https:\\\/\\\/herculan.com\\\/fr\\\/sports-en-salle\\\/applications\\\/\"},{\"@type\":\"ListItem\",\"position\":4,\"name\":\"\u00c9tablissements scolaires et universitaires\"}]},{\"@type\":\"WebSite\",\"@id\":\"https:\\\/\\\/herculan.com\\\/fr\\\/#website\",\"url\":\"https:\\\/\\\/herculan.com\\\/fr\\\/\",\"name\":\"Herculan\",\"description\":\"We&#039;ve got it covered\",\"potentialAction\":[{\"@type\":\"SearchAction\",\"target\":{\"@type\":\"EntryPoint\",\"urlTemplate\":\"https:\\\/\\\/herculan.com\\\/fr\\\/?s={search_term_string}\"},\"query-input\":{\"@type\":\"PropertyValueSpecification\",\"valueRequired\":true,\"valueName\":\"search_term_string\"}}],\"inLanguage\":\"fr-FR\"}]}<\/script>\n<!-- \/ Yoast SEO plugin. -->","yoast_head_json":{"title":"\u00c9tablissements scolaires et universitaires &#8226; Herculan","robots":{"index":"index","follow":"follow","max-snippet":"max-snippet:-1","max-image-preview":"max-image-preview:large","max-video-preview":"max-video-preview:-1"},"canonical":"https:\/\/herculan.com\/fr\/sports-en-salle\/applications\/etablissements-scolaires-et-universitaires\/","schema":{"@context":"https:\/\/schema.org","@graph":[{"@type":"WebPage","@id":"https:\/\/herculan.com\/fr\/sports-en-salle\/applications\/etablissements-scolaires-et-universitaires\/","url":"https:\/\/herculan.com\/fr\/sports-en-salle\/applications\/etablissements-scolaires-et-universitaires\/","name":"\u00c9tablissements scolaires et universitaires &#8226; Herculan","isPartOf":{"@id":"https:\/\/herculan.com\/fr\/#website"},"primaryImageOfPage":{"@id":"https:\/\/herculan.com\/fr\/sports-en-salle\/applications\/etablissements-scolaires-et-universitaires\/#primaryimage"},"image":{"@id":"https:\/\/herculan.com\/fr\/sports-en-salle\/applications\/etablissements-scolaires-et-universitaires\/#primaryimage"},"thumbnailUrl":"https:\/\/herculan.com\/wp-content\/uploads\/2020\/09\/Scholen-hoofdfoto.jpg","datePublished":"2020-10-05T13:53:04+00:00","dateModified":"2020-10-22T10:09:15+00:00","breadcrumb":{"@id":"https:\/\/herculan.com\/fr\/sports-en-salle\/applications\/etablissements-scolaires-et-universitaires\/#breadcrumb"},"inLanguage":"fr-FR","potentialAction":[{"@type":"ReadAction","target":["https:\/\/herculan.com\/fr\/sports-en-salle\/applications\/etablissements-scolaires-et-universitaires\/"]}]},{"@type":"ImageObject","inLanguage":"fr-FR","@id":"https:\/\/herculan.com\/fr\/sports-en-salle\/applications\/etablissements-scolaires-et-universitaires\/#primaryimage","url":"https:\/\/herculan.com\/wp-content\/uploads\/2020\/09\/Scholen-hoofdfoto.jpg","contentUrl":"https:\/\/herculan.com\/wp-content\/uploads\/2020\/09\/Scholen-hoofdfoto.jpg","width":1200,"height":537},{"@type":"BreadcrumbList","@id":"https:\/\/herculan.com\/fr\/sports-en-salle\/applications\/etablissements-scolaires-et-universitaires\/#breadcrumb","itemListElement":[{"@type":"ListItem","position":1,"name":"Home","item":"https:\/\/herculan.com\/fr\/"},{"@type":"ListItem","position":2,"name":"Sports en salle","item":"https:\/\/herculan.com\/fr\/sports-en-salle\/"},{"@type":"ListItem","position":3,"name":"Applications","item":"https:\/\/herculan.com\/fr\/sports-en-salle\/applications\/"},{"@type":"ListItem","position":4,"name":"\u00c9tablissements scolaires et universitaires"}]},{"@type":"WebSite","@id":"https:\/\/herculan.com\/fr\/#website","url":"https:\/\/herculan.com\/fr\/","name":"Herculan","description":"We&#039;ve got it covered","potentialAction":[{"@type":"SearchAction","target":{"@type":"EntryPoint","urlTemplate":"https:\/\/herculan.com\/fr\/?s={search_term_string}"},"query-input":{"@type":"PropertyValueSpecification","valueRequired":true,"valueName":"search_term_string"}}],"inLanguage":"fr-FR"}]}},"_links":{"self":[{"href":"https:\/\/herculan.com\/fr\/wp-json\/wp\/v2\/pages\/2865","targetHints":{"allow":["GET"]}}],"collection":[{"href":"https:\/\/herculan.com\/fr\/wp-json\/wp\/v2\/pages"}],"about":[{"href":"https:\/\/herculan.com\/fr\/wp-json\/wp\/v2\/types\/page"}],"author":[{"embeddable":true,"href":"https:\/\/herculan.com\/fr\/wp-json\/wp\/v2\/users\/1"}],"replies":[{"embeddable":true,"href":"https:\/\/herculan.com\/fr\/wp-json\/wp\/v2\/comments?post=2865"}],"version-history":[{"count":2,"href":"https:\/\/herculan.com\/fr\/wp-json\/wp\/v2\/pages\/2865\/revisions"}],"predecessor-version":[{"id":2888,"href":"https:\/\/herculan.com\/fr\/wp-json\/wp\/v2\/pages\/2865\/revisions\/2888"}],"up":[{"embeddable":true,"href":"https:\/\/herculan.com\/fr\/wp-json\/wp\/v2\/pages\/2741"}],"wp:featuredmedia":[{"embeddable":true,"href":"https:\/\/herculan.com\/fr\/wp-json\/wp\/v2\/media\/450"}],"wp:attachment":[{"href":"https:\/\/herculan.com\/fr\/wp-json\/wp\/v2\/media?parent=2865"}],"curies":[{"name":"wp","href":"https:\/\/api.w.org\/{rel}","templated":true}]}}