{"id":2869,"date":"2020-10-05T13:55:21","date_gmt":"2020-10-05T13:55:21","guid":{"rendered":"https:\/\/herculan.com\/sports-en-salle\/applications\/multi-functionele-centra\/"},"modified":"2020-10-22T10:14:35","modified_gmt":"2020-10-22T10:14:35","slug":"centres-polyvalents","status":"publish","type":"page","link":"https:\/\/herculan.com\/fr\/sports-en-salle\/applications\/centres-polyvalents\/","title":{"rendered":"Centres polyvalents"},"content":{"rendered":"\n<p>Le sol sportif n\u2019est pas toujours destin\u00e9 aux seules activit\u00e9s sportives. Certaines salles de sports sont lou\u00e9es \u00e0 des tiers pour y organiser des spectacles, des \u00e9v\u00e9nements ou des conf\u00e9rences, par exemple. Dans ce cas, le sol sportif doit r\u00e9sister non seulement aux contraintes exerc\u00e9es par les sportifs ou leurs \u00e9quipements, mais aussi aux marques de tables et de chaises, par exemple. Il convient \u00e9galement de tenir compte des contraintes caus\u00e9es par les chariots, transpalettes, etc.<\/p>\n","protected":false},"excerpt":{"rendered":"<p>Le sol sportif n\u2019est pas toujours destin\u00e9 aux seules activit\u00e9s sportives. Certaines salles de sports sont lou\u00e9es \u00e0 des tiers pour y organiser des spectacles, des \u00e9v\u00e9nements ou des conf\u00e9rences, par exemple. Dans ce cas, le sol sportif doit r\u00e9sister non seulement aux contraintes exerc\u00e9es par les sportifs ou leurs \u00e9quipements, mais aussi aux marques [&hellip;]<\/p>\n","protected":false},"author":1,"featured_media":158,"parent":2741,"menu_order":5,"comment_status":"closed","ping_status":"closed","template":"page-application.php","meta":{"_acf_changed":false,"footnotes":""},"class_list":["post-2869","page","type-page","status-publish","has-post-thumbnail","hentry"],"acf":[],"yoast_head":"<!-- This site is optimized with the Yoast SEO plugin v27.3 - https:\/\/yoast.com\/product\/yoast-seo-wordpress\/ -->\n<title>Centres polyvalents &#8226; Herculan<\/title>\n<meta name=\"robots\" content=\"index, follow, max-snippet:-1, max-image-preview:large, max-video-preview:-1\" \/>\n<link rel=\"canonical\" href=\"https:\/\/herculan.com\/fr\/sports-en-salle\/applications\/centres-polyvalents\/\" \/>\n<script type=\"application\/ld+json\" class=\"yoast-schema-graph\">{\"@context\":\"https:\\\/\\\/schema.org\",\"@graph\":[{\"@type\":\"WebPage\",\"@id\":\"https:\\\/\\\/herculan.com\\\/fr\\\/sports-en-salle\\\/applications\\\/centres-polyvalents\\\/\",\"url\":\"https:\\\/\\\/herculan.com\\\/fr\\\/sports-en-salle\\\/applications\\\/centres-polyvalents\\\/\",\"name\":\"Centres polyvalents &#8226; Herculan\",\"isPartOf\":{\"@id\":\"https:\\\/\\\/herculan.com\\\/fr\\\/#website\"},\"primaryImageOfPage\":{\"@id\":\"https:\\\/\\\/herculan.com\\\/fr\\\/sports-en-salle\\\/applications\\\/centres-polyvalents\\\/#primaryimage\"},\"image\":{\"@id\":\"https:\\\/\\\/herculan.com\\\/fr\\\/sports-en-salle\\\/applications\\\/centres-polyvalents\\\/#primaryimage\"},\"thumbnailUrl\":\"https:\\\/\\\/herculan.com\\\/wp-content\\\/uploads\\\/2020\\\/09\\\/CA-Project-Meadows.jpg\",\"datePublished\":\"2020-10-05T13:55:21+00:00\",\"dateModified\":\"2020-10-22T10:14:35+00:00\",\"breadcrumb\":{\"@id\":\"https:\\\/\\\/herculan.com\\\/fr\\\/sports-en-salle\\\/applications\\\/centres-polyvalents\\\/#breadcrumb\"},\"inLanguage\":\"fr-FR\",\"potentialAction\":[{\"@type\":\"ReadAction\",\"target\":[\"https:\\\/\\\/herculan.com\\\/fr\\\/sports-en-salle\\\/applications\\\/centres-polyvalents\\\/\"]}]},{\"@type\":\"ImageObject\",\"inLanguage\":\"fr-FR\",\"@id\":\"https:\\\/\\\/herculan.com\\\/fr\\\/sports-en-salle\\\/applications\\\/centres-polyvalents\\\/#primaryimage\",\"url\":\"https:\\\/\\\/herculan.com\\\/wp-content\\\/uploads\\\/2020\\\/09\\\/CA-Project-Meadows.jpg\",\"contentUrl\":\"https:\\\/\\\/herculan.com\\\/wp-content\\\/uploads\\\/2020\\\/09\\\/CA-Project-Meadows.jpg\",\"width\":1200,\"height\":537},{\"@type\":\"BreadcrumbList\",\"@id\":\"https:\\\/\\\/herculan.com\\\/fr\\\/sports-en-salle\\\/applications\\\/centres-polyvalents\\\/#breadcrumb\",\"itemListElement\":[{\"@type\":\"ListItem\",\"position\":1,\"name\":\"Home\",\"item\":\"https:\\\/\\\/herculan.com\\\/fr\\\/\"},{\"@type\":\"ListItem\",\"position\":2,\"name\":\"Sports en salle\",\"item\":\"https:\\\/\\\/herculan.com\\\/fr\\\/sports-en-salle\\\/\"},{\"@type\":\"ListItem\",\"position\":3,\"name\":\"Applications\",\"item\":\"https:\\\/\\\/herculan.com\\\/fr\\\/sports-en-salle\\\/applications\\\/\"},{\"@type\":\"ListItem\",\"position\":4,\"name\":\"Centres polyvalents\"}]},{\"@type\":\"WebSite\",\"@id\":\"https:\\\/\\\/herculan.com\\\/fr\\\/#website\",\"url\":\"https:\\\/\\\/herculan.com\\\/fr\\\/\",\"name\":\"Herculan\",\"description\":\"We&#039;ve got it covered\",\"potentialAction\":[{\"@type\":\"SearchAction\",\"target\":{\"@type\":\"EntryPoint\",\"urlTemplate\":\"https:\\\/\\\/herculan.com\\\/fr\\\/?s={search_term_string}\"},\"query-input\":{\"@type\":\"PropertyValueSpecification\",\"valueRequired\":true,\"valueName\":\"search_term_string\"}}],\"inLanguage\":\"fr-FR\"}]}<\/script>\n<!-- \/ Yoast SEO plugin. -->","yoast_head_json":{"title":"Centres polyvalents &#8226; Herculan","robots":{"index":"index","follow":"follow","max-snippet":"max-snippet:-1","max-image-preview":"max-image-preview:large","max-video-preview":"max-video-preview:-1"},"canonical":"https:\/\/herculan.com\/fr\/sports-en-salle\/applications\/centres-polyvalents\/","schema":{"@context":"https:\/\/schema.org","@graph":[{"@type":"WebPage","@id":"https:\/\/herculan.com\/fr\/sports-en-salle\/applications\/centres-polyvalents\/","url":"https:\/\/herculan.com\/fr\/sports-en-salle\/applications\/centres-polyvalents\/","name":"Centres polyvalents &#8226; Herculan","isPartOf":{"@id":"https:\/\/herculan.com\/fr\/#website"},"primaryImageOfPage":{"@id":"https:\/\/herculan.com\/fr\/sports-en-salle\/applications\/centres-polyvalents\/#primaryimage"},"image":{"@id":"https:\/\/herculan.com\/fr\/sports-en-salle\/applications\/centres-polyvalents\/#primaryimage"},"thumbnailUrl":"https:\/\/herculan.com\/wp-content\/uploads\/2020\/09\/CA-Project-Meadows.jpg","datePublished":"2020-10-05T13:55:21+00:00","dateModified":"2020-10-22T10:14:35+00:00","breadcrumb":{"@id":"https:\/\/herculan.com\/fr\/sports-en-salle\/applications\/centres-polyvalents\/#breadcrumb"},"inLanguage":"fr-FR","potentialAction":[{"@type":"ReadAction","target":["https:\/\/herculan.com\/fr\/sports-en-salle\/applications\/centres-polyvalents\/"]}]},{"@type":"ImageObject","inLanguage":"fr-FR","@id":"https:\/\/herculan.com\/fr\/sports-en-salle\/applications\/centres-polyvalents\/#primaryimage","url":"https:\/\/herculan.com\/wp-content\/uploads\/2020\/09\/CA-Project-Meadows.jpg","contentUrl":"https:\/\/herculan.com\/wp-content\/uploads\/2020\/09\/CA-Project-Meadows.jpg","width":1200,"height":537},{"@type":"BreadcrumbList","@id":"https:\/\/herculan.com\/fr\/sports-en-salle\/applications\/centres-polyvalents\/#breadcrumb","itemListElement":[{"@type":"ListItem","position":1,"name":"Home","item":"https:\/\/herculan.com\/fr\/"},{"@type":"ListItem","position":2,"name":"Sports en salle","item":"https:\/\/herculan.com\/fr\/sports-en-salle\/"},{"@type":"ListItem","position":3,"name":"Applications","item":"https:\/\/herculan.com\/fr\/sports-en-salle\/applications\/"},{"@type":"ListItem","position":4,"name":"Centres polyvalents"}]},{"@type":"WebSite","@id":"https:\/\/herculan.com\/fr\/#website","url":"https:\/\/herculan.com\/fr\/","name":"Herculan","description":"We&#039;ve got it covered","potentialAction":[{"@type":"SearchAction","target":{"@type":"EntryPoint","urlTemplate":"https:\/\/herculan.com\/fr\/?s={search_term_string}"},"query-input":{"@type":"PropertyValueSpecification","valueRequired":true,"valueName":"search_term_string"}}],"inLanguage":"fr-FR"}]}},"_links":{"self":[{"href":"https:\/\/herculan.com\/fr\/wp-json\/wp\/v2\/pages\/2869","targetHints":{"allow":["GET"]}}],"collection":[{"href":"https:\/\/herculan.com\/fr\/wp-json\/wp\/v2\/pages"}],"about":[{"href":"https:\/\/herculan.com\/fr\/wp-json\/wp\/v2\/types\/page"}],"author":[{"embeddable":true,"href":"https:\/\/herculan.com\/fr\/wp-json\/wp\/v2\/users\/1"}],"replies":[{"embeddable":true,"href":"https:\/\/herculan.com\/fr\/wp-json\/wp\/v2\/comments?post=2869"}],"version-history":[{"count":3,"href":"https:\/\/herculan.com\/fr\/wp-json\/wp\/v2\/pages\/2869\/revisions"}],"predecessor-version":[{"id":2897,"href":"https:\/\/herculan.com\/fr\/wp-json\/wp\/v2\/pages\/2869\/revisions\/2897"}],"up":[{"embeddable":true,"href":"https:\/\/herculan.com\/fr\/wp-json\/wp\/v2\/pages\/2741"}],"wp:featuredmedia":[{"embeddable":true,"href":"https:\/\/herculan.com\/fr\/wp-json\/wp\/v2\/media\/158"}],"wp:attachment":[{"href":"https:\/\/herculan.com\/fr\/wp-json\/wp\/v2\/media?parent=2869"}],"curies":[{"name":"wp","href":"https:\/\/api.w.org\/{rel}","templated":true}]}}