{"id":2873,"date":"2020-10-05T13:56:27","date_gmt":"2020-10-05T13:56:27","guid":{"rendered":"https:\/\/herculan.com\/sports-en-salle\/applications\/maple-floors\/"},"modified":"2020-10-22T10:20:24","modified_gmt":"2020-10-22T10:20:24","slug":"revetement-de-sol-en-erable","status":"publish","type":"page","link":"https:\/\/herculan.com\/fr\/sports-en-salle\/applications\/revetement-de-sol-en-erable\/","title":{"rendered":"Rev\u00eatement de sol en \u00e9rable"},"content":{"rendered":"\n<p>Les sols sportifs en bois forment une cat\u00e9gorie \u00e0 part. L\u2019installation correcte d\u2019un rev\u00eatement de sol en bois exige de grandes comp\u00e9tences et d\u2019importantes connaissances pour obtenir le meilleur r\u00e9sultat.<\/p>\n\n\n\n<p>Le syst\u00e8me Action Floor Maple se constitue d\u2019une structure de soutien en bois, plac\u00e9e sur des tampons Action sp\u00e9ciaux en caoutchouc. La structure de soutien en bois elle-m\u00eame se constitue de deux couches de contreplaqu\u00e9, rev\u00eatues d\u2019une couche sup\u00e9rieure r\u00e9sistante et flexible en polyur\u00e9thane, recouverte d\u2019un rev\u00eatement de finition r\u00e9sistant \u00e0 l\u2019usure.<\/p>\n\n\n\n<p>Le syst\u00e8me Action Floor Maple convient pour l\u2019int\u00e9gration d\u2019un chauffage par le sol. Cette application contribue au confort des sportifs, tout en pr\u00e9sentant des avantages en mati\u00e8re de co\u00fbts d\u2019exploitation.<\/p>\n\n\n\n<p>Le sol sportif Maple est disponible par l\u2019interm\u00e9diaire de notre partenaire aux \u00c9tats-Unis : <a href=\"http:\/\/www.actionfloors.com\/systems\/maple-sports-floors\/\" target=\"_blank\" rel=\"noreferrer noopener\">Action Floor Systems LLC<\/a><\/p>\n","protected":false},"excerpt":{"rendered":"<p>Les sols sportifs en bois forment une cat\u00e9gorie \u00e0 part. L\u2019installation correcte d\u2019un rev\u00eatement de sol en bois exige de grandes comp\u00e9tences et d\u2019importantes connaissances pour obtenir le meilleur r\u00e9sultat. Le syst\u00e8me Action Floor Maple se constitue d\u2019une structure de soutien en bois, plac\u00e9e sur des tampons Action sp\u00e9ciaux en caoutchouc. La structure de soutien [&hellip;]<\/p>\n","protected":false},"author":1,"featured_media":242,"parent":2741,"menu_order":7,"comment_status":"closed","ping_status":"closed","template":"page-application.php","meta":{"_acf_changed":false,"footnotes":""},"class_list":["post-2873","page","type-page","status-publish","has-post-thumbnail","hentry"],"acf":[],"yoast_head":"<!-- This site is optimized with the Yoast SEO plugin v27.3 - https:\/\/yoast.com\/product\/yoast-seo-wordpress\/ -->\n<title>Rev\u00eatement de sol en \u00e9rable &#8226; Herculan<\/title>\n<meta name=\"robots\" content=\"index, follow, max-snippet:-1, max-image-preview:large, max-video-preview:-1\" \/>\n<link rel=\"canonical\" href=\"https:\/\/herculan.com\/fr\/sports-en-salle\/applications\/revetement-de-sol-en-erable\/\" \/>\n<script type=\"application\/ld+json\" class=\"yoast-schema-graph\">{\"@context\":\"https:\\\/\\\/schema.org\",\"@graph\":[{\"@type\":\"WebPage\",\"@id\":\"https:\\\/\\\/herculan.com\\\/fr\\\/sports-en-salle\\\/applications\\\/revetement-de-sol-en-erable\\\/\",\"url\":\"https:\\\/\\\/herculan.com\\\/fr\\\/sports-en-salle\\\/applications\\\/revetement-de-sol-en-erable\\\/\",\"name\":\"Rev\u00eatement de sol en \u00e9rable &#8226; Herculan\",\"isPartOf\":{\"@id\":\"https:\\\/\\\/herculan.com\\\/fr\\\/#website\"},\"primaryImageOfPage\":{\"@id\":\"https:\\\/\\\/herculan.com\\\/fr\\\/sports-en-salle\\\/applications\\\/revetement-de-sol-en-erable\\\/#primaryimage\"},\"image\":{\"@id\":\"https:\\\/\\\/herculan.com\\\/fr\\\/sports-en-salle\\\/applications\\\/revetement-de-sol-en-erable\\\/#primaryimage\"},\"thumbnailUrl\":\"https:\\\/\\\/herculan.com\\\/wp-content\\\/uploads\\\/2020\\\/09\\\/Houten-vloer-hoofdfoto.jpg\",\"datePublished\":\"2020-10-05T13:56:27+00:00\",\"dateModified\":\"2020-10-22T10:20:24+00:00\",\"breadcrumb\":{\"@id\":\"https:\\\/\\\/herculan.com\\\/fr\\\/sports-en-salle\\\/applications\\\/revetement-de-sol-en-erable\\\/#breadcrumb\"},\"inLanguage\":\"fr-FR\",\"potentialAction\":[{\"@type\":\"ReadAction\",\"target\":[\"https:\\\/\\\/herculan.com\\\/fr\\\/sports-en-salle\\\/applications\\\/revetement-de-sol-en-erable\\\/\"]}]},{\"@type\":\"ImageObject\",\"inLanguage\":\"fr-FR\",\"@id\":\"https:\\\/\\\/herculan.com\\\/fr\\\/sports-en-salle\\\/applications\\\/revetement-de-sol-en-erable\\\/#primaryimage\",\"url\":\"https:\\\/\\\/herculan.com\\\/wp-content\\\/uploads\\\/2020\\\/09\\\/Houten-vloer-hoofdfoto.jpg\",\"contentUrl\":\"https:\\\/\\\/herculan.com\\\/wp-content\\\/uploads\\\/2020\\\/09\\\/Houten-vloer-hoofdfoto.jpg\",\"width\":1200,\"height\":537},{\"@type\":\"BreadcrumbList\",\"@id\":\"https:\\\/\\\/herculan.com\\\/fr\\\/sports-en-salle\\\/applications\\\/revetement-de-sol-en-erable\\\/#breadcrumb\",\"itemListElement\":[{\"@type\":\"ListItem\",\"position\":1,\"name\":\"Home\",\"item\":\"https:\\\/\\\/herculan.com\\\/fr\\\/\"},{\"@type\":\"ListItem\",\"position\":2,\"name\":\"Sports en salle\",\"item\":\"https:\\\/\\\/herculan.com\\\/fr\\\/sports-en-salle\\\/\"},{\"@type\":\"ListItem\",\"position\":3,\"name\":\"Applications\",\"item\":\"https:\\\/\\\/herculan.com\\\/fr\\\/sports-en-salle\\\/applications\\\/\"},{\"@type\":\"ListItem\",\"position\":4,\"name\":\"Rev\u00eatement de sol en \u00e9rable\"}]},{\"@type\":\"WebSite\",\"@id\":\"https:\\\/\\\/herculan.com\\\/fr\\\/#website\",\"url\":\"https:\\\/\\\/herculan.com\\\/fr\\\/\",\"name\":\"Herculan\",\"description\":\"We&#039;ve got it covered\",\"potentialAction\":[{\"@type\":\"SearchAction\",\"target\":{\"@type\":\"EntryPoint\",\"urlTemplate\":\"https:\\\/\\\/herculan.com\\\/fr\\\/?s={search_term_string}\"},\"query-input\":{\"@type\":\"PropertyValueSpecification\",\"valueRequired\":true,\"valueName\":\"search_term_string\"}}],\"inLanguage\":\"fr-FR\"}]}<\/script>\n<!-- \/ Yoast SEO plugin. -->","yoast_head_json":{"title":"Rev\u00eatement de sol en \u00e9rable &#8226; Herculan","robots":{"index":"index","follow":"follow","max-snippet":"max-snippet:-1","max-image-preview":"max-image-preview:large","max-video-preview":"max-video-preview:-1"},"canonical":"https:\/\/herculan.com\/fr\/sports-en-salle\/applications\/revetement-de-sol-en-erable\/","schema":{"@context":"https:\/\/schema.org","@graph":[{"@type":"WebPage","@id":"https:\/\/herculan.com\/fr\/sports-en-salle\/applications\/revetement-de-sol-en-erable\/","url":"https:\/\/herculan.com\/fr\/sports-en-salle\/applications\/revetement-de-sol-en-erable\/","name":"Rev\u00eatement de sol en \u00e9rable &#8226; Herculan","isPartOf":{"@id":"https:\/\/herculan.com\/fr\/#website"},"primaryImageOfPage":{"@id":"https:\/\/herculan.com\/fr\/sports-en-salle\/applications\/revetement-de-sol-en-erable\/#primaryimage"},"image":{"@id":"https:\/\/herculan.com\/fr\/sports-en-salle\/applications\/revetement-de-sol-en-erable\/#primaryimage"},"thumbnailUrl":"https:\/\/herculan.com\/wp-content\/uploads\/2020\/09\/Houten-vloer-hoofdfoto.jpg","datePublished":"2020-10-05T13:56:27+00:00","dateModified":"2020-10-22T10:20:24+00:00","breadcrumb":{"@id":"https:\/\/herculan.com\/fr\/sports-en-salle\/applications\/revetement-de-sol-en-erable\/#breadcrumb"},"inLanguage":"fr-FR","potentialAction":[{"@type":"ReadAction","target":["https:\/\/herculan.com\/fr\/sports-en-salle\/applications\/revetement-de-sol-en-erable\/"]}]},{"@type":"ImageObject","inLanguage":"fr-FR","@id":"https:\/\/herculan.com\/fr\/sports-en-salle\/applications\/revetement-de-sol-en-erable\/#primaryimage","url":"https:\/\/herculan.com\/wp-content\/uploads\/2020\/09\/Houten-vloer-hoofdfoto.jpg","contentUrl":"https:\/\/herculan.com\/wp-content\/uploads\/2020\/09\/Houten-vloer-hoofdfoto.jpg","width":1200,"height":537},{"@type":"BreadcrumbList","@id":"https:\/\/herculan.com\/fr\/sports-en-salle\/applications\/revetement-de-sol-en-erable\/#breadcrumb","itemListElement":[{"@type":"ListItem","position":1,"name":"Home","item":"https:\/\/herculan.com\/fr\/"},{"@type":"ListItem","position":2,"name":"Sports en salle","item":"https:\/\/herculan.com\/fr\/sports-en-salle\/"},{"@type":"ListItem","position":3,"name":"Applications","item":"https:\/\/herculan.com\/fr\/sports-en-salle\/applications\/"},{"@type":"ListItem","position":4,"name":"Rev\u00eatement de sol en \u00e9rable"}]},{"@type":"WebSite","@id":"https:\/\/herculan.com\/fr\/#website","url":"https:\/\/herculan.com\/fr\/","name":"Herculan","description":"We&#039;ve got it covered","potentialAction":[{"@type":"SearchAction","target":{"@type":"EntryPoint","urlTemplate":"https:\/\/herculan.com\/fr\/?s={search_term_string}"},"query-input":{"@type":"PropertyValueSpecification","valueRequired":true,"valueName":"search_term_string"}}],"inLanguage":"fr-FR"}]}},"_links":{"self":[{"href":"https:\/\/herculan.com\/fr\/wp-json\/wp\/v2\/pages\/2873","targetHints":{"allow":["GET"]}}],"collection":[{"href":"https:\/\/herculan.com\/fr\/wp-json\/wp\/v2\/pages"}],"about":[{"href":"https:\/\/herculan.com\/fr\/wp-json\/wp\/v2\/types\/page"}],"author":[{"embeddable":true,"href":"https:\/\/herculan.com\/fr\/wp-json\/wp\/v2\/users\/1"}],"replies":[{"embeddable":true,"href":"https:\/\/herculan.com\/fr\/wp-json\/wp\/v2\/comments?post=2873"}],"version-history":[{"count":2,"href":"https:\/\/herculan.com\/fr\/wp-json\/wp\/v2\/pages\/2873\/revisions"}],"predecessor-version":[{"id":2904,"href":"https:\/\/herculan.com\/fr\/wp-json\/wp\/v2\/pages\/2873\/revisions\/2904"}],"up":[{"embeddable":true,"href":"https:\/\/herculan.com\/fr\/wp-json\/wp\/v2\/pages\/2741"}],"wp:featuredmedia":[{"embeddable":true,"href":"https:\/\/herculan.com\/fr\/wp-json\/wp\/v2\/media\/242"}],"wp:attachment":[{"href":"https:\/\/herculan.com\/fr\/wp-json\/wp\/v2\/media?parent=2873"}],"curies":[{"name":"wp","href":"https:\/\/api.w.org\/{rel}","templated":true}]}}