{"id":2923,"date":"2020-10-06T08:13:26","date_gmt":"2020-10-06T08:13:26","guid":{"rendered":"https:\/\/herculan.com\/sports-en-salle\/downloads\/veiligheidsbladen\/"},"modified":"2025-10-23T14:21:27","modified_gmt":"2025-10-23T14:21:27","slug":"les-fiches-de-donnees-de-securite","status":"publish","type":"page","link":"https:\/\/herculan.com\/fr\/sports-en-salle\/documentation\/les-fiches-de-donnees-de-securite\/","title":{"rendered":"Les fiches de donn\u00e9es de s\u00e9curit\u00e9"},"content":{"rendered":"\n<div id=\"mo_doc_lib_display_on_page_container_3\" style=\"max-width:100%\" class=\"mo_doc_lib_display_on_page_container\">\r\n\t\t\t<div class=\"mo_doc_lib_download_progress_display_container\"><\/div>\r\n\t\t\t<div class=\"mo_doc_lib_nav mo_doc_lib_nav_shortcode mo_doc_lib_nav_main_3\">\r\n\t\t\t\t<div class=\"mo_doc_lib_breadcrumb\" id=\"mo_doc_lib_breadcrumb_3\">\r\n\t\t\t\t<\/div>\r\n\t\t\t\t<div style=\"display:flex;align-items:center;flex-grow:1;justify-content:end;\">\r\n\t\t\t\t\t<div class=\"mo_doc_lib_search\" id=\"mo_doc_lib_search_3\" style=\"display:none;\">\r\n\t\t\t\t\t\t<div class=\"mo_doc_lib_search_div\" id=\"mo_doc_lib_search_div_3\">\r\n\t\t\t\t\t\t\t<div style=\"display: flex; align-items: center; flex-direction: row-reverse;\">\r\n\t\t\t\t\t\t\t\t<button class=\"mo_sps_search_button\" type=\"button\" id=\"mo_sps_search_button_3\">\r\n\t\t\t\t\t\t\t\t\t<img decoding=\"async\" width=\"14px\" src=\"https:\/\/herculan.com\/wp-content\/plugins\/embed-sharepoint-onedrive-documents\/Observer\/..\/images\/search.svg\">\r\n\t\t\t\t\t\t\t\t<\/button>\r\n\t\t\t\t\t\t\t\t<button style=\"display:none;\" class=\"mo_sps_exit_button\" type=\"button\" id=\"mo_sps_exit_button_3\">\r\n\t\t\t\t\t\t\t\t\t<img decoding=\"async\" width=\"12px\" src=\"https:\/\/herculan.com\/wp-content\/plugins\/embed-sharepoint-onedrive-documents\/Observer\/..\/images\/cross.svg\">\r\n\t\t\t\t\t\t\t\t<\/button>\r\n\t\t\t\t\t\t\t\t\r\n\t\t\t\t\t\t\t\t<div id=\"mo_sps_file_search_dialog_box_3\" class=\"mo_sps_file_search_dialog_box\">\r\n\t\t\t\t\t\t\t\t\t<div class=\"mo-sps-search-input-container\" style=\"display: flex; align-items: center; gap: 5px;\">\r\n\t\t\t\t\t\t\t\t\t\t<input class=\"mo_sps_file_search\" role=\"combobox\" autocomplete=\"off\" placeholder=\"Search this library (Press Enter)\" type=\"search\" id=\"mo_sps_file_search_3\" name=\"mo_doc_lib_search_box__input_3\" style=\"flex: 1;\">\r\n\t\t\t\t\t\t\t\t\t\t<button type=\"button\" class=\"mo-sps-search-button\" style=\"\r\n\t\t\t\t\t\t\t\t\t\t\tpadding: 6px 12px; \r\n\t\t\t\t\t\t\t\t\t\t\tbackground: #007cba; \r\n\t\t\t\t\t\t\t\t\t\t\tcolor: white; \r\n\t\t\t\t\t\t\t\t\t\t\tborder: none; \r\n\t\t\t\t\t\t\t\t\t\t\tborder-radius: 3px; \r\n\t\t\t\t\t\t\t\t\t\t\tcursor: pointer;\r\n\t\t\t\t\t\t\t\t\t\t\tfont-size: 12px;\r\n\t\t\t\t\t\t\t\t\t\t\twhite-space: nowrap;\r\n\t\t\t\t\t\t\t\t\t\t\">Search<\/button>\r\n\t\t\t\t\t\t\t\t\t<\/div>\r\n\t\t\t\t\t\t\t\t<\/div>\r\n\t\t\t\t\t\t\t<\/div>\r\n\t\t\t\t\t\t\t<div id=\"mo_doc_lib_mySearchDropdown_3\" class=\"search_div\" >\r\n\t\t\t\t\t\t\t\t<div id=\"mo_doc_lib_searching_div_3\" style=\"display:flex;align-items:center;\">\r\n\t\t\t\t\t\t\t\t\t<div class=\"before_search\" style=\"font-weight:600;font-size:1rem;width:20rem;margin-bottom:10px;\">Searching...<\/div>\r\n\t\t\t\t\t\t\t\t\t<img decoding=\"async\" id=\"mo_doc_lib_mySearchLoader_3\" src=\"https:\/\/herculan.com\/wp-content\/plugins\/embed-sharepoint-onedrive-documents\/Observer\/..\/images\/Chasing_arrows.gif\">\r\n\t\t\t\t\t\t\t\t<\/div>\r\n\t\t\t\t\t\t\t\t<div class=\"list_div\">\r\n\t\t\t\t\t\t\t\t\t<ul id=\"mo_doc_lib_listItems_3\" style=\"padding-left:0;margin:0;\">\r\n\t\t\t\t\t\t\t\t\t<\/ul>\r\n\t\t\t\t\t\t\t\t<\/div>\r\n\t\t\t\t\t\t\t<\/div>\r\n\t\t\t\t\t\t<\/div>\r\n\t\t\t\t\t<\/div>\r\n\t\t\t\t<\/div>\r\n\t\t\t<\/div>\r\n\t\t\t<div id=\"mo_doc_preview_modal_container_3\"><\/div>\r\n\t\t\t<div style=\"margin-left: auto !important;margin-right:auto !important;\" id=\"mo_doc_lib_container__loader_3\"><img decoding=\"async\" style=\"width:35px;display:flex;align-items:center;justify-content:center;margin-left: auto !important;margin-right:auto !important;mix-blend-mode:multiply;\" src=\"https:\/\/herculan.com\/wp-content\/plugins\/embed-sharepoint-onedrive-documents\/Observer\/..\/images\/image_loader.gif\"><\/div>\r\n\t\t\t<button title=\"Go to Top\" id=\"mo_sps_scroll_to_top_button\" type=\"button\" class=\"mo_sps_scroll_to_top_button\">\r\n\t\t\t<span class=\"dashicons dashicons-arrow-up-alt\"><\/span>\r\n\t\t\t<\/button>\r\n\t\t\t<div id=\"mo_doc_lib_container_3\" class=\"mo_doc_lib_container\"><\/div>\r\n\t\t\t<div id=\"sps_embed_container_3\" class=\"mo_sps_embed_container\" style=\"max-width:100%;height:100%\"><\/div>\r\n        <\/div>\n","protected":false},"excerpt":{"rendered":"","protected":false},"author":1,"featured_media":0,"parent":2751,"menu_order":3,"comment_status":"closed","ping_status":"closed","template":"page-downloads.php","meta":{"_acf_changed":false,"footnotes":""},"class_list":["post-2923","page","type-page","status-publish","hentry"],"acf":[],"yoast_head":"<!-- This site is optimized with the Yoast SEO plugin v27.3 - https:\/\/yoast.com\/product\/yoast-seo-wordpress\/ -->\n<title>Les fiches de donn\u00e9es de s\u00e9curit\u00e9 &#8226; Herculan<\/title>\n<meta name=\"robots\" content=\"index, follow, max-snippet:-1, max-image-preview:large, max-video-preview:-1\" \/>\n<link rel=\"canonical\" href=\"https:\/\/herculan.com\/fr\/sports-en-salle\/documentation\/les-fiches-de-donnees-de-securite\/\" \/>\n<script type=\"application\/ld+json\" class=\"yoast-schema-graph\">{\"@context\":\"https:\\\/\\\/schema.org\",\"@graph\":[{\"@type\":\"WebPage\",\"@id\":\"https:\\\/\\\/herculan.com\\\/fr\\\/sports-en-salle\\\/documentation\\\/les-fiches-de-donnees-de-securite\\\/\",\"url\":\"https:\\\/\\\/herculan.com\\\/fr\\\/sports-en-salle\\\/documentation\\\/les-fiches-de-donnees-de-securite\\\/\",\"name\":\"Les fiches de donn\u00e9es de s\u00e9curit\u00e9 &#8226; Herculan\",\"isPartOf\":{\"@id\":\"https:\\\/\\\/herculan.com\\\/fr\\\/#website\"},\"datePublished\":\"2020-10-06T08:13:26+00:00\",\"dateModified\":\"2025-10-23T14:21:27+00:00\",\"breadcrumb\":{\"@id\":\"https:\\\/\\\/herculan.com\\\/fr\\\/sports-en-salle\\\/documentation\\\/les-fiches-de-donnees-de-securite\\\/#breadcrumb\"},\"inLanguage\":\"fr-FR\",\"potentialAction\":[{\"@type\":\"ReadAction\",\"target\":[\"https:\\\/\\\/herculan.com\\\/fr\\\/sports-en-salle\\\/documentation\\\/les-fiches-de-donnees-de-securite\\\/\"]}]},{\"@type\":\"BreadcrumbList\",\"@id\":\"https:\\\/\\\/herculan.com\\\/fr\\\/sports-en-salle\\\/documentation\\\/les-fiches-de-donnees-de-securite\\\/#breadcrumb\",\"itemListElement\":[{\"@type\":\"ListItem\",\"position\":1,\"name\":\"Home\",\"item\":\"https:\\\/\\\/herculan.com\\\/fr\\\/\"},{\"@type\":\"ListItem\",\"position\":2,\"name\":\"Sports en salle\",\"item\":\"https:\\\/\\\/herculan.com\\\/fr\\\/sports-en-salle\\\/\"},{\"@type\":\"ListItem\",\"position\":3,\"name\":\"Documentation\",\"item\":\"https:\\\/\\\/herculan.com\\\/fr\\\/sports-en-salle\\\/documentation\\\/\"},{\"@type\":\"ListItem\",\"position\":4,\"name\":\"Les fiches de donn\u00e9es de s\u00e9curit\u00e9\"}]},{\"@type\":\"WebSite\",\"@id\":\"https:\\\/\\\/herculan.com\\\/fr\\\/#website\",\"url\":\"https:\\\/\\\/herculan.com\\\/fr\\\/\",\"name\":\"Herculan\",\"description\":\"We&#039;ve got it covered\",\"potentialAction\":[{\"@type\":\"SearchAction\",\"target\":{\"@type\":\"EntryPoint\",\"urlTemplate\":\"https:\\\/\\\/herculan.com\\\/fr\\\/?s={search_term_string}\"},\"query-input\":{\"@type\":\"PropertyValueSpecification\",\"valueRequired\":true,\"valueName\":\"search_term_string\"}}],\"inLanguage\":\"fr-FR\"}]}<\/script>\n<!-- \/ Yoast SEO plugin. -->","yoast_head_json":{"title":"Les fiches de donn\u00e9es de s\u00e9curit\u00e9 &#8226; Herculan","robots":{"index":"index","follow":"follow","max-snippet":"max-snippet:-1","max-image-preview":"max-image-preview:large","max-video-preview":"max-video-preview:-1"},"canonical":"https:\/\/herculan.com\/fr\/sports-en-salle\/documentation\/les-fiches-de-donnees-de-securite\/","schema":{"@context":"https:\/\/schema.org","@graph":[{"@type":"WebPage","@id":"https:\/\/herculan.com\/fr\/sports-en-salle\/documentation\/les-fiches-de-donnees-de-securite\/","url":"https:\/\/herculan.com\/fr\/sports-en-salle\/documentation\/les-fiches-de-donnees-de-securite\/","name":"Les fiches de donn\u00e9es de s\u00e9curit\u00e9 &#8226; Herculan","isPartOf":{"@id":"https:\/\/herculan.com\/fr\/#website"},"datePublished":"2020-10-06T08:13:26+00:00","dateModified":"2025-10-23T14:21:27+00:00","breadcrumb":{"@id":"https:\/\/herculan.com\/fr\/sports-en-salle\/documentation\/les-fiches-de-donnees-de-securite\/#breadcrumb"},"inLanguage":"fr-FR","potentialAction":[{"@type":"ReadAction","target":["https:\/\/herculan.com\/fr\/sports-en-salle\/documentation\/les-fiches-de-donnees-de-securite\/"]}]},{"@type":"BreadcrumbList","@id":"https:\/\/herculan.com\/fr\/sports-en-salle\/documentation\/les-fiches-de-donnees-de-securite\/#breadcrumb","itemListElement":[{"@type":"ListItem","position":1,"name":"Home","item":"https:\/\/herculan.com\/fr\/"},{"@type":"ListItem","position":2,"name":"Sports en salle","item":"https:\/\/herculan.com\/fr\/sports-en-salle\/"},{"@type":"ListItem","position":3,"name":"Documentation","item":"https:\/\/herculan.com\/fr\/sports-en-salle\/documentation\/"},{"@type":"ListItem","position":4,"name":"Les fiches de donn\u00e9es de s\u00e9curit\u00e9"}]},{"@type":"WebSite","@id":"https:\/\/herculan.com\/fr\/#website","url":"https:\/\/herculan.com\/fr\/","name":"Herculan","description":"We&#039;ve got it covered","potentialAction":[{"@type":"SearchAction","target":{"@type":"EntryPoint","urlTemplate":"https:\/\/herculan.com\/fr\/?s={search_term_string}"},"query-input":{"@type":"PropertyValueSpecification","valueRequired":true,"valueName":"search_term_string"}}],"inLanguage":"fr-FR"}]}},"_links":{"self":[{"href":"https:\/\/herculan.com\/fr\/wp-json\/wp\/v2\/pages\/2923","targetHints":{"allow":["GET"]}}],"collection":[{"href":"https:\/\/herculan.com\/fr\/wp-json\/wp\/v2\/pages"}],"about":[{"href":"https:\/\/herculan.com\/fr\/wp-json\/wp\/v2\/types\/page"}],"author":[{"embeddable":true,"href":"https:\/\/herculan.com\/fr\/wp-json\/wp\/v2\/users\/1"}],"replies":[{"embeddable":true,"href":"https:\/\/herculan.com\/fr\/wp-json\/wp\/v2\/comments?post=2923"}],"version-history":[{"count":7,"href":"https:\/\/herculan.com\/fr\/wp-json\/wp\/v2\/pages\/2923\/revisions"}],"predecessor-version":[{"id":189850,"href":"https:\/\/herculan.com\/fr\/wp-json\/wp\/v2\/pages\/2923\/revisions\/189850"}],"up":[{"embeddable":true,"href":"https:\/\/herculan.com\/fr\/wp-json\/wp\/v2\/pages\/2751"}],"wp:attachment":[{"href":"https:\/\/herculan.com\/fr\/wp-json\/wp\/v2\/media?parent=2923"}],"curies":[{"name":"wp","href":"https:\/\/api.w.org\/{rel}","templated":true}]}}