{"id":2962,"date":"2020-10-12T12:10:03","date_gmt":"2020-10-12T12:10:03","guid":{"rendered":"https:\/\/herculan.com\/sports-exterieurs\/toepassingen\/"},"modified":"2020-10-22T12:21:07","modified_gmt":"2020-10-22T12:21:07","slug":"applications","status":"publish","type":"page","link":"https:\/\/herculan.com\/fr\/sports-exterieurs\/applications\/","title":{"rendered":"Applications"},"content":{"rendered":"\n<p>Les sols sportifs ext\u00e9rieurs doivent fournir les meilleurs r\u00e9sultats quelles que soient les conditions m\u00e9t\u00e9orologiques. Les syst\u00e8mes de sols sportifs ext\u00e9rieurs Herculan sont conformes \u00e0 la norme EN 14877 et aux r\u00e8gles de l\u2019Association internationale des f\u00e9d\u00e9rations d\u2019athl\u00e9tisme (World Athletics), ainsi qu\u2019aux exigences pr\u00e9vues par Ecospecifier. Nos solutions de syst\u00e8mes haut de gamme sont tr\u00e8s durables et r\u00e9sistantes aux intemp\u00e9ries. Leurs fonctionnalit\u00e9s se maintiennent ainsi sur le long terme.<\/p>\n","protected":false},"excerpt":{"rendered":"<p>Les sols sportifs ext\u00e9rieurs doivent fournir les meilleurs r\u00e9sultats quelles que soient les conditions m\u00e9t\u00e9orologiques. Les syst\u00e8mes de sols sportifs ext\u00e9rieurs Herculan sont conformes \u00e0 la norme EN 14877 et aux r\u00e8gles de l\u2019Association internationale des f\u00e9d\u00e9rations d\u2019athl\u00e9tisme (World Athletics), ainsi qu\u2019aux exigences pr\u00e9vues par Ecospecifier. Nos solutions de syst\u00e8mes haut de gamme sont tr\u00e8s [&hellip;]<\/p>\n","protected":false},"author":1,"featured_media":150,"parent":2696,"menu_order":1,"comment_status":"closed","ping_status":"closed","template":"page-applications.php","meta":{"_acf_changed":false,"footnotes":""},"class_list":["post-2962","page","type-page","status-publish","has-post-thumbnail","hentry"],"acf":[],"yoast_head":"<!-- This site is optimized with the Yoast SEO plugin v27.3 - https:\/\/yoast.com\/product\/yoast-seo-wordpress\/ -->\n<title>Applications &#8226; Herculan<\/title>\n<meta name=\"robots\" content=\"index, follow, max-snippet:-1, max-image-preview:large, max-video-preview:-1\" \/>\n<link rel=\"canonical\" href=\"https:\/\/herculan.com\/fr\/sports-exterieurs\/applications\/\" \/>\n<script type=\"application\/ld+json\" class=\"yoast-schema-graph\">{\"@context\":\"https:\\\/\\\/schema.org\",\"@graph\":[{\"@type\":\"WebPage\",\"@id\":\"https:\\\/\\\/herculan.com\\\/fr\\\/sports-exterieurs\\\/applications\\\/\",\"url\":\"https:\\\/\\\/herculan.com\\\/fr\\\/sports-exterieurs\\\/applications\\\/\",\"name\":\"Applications &#8226; Herculan\",\"isPartOf\":{\"@id\":\"https:\\\/\\\/herculan.com\\\/fr\\\/#website\"},\"primaryImageOfPage\":{\"@id\":\"https:\\\/\\\/herculan.com\\\/fr\\\/sports-exterieurs\\\/applications\\\/#primaryimage\"},\"image\":{\"@id\":\"https:\\\/\\\/herculan.com\\\/fr\\\/sports-exterieurs\\\/applications\\\/#primaryimage\"},\"thumbnailUrl\":\"https:\\\/\\\/herculan.com\\\/wp-content\\\/uploads\\\/2020\\\/09\\\/buitensport-hoofdfoto.jpg\",\"datePublished\":\"2020-10-12T12:10:03+00:00\",\"dateModified\":\"2020-10-22T12:21:07+00:00\",\"breadcrumb\":{\"@id\":\"https:\\\/\\\/herculan.com\\\/fr\\\/sports-exterieurs\\\/applications\\\/#breadcrumb\"},\"inLanguage\":\"fr-FR\",\"potentialAction\":[{\"@type\":\"ReadAction\",\"target\":[\"https:\\\/\\\/herculan.com\\\/fr\\\/sports-exterieurs\\\/applications\\\/\"]}]},{\"@type\":\"ImageObject\",\"inLanguage\":\"fr-FR\",\"@id\":\"https:\\\/\\\/herculan.com\\\/fr\\\/sports-exterieurs\\\/applications\\\/#primaryimage\",\"url\":\"https:\\\/\\\/herculan.com\\\/wp-content\\\/uploads\\\/2020\\\/09\\\/buitensport-hoofdfoto.jpg\",\"contentUrl\":\"https:\\\/\\\/herculan.com\\\/wp-content\\\/uploads\\\/2020\\\/09\\\/buitensport-hoofdfoto.jpg\",\"width\":1200,\"height\":537},{\"@type\":\"BreadcrumbList\",\"@id\":\"https:\\\/\\\/herculan.com\\\/fr\\\/sports-exterieurs\\\/applications\\\/#breadcrumb\",\"itemListElement\":[{\"@type\":\"ListItem\",\"position\":1,\"name\":\"Home\",\"item\":\"https:\\\/\\\/herculan.com\\\/fr\\\/\"},{\"@type\":\"ListItem\",\"position\":2,\"name\":\"Sports ext\u00e9rieurs\",\"item\":\"https:\\\/\\\/herculan.com\\\/fr\\\/sports-exterieurs\\\/\"},{\"@type\":\"ListItem\",\"position\":3,\"name\":\"Applications\"}]},{\"@type\":\"WebSite\",\"@id\":\"https:\\\/\\\/herculan.com\\\/fr\\\/#website\",\"url\":\"https:\\\/\\\/herculan.com\\\/fr\\\/\",\"name\":\"Herculan\",\"description\":\"We&#039;ve got it covered\",\"potentialAction\":[{\"@type\":\"SearchAction\",\"target\":{\"@type\":\"EntryPoint\",\"urlTemplate\":\"https:\\\/\\\/herculan.com\\\/fr\\\/?s={search_term_string}\"},\"query-input\":{\"@type\":\"PropertyValueSpecification\",\"valueRequired\":true,\"valueName\":\"search_term_string\"}}],\"inLanguage\":\"fr-FR\"}]}<\/script>\n<!-- \/ Yoast SEO plugin. -->","yoast_head_json":{"title":"Applications &#8226; Herculan","robots":{"index":"index","follow":"follow","max-snippet":"max-snippet:-1","max-image-preview":"max-image-preview:large","max-video-preview":"max-video-preview:-1"},"canonical":"https:\/\/herculan.com\/fr\/sports-exterieurs\/applications\/","schema":{"@context":"https:\/\/schema.org","@graph":[{"@type":"WebPage","@id":"https:\/\/herculan.com\/fr\/sports-exterieurs\/applications\/","url":"https:\/\/herculan.com\/fr\/sports-exterieurs\/applications\/","name":"Applications &#8226; Herculan","isPartOf":{"@id":"https:\/\/herculan.com\/fr\/#website"},"primaryImageOfPage":{"@id":"https:\/\/herculan.com\/fr\/sports-exterieurs\/applications\/#primaryimage"},"image":{"@id":"https:\/\/herculan.com\/fr\/sports-exterieurs\/applications\/#primaryimage"},"thumbnailUrl":"https:\/\/herculan.com\/wp-content\/uploads\/2020\/09\/buitensport-hoofdfoto.jpg","datePublished":"2020-10-12T12:10:03+00:00","dateModified":"2020-10-22T12:21:07+00:00","breadcrumb":{"@id":"https:\/\/herculan.com\/fr\/sports-exterieurs\/applications\/#breadcrumb"},"inLanguage":"fr-FR","potentialAction":[{"@type":"ReadAction","target":["https:\/\/herculan.com\/fr\/sports-exterieurs\/applications\/"]}]},{"@type":"ImageObject","inLanguage":"fr-FR","@id":"https:\/\/herculan.com\/fr\/sports-exterieurs\/applications\/#primaryimage","url":"https:\/\/herculan.com\/wp-content\/uploads\/2020\/09\/buitensport-hoofdfoto.jpg","contentUrl":"https:\/\/herculan.com\/wp-content\/uploads\/2020\/09\/buitensport-hoofdfoto.jpg","width":1200,"height":537},{"@type":"BreadcrumbList","@id":"https:\/\/herculan.com\/fr\/sports-exterieurs\/applications\/#breadcrumb","itemListElement":[{"@type":"ListItem","position":1,"name":"Home","item":"https:\/\/herculan.com\/fr\/"},{"@type":"ListItem","position":2,"name":"Sports ext\u00e9rieurs","item":"https:\/\/herculan.com\/fr\/sports-exterieurs\/"},{"@type":"ListItem","position":3,"name":"Applications"}]},{"@type":"WebSite","@id":"https:\/\/herculan.com\/fr\/#website","url":"https:\/\/herculan.com\/fr\/","name":"Herculan","description":"We&#039;ve got it covered","potentialAction":[{"@type":"SearchAction","target":{"@type":"EntryPoint","urlTemplate":"https:\/\/herculan.com\/fr\/?s={search_term_string}"},"query-input":{"@type":"PropertyValueSpecification","valueRequired":true,"valueName":"search_term_string"}}],"inLanguage":"fr-FR"}]}},"_links":{"self":[{"href":"https:\/\/herculan.com\/fr\/wp-json\/wp\/v2\/pages\/2962","targetHints":{"allow":["GET"]}}],"collection":[{"href":"https:\/\/herculan.com\/fr\/wp-json\/wp\/v2\/pages"}],"about":[{"href":"https:\/\/herculan.com\/fr\/wp-json\/wp\/v2\/types\/page"}],"author":[{"embeddable":true,"href":"https:\/\/herculan.com\/fr\/wp-json\/wp\/v2\/users\/1"}],"replies":[{"embeddable":true,"href":"https:\/\/herculan.com\/fr\/wp-json\/wp\/v2\/comments?post=2962"}],"version-history":[{"count":2,"href":"https:\/\/herculan.com\/fr\/wp-json\/wp\/v2\/pages\/2962\/revisions"}],"predecessor-version":[{"id":2999,"href":"https:\/\/herculan.com\/fr\/wp-json\/wp\/v2\/pages\/2962\/revisions\/2999"}],"up":[{"embeddable":true,"href":"https:\/\/herculan.com\/fr\/wp-json\/wp\/v2\/pages\/2696"}],"wp:featuredmedia":[{"embeddable":true,"href":"https:\/\/herculan.com\/fr\/wp-json\/wp\/v2\/media\/150"}],"wp:attachment":[{"href":"https:\/\/herculan.com\/fr\/wp-json\/wp\/v2\/media?parent=2962"}],"curies":[{"name":"wp","href":"https:\/\/api.w.org\/{rel}","templated":true}]}}