{"id":2970,"date":"2020-10-12T12:20:12","date_gmt":"2020-10-12T12:20:12","guid":{"rendered":"https:\/\/herculan.com\/sports-exterieurs\/productie\/"},"modified":"2020-10-22T12:25:38","modified_gmt":"2020-10-22T12:25:38","slug":"production","status":"publish","type":"page","link":"https:\/\/herculan.com\/fr\/sports-exterieurs\/production\/","title":{"rendered":"Production"},"content":{"rendered":"\n<p>On ne devient pas leader de la fabrication des sols sportifs de l\u2019air du temps. Il faut pour cela un produit parfait. Herculan d\u00e9veloppe en permanence ses produits car nous estimons que des am\u00e9liorations sont toujours possibles. Ce dynamisme nous permet d\u2019acqu\u00e9rir de tr\u00e8s importantes connaissances qui sont directement appliqu\u00e9es dans nos propres techniques de production et dans l\u2019installation professionnelle de nos produits. Nous conservons ainsi l\u2019int\u00e9gralit\u00e9 des responsabilit\u00e9s. Qu\u2019il s\u2019agisse d\u2019une situation standard ou d\u2019un projet sp\u00e9cifique, vous b\u00e9n\u00e9ficiez toujours d\u2019une qualit\u00e9 qui a fait ses preuves.<\/p>\n","protected":false},"excerpt":{"rendered":"<p>On ne devient pas leader de la fabrication des sols sportifs de l\u2019air du temps. Il faut pour cela un produit parfait. Herculan d\u00e9veloppe en permanence ses produits car nous estimons que des am\u00e9liorations sont toujours possibles. Ce dynamisme nous permet d\u2019acqu\u00e9rir de tr\u00e8s importantes connaissances qui sont directement appliqu\u00e9es dans nos propres techniques de [&hellip;]<\/p>\n","protected":false},"author":1,"featured_media":394,"parent":2696,"menu_order":5,"comment_status":"closed","ping_status":"closed","template":"","meta":{"_acf_changed":false,"footnotes":""},"class_list":["post-2970","page","type-page","status-publish","has-post-thumbnail","hentry"],"acf":[],"yoast_head":"<!-- This site is optimized with the Yoast SEO plugin v27.3 - https:\/\/yoast.com\/product\/yoast-seo-wordpress\/ -->\n<title>Production &#8226; Herculan<\/title>\n<meta name=\"robots\" content=\"index, follow, max-snippet:-1, max-image-preview:large, max-video-preview:-1\" \/>\n<link rel=\"canonical\" href=\"https:\/\/herculan.com\/fr\/sports-exterieurs\/production\/\" \/>\n<script type=\"application\/ld+json\" class=\"yoast-schema-graph\">{\"@context\":\"https:\\\/\\\/schema.org\",\"@graph\":[{\"@type\":\"WebPage\",\"@id\":\"https:\\\/\\\/herculan.com\\\/fr\\\/sports-exterieurs\\\/production\\\/\",\"url\":\"https:\\\/\\\/herculan.com\\\/fr\\\/sports-exterieurs\\\/production\\\/\",\"name\":\"Production &#8226; Herculan\",\"isPartOf\":{\"@id\":\"https:\\\/\\\/herculan.com\\\/fr\\\/#website\"},\"primaryImageOfPage\":{\"@id\":\"https:\\\/\\\/herculan.com\\\/fr\\\/sports-exterieurs\\\/production\\\/#primaryimage\"},\"image\":{\"@id\":\"https:\\\/\\\/herculan.com\\\/fr\\\/sports-exterieurs\\\/production\\\/#primaryimage\"},\"thumbnailUrl\":\"https:\\\/\\\/herculan.com\\\/wp-content\\\/uploads\\\/2020\\\/09\\\/productie1.jpg\",\"datePublished\":\"2020-10-12T12:20:12+00:00\",\"dateModified\":\"2020-10-22T12:25:38+00:00\",\"breadcrumb\":{\"@id\":\"https:\\\/\\\/herculan.com\\\/fr\\\/sports-exterieurs\\\/production\\\/#breadcrumb\"},\"inLanguage\":\"fr-FR\",\"potentialAction\":[{\"@type\":\"ReadAction\",\"target\":[\"https:\\\/\\\/herculan.com\\\/fr\\\/sports-exterieurs\\\/production\\\/\"]}]},{\"@type\":\"ImageObject\",\"inLanguage\":\"fr-FR\",\"@id\":\"https:\\\/\\\/herculan.com\\\/fr\\\/sports-exterieurs\\\/production\\\/#primaryimage\",\"url\":\"https:\\\/\\\/herculan.com\\\/wp-content\\\/uploads\\\/2020\\\/09\\\/productie1.jpg\",\"contentUrl\":\"https:\\\/\\\/herculan.com\\\/wp-content\\\/uploads\\\/2020\\\/09\\\/productie1.jpg\",\"width\":1200,\"height\":537},{\"@type\":\"BreadcrumbList\",\"@id\":\"https:\\\/\\\/herculan.com\\\/fr\\\/sports-exterieurs\\\/production\\\/#breadcrumb\",\"itemListElement\":[{\"@type\":\"ListItem\",\"position\":1,\"name\":\"Home\",\"item\":\"https:\\\/\\\/herculan.com\\\/fr\\\/\"},{\"@type\":\"ListItem\",\"position\":2,\"name\":\"Sports ext\u00e9rieurs\",\"item\":\"https:\\\/\\\/herculan.com\\\/fr\\\/sports-exterieurs\\\/\"},{\"@type\":\"ListItem\",\"position\":3,\"name\":\"Production\"}]},{\"@type\":\"WebSite\",\"@id\":\"https:\\\/\\\/herculan.com\\\/fr\\\/#website\",\"url\":\"https:\\\/\\\/herculan.com\\\/fr\\\/\",\"name\":\"Herculan\",\"description\":\"We&#039;ve got it covered\",\"potentialAction\":[{\"@type\":\"SearchAction\",\"target\":{\"@type\":\"EntryPoint\",\"urlTemplate\":\"https:\\\/\\\/herculan.com\\\/fr\\\/?s={search_term_string}\"},\"query-input\":{\"@type\":\"PropertyValueSpecification\",\"valueRequired\":true,\"valueName\":\"search_term_string\"}}],\"inLanguage\":\"fr-FR\"}]}<\/script>\n<!-- \/ Yoast SEO plugin. -->","yoast_head_json":{"title":"Production &#8226; Herculan","robots":{"index":"index","follow":"follow","max-snippet":"max-snippet:-1","max-image-preview":"max-image-preview:large","max-video-preview":"max-video-preview:-1"},"canonical":"https:\/\/herculan.com\/fr\/sports-exterieurs\/production\/","schema":{"@context":"https:\/\/schema.org","@graph":[{"@type":"WebPage","@id":"https:\/\/herculan.com\/fr\/sports-exterieurs\/production\/","url":"https:\/\/herculan.com\/fr\/sports-exterieurs\/production\/","name":"Production &#8226; Herculan","isPartOf":{"@id":"https:\/\/herculan.com\/fr\/#website"},"primaryImageOfPage":{"@id":"https:\/\/herculan.com\/fr\/sports-exterieurs\/production\/#primaryimage"},"image":{"@id":"https:\/\/herculan.com\/fr\/sports-exterieurs\/production\/#primaryimage"},"thumbnailUrl":"https:\/\/herculan.com\/wp-content\/uploads\/2020\/09\/productie1.jpg","datePublished":"2020-10-12T12:20:12+00:00","dateModified":"2020-10-22T12:25:38+00:00","breadcrumb":{"@id":"https:\/\/herculan.com\/fr\/sports-exterieurs\/production\/#breadcrumb"},"inLanguage":"fr-FR","potentialAction":[{"@type":"ReadAction","target":["https:\/\/herculan.com\/fr\/sports-exterieurs\/production\/"]}]},{"@type":"ImageObject","inLanguage":"fr-FR","@id":"https:\/\/herculan.com\/fr\/sports-exterieurs\/production\/#primaryimage","url":"https:\/\/herculan.com\/wp-content\/uploads\/2020\/09\/productie1.jpg","contentUrl":"https:\/\/herculan.com\/wp-content\/uploads\/2020\/09\/productie1.jpg","width":1200,"height":537},{"@type":"BreadcrumbList","@id":"https:\/\/herculan.com\/fr\/sports-exterieurs\/production\/#breadcrumb","itemListElement":[{"@type":"ListItem","position":1,"name":"Home","item":"https:\/\/herculan.com\/fr\/"},{"@type":"ListItem","position":2,"name":"Sports ext\u00e9rieurs","item":"https:\/\/herculan.com\/fr\/sports-exterieurs\/"},{"@type":"ListItem","position":3,"name":"Production"}]},{"@type":"WebSite","@id":"https:\/\/herculan.com\/fr\/#website","url":"https:\/\/herculan.com\/fr\/","name":"Herculan","description":"We&#039;ve got it covered","potentialAction":[{"@type":"SearchAction","target":{"@type":"EntryPoint","urlTemplate":"https:\/\/herculan.com\/fr\/?s={search_term_string}"},"query-input":{"@type":"PropertyValueSpecification","valueRequired":true,"valueName":"search_term_string"}}],"inLanguage":"fr-FR"}]}},"_links":{"self":[{"href":"https:\/\/herculan.com\/fr\/wp-json\/wp\/v2\/pages\/2970","targetHints":{"allow":["GET"]}}],"collection":[{"href":"https:\/\/herculan.com\/fr\/wp-json\/wp\/v2\/pages"}],"about":[{"href":"https:\/\/herculan.com\/fr\/wp-json\/wp\/v2\/types\/page"}],"author":[{"embeddable":true,"href":"https:\/\/herculan.com\/fr\/wp-json\/wp\/v2\/users\/1"}],"replies":[{"embeddable":true,"href":"https:\/\/herculan.com\/fr\/wp-json\/wp\/v2\/comments?post=2970"}],"version-history":[{"count":2,"href":"https:\/\/herculan.com\/fr\/wp-json\/wp\/v2\/pages\/2970\/revisions"}],"predecessor-version":[{"id":3008,"href":"https:\/\/herculan.com\/fr\/wp-json\/wp\/v2\/pages\/2970\/revisions\/3008"}],"up":[{"embeddable":true,"href":"https:\/\/herculan.com\/fr\/wp-json\/wp\/v2\/pages\/2696"}],"wp:featuredmedia":[{"embeddable":true,"href":"https:\/\/herculan.com\/fr\/wp-json\/wp\/v2\/media\/394"}],"wp:attachment":[{"href":"https:\/\/herculan.com\/fr\/wp-json\/wp\/v2\/media?parent=2970"}],"curies":[{"name":"wp","href":"https:\/\/api.w.org\/{rel}","templated":true}]}}