{"id":3017,"date":"2020-10-12T12:56:22","date_gmt":"2020-10-12T12:56:22","guid":{"rendered":"https:\/\/herculan.com\/sports-exterieurs\/applications\/atletiekbanen\/"},"modified":"2020-10-22T12:39:06","modified_gmt":"2020-10-22T12:39:06","slug":"pistes-dathletisme","status":"publish","type":"page","link":"https:\/\/herculan.com\/fr\/sports-exterieurs\/applications\/pistes-dathletisme\/","title":{"rendered":"Pistes d\u2019athl\u00e9tisme"},"content":{"rendered":"\n<p>L\u2019athl\u00e9tisme de haut niveau exige des pistes d\u2019athl\u00e9tisme qui soient elles aussi de haut niveau. Toutes les pistes d\u2019athl\u00e9tisme Herculan respectent donc les plus s\u00e9v\u00e8res exigences de l\u2019Association internationale des World Athletics. Diff\u00e9rents types de pistes d\u2019athl\u00e9tisme sont possibles, en fonction des souhaits, des exigences pos\u00e9es et du budget pr\u00e9vu. Herculan vous propose les syst\u00e8mes suivants :<\/p>\n","protected":false},"excerpt":{"rendered":"<p>L\u2019athl\u00e9tisme de haut niveau exige des pistes d\u2019athl\u00e9tisme qui soient elles aussi de haut niveau. Toutes les pistes d\u2019athl\u00e9tisme Herculan respectent donc les plus s\u00e9v\u00e8res exigences de l\u2019Association internationale des World Athletics. Diff\u00e9rents types de pistes d\u2019athl\u00e9tisme sont possibles, en fonction des souhaits, des exigences pos\u00e9es et du budget pr\u00e9vu. Herculan vous propose les syst\u00e8mes [&hellip;]<\/p>\n","protected":false},"author":1,"featured_media":138,"parent":2962,"menu_order":1,"comment_status":"closed","ping_status":"closed","template":"page-application.php","meta":{"_acf_changed":false,"footnotes":""},"class_list":["post-3017","page","type-page","status-publish","has-post-thumbnail","hentry"],"acf":[],"yoast_head":"<!-- This site is optimized with the Yoast SEO plugin v27.4 - https:\/\/yoast.com\/product\/yoast-seo-wordpress\/ -->\n<title>Pistes d\u2019athl\u00e9tisme &#8226; Herculan<\/title>\n<meta name=\"robots\" content=\"index, follow, max-snippet:-1, max-image-preview:large, max-video-preview:-1\" \/>\n<link rel=\"canonical\" href=\"https:\/\/herculan.com\/fr\/sports-exterieurs\/applications\/pistes-dathletisme\/\" \/>\n<script type=\"application\/ld+json\" class=\"yoast-schema-graph\">{\"@context\":\"https:\\\/\\\/schema.org\",\"@graph\":[{\"@type\":\"WebPage\",\"@id\":\"https:\\\/\\\/herculan.com\\\/fr\\\/sports-exterieurs\\\/applications\\\/pistes-dathletisme\\\/\",\"url\":\"https:\\\/\\\/herculan.com\\\/fr\\\/sports-exterieurs\\\/applications\\\/pistes-dathletisme\\\/\",\"name\":\"Pistes d\u2019athl\u00e9tisme &#8226; Herculan\",\"isPartOf\":{\"@id\":\"https:\\\/\\\/herculan.com\\\/fr\\\/#website\"},\"primaryImageOfPage\":{\"@id\":\"https:\\\/\\\/herculan.com\\\/fr\\\/sports-exterieurs\\\/applications\\\/pistes-dathletisme\\\/#primaryimage\"},\"image\":{\"@id\":\"https:\\\/\\\/herculan.com\\\/fr\\\/sports-exterieurs\\\/applications\\\/pistes-dathletisme\\\/#primaryimage\"},\"thumbnailUrl\":\"https:\\\/\\\/herculan.com\\\/wp-content\\\/uploads\\\/2020\\\/09\\\/Athletic-hoofdfoto.jpg\",\"datePublished\":\"2020-10-12T12:56:22+00:00\",\"dateModified\":\"2020-10-22T12:39:06+00:00\",\"breadcrumb\":{\"@id\":\"https:\\\/\\\/herculan.com\\\/fr\\\/sports-exterieurs\\\/applications\\\/pistes-dathletisme\\\/#breadcrumb\"},\"inLanguage\":\"fr-FR\",\"potentialAction\":[{\"@type\":\"ReadAction\",\"target\":[\"https:\\\/\\\/herculan.com\\\/fr\\\/sports-exterieurs\\\/applications\\\/pistes-dathletisme\\\/\"]}]},{\"@type\":\"ImageObject\",\"inLanguage\":\"fr-FR\",\"@id\":\"https:\\\/\\\/herculan.com\\\/fr\\\/sports-exterieurs\\\/applications\\\/pistes-dathletisme\\\/#primaryimage\",\"url\":\"https:\\\/\\\/herculan.com\\\/wp-content\\\/uploads\\\/2020\\\/09\\\/Athletic-hoofdfoto.jpg\",\"contentUrl\":\"https:\\\/\\\/herculan.com\\\/wp-content\\\/uploads\\\/2020\\\/09\\\/Athletic-hoofdfoto.jpg\",\"width\":1200,\"height\":537},{\"@type\":\"BreadcrumbList\",\"@id\":\"https:\\\/\\\/herculan.com\\\/fr\\\/sports-exterieurs\\\/applications\\\/pistes-dathletisme\\\/#breadcrumb\",\"itemListElement\":[{\"@type\":\"ListItem\",\"position\":1,\"name\":\"Home\",\"item\":\"https:\\\/\\\/herculan.com\\\/fr\\\/\"},{\"@type\":\"ListItem\",\"position\":2,\"name\":\"Sports ext\u00e9rieurs\",\"item\":\"https:\\\/\\\/herculan.com\\\/fr\\\/sports-exterieurs\\\/\"},{\"@type\":\"ListItem\",\"position\":3,\"name\":\"Applications\",\"item\":\"https:\\\/\\\/herculan.com\\\/fr\\\/sports-exterieurs\\\/applications\\\/\"},{\"@type\":\"ListItem\",\"position\":4,\"name\":\"Pistes d\u2019athl\u00e9tisme\"}]},{\"@type\":\"WebSite\",\"@id\":\"https:\\\/\\\/herculan.com\\\/fr\\\/#website\",\"url\":\"https:\\\/\\\/herculan.com\\\/fr\\\/\",\"name\":\"Herculan\",\"description\":\"We&#039;ve got it covered\",\"potentialAction\":[{\"@type\":\"SearchAction\",\"target\":{\"@type\":\"EntryPoint\",\"urlTemplate\":\"https:\\\/\\\/herculan.com\\\/fr\\\/?s={search_term_string}\"},\"query-input\":{\"@type\":\"PropertyValueSpecification\",\"valueRequired\":true,\"valueName\":\"search_term_string\"}}],\"inLanguage\":\"fr-FR\"}]}<\/script>\n<!-- \/ Yoast SEO plugin. -->","yoast_head_json":{"title":"Pistes d\u2019athl\u00e9tisme &#8226; Herculan","robots":{"index":"index","follow":"follow","max-snippet":"max-snippet:-1","max-image-preview":"max-image-preview:large","max-video-preview":"max-video-preview:-1"},"canonical":"https:\/\/herculan.com\/fr\/sports-exterieurs\/applications\/pistes-dathletisme\/","schema":{"@context":"https:\/\/schema.org","@graph":[{"@type":"WebPage","@id":"https:\/\/herculan.com\/fr\/sports-exterieurs\/applications\/pistes-dathletisme\/","url":"https:\/\/herculan.com\/fr\/sports-exterieurs\/applications\/pistes-dathletisme\/","name":"Pistes d\u2019athl\u00e9tisme &#8226; Herculan","isPartOf":{"@id":"https:\/\/herculan.com\/fr\/#website"},"primaryImageOfPage":{"@id":"https:\/\/herculan.com\/fr\/sports-exterieurs\/applications\/pistes-dathletisme\/#primaryimage"},"image":{"@id":"https:\/\/herculan.com\/fr\/sports-exterieurs\/applications\/pistes-dathletisme\/#primaryimage"},"thumbnailUrl":"https:\/\/herculan.com\/wp-content\/uploads\/2020\/09\/Athletic-hoofdfoto.jpg","datePublished":"2020-10-12T12:56:22+00:00","dateModified":"2020-10-22T12:39:06+00:00","breadcrumb":{"@id":"https:\/\/herculan.com\/fr\/sports-exterieurs\/applications\/pistes-dathletisme\/#breadcrumb"},"inLanguage":"fr-FR","potentialAction":[{"@type":"ReadAction","target":["https:\/\/herculan.com\/fr\/sports-exterieurs\/applications\/pistes-dathletisme\/"]}]},{"@type":"ImageObject","inLanguage":"fr-FR","@id":"https:\/\/herculan.com\/fr\/sports-exterieurs\/applications\/pistes-dathletisme\/#primaryimage","url":"https:\/\/herculan.com\/wp-content\/uploads\/2020\/09\/Athletic-hoofdfoto.jpg","contentUrl":"https:\/\/herculan.com\/wp-content\/uploads\/2020\/09\/Athletic-hoofdfoto.jpg","width":1200,"height":537},{"@type":"BreadcrumbList","@id":"https:\/\/herculan.com\/fr\/sports-exterieurs\/applications\/pistes-dathletisme\/#breadcrumb","itemListElement":[{"@type":"ListItem","position":1,"name":"Home","item":"https:\/\/herculan.com\/fr\/"},{"@type":"ListItem","position":2,"name":"Sports ext\u00e9rieurs","item":"https:\/\/herculan.com\/fr\/sports-exterieurs\/"},{"@type":"ListItem","position":3,"name":"Applications","item":"https:\/\/herculan.com\/fr\/sports-exterieurs\/applications\/"},{"@type":"ListItem","position":4,"name":"Pistes d\u2019athl\u00e9tisme"}]},{"@type":"WebSite","@id":"https:\/\/herculan.com\/fr\/#website","url":"https:\/\/herculan.com\/fr\/","name":"Herculan","description":"We&#039;ve got it covered","potentialAction":[{"@type":"SearchAction","target":{"@type":"EntryPoint","urlTemplate":"https:\/\/herculan.com\/fr\/?s={search_term_string}"},"query-input":{"@type":"PropertyValueSpecification","valueRequired":true,"valueName":"search_term_string"}}],"inLanguage":"fr-FR"}]}},"_links":{"self":[{"href":"https:\/\/herculan.com\/fr\/wp-json\/wp\/v2\/pages\/3017","targetHints":{"allow":["GET"]}}],"collection":[{"href":"https:\/\/herculan.com\/fr\/wp-json\/wp\/v2\/pages"}],"about":[{"href":"https:\/\/herculan.com\/fr\/wp-json\/wp\/v2\/types\/page"}],"author":[{"embeddable":true,"href":"https:\/\/herculan.com\/fr\/wp-json\/wp\/v2\/users\/1"}],"replies":[{"embeddable":true,"href":"https:\/\/herculan.com\/fr\/wp-json\/wp\/v2\/comments?post=3017"}],"version-history":[{"count":2,"href":"https:\/\/herculan.com\/fr\/wp-json\/wp\/v2\/pages\/3017\/revisions"}],"predecessor-version":[{"id":3047,"href":"https:\/\/herculan.com\/fr\/wp-json\/wp\/v2\/pages\/3017\/revisions\/3047"}],"up":[{"embeddable":true,"href":"https:\/\/herculan.com\/fr\/wp-json\/wp\/v2\/pages\/2962"}],"wp:featuredmedia":[{"embeddable":true,"href":"https:\/\/herculan.com\/fr\/wp-json\/wp\/v2\/media\/138"}],"wp:attachment":[{"href":"https:\/\/herculan.com\/fr\/wp-json\/wp\/v2\/media?parent=3017"}],"curies":[{"name":"wp","href":"https:\/\/api.w.org\/{rel}","templated":true}]}}