{"id":3021,"date":"2020-10-12T13:02:08","date_gmt":"2020-10-12T13:02:08","guid":{"rendered":"https:\/\/herculan.com\/sports-exterieurs\/applications\/playgrounds\/"},"modified":"2020-10-22T12:40:33","modified_gmt":"2020-10-22T12:40:33","slug":"terrains-de-jeu","status":"publish","type":"page","link":"https:\/\/herculan.com\/fr\/sports-exterieurs\/applications\/terrains-de-jeu\/","title":{"rendered":"Terrains de jeu"},"content":{"rendered":"\n<p>Les terrains de jeu Herculan sont des aires de jeux color\u00e9es et sans joints, appliqu\u00e9es sur site. Les propri\u00e9t\u00e9s flexibles de la surface sont les principaux crit\u00e8res pour les aires de jeu pour enfants, car ces rev\u00eatements doivent fonctionner comme un support adoucissant les chutes, afin de r\u00e9duire au minimum les risques de blessures des enfants sur les aires de jeux. Les surfaces Herculan ont \u00e9t\u00e9 test\u00e9es et agr\u00e9\u00e9es conform\u00e9ment aux normes europ\u00e9ennes jusqu\u2019\u00e0 3 m\u00e8tres pour l\u2019indice de blessure \u00e0 la t\u00eate HIC. Gr\u00e2ce \u00e0 la m\u00e9thode d\u2019installation sur site, le syst\u00e8me peut \u00eatre r\u00e9alis\u00e9 dans diff\u00e9rents th\u00e8mes et sujets, avec des harmonies de couleurs attrayantes.<\/p>\n","protected":false},"excerpt":{"rendered":"<p>Les terrains de jeu Herculan sont des aires de jeux color\u00e9es et sans joints, appliqu\u00e9es sur site. Les propri\u00e9t\u00e9s flexibles de la surface sont les principaux crit\u00e8res pour les aires de jeu pour enfants, car ces rev\u00eatements doivent fonctionner comme un support adoucissant les chutes, afin de r\u00e9duire au minimum les risques de blessures des [&hellip;]<\/p>\n","protected":false},"author":1,"featured_media":374,"parent":2962,"menu_order":3,"comment_status":"closed","ping_status":"closed","template":"page-application.php","meta":{"_acf_changed":false,"footnotes":""},"class_list":["post-3021","page","type-page","status-publish","has-post-thumbnail","hentry"],"acf":[],"yoast_head":"<!-- This site is optimized with the Yoast SEO plugin v27.3 - https:\/\/yoast.com\/product\/yoast-seo-wordpress\/ -->\n<title>Terrains de jeu &#8226; Herculan<\/title>\n<meta name=\"robots\" content=\"index, follow, max-snippet:-1, max-image-preview:large, max-video-preview:-1\" \/>\n<link rel=\"canonical\" href=\"https:\/\/herculan.com\/fr\/sports-exterieurs\/applications\/terrains-de-jeu\/\" \/>\n<script type=\"application\/ld+json\" class=\"yoast-schema-graph\">{\"@context\":\"https:\\\/\\\/schema.org\",\"@graph\":[{\"@type\":\"WebPage\",\"@id\":\"https:\\\/\\\/herculan.com\\\/fr\\\/sports-exterieurs\\\/applications\\\/terrains-de-jeu\\\/\",\"url\":\"https:\\\/\\\/herculan.com\\\/fr\\\/sports-exterieurs\\\/applications\\\/terrains-de-jeu\\\/\",\"name\":\"Terrains de jeu &#8226; Herculan\",\"isPartOf\":{\"@id\":\"https:\\\/\\\/herculan.com\\\/fr\\\/#website\"},\"primaryImageOfPage\":{\"@id\":\"https:\\\/\\\/herculan.com\\\/fr\\\/sports-exterieurs\\\/applications\\\/terrains-de-jeu\\\/#primaryimage\"},\"image\":{\"@id\":\"https:\\\/\\\/herculan.com\\\/fr\\\/sports-exterieurs\\\/applications\\\/terrains-de-jeu\\\/#primaryimage\"},\"thumbnailUrl\":\"https:\\\/\\\/herculan.com\\\/wp-content\\\/uploads\\\/2020\\\/09\\\/playground-buitensport-hoofdfoto.jpg\",\"datePublished\":\"2020-10-12T13:02:08+00:00\",\"dateModified\":\"2020-10-22T12:40:33+00:00\",\"breadcrumb\":{\"@id\":\"https:\\\/\\\/herculan.com\\\/fr\\\/sports-exterieurs\\\/applications\\\/terrains-de-jeu\\\/#breadcrumb\"},\"inLanguage\":\"fr-FR\",\"potentialAction\":[{\"@type\":\"ReadAction\",\"target\":[\"https:\\\/\\\/herculan.com\\\/fr\\\/sports-exterieurs\\\/applications\\\/terrains-de-jeu\\\/\"]}]},{\"@type\":\"ImageObject\",\"inLanguage\":\"fr-FR\",\"@id\":\"https:\\\/\\\/herculan.com\\\/fr\\\/sports-exterieurs\\\/applications\\\/terrains-de-jeu\\\/#primaryimage\",\"url\":\"https:\\\/\\\/herculan.com\\\/wp-content\\\/uploads\\\/2020\\\/09\\\/playground-buitensport-hoofdfoto.jpg\",\"contentUrl\":\"https:\\\/\\\/herculan.com\\\/wp-content\\\/uploads\\\/2020\\\/09\\\/playground-buitensport-hoofdfoto.jpg\",\"width\":1200,\"height\":537},{\"@type\":\"BreadcrumbList\",\"@id\":\"https:\\\/\\\/herculan.com\\\/fr\\\/sports-exterieurs\\\/applications\\\/terrains-de-jeu\\\/#breadcrumb\",\"itemListElement\":[{\"@type\":\"ListItem\",\"position\":1,\"name\":\"Home\",\"item\":\"https:\\\/\\\/herculan.com\\\/fr\\\/\"},{\"@type\":\"ListItem\",\"position\":2,\"name\":\"Sports ext\u00e9rieurs\",\"item\":\"https:\\\/\\\/herculan.com\\\/fr\\\/sports-exterieurs\\\/\"},{\"@type\":\"ListItem\",\"position\":3,\"name\":\"Applications\",\"item\":\"https:\\\/\\\/herculan.com\\\/fr\\\/sports-exterieurs\\\/applications\\\/\"},{\"@type\":\"ListItem\",\"position\":4,\"name\":\"Terrains de jeu\"}]},{\"@type\":\"WebSite\",\"@id\":\"https:\\\/\\\/herculan.com\\\/fr\\\/#website\",\"url\":\"https:\\\/\\\/herculan.com\\\/fr\\\/\",\"name\":\"Herculan\",\"description\":\"We&#039;ve got it covered\",\"potentialAction\":[{\"@type\":\"SearchAction\",\"target\":{\"@type\":\"EntryPoint\",\"urlTemplate\":\"https:\\\/\\\/herculan.com\\\/fr\\\/?s={search_term_string}\"},\"query-input\":{\"@type\":\"PropertyValueSpecification\",\"valueRequired\":true,\"valueName\":\"search_term_string\"}}],\"inLanguage\":\"fr-FR\"}]}<\/script>\n<!-- \/ Yoast SEO plugin. -->","yoast_head_json":{"title":"Terrains de jeu &#8226; Herculan","robots":{"index":"index","follow":"follow","max-snippet":"max-snippet:-1","max-image-preview":"max-image-preview:large","max-video-preview":"max-video-preview:-1"},"canonical":"https:\/\/herculan.com\/fr\/sports-exterieurs\/applications\/terrains-de-jeu\/","schema":{"@context":"https:\/\/schema.org","@graph":[{"@type":"WebPage","@id":"https:\/\/herculan.com\/fr\/sports-exterieurs\/applications\/terrains-de-jeu\/","url":"https:\/\/herculan.com\/fr\/sports-exterieurs\/applications\/terrains-de-jeu\/","name":"Terrains de jeu &#8226; Herculan","isPartOf":{"@id":"https:\/\/herculan.com\/fr\/#website"},"primaryImageOfPage":{"@id":"https:\/\/herculan.com\/fr\/sports-exterieurs\/applications\/terrains-de-jeu\/#primaryimage"},"image":{"@id":"https:\/\/herculan.com\/fr\/sports-exterieurs\/applications\/terrains-de-jeu\/#primaryimage"},"thumbnailUrl":"https:\/\/herculan.com\/wp-content\/uploads\/2020\/09\/playground-buitensport-hoofdfoto.jpg","datePublished":"2020-10-12T13:02:08+00:00","dateModified":"2020-10-22T12:40:33+00:00","breadcrumb":{"@id":"https:\/\/herculan.com\/fr\/sports-exterieurs\/applications\/terrains-de-jeu\/#breadcrumb"},"inLanguage":"fr-FR","potentialAction":[{"@type":"ReadAction","target":["https:\/\/herculan.com\/fr\/sports-exterieurs\/applications\/terrains-de-jeu\/"]}]},{"@type":"ImageObject","inLanguage":"fr-FR","@id":"https:\/\/herculan.com\/fr\/sports-exterieurs\/applications\/terrains-de-jeu\/#primaryimage","url":"https:\/\/herculan.com\/wp-content\/uploads\/2020\/09\/playground-buitensport-hoofdfoto.jpg","contentUrl":"https:\/\/herculan.com\/wp-content\/uploads\/2020\/09\/playground-buitensport-hoofdfoto.jpg","width":1200,"height":537},{"@type":"BreadcrumbList","@id":"https:\/\/herculan.com\/fr\/sports-exterieurs\/applications\/terrains-de-jeu\/#breadcrumb","itemListElement":[{"@type":"ListItem","position":1,"name":"Home","item":"https:\/\/herculan.com\/fr\/"},{"@type":"ListItem","position":2,"name":"Sports ext\u00e9rieurs","item":"https:\/\/herculan.com\/fr\/sports-exterieurs\/"},{"@type":"ListItem","position":3,"name":"Applications","item":"https:\/\/herculan.com\/fr\/sports-exterieurs\/applications\/"},{"@type":"ListItem","position":4,"name":"Terrains de jeu"}]},{"@type":"WebSite","@id":"https:\/\/herculan.com\/fr\/#website","url":"https:\/\/herculan.com\/fr\/","name":"Herculan","description":"We&#039;ve got it covered","potentialAction":[{"@type":"SearchAction","target":{"@type":"EntryPoint","urlTemplate":"https:\/\/herculan.com\/fr\/?s={search_term_string}"},"query-input":{"@type":"PropertyValueSpecification","valueRequired":true,"valueName":"search_term_string"}}],"inLanguage":"fr-FR"}]}},"_links":{"self":[{"href":"https:\/\/herculan.com\/fr\/wp-json\/wp\/v2\/pages\/3021","targetHints":{"allow":["GET"]}}],"collection":[{"href":"https:\/\/herculan.com\/fr\/wp-json\/wp\/v2\/pages"}],"about":[{"href":"https:\/\/herculan.com\/fr\/wp-json\/wp\/v2\/types\/page"}],"author":[{"embeddable":true,"href":"https:\/\/herculan.com\/fr\/wp-json\/wp\/v2\/users\/1"}],"replies":[{"embeddable":true,"href":"https:\/\/herculan.com\/fr\/wp-json\/wp\/v2\/comments?post=3021"}],"version-history":[{"count":2,"href":"https:\/\/herculan.com\/fr\/wp-json\/wp\/v2\/pages\/3021\/revisions"}],"predecessor-version":[{"id":3051,"href":"https:\/\/herculan.com\/fr\/wp-json\/wp\/v2\/pages\/3021\/revisions\/3051"}],"up":[{"embeddable":true,"href":"https:\/\/herculan.com\/fr\/wp-json\/wp\/v2\/pages\/2962"}],"wp:featuredmedia":[{"embeddable":true,"href":"https:\/\/herculan.com\/fr\/wp-json\/wp\/v2\/media\/374"}],"wp:attachment":[{"href":"https:\/\/herculan.com\/fr\/wp-json\/wp\/v2\/media?parent=3021"}],"curies":[{"name":"wp","href":"https:\/\/api.w.org\/{rel}","templated":true}]}}