{"id":3131,"date":"2020-10-12T14:05:03","date_gmt":"2020-10-12T14:05:03","guid":{"rendered":"https:\/\/herculan.com\/utility\/gietvloer-installatie\/"},"modified":"2020-10-26T14:55:44","modified_gmt":"2020-10-26T14:55:44","slug":"installation-de-sol-coule","status":"publish","type":"page","link":"https:\/\/herculan.com\/fr\/utility\/installation-de-sol-coule\/","title":{"rendered":"Installation de sol coul\u00e9"},"content":{"rendered":"\n<p>Lorsque l\u2019installation est effectu\u00e9e par des professionnels, votre rev\u00eatement de sol r\u00e9pond \u00e0 toutes les exigences et toutes les attentes. Nos \u00e9quipes responsables de l\u2019installation ont suivi une formation interne et elles suivent r\u00e9guli\u00e8rement des formations compl\u00e9mentaires. Elles peuvent ainsi poser les bases d\u2019un rev\u00eatement de sol Herculan parfait. Un sol coul\u00e9 digne d\u2019Herculan, assurant les meilleures performances sportives possibles.<\/p>\n","protected":false},"excerpt":{"rendered":"<p>Lorsque l\u2019installation est effectu\u00e9e par des professionnels, votre rev\u00eatement de sol r\u00e9pond \u00e0 toutes les exigences et toutes les attentes. Nos \u00e9quipes responsables de l\u2019installation ont suivi une formation interne et elles suivent r\u00e9guli\u00e8rement des formations compl\u00e9mentaires. Elles peuvent ainsi poser les bases d\u2019un rev\u00eatement de sol Herculan parfait. Un sol coul\u00e9 digne d\u2019Herculan, assurant [&hellip;]<\/p>\n","protected":false},"author":1,"featured_media":42,"parent":2698,"menu_order":3,"comment_status":"closed","ping_status":"closed","template":"","meta":{"_acf_changed":false,"footnotes":""},"class_list":["post-3131","page","type-page","status-publish","has-post-thumbnail","hentry"],"acf":[],"yoast_head":"<!-- This site is optimized with the Yoast SEO plugin v27.3 - https:\/\/yoast.com\/product\/yoast-seo-wordpress\/ -->\n<title>Installation de sol coul\u00e9 &#8226; Herculan<\/title>\n<meta name=\"robots\" content=\"index, follow, max-snippet:-1, max-image-preview:large, max-video-preview:-1\" \/>\n<link rel=\"canonical\" href=\"https:\/\/herculan.com\/fr\/utility\/installation-de-sol-coule\/\" \/>\n<script type=\"application\/ld+json\" class=\"yoast-schema-graph\">{\"@context\":\"https:\\\/\\\/schema.org\",\"@graph\":[{\"@type\":\"WebPage\",\"@id\":\"https:\\\/\\\/herculan.com\\\/fr\\\/utility\\\/installation-de-sol-coule\\\/\",\"url\":\"https:\\\/\\\/herculan.com\\\/fr\\\/utility\\\/installation-de-sol-coule\\\/\",\"name\":\"Installation de sol coul\u00e9 &#8226; Herculan\",\"isPartOf\":{\"@id\":\"https:\\\/\\\/herculan.com\\\/fr\\\/#website\"},\"primaryImageOfPage\":{\"@id\":\"https:\\\/\\\/herculan.com\\\/fr\\\/utility\\\/installation-de-sol-coule\\\/#primaryimage\"},\"image\":{\"@id\":\"https:\\\/\\\/herculan.com\\\/fr\\\/utility\\\/installation-de-sol-coule\\\/#primaryimage\"},\"thumbnailUrl\":\"https:\\\/\\\/herculan.com\\\/wp-content\\\/uploads\\\/2020\\\/09\\\/applicatie-op-maat-1.jpg\",\"datePublished\":\"2020-10-12T14:05:03+00:00\",\"dateModified\":\"2020-10-26T14:55:44+00:00\",\"breadcrumb\":{\"@id\":\"https:\\\/\\\/herculan.com\\\/fr\\\/utility\\\/installation-de-sol-coule\\\/#breadcrumb\"},\"inLanguage\":\"fr-FR\",\"potentialAction\":[{\"@type\":\"ReadAction\",\"target\":[\"https:\\\/\\\/herculan.com\\\/fr\\\/utility\\\/installation-de-sol-coule\\\/\"]}]},{\"@type\":\"ImageObject\",\"inLanguage\":\"fr-FR\",\"@id\":\"https:\\\/\\\/herculan.com\\\/fr\\\/utility\\\/installation-de-sol-coule\\\/#primaryimage\",\"url\":\"https:\\\/\\\/herculan.com\\\/wp-content\\\/uploads\\\/2020\\\/09\\\/applicatie-op-maat-1.jpg\",\"contentUrl\":\"https:\\\/\\\/herculan.com\\\/wp-content\\\/uploads\\\/2020\\\/09\\\/applicatie-op-maat-1.jpg\",\"width\":1200,\"height\":537},{\"@type\":\"BreadcrumbList\",\"@id\":\"https:\\\/\\\/herculan.com\\\/fr\\\/utility\\\/installation-de-sol-coule\\\/#breadcrumb\",\"itemListElement\":[{\"@type\":\"ListItem\",\"position\":1,\"name\":\"Home\",\"item\":\"https:\\\/\\\/herculan.com\\\/fr\\\/\"},{\"@type\":\"ListItem\",\"position\":2,\"name\":\"Utility\",\"item\":\"https:\\\/\\\/herculan.com\\\/fr\\\/utility\\\/\"},{\"@type\":\"ListItem\",\"position\":3,\"name\":\"Installation de sol coul\u00e9\"}]},{\"@type\":\"WebSite\",\"@id\":\"https:\\\/\\\/herculan.com\\\/fr\\\/#website\",\"url\":\"https:\\\/\\\/herculan.com\\\/fr\\\/\",\"name\":\"Herculan\",\"description\":\"We&#039;ve got it covered\",\"potentialAction\":[{\"@type\":\"SearchAction\",\"target\":{\"@type\":\"EntryPoint\",\"urlTemplate\":\"https:\\\/\\\/herculan.com\\\/fr\\\/?s={search_term_string}\"},\"query-input\":{\"@type\":\"PropertyValueSpecification\",\"valueRequired\":true,\"valueName\":\"search_term_string\"}}],\"inLanguage\":\"fr-FR\"}]}<\/script>\n<!-- \/ Yoast SEO plugin. -->","yoast_head_json":{"title":"Installation de sol coul\u00e9 &#8226; Herculan","robots":{"index":"index","follow":"follow","max-snippet":"max-snippet:-1","max-image-preview":"max-image-preview:large","max-video-preview":"max-video-preview:-1"},"canonical":"https:\/\/herculan.com\/fr\/utility\/installation-de-sol-coule\/","schema":{"@context":"https:\/\/schema.org","@graph":[{"@type":"WebPage","@id":"https:\/\/herculan.com\/fr\/utility\/installation-de-sol-coule\/","url":"https:\/\/herculan.com\/fr\/utility\/installation-de-sol-coule\/","name":"Installation de sol coul\u00e9 &#8226; Herculan","isPartOf":{"@id":"https:\/\/herculan.com\/fr\/#website"},"primaryImageOfPage":{"@id":"https:\/\/herculan.com\/fr\/utility\/installation-de-sol-coule\/#primaryimage"},"image":{"@id":"https:\/\/herculan.com\/fr\/utility\/installation-de-sol-coule\/#primaryimage"},"thumbnailUrl":"https:\/\/herculan.com\/wp-content\/uploads\/2020\/09\/applicatie-op-maat-1.jpg","datePublished":"2020-10-12T14:05:03+00:00","dateModified":"2020-10-26T14:55:44+00:00","breadcrumb":{"@id":"https:\/\/herculan.com\/fr\/utility\/installation-de-sol-coule\/#breadcrumb"},"inLanguage":"fr-FR","potentialAction":[{"@type":"ReadAction","target":["https:\/\/herculan.com\/fr\/utility\/installation-de-sol-coule\/"]}]},{"@type":"ImageObject","inLanguage":"fr-FR","@id":"https:\/\/herculan.com\/fr\/utility\/installation-de-sol-coule\/#primaryimage","url":"https:\/\/herculan.com\/wp-content\/uploads\/2020\/09\/applicatie-op-maat-1.jpg","contentUrl":"https:\/\/herculan.com\/wp-content\/uploads\/2020\/09\/applicatie-op-maat-1.jpg","width":1200,"height":537},{"@type":"BreadcrumbList","@id":"https:\/\/herculan.com\/fr\/utility\/installation-de-sol-coule\/#breadcrumb","itemListElement":[{"@type":"ListItem","position":1,"name":"Home","item":"https:\/\/herculan.com\/fr\/"},{"@type":"ListItem","position":2,"name":"Utility","item":"https:\/\/herculan.com\/fr\/utility\/"},{"@type":"ListItem","position":3,"name":"Installation de sol coul\u00e9"}]},{"@type":"WebSite","@id":"https:\/\/herculan.com\/fr\/#website","url":"https:\/\/herculan.com\/fr\/","name":"Herculan","description":"We&#039;ve got it covered","potentialAction":[{"@type":"SearchAction","target":{"@type":"EntryPoint","urlTemplate":"https:\/\/herculan.com\/fr\/?s={search_term_string}"},"query-input":{"@type":"PropertyValueSpecification","valueRequired":true,"valueName":"search_term_string"}}],"inLanguage":"fr-FR"}]}},"_links":{"self":[{"href":"https:\/\/herculan.com\/fr\/wp-json\/wp\/v2\/pages\/3131","targetHints":{"allow":["GET"]}}],"collection":[{"href":"https:\/\/herculan.com\/fr\/wp-json\/wp\/v2\/pages"}],"about":[{"href":"https:\/\/herculan.com\/fr\/wp-json\/wp\/v2\/types\/page"}],"author":[{"embeddable":true,"href":"https:\/\/herculan.com\/fr\/wp-json\/wp\/v2\/users\/1"}],"replies":[{"embeddable":true,"href":"https:\/\/herculan.com\/fr\/wp-json\/wp\/v2\/comments?post=3131"}],"version-history":[{"count":2,"href":"https:\/\/herculan.com\/fr\/wp-json\/wp\/v2\/pages\/3131\/revisions"}],"predecessor-version":[{"id":3169,"href":"https:\/\/herculan.com\/fr\/wp-json\/wp\/v2\/pages\/3131\/revisions\/3169"}],"up":[{"embeddable":true,"href":"https:\/\/herculan.com\/fr\/wp-json\/wp\/v2\/pages\/2698"}],"wp:featuredmedia":[{"embeddable":true,"href":"https:\/\/herculan.com\/fr\/wp-json\/wp\/v2\/media\/42"}],"wp:attachment":[{"href":"https:\/\/herculan.com\/fr\/wp-json\/wp\/v2\/media?parent=3131"}],"curies":[{"name":"wp","href":"https:\/\/api.w.org\/{rel}","templated":true}]}}