{"id":3265,"date":"2020-10-13T08:17:07","date_gmt":"2020-10-13T08:17:07","guid":{"rendered":"https:\/\/herculan.com\/utility\/applications\/industrie\/productieruimte\/"},"modified":"2020-10-26T15:43:32","modified_gmt":"2020-10-26T15:43:32","slug":"locaux-de-production","status":"publish","type":"page","link":"https:\/\/herculan.com\/fr\/utility\/applications\/industrie\/locaux-de-production\/","title":{"rendered":"Locaux de production"},"content":{"rendered":"\n<p>Les rev\u00eatements de sol utilis\u00e9s dans l\u2019industrie font l\u2019objet de s\u00e9v\u00e8res exigences. Si le secteur industriel est tr\u00e8s divers, il existe tout de m\u00eame un certain nombre de caract\u00e9ristiques qui sont g\u00e9n\u00e9ralement applicables. Le rev\u00eatement de sol doit avant tout pouvoir se maintenir aussi facilement en environnements de production l\u00e9gers comme lourds et en conditions s\u00e8ches comme humides. Les contraintes dues aux manipulations de palettes et \u00e0 la circulation de chariots \u00e9l\u00e9vateurs ne doivent pas poser de probl\u00e8mes et le rev\u00eatement doit \u00e9videmment \u00eatre \u00e9tanche aux liquides.\u00a0Herculan a d\u00e9velopp\u00e9 un certain nombre de syst\u00e8mes de sols coul\u00e9s sp\u00e9cifiquement destin\u00e9s au secteur industriel, capables de proposer le rev\u00eatement de sol optimal pour quasiment tout lieu de production.<\/p>\n","protected":false},"excerpt":{"rendered":"<p>Les rev\u00eatements de sol utilis\u00e9s dans l\u2019industrie font l\u2019objet de s\u00e9v\u00e8res exigences. Si le secteur industriel est tr\u00e8s divers, il existe tout de m\u00eame un certain nombre de caract\u00e9ristiques qui sont g\u00e9n\u00e9ralement applicables. Le rev\u00eatement de sol doit avant tout pouvoir se maintenir aussi facilement en environnements de production l\u00e9gers comme lourds et en conditions [&hellip;]<\/p>\n","protected":false},"author":1,"featured_media":390,"parent":3225,"menu_order":1,"comment_status":"closed","ping_status":"closed","template":"page-application.php","meta":{"_acf_changed":false,"footnotes":""},"class_list":["post-3265","page","type-page","status-publish","has-post-thumbnail","hentry"],"acf":[],"yoast_head":"<!-- This site is optimized with the Yoast SEO plugin v27.4 - https:\/\/yoast.com\/product\/yoast-seo-wordpress\/ -->\n<title>Locaux de production &#8226; Herculan<\/title>\n<meta name=\"robots\" content=\"index, follow, max-snippet:-1, max-image-preview:large, max-video-preview:-1\" \/>\n<link rel=\"canonical\" href=\"https:\/\/herculan.com\/fr\/utility\/applications\/industrie\/locaux-de-production\/\" \/>\n<script type=\"application\/ld+json\" class=\"yoast-schema-graph\">{\"@context\":\"https:\\\/\\\/schema.org\",\"@graph\":[{\"@type\":\"WebPage\",\"@id\":\"https:\\\/\\\/herculan.com\\\/fr\\\/utility\\\/applications\\\/industrie\\\/locaux-de-production\\\/\",\"url\":\"https:\\\/\\\/herculan.com\\\/fr\\\/utility\\\/applications\\\/industrie\\\/locaux-de-production\\\/\",\"name\":\"Locaux de production &#8226; Herculan\",\"isPartOf\":{\"@id\":\"https:\\\/\\\/herculan.com\\\/fr\\\/#website\"},\"primaryImageOfPage\":{\"@id\":\"https:\\\/\\\/herculan.com\\\/fr\\\/utility\\\/applications\\\/industrie\\\/locaux-de-production\\\/#primaryimage\"},\"image\":{\"@id\":\"https:\\\/\\\/herculan.com\\\/fr\\\/utility\\\/applications\\\/industrie\\\/locaux-de-production\\\/#primaryimage\"},\"thumbnailUrl\":\"https:\\\/\\\/herculan.com\\\/wp-content\\\/uploads\\\/2020\\\/09\\\/productie-utillity-hoofdfoto.jpg\",\"datePublished\":\"2020-10-13T08:17:07+00:00\",\"dateModified\":\"2020-10-26T15:43:32+00:00\",\"breadcrumb\":{\"@id\":\"https:\\\/\\\/herculan.com\\\/fr\\\/utility\\\/applications\\\/industrie\\\/locaux-de-production\\\/#breadcrumb\"},\"inLanguage\":\"fr-FR\",\"potentialAction\":[{\"@type\":\"ReadAction\",\"target\":[\"https:\\\/\\\/herculan.com\\\/fr\\\/utility\\\/applications\\\/industrie\\\/locaux-de-production\\\/\"]}]},{\"@type\":\"ImageObject\",\"inLanguage\":\"fr-FR\",\"@id\":\"https:\\\/\\\/herculan.com\\\/fr\\\/utility\\\/applications\\\/industrie\\\/locaux-de-production\\\/#primaryimage\",\"url\":\"https:\\\/\\\/herculan.com\\\/wp-content\\\/uploads\\\/2020\\\/09\\\/productie-utillity-hoofdfoto.jpg\",\"contentUrl\":\"https:\\\/\\\/herculan.com\\\/wp-content\\\/uploads\\\/2020\\\/09\\\/productie-utillity-hoofdfoto.jpg\",\"width\":1200,\"height\":537},{\"@type\":\"BreadcrumbList\",\"@id\":\"https:\\\/\\\/herculan.com\\\/fr\\\/utility\\\/applications\\\/industrie\\\/locaux-de-production\\\/#breadcrumb\",\"itemListElement\":[{\"@type\":\"ListItem\",\"position\":1,\"name\":\"Home\",\"item\":\"https:\\\/\\\/herculan.com\\\/fr\\\/\"},{\"@type\":\"ListItem\",\"position\":2,\"name\":\"Utility\",\"item\":\"https:\\\/\\\/herculan.com\\\/fr\\\/utility\\\/\"},{\"@type\":\"ListItem\",\"position\":3,\"name\":\"Applications\",\"item\":\"https:\\\/\\\/herculan.com\\\/fr\\\/utility\\\/applications\\\/\"},{\"@type\":\"ListItem\",\"position\":4,\"name\":\"Industrie\",\"item\":\"https:\\\/\\\/herculan.com\\\/fr\\\/utility\\\/applications\\\/industrie\\\/\"},{\"@type\":\"ListItem\",\"position\":5,\"name\":\"Locaux de production\"}]},{\"@type\":\"WebSite\",\"@id\":\"https:\\\/\\\/herculan.com\\\/fr\\\/#website\",\"url\":\"https:\\\/\\\/herculan.com\\\/fr\\\/\",\"name\":\"Herculan\",\"description\":\"We&#039;ve got it covered\",\"potentialAction\":[{\"@type\":\"SearchAction\",\"target\":{\"@type\":\"EntryPoint\",\"urlTemplate\":\"https:\\\/\\\/herculan.com\\\/fr\\\/?s={search_term_string}\"},\"query-input\":{\"@type\":\"PropertyValueSpecification\",\"valueRequired\":true,\"valueName\":\"search_term_string\"}}],\"inLanguage\":\"fr-FR\"}]}<\/script>\n<!-- \/ Yoast SEO plugin. -->","yoast_head_json":{"title":"Locaux de production &#8226; Herculan","robots":{"index":"index","follow":"follow","max-snippet":"max-snippet:-1","max-image-preview":"max-image-preview:large","max-video-preview":"max-video-preview:-1"},"canonical":"https:\/\/herculan.com\/fr\/utility\/applications\/industrie\/locaux-de-production\/","schema":{"@context":"https:\/\/schema.org","@graph":[{"@type":"WebPage","@id":"https:\/\/herculan.com\/fr\/utility\/applications\/industrie\/locaux-de-production\/","url":"https:\/\/herculan.com\/fr\/utility\/applications\/industrie\/locaux-de-production\/","name":"Locaux de production &#8226; Herculan","isPartOf":{"@id":"https:\/\/herculan.com\/fr\/#website"},"primaryImageOfPage":{"@id":"https:\/\/herculan.com\/fr\/utility\/applications\/industrie\/locaux-de-production\/#primaryimage"},"image":{"@id":"https:\/\/herculan.com\/fr\/utility\/applications\/industrie\/locaux-de-production\/#primaryimage"},"thumbnailUrl":"https:\/\/herculan.com\/wp-content\/uploads\/2020\/09\/productie-utillity-hoofdfoto.jpg","datePublished":"2020-10-13T08:17:07+00:00","dateModified":"2020-10-26T15:43:32+00:00","breadcrumb":{"@id":"https:\/\/herculan.com\/fr\/utility\/applications\/industrie\/locaux-de-production\/#breadcrumb"},"inLanguage":"fr-FR","potentialAction":[{"@type":"ReadAction","target":["https:\/\/herculan.com\/fr\/utility\/applications\/industrie\/locaux-de-production\/"]}]},{"@type":"ImageObject","inLanguage":"fr-FR","@id":"https:\/\/herculan.com\/fr\/utility\/applications\/industrie\/locaux-de-production\/#primaryimage","url":"https:\/\/herculan.com\/wp-content\/uploads\/2020\/09\/productie-utillity-hoofdfoto.jpg","contentUrl":"https:\/\/herculan.com\/wp-content\/uploads\/2020\/09\/productie-utillity-hoofdfoto.jpg","width":1200,"height":537},{"@type":"BreadcrumbList","@id":"https:\/\/herculan.com\/fr\/utility\/applications\/industrie\/locaux-de-production\/#breadcrumb","itemListElement":[{"@type":"ListItem","position":1,"name":"Home","item":"https:\/\/herculan.com\/fr\/"},{"@type":"ListItem","position":2,"name":"Utility","item":"https:\/\/herculan.com\/fr\/utility\/"},{"@type":"ListItem","position":3,"name":"Applications","item":"https:\/\/herculan.com\/fr\/utility\/applications\/"},{"@type":"ListItem","position":4,"name":"Industrie","item":"https:\/\/herculan.com\/fr\/utility\/applications\/industrie\/"},{"@type":"ListItem","position":5,"name":"Locaux de production"}]},{"@type":"WebSite","@id":"https:\/\/herculan.com\/fr\/#website","url":"https:\/\/herculan.com\/fr\/","name":"Herculan","description":"We&#039;ve got it covered","potentialAction":[{"@type":"SearchAction","target":{"@type":"EntryPoint","urlTemplate":"https:\/\/herculan.com\/fr\/?s={search_term_string}"},"query-input":{"@type":"PropertyValueSpecification","valueRequired":true,"valueName":"search_term_string"}}],"inLanguage":"fr-FR"}]}},"_links":{"self":[{"href":"https:\/\/herculan.com\/fr\/wp-json\/wp\/v2\/pages\/3265","targetHints":{"allow":["GET"]}}],"collection":[{"href":"https:\/\/herculan.com\/fr\/wp-json\/wp\/v2\/pages"}],"about":[{"href":"https:\/\/herculan.com\/fr\/wp-json\/wp\/v2\/types\/page"}],"author":[{"embeddable":true,"href":"https:\/\/herculan.com\/fr\/wp-json\/wp\/v2\/users\/1"}],"replies":[{"embeddable":true,"href":"https:\/\/herculan.com\/fr\/wp-json\/wp\/v2\/comments?post=3265"}],"version-history":[{"count":2,"href":"https:\/\/herculan.com\/fr\/wp-json\/wp\/v2\/pages\/3265\/revisions"}],"predecessor-version":[{"id":3286,"href":"https:\/\/herculan.com\/fr\/wp-json\/wp\/v2\/pages\/3265\/revisions\/3286"}],"up":[{"embeddable":true,"href":"https:\/\/herculan.com\/fr\/wp-json\/wp\/v2\/pages\/3225"}],"wp:featuredmedia":[{"embeddable":true,"href":"https:\/\/herculan.com\/fr\/wp-json\/wp\/v2\/media\/390"}],"wp:attachment":[{"href":"https:\/\/herculan.com\/fr\/wp-json\/wp\/v2\/media?parent=3265"}],"curies":[{"name":"wp","href":"https:\/\/api.w.org\/{rel}","templated":true}]}}