{"id":3267,"date":"2020-10-13T08:19:25","date_gmt":"2020-10-13T08:19:25","guid":{"rendered":"https:\/\/herculan.com\/utility\/applications\/industrie\/logistiek-opslag\/"},"modified":"2020-10-26T15:44:02","modified_gmt":"2020-10-26T15:44:02","slug":"logistique-et-entreposage","status":"publish","type":"page","link":"https:\/\/herculan.com\/fr\/utility\/applications\/industrie\/logistique-et-entreposage\/","title":{"rendered":"Logistique et entreposage"},"content":{"rendered":"\n<p>Les locaux de stockage et les services logistiques sont souvent reli\u00e9s, et il en va de m\u00eame pour les finitions de rev\u00eatement de sol. La finition du rev\u00eatement de sol doit pouvoir r\u00e9sister \u00e0 la circulation et aux man\u0153uvres des chariots \u00e9l\u00e9vateurs et transpalettes, ainsi qu\u2019aux frottements de palettes et de caisses et aux chutes de diff\u00e9rents objets et emballages. Il peut aussi \u00eatre exig\u00e9 que la surface du sol soit \u00e9tanche aux liquides, ce qui est pr\u00e9f\u00e9rable pour son entretien.<\/p>\n","protected":false},"excerpt":{"rendered":"<p>Les locaux de stockage et les services logistiques sont souvent reli\u00e9s, et il en va de m\u00eame pour les finitions de rev\u00eatement de sol. La finition du rev\u00eatement de sol doit pouvoir r\u00e9sister \u00e0 la circulation et aux man\u0153uvres des chariots \u00e9l\u00e9vateurs et transpalettes, ainsi qu\u2019aux frottements de palettes et de caisses et aux chutes [&hellip;]<\/p>\n","protected":false},"author":1,"featured_media":254,"parent":3225,"menu_order":2,"comment_status":"closed","ping_status":"closed","template":"page-application.php","meta":{"_acf_changed":false,"footnotes":""},"class_list":["post-3267","page","type-page","status-publish","has-post-thumbnail","hentry"],"acf":[],"yoast_head":"<!-- This site is optimized with the Yoast SEO plugin v27.3 - https:\/\/yoast.com\/product\/yoast-seo-wordpress\/ -->\n<title>Logistique et entreposage &#8226; Herculan<\/title>\n<meta name=\"robots\" content=\"index, follow, max-snippet:-1, max-image-preview:large, max-video-preview:-1\" \/>\n<link rel=\"canonical\" href=\"https:\/\/herculan.com\/fr\/utility\/applications\/industrie\/logistique-et-entreposage\/\" \/>\n<script type=\"application\/ld+json\" class=\"yoast-schema-graph\">{\"@context\":\"https:\\\/\\\/schema.org\",\"@graph\":[{\"@type\":\"WebPage\",\"@id\":\"https:\\\/\\\/herculan.com\\\/fr\\\/utility\\\/applications\\\/industrie\\\/logistique-et-entreposage\\\/\",\"url\":\"https:\\\/\\\/herculan.com\\\/fr\\\/utility\\\/applications\\\/industrie\\\/logistique-et-entreposage\\\/\",\"name\":\"Logistique et entreposage &#8226; Herculan\",\"isPartOf\":{\"@id\":\"https:\\\/\\\/herculan.com\\\/fr\\\/#website\"},\"primaryImageOfPage\":{\"@id\":\"https:\\\/\\\/herculan.com\\\/fr\\\/utility\\\/applications\\\/industrie\\\/logistique-et-entreposage\\\/#primaryimage\"},\"image\":{\"@id\":\"https:\\\/\\\/herculan.com\\\/fr\\\/utility\\\/applications\\\/industrie\\\/logistique-et-entreposage\\\/#primaryimage\"},\"thumbnailUrl\":\"https:\\\/\\\/herculan.com\\\/wp-content\\\/uploads\\\/2020\\\/09\\\/Industrieel-centraal-boekhuis-1.jpg\",\"datePublished\":\"2020-10-13T08:19:25+00:00\",\"dateModified\":\"2020-10-26T15:44:02+00:00\",\"breadcrumb\":{\"@id\":\"https:\\\/\\\/herculan.com\\\/fr\\\/utility\\\/applications\\\/industrie\\\/logistique-et-entreposage\\\/#breadcrumb\"},\"inLanguage\":\"fr-FR\",\"potentialAction\":[{\"@type\":\"ReadAction\",\"target\":[\"https:\\\/\\\/herculan.com\\\/fr\\\/utility\\\/applications\\\/industrie\\\/logistique-et-entreposage\\\/\"]}]},{\"@type\":\"ImageObject\",\"inLanguage\":\"fr-FR\",\"@id\":\"https:\\\/\\\/herculan.com\\\/fr\\\/utility\\\/applications\\\/industrie\\\/logistique-et-entreposage\\\/#primaryimage\",\"url\":\"https:\\\/\\\/herculan.com\\\/wp-content\\\/uploads\\\/2020\\\/09\\\/Industrieel-centraal-boekhuis-1.jpg\",\"contentUrl\":\"https:\\\/\\\/herculan.com\\\/wp-content\\\/uploads\\\/2020\\\/09\\\/Industrieel-centraal-boekhuis-1.jpg\",\"width\":1200,\"height\":537},{\"@type\":\"BreadcrumbList\",\"@id\":\"https:\\\/\\\/herculan.com\\\/fr\\\/utility\\\/applications\\\/industrie\\\/logistique-et-entreposage\\\/#breadcrumb\",\"itemListElement\":[{\"@type\":\"ListItem\",\"position\":1,\"name\":\"Home\",\"item\":\"https:\\\/\\\/herculan.com\\\/fr\\\/\"},{\"@type\":\"ListItem\",\"position\":2,\"name\":\"Utility\",\"item\":\"https:\\\/\\\/herculan.com\\\/fr\\\/utility\\\/\"},{\"@type\":\"ListItem\",\"position\":3,\"name\":\"Applications\",\"item\":\"https:\\\/\\\/herculan.com\\\/fr\\\/utility\\\/applications\\\/\"},{\"@type\":\"ListItem\",\"position\":4,\"name\":\"Industrie\",\"item\":\"https:\\\/\\\/herculan.com\\\/fr\\\/utility\\\/applications\\\/industrie\\\/\"},{\"@type\":\"ListItem\",\"position\":5,\"name\":\"Logistique et entreposage\"}]},{\"@type\":\"WebSite\",\"@id\":\"https:\\\/\\\/herculan.com\\\/fr\\\/#website\",\"url\":\"https:\\\/\\\/herculan.com\\\/fr\\\/\",\"name\":\"Herculan\",\"description\":\"We&#039;ve got it covered\",\"potentialAction\":[{\"@type\":\"SearchAction\",\"target\":{\"@type\":\"EntryPoint\",\"urlTemplate\":\"https:\\\/\\\/herculan.com\\\/fr\\\/?s={search_term_string}\"},\"query-input\":{\"@type\":\"PropertyValueSpecification\",\"valueRequired\":true,\"valueName\":\"search_term_string\"}}],\"inLanguage\":\"fr-FR\"}]}<\/script>\n<!-- \/ Yoast SEO plugin. -->","yoast_head_json":{"title":"Logistique et entreposage &#8226; Herculan","robots":{"index":"index","follow":"follow","max-snippet":"max-snippet:-1","max-image-preview":"max-image-preview:large","max-video-preview":"max-video-preview:-1"},"canonical":"https:\/\/herculan.com\/fr\/utility\/applications\/industrie\/logistique-et-entreposage\/","schema":{"@context":"https:\/\/schema.org","@graph":[{"@type":"WebPage","@id":"https:\/\/herculan.com\/fr\/utility\/applications\/industrie\/logistique-et-entreposage\/","url":"https:\/\/herculan.com\/fr\/utility\/applications\/industrie\/logistique-et-entreposage\/","name":"Logistique et entreposage &#8226; Herculan","isPartOf":{"@id":"https:\/\/herculan.com\/fr\/#website"},"primaryImageOfPage":{"@id":"https:\/\/herculan.com\/fr\/utility\/applications\/industrie\/logistique-et-entreposage\/#primaryimage"},"image":{"@id":"https:\/\/herculan.com\/fr\/utility\/applications\/industrie\/logistique-et-entreposage\/#primaryimage"},"thumbnailUrl":"https:\/\/herculan.com\/wp-content\/uploads\/2020\/09\/Industrieel-centraal-boekhuis-1.jpg","datePublished":"2020-10-13T08:19:25+00:00","dateModified":"2020-10-26T15:44:02+00:00","breadcrumb":{"@id":"https:\/\/herculan.com\/fr\/utility\/applications\/industrie\/logistique-et-entreposage\/#breadcrumb"},"inLanguage":"fr-FR","potentialAction":[{"@type":"ReadAction","target":["https:\/\/herculan.com\/fr\/utility\/applications\/industrie\/logistique-et-entreposage\/"]}]},{"@type":"ImageObject","inLanguage":"fr-FR","@id":"https:\/\/herculan.com\/fr\/utility\/applications\/industrie\/logistique-et-entreposage\/#primaryimage","url":"https:\/\/herculan.com\/wp-content\/uploads\/2020\/09\/Industrieel-centraal-boekhuis-1.jpg","contentUrl":"https:\/\/herculan.com\/wp-content\/uploads\/2020\/09\/Industrieel-centraal-boekhuis-1.jpg","width":1200,"height":537},{"@type":"BreadcrumbList","@id":"https:\/\/herculan.com\/fr\/utility\/applications\/industrie\/logistique-et-entreposage\/#breadcrumb","itemListElement":[{"@type":"ListItem","position":1,"name":"Home","item":"https:\/\/herculan.com\/fr\/"},{"@type":"ListItem","position":2,"name":"Utility","item":"https:\/\/herculan.com\/fr\/utility\/"},{"@type":"ListItem","position":3,"name":"Applications","item":"https:\/\/herculan.com\/fr\/utility\/applications\/"},{"@type":"ListItem","position":4,"name":"Industrie","item":"https:\/\/herculan.com\/fr\/utility\/applications\/industrie\/"},{"@type":"ListItem","position":5,"name":"Logistique et entreposage"}]},{"@type":"WebSite","@id":"https:\/\/herculan.com\/fr\/#website","url":"https:\/\/herculan.com\/fr\/","name":"Herculan","description":"We&#039;ve got it covered","potentialAction":[{"@type":"SearchAction","target":{"@type":"EntryPoint","urlTemplate":"https:\/\/herculan.com\/fr\/?s={search_term_string}"},"query-input":{"@type":"PropertyValueSpecification","valueRequired":true,"valueName":"search_term_string"}}],"inLanguage":"fr-FR"}]}},"_links":{"self":[{"href":"https:\/\/herculan.com\/fr\/wp-json\/wp\/v2\/pages\/3267","targetHints":{"allow":["GET"]}}],"collection":[{"href":"https:\/\/herculan.com\/fr\/wp-json\/wp\/v2\/pages"}],"about":[{"href":"https:\/\/herculan.com\/fr\/wp-json\/wp\/v2\/types\/page"}],"author":[{"embeddable":true,"href":"https:\/\/herculan.com\/fr\/wp-json\/wp\/v2\/users\/1"}],"replies":[{"embeddable":true,"href":"https:\/\/herculan.com\/fr\/wp-json\/wp\/v2\/comments?post=3267"}],"version-history":[{"count":2,"href":"https:\/\/herculan.com\/fr\/wp-json\/wp\/v2\/pages\/3267\/revisions"}],"predecessor-version":[{"id":3288,"href":"https:\/\/herculan.com\/fr\/wp-json\/wp\/v2\/pages\/3267\/revisions\/3288"}],"up":[{"embeddable":true,"href":"https:\/\/herculan.com\/fr\/wp-json\/wp\/v2\/pages\/3225"}],"wp:featuredmedia":[{"embeddable":true,"href":"https:\/\/herculan.com\/fr\/wp-json\/wp\/v2\/media\/254"}],"wp:attachment":[{"href":"https:\/\/herculan.com\/fr\/wp-json\/wp\/v2\/media?parent=3267"}],"curies":[{"name":"wp","href":"https:\/\/api.w.org\/{rel}","templated":true}]}}