{"id":3317,"date":"2020-10-13T08:46:54","date_gmt":"2020-10-13T08:46:54","guid":{"rendered":"https:\/\/herculan.com\/utility\/applications\/environnement-professionnel-et-cadre-de-vie\/enseignement\/keukens-onderwijs\/"},"modified":"2020-10-26T16:09:49","modified_gmt":"2020-10-26T16:09:49","slug":"cuisines-enseignement","status":"publish","type":"page","link":"https:\/\/herculan.com\/fr\/utility\/applications\/environnement-professionnel-et-cadre-de-vie\/enseignement\/cuisines-enseignement\/","title":{"rendered":"Cuisines"},"content":{"rendered":"\n<p>L\u2019hygi\u00e8ne et la s\u00e9curit\u00e9 sont essentielles dans les cuisines professionnelles, donc aussi dans le choix de la finition id\u00e9ale du rev\u00eatement de sol. Le rev\u00eatement de sol doit \u00eatre en tout cas sans joints et facilement nettoyable. Les besoins de restauration \u00e9tant importants dans l\u2019enseignement, la cuisine sera utilis\u00e9e de mani\u00e8re intensive et devra se montrer suffisamment r\u00e9sistante. Herculan propose la solution id\u00e9ale, apportant en outre une contribution esth\u00e9tique pour rendre la cuisine ou la cantine plus accueillante et agr\u00e9able.<\/p>\n","protected":false},"excerpt":{"rendered":"<p>L\u2019hygi\u00e8ne et la s\u00e9curit\u00e9 sont essentielles dans les cuisines professionnelles, donc aussi dans le choix de la finition id\u00e9ale du rev\u00eatement de sol. Le rev\u00eatement de sol doit \u00eatre en tout cas sans joints et facilement nettoyable. Les besoins de restauration \u00e9tant importants dans l\u2019enseignement, la cuisine sera utilis\u00e9e de mani\u00e8re intensive et devra se [&hellip;]<\/p>\n","protected":false},"author":1,"featured_media":278,"parent":3259,"menu_order":4,"comment_status":"closed","ping_status":"closed","template":"page-application.php","meta":{"_acf_changed":false,"footnotes":""},"class_list":["post-3317","page","type-page","status-publish","has-post-thumbnail","hentry"],"acf":[],"yoast_head":"<!-- This site is optimized with the Yoast SEO plugin v27.3 - https:\/\/yoast.com\/product\/yoast-seo-wordpress\/ -->\n<title>Cuisines &#8226; Herculan<\/title>\n<meta name=\"robots\" content=\"index, follow, max-snippet:-1, max-image-preview:large, max-video-preview:-1\" \/>\n<link rel=\"canonical\" href=\"https:\/\/herculan.com\/fr\/utility\/applications\/environnement-professionnel-et-cadre-de-vie\/enseignement\/cuisines-enseignement\/\" \/>\n<script type=\"application\/ld+json\" class=\"yoast-schema-graph\">{\"@context\":\"https:\\\/\\\/schema.org\",\"@graph\":[{\"@type\":\"WebPage\",\"@id\":\"https:\\\/\\\/herculan.com\\\/fr\\\/utility\\\/applications\\\/environnement-professionnel-et-cadre-de-vie\\\/enseignement\\\/cuisines-enseignement\\\/\",\"url\":\"https:\\\/\\\/herculan.com\\\/fr\\\/utility\\\/applications\\\/environnement-professionnel-et-cadre-de-vie\\\/enseignement\\\/cuisines-enseignement\\\/\",\"name\":\"Cuisines &#8226; Herculan\",\"isPartOf\":{\"@id\":\"https:\\\/\\\/herculan.com\\\/fr\\\/#website\"},\"primaryImageOfPage\":{\"@id\":\"https:\\\/\\\/herculan.com\\\/fr\\\/utility\\\/applications\\\/environnement-professionnel-et-cadre-de-vie\\\/enseignement\\\/cuisines-enseignement\\\/#primaryimage\"},\"image\":{\"@id\":\"https:\\\/\\\/herculan.com\\\/fr\\\/utility\\\/applications\\\/environnement-professionnel-et-cadre-de-vie\\\/enseignement\\\/cuisines-enseignement\\\/#primaryimage\"},\"thumbnailUrl\":\"https:\\\/\\\/herculan.com\\\/wp-content\\\/uploads\\\/2020\\\/09\\\/keuken-onderwijs-utillity-hoofdfoto.jpg\",\"datePublished\":\"2020-10-13T08:46:54+00:00\",\"dateModified\":\"2020-10-26T16:09:49+00:00\",\"breadcrumb\":{\"@id\":\"https:\\\/\\\/herculan.com\\\/fr\\\/utility\\\/applications\\\/environnement-professionnel-et-cadre-de-vie\\\/enseignement\\\/cuisines-enseignement\\\/#breadcrumb\"},\"inLanguage\":\"fr-FR\",\"potentialAction\":[{\"@type\":\"ReadAction\",\"target\":[\"https:\\\/\\\/herculan.com\\\/fr\\\/utility\\\/applications\\\/environnement-professionnel-et-cadre-de-vie\\\/enseignement\\\/cuisines-enseignement\\\/\"]}]},{\"@type\":\"ImageObject\",\"inLanguage\":\"fr-FR\",\"@id\":\"https:\\\/\\\/herculan.com\\\/fr\\\/utility\\\/applications\\\/environnement-professionnel-et-cadre-de-vie\\\/enseignement\\\/cuisines-enseignement\\\/#primaryimage\",\"url\":\"https:\\\/\\\/herculan.com\\\/wp-content\\\/uploads\\\/2020\\\/09\\\/keuken-onderwijs-utillity-hoofdfoto.jpg\",\"contentUrl\":\"https:\\\/\\\/herculan.com\\\/wp-content\\\/uploads\\\/2020\\\/09\\\/keuken-onderwijs-utillity-hoofdfoto.jpg\",\"width\":1200,\"height\":537},{\"@type\":\"BreadcrumbList\",\"@id\":\"https:\\\/\\\/herculan.com\\\/fr\\\/utility\\\/applications\\\/environnement-professionnel-et-cadre-de-vie\\\/enseignement\\\/cuisines-enseignement\\\/#breadcrumb\",\"itemListElement\":[{\"@type\":\"ListItem\",\"position\":1,\"name\":\"Home\",\"item\":\"https:\\\/\\\/herculan.com\\\/fr\\\/\"},{\"@type\":\"ListItem\",\"position\":2,\"name\":\"Utility\",\"item\":\"https:\\\/\\\/herculan.com\\\/fr\\\/utility\\\/\"},{\"@type\":\"ListItem\",\"position\":3,\"name\":\"Applications\",\"item\":\"https:\\\/\\\/herculan.com\\\/fr\\\/utility\\\/applications\\\/\"},{\"@type\":\"ListItem\",\"position\":4,\"name\":\"Environnement professionnel et cadre de vie\",\"item\":\"https:\\\/\\\/herculan.com\\\/fr\\\/utility\\\/applications\\\/environnement-professionnel-et-cadre-de-vie\\\/\"},{\"@type\":\"ListItem\",\"position\":5,\"name\":\"Enseignement\",\"item\":\"https:\\\/\\\/herculan.com\\\/fr\\\/utility\\\/applications\\\/environnement-professionnel-et-cadre-de-vie\\\/enseignement\\\/\"},{\"@type\":\"ListItem\",\"position\":6,\"name\":\"Cuisines\"}]},{\"@type\":\"WebSite\",\"@id\":\"https:\\\/\\\/herculan.com\\\/fr\\\/#website\",\"url\":\"https:\\\/\\\/herculan.com\\\/fr\\\/\",\"name\":\"Herculan\",\"description\":\"We&#039;ve got it covered\",\"potentialAction\":[{\"@type\":\"SearchAction\",\"target\":{\"@type\":\"EntryPoint\",\"urlTemplate\":\"https:\\\/\\\/herculan.com\\\/fr\\\/?s={search_term_string}\"},\"query-input\":{\"@type\":\"PropertyValueSpecification\",\"valueRequired\":true,\"valueName\":\"search_term_string\"}}],\"inLanguage\":\"fr-FR\"}]}<\/script>\n<!-- \/ Yoast SEO plugin. -->","yoast_head_json":{"title":"Cuisines &#8226; Herculan","robots":{"index":"index","follow":"follow","max-snippet":"max-snippet:-1","max-image-preview":"max-image-preview:large","max-video-preview":"max-video-preview:-1"},"canonical":"https:\/\/herculan.com\/fr\/utility\/applications\/environnement-professionnel-et-cadre-de-vie\/enseignement\/cuisines-enseignement\/","schema":{"@context":"https:\/\/schema.org","@graph":[{"@type":"WebPage","@id":"https:\/\/herculan.com\/fr\/utility\/applications\/environnement-professionnel-et-cadre-de-vie\/enseignement\/cuisines-enseignement\/","url":"https:\/\/herculan.com\/fr\/utility\/applications\/environnement-professionnel-et-cadre-de-vie\/enseignement\/cuisines-enseignement\/","name":"Cuisines &#8226; Herculan","isPartOf":{"@id":"https:\/\/herculan.com\/fr\/#website"},"primaryImageOfPage":{"@id":"https:\/\/herculan.com\/fr\/utility\/applications\/environnement-professionnel-et-cadre-de-vie\/enseignement\/cuisines-enseignement\/#primaryimage"},"image":{"@id":"https:\/\/herculan.com\/fr\/utility\/applications\/environnement-professionnel-et-cadre-de-vie\/enseignement\/cuisines-enseignement\/#primaryimage"},"thumbnailUrl":"https:\/\/herculan.com\/wp-content\/uploads\/2020\/09\/keuken-onderwijs-utillity-hoofdfoto.jpg","datePublished":"2020-10-13T08:46:54+00:00","dateModified":"2020-10-26T16:09:49+00:00","breadcrumb":{"@id":"https:\/\/herculan.com\/fr\/utility\/applications\/environnement-professionnel-et-cadre-de-vie\/enseignement\/cuisines-enseignement\/#breadcrumb"},"inLanguage":"fr-FR","potentialAction":[{"@type":"ReadAction","target":["https:\/\/herculan.com\/fr\/utility\/applications\/environnement-professionnel-et-cadre-de-vie\/enseignement\/cuisines-enseignement\/"]}]},{"@type":"ImageObject","inLanguage":"fr-FR","@id":"https:\/\/herculan.com\/fr\/utility\/applications\/environnement-professionnel-et-cadre-de-vie\/enseignement\/cuisines-enseignement\/#primaryimage","url":"https:\/\/herculan.com\/wp-content\/uploads\/2020\/09\/keuken-onderwijs-utillity-hoofdfoto.jpg","contentUrl":"https:\/\/herculan.com\/wp-content\/uploads\/2020\/09\/keuken-onderwijs-utillity-hoofdfoto.jpg","width":1200,"height":537},{"@type":"BreadcrumbList","@id":"https:\/\/herculan.com\/fr\/utility\/applications\/environnement-professionnel-et-cadre-de-vie\/enseignement\/cuisines-enseignement\/#breadcrumb","itemListElement":[{"@type":"ListItem","position":1,"name":"Home","item":"https:\/\/herculan.com\/fr\/"},{"@type":"ListItem","position":2,"name":"Utility","item":"https:\/\/herculan.com\/fr\/utility\/"},{"@type":"ListItem","position":3,"name":"Applications","item":"https:\/\/herculan.com\/fr\/utility\/applications\/"},{"@type":"ListItem","position":4,"name":"Environnement professionnel et cadre de vie","item":"https:\/\/herculan.com\/fr\/utility\/applications\/environnement-professionnel-et-cadre-de-vie\/"},{"@type":"ListItem","position":5,"name":"Enseignement","item":"https:\/\/herculan.com\/fr\/utility\/applications\/environnement-professionnel-et-cadre-de-vie\/enseignement\/"},{"@type":"ListItem","position":6,"name":"Cuisines"}]},{"@type":"WebSite","@id":"https:\/\/herculan.com\/fr\/#website","url":"https:\/\/herculan.com\/fr\/","name":"Herculan","description":"We&#039;ve got it covered","potentialAction":[{"@type":"SearchAction","target":{"@type":"EntryPoint","urlTemplate":"https:\/\/herculan.com\/fr\/?s={search_term_string}"},"query-input":{"@type":"PropertyValueSpecification","valueRequired":true,"valueName":"search_term_string"}}],"inLanguage":"fr-FR"}]}},"_links":{"self":[{"href":"https:\/\/herculan.com\/fr\/wp-json\/wp\/v2\/pages\/3317","targetHints":{"allow":["GET"]}}],"collection":[{"href":"https:\/\/herculan.com\/fr\/wp-json\/wp\/v2\/pages"}],"about":[{"href":"https:\/\/herculan.com\/fr\/wp-json\/wp\/v2\/types\/page"}],"author":[{"embeddable":true,"href":"https:\/\/herculan.com\/fr\/wp-json\/wp\/v2\/users\/1"}],"replies":[{"embeddable":true,"href":"https:\/\/herculan.com\/fr\/wp-json\/wp\/v2\/comments?post=3317"}],"version-history":[{"count":2,"href":"https:\/\/herculan.com\/fr\/wp-json\/wp\/v2\/pages\/3317\/revisions"}],"predecessor-version":[{"id":3345,"href":"https:\/\/herculan.com\/fr\/wp-json\/wp\/v2\/pages\/3317\/revisions\/3345"}],"up":[{"embeddable":true,"href":"https:\/\/herculan.com\/fr\/wp-json\/wp\/v2\/pages\/3259"}],"wp:featuredmedia":[{"embeddable":true,"href":"https:\/\/herculan.com\/fr\/wp-json\/wp\/v2\/media\/278"}],"wp:attachment":[{"href":"https:\/\/herculan.com\/fr\/wp-json\/wp\/v2\/media?parent=3317"}],"curies":[{"name":"wp","href":"https:\/\/api.w.org\/{rel}","templated":true}]}}