{"id":3352,"date":"2020-10-13T10:31:25","date_gmt":"2020-10-13T10:31:25","guid":{"rendered":"https:\/\/herculan.com\/utility\/applications\/environnement-professionnel-et-cadre-de-vie\/secteur-de-la-sante\/patienten-en-operatiekamers\/"},"modified":"2020-10-27T07:58:44","modified_gmt":"2020-10-27T07:58:44","slug":"chambres-de-patient-salles-doperation","status":"publish","type":"page","link":"https:\/\/herculan.com\/fr\/utility\/applications\/environnement-professionnel-et-cadre-de-vie\/secteur-de-la-sante\/chambres-de-patient-salles-doperation\/","title":{"rendered":"Chambres de patient &#038; salles d\u2019op\u00e9ration"},"content":{"rendered":"\n<p>Les chambres de patient et les salles d\u2019op\u00e9ration sont des locaux particuliers qui exigent des rev\u00eatements de sol sp\u00e9cifiques. L\u2019hygi\u00e8ne et la s\u00e9curit\u00e9 y jouent un r\u00f4le essentiel. Une finition de rev\u00eatement de sol sans joints est n\u00e9cessaire, ainsi qu\u2019un certain niveau d\u2019insonorisation, pour ces lieux exigeant du calme, de la concentration et de l\u2019attention. Herculan\u00a0a d\u00e9velopp\u00e9 des rev\u00eatements de sol polyur\u00e9thane qui r\u00e9pondent \u00e0 toutes les exigences et \u00e0 tous les souhaits, sp\u00e9cialement pour les h\u00f4pitaux et les cliniques.<\/p>\n","protected":false},"excerpt":{"rendered":"<p>Les chambres de patient et les salles d\u2019op\u00e9ration sont des locaux particuliers qui exigent des rev\u00eatements de sol sp\u00e9cifiques. L\u2019hygi\u00e8ne et la s\u00e9curit\u00e9 y jouent un r\u00f4le essentiel. Une finition de rev\u00eatement de sol sans joints est n\u00e9cessaire, ainsi qu\u2019un certain niveau d\u2019insonorisation, pour ces lieux exigeant du calme, de la concentration et de l\u2019attention. [&hellip;]<\/p>\n","protected":false},"author":1,"featured_media":370,"parent":3261,"menu_order":3,"comment_status":"closed","ping_status":"closed","template":"page-application.php","meta":{"_acf_changed":false,"footnotes":""},"class_list":["post-3352","page","type-page","status-publish","has-post-thumbnail","hentry"],"acf":[],"yoast_head":"<!-- This site is optimized with the Yoast SEO plugin v27.3 - https:\/\/yoast.com\/product\/yoast-seo-wordpress\/ -->\n<title>Chambres de patient &amp; salles d\u2019op\u00e9ration &#8226; Herculan<\/title>\n<meta name=\"robots\" content=\"index, follow, max-snippet:-1, max-image-preview:large, max-video-preview:-1\" \/>\n<link rel=\"canonical\" href=\"https:\/\/herculan.com\/fr\/utility\/applications\/environnement-professionnel-et-cadre-de-vie\/secteur-de-la-sante\/chambres-de-patient-salles-doperation\/\" \/>\n<script type=\"application\/ld+json\" class=\"yoast-schema-graph\">{\"@context\":\"https:\\\/\\\/schema.org\",\"@graph\":[{\"@type\":\"WebPage\",\"@id\":\"https:\\\/\\\/herculan.com\\\/fr\\\/utility\\\/applications\\\/environnement-professionnel-et-cadre-de-vie\\\/secteur-de-la-sante\\\/chambres-de-patient-salles-doperation\\\/\",\"url\":\"https:\\\/\\\/herculan.com\\\/fr\\\/utility\\\/applications\\\/environnement-professionnel-et-cadre-de-vie\\\/secteur-de-la-sante\\\/chambres-de-patient-salles-doperation\\\/\",\"name\":\"Chambres de patient & salles d\u2019op\u00e9ration &#8226; Herculan\",\"isPartOf\":{\"@id\":\"https:\\\/\\\/herculan.com\\\/fr\\\/#website\"},\"primaryImageOfPage\":{\"@id\":\"https:\\\/\\\/herculan.com\\\/fr\\\/utility\\\/applications\\\/environnement-professionnel-et-cadre-de-vie\\\/secteur-de-la-sante\\\/chambres-de-patient-salles-doperation\\\/#primaryimage\"},\"image\":{\"@id\":\"https:\\\/\\\/herculan.com\\\/fr\\\/utility\\\/applications\\\/environnement-professionnel-et-cadre-de-vie\\\/secteur-de-la-sante\\\/chambres-de-patient-salles-doperation\\\/#primaryimage\"},\"thumbnailUrl\":\"https:\\\/\\\/herculan.com\\\/wp-content\\\/uploads\\\/2020\\\/09\\\/patientenkamer-gezondheidszorg-utillity-hoofdfoto.jpg\",\"datePublished\":\"2020-10-13T10:31:25+00:00\",\"dateModified\":\"2020-10-27T07:58:44+00:00\",\"breadcrumb\":{\"@id\":\"https:\\\/\\\/herculan.com\\\/fr\\\/utility\\\/applications\\\/environnement-professionnel-et-cadre-de-vie\\\/secteur-de-la-sante\\\/chambres-de-patient-salles-doperation\\\/#breadcrumb\"},\"inLanguage\":\"fr-FR\",\"potentialAction\":[{\"@type\":\"ReadAction\",\"target\":[\"https:\\\/\\\/herculan.com\\\/fr\\\/utility\\\/applications\\\/environnement-professionnel-et-cadre-de-vie\\\/secteur-de-la-sante\\\/chambres-de-patient-salles-doperation\\\/\"]}]},{\"@type\":\"ImageObject\",\"inLanguage\":\"fr-FR\",\"@id\":\"https:\\\/\\\/herculan.com\\\/fr\\\/utility\\\/applications\\\/environnement-professionnel-et-cadre-de-vie\\\/secteur-de-la-sante\\\/chambres-de-patient-salles-doperation\\\/#primaryimage\",\"url\":\"https:\\\/\\\/herculan.com\\\/wp-content\\\/uploads\\\/2020\\\/09\\\/patientenkamer-gezondheidszorg-utillity-hoofdfoto.jpg\",\"contentUrl\":\"https:\\\/\\\/herculan.com\\\/wp-content\\\/uploads\\\/2020\\\/09\\\/patientenkamer-gezondheidszorg-utillity-hoofdfoto.jpg\",\"width\":1200,\"height\":537},{\"@type\":\"BreadcrumbList\",\"@id\":\"https:\\\/\\\/herculan.com\\\/fr\\\/utility\\\/applications\\\/environnement-professionnel-et-cadre-de-vie\\\/secteur-de-la-sante\\\/chambres-de-patient-salles-doperation\\\/#breadcrumb\",\"itemListElement\":[{\"@type\":\"ListItem\",\"position\":1,\"name\":\"Home\",\"item\":\"https:\\\/\\\/herculan.com\\\/fr\\\/\"},{\"@type\":\"ListItem\",\"position\":2,\"name\":\"Utility\",\"item\":\"https:\\\/\\\/herculan.com\\\/fr\\\/utility\\\/\"},{\"@type\":\"ListItem\",\"position\":3,\"name\":\"Applications\",\"item\":\"https:\\\/\\\/herculan.com\\\/fr\\\/utility\\\/applications\\\/\"},{\"@type\":\"ListItem\",\"position\":4,\"name\":\"Environnement professionnel et cadre de vie\",\"item\":\"https:\\\/\\\/herculan.com\\\/fr\\\/utility\\\/applications\\\/environnement-professionnel-et-cadre-de-vie\\\/\"},{\"@type\":\"ListItem\",\"position\":5,\"name\":\"Secteur de la sant\u00e9\",\"item\":\"https:\\\/\\\/herculan.com\\\/fr\\\/utility\\\/applications\\\/environnement-professionnel-et-cadre-de-vie\\\/secteur-de-la-sante\\\/\"},{\"@type\":\"ListItem\",\"position\":6,\"name\":\"Chambres de patient &#038; salles d\u2019op\u00e9ration\"}]},{\"@type\":\"WebSite\",\"@id\":\"https:\\\/\\\/herculan.com\\\/fr\\\/#website\",\"url\":\"https:\\\/\\\/herculan.com\\\/fr\\\/\",\"name\":\"Herculan\",\"description\":\"We&#039;ve got it covered\",\"potentialAction\":[{\"@type\":\"SearchAction\",\"target\":{\"@type\":\"EntryPoint\",\"urlTemplate\":\"https:\\\/\\\/herculan.com\\\/fr\\\/?s={search_term_string}\"},\"query-input\":{\"@type\":\"PropertyValueSpecification\",\"valueRequired\":true,\"valueName\":\"search_term_string\"}}],\"inLanguage\":\"fr-FR\"}]}<\/script>\n<!-- \/ Yoast SEO plugin. -->","yoast_head_json":{"title":"Chambres de patient & salles d\u2019op\u00e9ration &#8226; Herculan","robots":{"index":"index","follow":"follow","max-snippet":"max-snippet:-1","max-image-preview":"max-image-preview:large","max-video-preview":"max-video-preview:-1"},"canonical":"https:\/\/herculan.com\/fr\/utility\/applications\/environnement-professionnel-et-cadre-de-vie\/secteur-de-la-sante\/chambres-de-patient-salles-doperation\/","schema":{"@context":"https:\/\/schema.org","@graph":[{"@type":"WebPage","@id":"https:\/\/herculan.com\/fr\/utility\/applications\/environnement-professionnel-et-cadre-de-vie\/secteur-de-la-sante\/chambres-de-patient-salles-doperation\/","url":"https:\/\/herculan.com\/fr\/utility\/applications\/environnement-professionnel-et-cadre-de-vie\/secteur-de-la-sante\/chambres-de-patient-salles-doperation\/","name":"Chambres de patient & salles d\u2019op\u00e9ration &#8226; Herculan","isPartOf":{"@id":"https:\/\/herculan.com\/fr\/#website"},"primaryImageOfPage":{"@id":"https:\/\/herculan.com\/fr\/utility\/applications\/environnement-professionnel-et-cadre-de-vie\/secteur-de-la-sante\/chambres-de-patient-salles-doperation\/#primaryimage"},"image":{"@id":"https:\/\/herculan.com\/fr\/utility\/applications\/environnement-professionnel-et-cadre-de-vie\/secteur-de-la-sante\/chambres-de-patient-salles-doperation\/#primaryimage"},"thumbnailUrl":"https:\/\/herculan.com\/wp-content\/uploads\/2020\/09\/patientenkamer-gezondheidszorg-utillity-hoofdfoto.jpg","datePublished":"2020-10-13T10:31:25+00:00","dateModified":"2020-10-27T07:58:44+00:00","breadcrumb":{"@id":"https:\/\/herculan.com\/fr\/utility\/applications\/environnement-professionnel-et-cadre-de-vie\/secteur-de-la-sante\/chambres-de-patient-salles-doperation\/#breadcrumb"},"inLanguage":"fr-FR","potentialAction":[{"@type":"ReadAction","target":["https:\/\/herculan.com\/fr\/utility\/applications\/environnement-professionnel-et-cadre-de-vie\/secteur-de-la-sante\/chambres-de-patient-salles-doperation\/"]}]},{"@type":"ImageObject","inLanguage":"fr-FR","@id":"https:\/\/herculan.com\/fr\/utility\/applications\/environnement-professionnel-et-cadre-de-vie\/secteur-de-la-sante\/chambres-de-patient-salles-doperation\/#primaryimage","url":"https:\/\/herculan.com\/wp-content\/uploads\/2020\/09\/patientenkamer-gezondheidszorg-utillity-hoofdfoto.jpg","contentUrl":"https:\/\/herculan.com\/wp-content\/uploads\/2020\/09\/patientenkamer-gezondheidszorg-utillity-hoofdfoto.jpg","width":1200,"height":537},{"@type":"BreadcrumbList","@id":"https:\/\/herculan.com\/fr\/utility\/applications\/environnement-professionnel-et-cadre-de-vie\/secteur-de-la-sante\/chambres-de-patient-salles-doperation\/#breadcrumb","itemListElement":[{"@type":"ListItem","position":1,"name":"Home","item":"https:\/\/herculan.com\/fr\/"},{"@type":"ListItem","position":2,"name":"Utility","item":"https:\/\/herculan.com\/fr\/utility\/"},{"@type":"ListItem","position":3,"name":"Applications","item":"https:\/\/herculan.com\/fr\/utility\/applications\/"},{"@type":"ListItem","position":4,"name":"Environnement professionnel et cadre de vie","item":"https:\/\/herculan.com\/fr\/utility\/applications\/environnement-professionnel-et-cadre-de-vie\/"},{"@type":"ListItem","position":5,"name":"Secteur de la sant\u00e9","item":"https:\/\/herculan.com\/fr\/utility\/applications\/environnement-professionnel-et-cadre-de-vie\/secteur-de-la-sante\/"},{"@type":"ListItem","position":6,"name":"Chambres de patient &#038; salles d\u2019op\u00e9ration"}]},{"@type":"WebSite","@id":"https:\/\/herculan.com\/fr\/#website","url":"https:\/\/herculan.com\/fr\/","name":"Herculan","description":"We&#039;ve got it covered","potentialAction":[{"@type":"SearchAction","target":{"@type":"EntryPoint","urlTemplate":"https:\/\/herculan.com\/fr\/?s={search_term_string}"},"query-input":{"@type":"PropertyValueSpecification","valueRequired":true,"valueName":"search_term_string"}}],"inLanguage":"fr-FR"}]}},"_links":{"self":[{"href":"https:\/\/herculan.com\/fr\/wp-json\/wp\/v2\/pages\/3352","targetHints":{"allow":["GET"]}}],"collection":[{"href":"https:\/\/herculan.com\/fr\/wp-json\/wp\/v2\/pages"}],"about":[{"href":"https:\/\/herculan.com\/fr\/wp-json\/wp\/v2\/types\/page"}],"author":[{"embeddable":true,"href":"https:\/\/herculan.com\/fr\/wp-json\/wp\/v2\/users\/1"}],"replies":[{"embeddable":true,"href":"https:\/\/herculan.com\/fr\/wp-json\/wp\/v2\/comments?post=3352"}],"version-history":[{"count":2,"href":"https:\/\/herculan.com\/fr\/wp-json\/wp\/v2\/pages\/3352\/revisions"}],"predecessor-version":[{"id":3378,"href":"https:\/\/herculan.com\/fr\/wp-json\/wp\/v2\/pages\/3352\/revisions\/3378"}],"up":[{"embeddable":true,"href":"https:\/\/herculan.com\/fr\/wp-json\/wp\/v2\/pages\/3261"}],"wp:featuredmedia":[{"embeddable":true,"href":"https:\/\/herculan.com\/fr\/wp-json\/wp\/v2\/media\/370"}],"wp:attachment":[{"href":"https:\/\/herculan.com\/fr\/wp-json\/wp\/v2\/media?parent=3352"}],"curies":[{"name":"wp","href":"https:\/\/api.w.org\/{rel}","templated":true}]}}