{"id":3354,"date":"2020-10-13T10:34:02","date_gmt":"2020-10-13T10:34:02","guid":{"rendered":"https:\/\/herculan.com\/utility\/applications\/environnement-professionnel-et-cadre-de-vie\/secteur-de-la-sante\/laboratoria\/"},"modified":"2020-10-27T07:59:52","modified_gmt":"2020-10-27T07:59:52","slug":"laboratoires","status":"publish","type":"page","link":"https:\/\/herculan.com\/fr\/utility\/applications\/environnement-professionnel-et-cadre-de-vie\/secteur-de-la-sante\/laboratoires\/","title":{"rendered":"Laboratoires"},"content":{"rendered":"\n<p>Les finitions de rev\u00eatement de sol de laboratoires n\u2019ont pas sp\u00e9cialement besoin de r\u00e9sister \u00e0 des utilisations intensives. L\u2019accent y est plut\u00f4t plac\u00e9 sur la r\u00e9sistance aux produits chimiques et la facilit\u00e9 du nettoyage. Le rev\u00eatement \u00e9tant r\u00e9alis\u00e9 sans joints, il est \u00e9tanche aux liquides et hygi\u00e9nique. Herculan\u00a0a sp\u00e9cialement d\u00e9velopp\u00e9 des sols coul\u00e9s \u00e9poxy pour r\u00e9pondre \u00e0 ces exigences.<\/p>\n","protected":false},"excerpt":{"rendered":"<p>Les finitions de rev\u00eatement de sol de laboratoires n\u2019ont pas sp\u00e9cialement besoin de r\u00e9sister \u00e0 des utilisations intensives. L\u2019accent y est plut\u00f4t plac\u00e9 sur la r\u00e9sistance aux produits chimiques et la facilit\u00e9 du nettoyage. Le rev\u00eatement \u00e9tant r\u00e9alis\u00e9 sans joints, il est \u00e9tanche aux liquides et hygi\u00e9nique. Herculan\u00a0a sp\u00e9cialement d\u00e9velopp\u00e9 des sols coul\u00e9s \u00e9poxy pour [&hellip;]<\/p>\n","protected":false},"author":1,"featured_media":386,"parent":3261,"menu_order":4,"comment_status":"closed","ping_status":"closed","template":"page-application.php","meta":{"_acf_changed":false,"footnotes":""},"class_list":["post-3354","page","type-page","status-publish","has-post-thumbnail","hentry"],"acf":[],"yoast_head":"<!-- This site is optimized with the Yoast SEO plugin v27.3 - https:\/\/yoast.com\/product\/yoast-seo-wordpress\/ -->\n<title>Laboratoires &#8226; Herculan<\/title>\n<meta name=\"robots\" content=\"index, follow, max-snippet:-1, max-image-preview:large, max-video-preview:-1\" \/>\n<link rel=\"canonical\" href=\"https:\/\/herculan.com\/fr\/utility\/applications\/environnement-professionnel-et-cadre-de-vie\/secteur-de-la-sante\/laboratoires\/\" \/>\n<script type=\"application\/ld+json\" class=\"yoast-schema-graph\">{\"@context\":\"https:\\\/\\\/schema.org\",\"@graph\":[{\"@type\":\"WebPage\",\"@id\":\"https:\\\/\\\/herculan.com\\\/fr\\\/utility\\\/applications\\\/environnement-professionnel-et-cadre-de-vie\\\/secteur-de-la-sante\\\/laboratoires\\\/\",\"url\":\"https:\\\/\\\/herculan.com\\\/fr\\\/utility\\\/applications\\\/environnement-professionnel-et-cadre-de-vie\\\/secteur-de-la-sante\\\/laboratoires\\\/\",\"name\":\"Laboratoires &#8226; Herculan\",\"isPartOf\":{\"@id\":\"https:\\\/\\\/herculan.com\\\/fr\\\/#website\"},\"primaryImageOfPage\":{\"@id\":\"https:\\\/\\\/herculan.com\\\/fr\\\/utility\\\/applications\\\/environnement-professionnel-et-cadre-de-vie\\\/secteur-de-la-sante\\\/laboratoires\\\/#primaryimage\"},\"image\":{\"@id\":\"https:\\\/\\\/herculan.com\\\/fr\\\/utility\\\/applications\\\/environnement-professionnel-et-cadre-de-vie\\\/secteur-de-la-sante\\\/laboratoires\\\/#primaryimage\"},\"thumbnailUrl\":\"https:\\\/\\\/herculan.com\\\/wp-content\\\/uploads\\\/2020\\\/09\\\/praktijkruimte.jpg\",\"datePublished\":\"2020-10-13T10:34:02+00:00\",\"dateModified\":\"2020-10-27T07:59:52+00:00\",\"breadcrumb\":{\"@id\":\"https:\\\/\\\/herculan.com\\\/fr\\\/utility\\\/applications\\\/environnement-professionnel-et-cadre-de-vie\\\/secteur-de-la-sante\\\/laboratoires\\\/#breadcrumb\"},\"inLanguage\":\"fr-FR\",\"potentialAction\":[{\"@type\":\"ReadAction\",\"target\":[\"https:\\\/\\\/herculan.com\\\/fr\\\/utility\\\/applications\\\/environnement-professionnel-et-cadre-de-vie\\\/secteur-de-la-sante\\\/laboratoires\\\/\"]}]},{\"@type\":\"ImageObject\",\"inLanguage\":\"fr-FR\",\"@id\":\"https:\\\/\\\/herculan.com\\\/fr\\\/utility\\\/applications\\\/environnement-professionnel-et-cadre-de-vie\\\/secteur-de-la-sante\\\/laboratoires\\\/#primaryimage\",\"url\":\"https:\\\/\\\/herculan.com\\\/wp-content\\\/uploads\\\/2020\\\/09\\\/praktijkruimte.jpg\",\"contentUrl\":\"https:\\\/\\\/herculan.com\\\/wp-content\\\/uploads\\\/2020\\\/09\\\/praktijkruimte.jpg\",\"width\":1200,\"height\":537},{\"@type\":\"BreadcrumbList\",\"@id\":\"https:\\\/\\\/herculan.com\\\/fr\\\/utility\\\/applications\\\/environnement-professionnel-et-cadre-de-vie\\\/secteur-de-la-sante\\\/laboratoires\\\/#breadcrumb\",\"itemListElement\":[{\"@type\":\"ListItem\",\"position\":1,\"name\":\"Home\",\"item\":\"https:\\\/\\\/herculan.com\\\/fr\\\/\"},{\"@type\":\"ListItem\",\"position\":2,\"name\":\"Utility\",\"item\":\"https:\\\/\\\/herculan.com\\\/fr\\\/utility\\\/\"},{\"@type\":\"ListItem\",\"position\":3,\"name\":\"Applications\",\"item\":\"https:\\\/\\\/herculan.com\\\/fr\\\/utility\\\/applications\\\/\"},{\"@type\":\"ListItem\",\"position\":4,\"name\":\"Environnement professionnel et cadre de vie\",\"item\":\"https:\\\/\\\/herculan.com\\\/fr\\\/utility\\\/applications\\\/environnement-professionnel-et-cadre-de-vie\\\/\"},{\"@type\":\"ListItem\",\"position\":5,\"name\":\"Secteur de la sant\u00e9\",\"item\":\"https:\\\/\\\/herculan.com\\\/fr\\\/utility\\\/applications\\\/environnement-professionnel-et-cadre-de-vie\\\/secteur-de-la-sante\\\/\"},{\"@type\":\"ListItem\",\"position\":6,\"name\":\"Laboratoires\"}]},{\"@type\":\"WebSite\",\"@id\":\"https:\\\/\\\/herculan.com\\\/fr\\\/#website\",\"url\":\"https:\\\/\\\/herculan.com\\\/fr\\\/\",\"name\":\"Herculan\",\"description\":\"We&#039;ve got it covered\",\"potentialAction\":[{\"@type\":\"SearchAction\",\"target\":{\"@type\":\"EntryPoint\",\"urlTemplate\":\"https:\\\/\\\/herculan.com\\\/fr\\\/?s={search_term_string}\"},\"query-input\":{\"@type\":\"PropertyValueSpecification\",\"valueRequired\":true,\"valueName\":\"search_term_string\"}}],\"inLanguage\":\"fr-FR\"}]}<\/script>\n<!-- \/ Yoast SEO plugin. -->","yoast_head_json":{"title":"Laboratoires &#8226; Herculan","robots":{"index":"index","follow":"follow","max-snippet":"max-snippet:-1","max-image-preview":"max-image-preview:large","max-video-preview":"max-video-preview:-1"},"canonical":"https:\/\/herculan.com\/fr\/utility\/applications\/environnement-professionnel-et-cadre-de-vie\/secteur-de-la-sante\/laboratoires\/","schema":{"@context":"https:\/\/schema.org","@graph":[{"@type":"WebPage","@id":"https:\/\/herculan.com\/fr\/utility\/applications\/environnement-professionnel-et-cadre-de-vie\/secteur-de-la-sante\/laboratoires\/","url":"https:\/\/herculan.com\/fr\/utility\/applications\/environnement-professionnel-et-cadre-de-vie\/secteur-de-la-sante\/laboratoires\/","name":"Laboratoires &#8226; Herculan","isPartOf":{"@id":"https:\/\/herculan.com\/fr\/#website"},"primaryImageOfPage":{"@id":"https:\/\/herculan.com\/fr\/utility\/applications\/environnement-professionnel-et-cadre-de-vie\/secteur-de-la-sante\/laboratoires\/#primaryimage"},"image":{"@id":"https:\/\/herculan.com\/fr\/utility\/applications\/environnement-professionnel-et-cadre-de-vie\/secteur-de-la-sante\/laboratoires\/#primaryimage"},"thumbnailUrl":"https:\/\/herculan.com\/wp-content\/uploads\/2020\/09\/praktijkruimte.jpg","datePublished":"2020-10-13T10:34:02+00:00","dateModified":"2020-10-27T07:59:52+00:00","breadcrumb":{"@id":"https:\/\/herculan.com\/fr\/utility\/applications\/environnement-professionnel-et-cadre-de-vie\/secteur-de-la-sante\/laboratoires\/#breadcrumb"},"inLanguage":"fr-FR","potentialAction":[{"@type":"ReadAction","target":["https:\/\/herculan.com\/fr\/utility\/applications\/environnement-professionnel-et-cadre-de-vie\/secteur-de-la-sante\/laboratoires\/"]}]},{"@type":"ImageObject","inLanguage":"fr-FR","@id":"https:\/\/herculan.com\/fr\/utility\/applications\/environnement-professionnel-et-cadre-de-vie\/secteur-de-la-sante\/laboratoires\/#primaryimage","url":"https:\/\/herculan.com\/wp-content\/uploads\/2020\/09\/praktijkruimte.jpg","contentUrl":"https:\/\/herculan.com\/wp-content\/uploads\/2020\/09\/praktijkruimte.jpg","width":1200,"height":537},{"@type":"BreadcrumbList","@id":"https:\/\/herculan.com\/fr\/utility\/applications\/environnement-professionnel-et-cadre-de-vie\/secteur-de-la-sante\/laboratoires\/#breadcrumb","itemListElement":[{"@type":"ListItem","position":1,"name":"Home","item":"https:\/\/herculan.com\/fr\/"},{"@type":"ListItem","position":2,"name":"Utility","item":"https:\/\/herculan.com\/fr\/utility\/"},{"@type":"ListItem","position":3,"name":"Applications","item":"https:\/\/herculan.com\/fr\/utility\/applications\/"},{"@type":"ListItem","position":4,"name":"Environnement professionnel et cadre de vie","item":"https:\/\/herculan.com\/fr\/utility\/applications\/environnement-professionnel-et-cadre-de-vie\/"},{"@type":"ListItem","position":5,"name":"Secteur de la sant\u00e9","item":"https:\/\/herculan.com\/fr\/utility\/applications\/environnement-professionnel-et-cadre-de-vie\/secteur-de-la-sante\/"},{"@type":"ListItem","position":6,"name":"Laboratoires"}]},{"@type":"WebSite","@id":"https:\/\/herculan.com\/fr\/#website","url":"https:\/\/herculan.com\/fr\/","name":"Herculan","description":"We&#039;ve got it covered","potentialAction":[{"@type":"SearchAction","target":{"@type":"EntryPoint","urlTemplate":"https:\/\/herculan.com\/fr\/?s={search_term_string}"},"query-input":{"@type":"PropertyValueSpecification","valueRequired":true,"valueName":"search_term_string"}}],"inLanguage":"fr-FR"}]}},"_links":{"self":[{"href":"https:\/\/herculan.com\/fr\/wp-json\/wp\/v2\/pages\/3354","targetHints":{"allow":["GET"]}}],"collection":[{"href":"https:\/\/herculan.com\/fr\/wp-json\/wp\/v2\/pages"}],"about":[{"href":"https:\/\/herculan.com\/fr\/wp-json\/wp\/v2\/types\/page"}],"author":[{"embeddable":true,"href":"https:\/\/herculan.com\/fr\/wp-json\/wp\/v2\/users\/1"}],"replies":[{"embeddable":true,"href":"https:\/\/herculan.com\/fr\/wp-json\/wp\/v2\/comments?post=3354"}],"version-history":[{"count":2,"href":"https:\/\/herculan.com\/fr\/wp-json\/wp\/v2\/pages\/3354\/revisions"}],"predecessor-version":[{"id":3380,"href":"https:\/\/herculan.com\/fr\/wp-json\/wp\/v2\/pages\/3354\/revisions\/3380"}],"up":[{"embeddable":true,"href":"https:\/\/herculan.com\/fr\/wp-json\/wp\/v2\/pages\/3261"}],"wp:featuredmedia":[{"embeddable":true,"href":"https:\/\/herculan.com\/fr\/wp-json\/wp\/v2\/media\/386"}],"wp:attachment":[{"href":"https:\/\/herculan.com\/fr\/wp-json\/wp\/v2\/media?parent=3354"}],"curies":[{"name":"wp","href":"https:\/\/api.w.org\/{rel}","templated":true}]}}