{"id":3393,"date":"2020-10-13T10:47:50","date_gmt":"2020-10-13T10:47:50","guid":{"rendered":"https:\/\/herculan.com\/utility\/applications\/environnement-professionnel-et-cadre-de-vie\/batiments-publics\/magazijnen-dhz\/"},"modified":"2020-10-27T08:43:00","modified_gmt":"2020-10-27T08:43:00","slug":"entrepots-magasins-de-bricolage","status":"publish","type":"page","link":"https:\/\/herculan.com\/fr\/utility\/applications\/environnement-professionnel-et-cadre-de-vie\/batiments-publics\/entrepots-magasins-de-bricolage\/","title":{"rendered":"Entrep\u00f4ts &#038; magasins de bricolage"},"content":{"rendered":"\n<p>Ces rev\u00eatements de sol ne se laissent pas impressionner. Les chutes d&rsquo;objets lourds ne laissent aucune marque. Pour r\u00e9pondre aux exigences sp\u00e9cifiques que pr\u00e9voient les entrep\u00f4ts et magasins de bricolage pour leurs rev\u00eatements de sol, Herculan a d\u00e9velopp\u00e9 une solution durable et r\u00e9sistante \u00e0 l&rsquo;usure. Par ailleurs, les contraintes constantes dues aux passages des personnes et \u00e0 l&rsquo;utilisation de transpalettes, conteneurs et chariots ne posent aucun probl\u00e8me. Si l&rsquo;on ajoute \u00e0 ces qualit\u00e9s l&rsquo;absence de joints et la facilit\u00e9 du nettoyage, ce rev\u00eatement de sol\u00a0r\u00e9pond \u00e0 toutes les exigences et toutes les attentes.<\/p>\n","protected":false},"excerpt":{"rendered":"<p>Ces rev\u00eatements de sol ne se laissent pas impressionner. Les chutes d&rsquo;objets lourds ne laissent aucune marque. Pour r\u00e9pondre aux exigences sp\u00e9cifiques que pr\u00e9voient les entrep\u00f4ts et magasins de bricolage pour leurs rev\u00eatements de sol, Herculan a d\u00e9velopp\u00e9 une solution durable et r\u00e9sistante \u00e0 l&rsquo;usure. Par ailleurs, les contraintes constantes dues aux passages des personnes [&hellip;]<\/p>\n","protected":false},"author":1,"featured_media":294,"parent":3263,"menu_order":5,"comment_status":"closed","ping_status":"closed","template":"page-application.php","meta":{"_acf_changed":false,"footnotes":""},"class_list":["post-3393","page","type-page","status-publish","has-post-thumbnail","hentry"],"acf":[],"yoast_head":"<!-- This site is optimized with the Yoast SEO plugin v27.3 - https:\/\/yoast.com\/product\/yoast-seo-wordpress\/ -->\n<title>Entrep\u00f4ts &amp; magasins de bricolage &#8226; Herculan<\/title>\n<meta name=\"robots\" content=\"index, follow, max-snippet:-1, max-image-preview:large, max-video-preview:-1\" \/>\n<link rel=\"canonical\" href=\"https:\/\/herculan.com\/fr\/utility\/applications\/environnement-professionnel-et-cadre-de-vie\/batiments-publics\/entrepots-magasins-de-bricolage\/\" \/>\n<script type=\"application\/ld+json\" class=\"yoast-schema-graph\">{\"@context\":\"https:\\\/\\\/schema.org\",\"@graph\":[{\"@type\":\"WebPage\",\"@id\":\"https:\\\/\\\/herculan.com\\\/fr\\\/utility\\\/applications\\\/environnement-professionnel-et-cadre-de-vie\\\/batiments-publics\\\/entrepots-magasins-de-bricolage\\\/\",\"url\":\"https:\\\/\\\/herculan.com\\\/fr\\\/utility\\\/applications\\\/environnement-professionnel-et-cadre-de-vie\\\/batiments-publics\\\/entrepots-magasins-de-bricolage\\\/\",\"name\":\"Entrep\u00f4ts & magasins de bricolage &#8226; Herculan\",\"isPartOf\":{\"@id\":\"https:\\\/\\\/herculan.com\\\/fr\\\/#website\"},\"primaryImageOfPage\":{\"@id\":\"https:\\\/\\\/herculan.com\\\/fr\\\/utility\\\/applications\\\/environnement-professionnel-et-cadre-de-vie\\\/batiments-publics\\\/entrepots-magasins-de-bricolage\\\/#primaryimage\"},\"image\":{\"@id\":\"https:\\\/\\\/herculan.com\\\/fr\\\/utility\\\/applications\\\/environnement-professionnel-et-cadre-de-vie\\\/batiments-publics\\\/entrepots-magasins-de-bricolage\\\/#primaryimage\"},\"thumbnailUrl\":\"https:\\\/\\\/herculan.com\\\/wp-content\\\/uploads\\\/2020\\\/09\\\/magazijn-openbaar-utillity-hoofdfoto2.jpg\",\"datePublished\":\"2020-10-13T10:47:50+00:00\",\"dateModified\":\"2020-10-27T08:43:00+00:00\",\"breadcrumb\":{\"@id\":\"https:\\\/\\\/herculan.com\\\/fr\\\/utility\\\/applications\\\/environnement-professionnel-et-cadre-de-vie\\\/batiments-publics\\\/entrepots-magasins-de-bricolage\\\/#breadcrumb\"},\"inLanguage\":\"fr-FR\",\"potentialAction\":[{\"@type\":\"ReadAction\",\"target\":[\"https:\\\/\\\/herculan.com\\\/fr\\\/utility\\\/applications\\\/environnement-professionnel-et-cadre-de-vie\\\/batiments-publics\\\/entrepots-magasins-de-bricolage\\\/\"]}]},{\"@type\":\"ImageObject\",\"inLanguage\":\"fr-FR\",\"@id\":\"https:\\\/\\\/herculan.com\\\/fr\\\/utility\\\/applications\\\/environnement-professionnel-et-cadre-de-vie\\\/batiments-publics\\\/entrepots-magasins-de-bricolage\\\/#primaryimage\",\"url\":\"https:\\\/\\\/herculan.com\\\/wp-content\\\/uploads\\\/2020\\\/09\\\/magazijn-openbaar-utillity-hoofdfoto2.jpg\",\"contentUrl\":\"https:\\\/\\\/herculan.com\\\/wp-content\\\/uploads\\\/2020\\\/09\\\/magazijn-openbaar-utillity-hoofdfoto2.jpg\",\"width\":1200,\"height\":537},{\"@type\":\"BreadcrumbList\",\"@id\":\"https:\\\/\\\/herculan.com\\\/fr\\\/utility\\\/applications\\\/environnement-professionnel-et-cadre-de-vie\\\/batiments-publics\\\/entrepots-magasins-de-bricolage\\\/#breadcrumb\",\"itemListElement\":[{\"@type\":\"ListItem\",\"position\":1,\"name\":\"Home\",\"item\":\"https:\\\/\\\/herculan.com\\\/fr\\\/\"},{\"@type\":\"ListItem\",\"position\":2,\"name\":\"Utility\",\"item\":\"https:\\\/\\\/herculan.com\\\/fr\\\/utility\\\/\"},{\"@type\":\"ListItem\",\"position\":3,\"name\":\"Applications\",\"item\":\"https:\\\/\\\/herculan.com\\\/fr\\\/utility\\\/applications\\\/\"},{\"@type\":\"ListItem\",\"position\":4,\"name\":\"Environnement professionnel et cadre de vie\",\"item\":\"https:\\\/\\\/herculan.com\\\/fr\\\/utility\\\/applications\\\/environnement-professionnel-et-cadre-de-vie\\\/\"},{\"@type\":\"ListItem\",\"position\":5,\"name\":\"B\u00e2timents publics\",\"item\":\"https:\\\/\\\/herculan.com\\\/fr\\\/utility\\\/applications\\\/environnement-professionnel-et-cadre-de-vie\\\/batiments-publics\\\/\"},{\"@type\":\"ListItem\",\"position\":6,\"name\":\"Entrep\u00f4ts &#038; magasins de bricolage\"}]},{\"@type\":\"WebSite\",\"@id\":\"https:\\\/\\\/herculan.com\\\/fr\\\/#website\",\"url\":\"https:\\\/\\\/herculan.com\\\/fr\\\/\",\"name\":\"Herculan\",\"description\":\"We&#039;ve got it covered\",\"potentialAction\":[{\"@type\":\"SearchAction\",\"target\":{\"@type\":\"EntryPoint\",\"urlTemplate\":\"https:\\\/\\\/herculan.com\\\/fr\\\/?s={search_term_string}\"},\"query-input\":{\"@type\":\"PropertyValueSpecification\",\"valueRequired\":true,\"valueName\":\"search_term_string\"}}],\"inLanguage\":\"fr-FR\"}]}<\/script>\n<!-- \/ Yoast SEO plugin. -->","yoast_head_json":{"title":"Entrep\u00f4ts & magasins de bricolage &#8226; Herculan","robots":{"index":"index","follow":"follow","max-snippet":"max-snippet:-1","max-image-preview":"max-image-preview:large","max-video-preview":"max-video-preview:-1"},"canonical":"https:\/\/herculan.com\/fr\/utility\/applications\/environnement-professionnel-et-cadre-de-vie\/batiments-publics\/entrepots-magasins-de-bricolage\/","schema":{"@context":"https:\/\/schema.org","@graph":[{"@type":"WebPage","@id":"https:\/\/herculan.com\/fr\/utility\/applications\/environnement-professionnel-et-cadre-de-vie\/batiments-publics\/entrepots-magasins-de-bricolage\/","url":"https:\/\/herculan.com\/fr\/utility\/applications\/environnement-professionnel-et-cadre-de-vie\/batiments-publics\/entrepots-magasins-de-bricolage\/","name":"Entrep\u00f4ts & magasins de bricolage &#8226; Herculan","isPartOf":{"@id":"https:\/\/herculan.com\/fr\/#website"},"primaryImageOfPage":{"@id":"https:\/\/herculan.com\/fr\/utility\/applications\/environnement-professionnel-et-cadre-de-vie\/batiments-publics\/entrepots-magasins-de-bricolage\/#primaryimage"},"image":{"@id":"https:\/\/herculan.com\/fr\/utility\/applications\/environnement-professionnel-et-cadre-de-vie\/batiments-publics\/entrepots-magasins-de-bricolage\/#primaryimage"},"thumbnailUrl":"https:\/\/herculan.com\/wp-content\/uploads\/2020\/09\/magazijn-openbaar-utillity-hoofdfoto2.jpg","datePublished":"2020-10-13T10:47:50+00:00","dateModified":"2020-10-27T08:43:00+00:00","breadcrumb":{"@id":"https:\/\/herculan.com\/fr\/utility\/applications\/environnement-professionnel-et-cadre-de-vie\/batiments-publics\/entrepots-magasins-de-bricolage\/#breadcrumb"},"inLanguage":"fr-FR","potentialAction":[{"@type":"ReadAction","target":["https:\/\/herculan.com\/fr\/utility\/applications\/environnement-professionnel-et-cadre-de-vie\/batiments-publics\/entrepots-magasins-de-bricolage\/"]}]},{"@type":"ImageObject","inLanguage":"fr-FR","@id":"https:\/\/herculan.com\/fr\/utility\/applications\/environnement-professionnel-et-cadre-de-vie\/batiments-publics\/entrepots-magasins-de-bricolage\/#primaryimage","url":"https:\/\/herculan.com\/wp-content\/uploads\/2020\/09\/magazijn-openbaar-utillity-hoofdfoto2.jpg","contentUrl":"https:\/\/herculan.com\/wp-content\/uploads\/2020\/09\/magazijn-openbaar-utillity-hoofdfoto2.jpg","width":1200,"height":537},{"@type":"BreadcrumbList","@id":"https:\/\/herculan.com\/fr\/utility\/applications\/environnement-professionnel-et-cadre-de-vie\/batiments-publics\/entrepots-magasins-de-bricolage\/#breadcrumb","itemListElement":[{"@type":"ListItem","position":1,"name":"Home","item":"https:\/\/herculan.com\/fr\/"},{"@type":"ListItem","position":2,"name":"Utility","item":"https:\/\/herculan.com\/fr\/utility\/"},{"@type":"ListItem","position":3,"name":"Applications","item":"https:\/\/herculan.com\/fr\/utility\/applications\/"},{"@type":"ListItem","position":4,"name":"Environnement professionnel et cadre de vie","item":"https:\/\/herculan.com\/fr\/utility\/applications\/environnement-professionnel-et-cadre-de-vie\/"},{"@type":"ListItem","position":5,"name":"B\u00e2timents publics","item":"https:\/\/herculan.com\/fr\/utility\/applications\/environnement-professionnel-et-cadre-de-vie\/batiments-publics\/"},{"@type":"ListItem","position":6,"name":"Entrep\u00f4ts &#038; magasins de bricolage"}]},{"@type":"WebSite","@id":"https:\/\/herculan.com\/fr\/#website","url":"https:\/\/herculan.com\/fr\/","name":"Herculan","description":"We&#039;ve got it covered","potentialAction":[{"@type":"SearchAction","target":{"@type":"EntryPoint","urlTemplate":"https:\/\/herculan.com\/fr\/?s={search_term_string}"},"query-input":{"@type":"PropertyValueSpecification","valueRequired":true,"valueName":"search_term_string"}}],"inLanguage":"fr-FR"}]}},"_links":{"self":[{"href":"https:\/\/herculan.com\/fr\/wp-json\/wp\/v2\/pages\/3393","targetHints":{"allow":["GET"]}}],"collection":[{"href":"https:\/\/herculan.com\/fr\/wp-json\/wp\/v2\/pages"}],"about":[{"href":"https:\/\/herculan.com\/fr\/wp-json\/wp\/v2\/types\/page"}],"author":[{"embeddable":true,"href":"https:\/\/herculan.com\/fr\/wp-json\/wp\/v2\/users\/1"}],"replies":[{"embeddable":true,"href":"https:\/\/herculan.com\/fr\/wp-json\/wp\/v2\/comments?post=3393"}],"version-history":[{"count":2,"href":"https:\/\/herculan.com\/fr\/wp-json\/wp\/v2\/pages\/3393\/revisions"}],"predecessor-version":[{"id":3421,"href":"https:\/\/herculan.com\/fr\/wp-json\/wp\/v2\/pages\/3393\/revisions\/3421"}],"up":[{"embeddable":true,"href":"https:\/\/herculan.com\/fr\/wp-json\/wp\/v2\/pages\/3263"}],"wp:featuredmedia":[{"embeddable":true,"href":"https:\/\/herculan.com\/fr\/wp-json\/wp\/v2\/media\/294"}],"wp:attachment":[{"href":"https:\/\/herculan.com\/fr\/wp-json\/wp\/v2\/media?parent=3393"}],"curies":[{"name":"wp","href":"https:\/\/api.w.org\/{rel}","templated":true}]}}