{"id":3394,"date":"2020-10-13T10:49:10","date_gmt":"2020-10-13T10:49:10","guid":{"rendered":"https:\/\/herculan.com\/utility\/applications\/environnement-professionnel-et-cadre-de-vie\/batiments-publics\/sanitaire-ruimtes-openbare-gebouwen\/"},"modified":"2020-10-27T08:43:47","modified_gmt":"2020-10-27T08:43:47","slug":"espaces-sanitaires-batiments-publics","status":"publish","type":"page","link":"https:\/\/herculan.com\/fr\/utility\/applications\/environnement-professionnel-et-cadre-de-vie\/batiments-publics\/espaces-sanitaires-batiments-publics\/","title":{"rendered":"Espaces sanitaires"},"content":{"rendered":"\n<p>L&rsquo;hygi\u00e8ne est essentielle dans les locaux sanitaires et il est donc logique de choisir un rev\u00eatement de sol sans joints. La s\u00e9curit\u00e9 importe \u00e9galement dans ce genre d&rsquo;utilisation,\u00a0ce qui justifie de privil\u00e9gier une finition plus rugueuse. Ces exigences ne doivent cependant pas nuire \u00e0 la valeur d\u00e9corative de la finition. Dans le domaine sanitaire \u00e9galement, les sols coul\u00e9s Herculan offrent de nombreuses possibilit\u00e9s permettant de r\u00e9aliser un bel ensemble.<\/p>\n","protected":false},"excerpt":{"rendered":"<p>L&rsquo;hygi\u00e8ne est essentielle dans les locaux sanitaires et il est donc logique de choisir un rev\u00eatement de sol sans joints. La s\u00e9curit\u00e9 importe \u00e9galement dans ce genre d&rsquo;utilisation,\u00a0ce qui justifie de privil\u00e9gier une finition plus rugueuse. Ces exigences ne doivent cependant pas nuire \u00e0 la valeur d\u00e9corative de la finition. Dans le domaine sanitaire \u00e9galement, [&hellip;]<\/p>\n","protected":false},"author":1,"featured_media":434,"parent":3263,"menu_order":6,"comment_status":"closed","ping_status":"closed","template":"page-application.php","meta":{"_acf_changed":false,"footnotes":""},"class_list":["post-3394","page","type-page","status-publish","has-post-thumbnail","hentry"],"acf":[],"yoast_head":"<!-- This site is optimized with the Yoast SEO plugin v27.3 - https:\/\/yoast.com\/product\/yoast-seo-wordpress\/ -->\n<title>Espaces sanitaires &#8226; Herculan<\/title>\n<meta name=\"robots\" content=\"index, follow, max-snippet:-1, max-image-preview:large, max-video-preview:-1\" \/>\n<link rel=\"canonical\" href=\"https:\/\/herculan.com\/fr\/utility\/applications\/environnement-professionnel-et-cadre-de-vie\/batiments-publics\/espaces-sanitaires-batiments-publics\/\" \/>\n<script type=\"application\/ld+json\" class=\"yoast-schema-graph\">{\"@context\":\"https:\\\/\\\/schema.org\",\"@graph\":[{\"@type\":\"WebPage\",\"@id\":\"https:\\\/\\\/herculan.com\\\/fr\\\/utility\\\/applications\\\/environnement-professionnel-et-cadre-de-vie\\\/batiments-publics\\\/espaces-sanitaires-batiments-publics\\\/\",\"url\":\"https:\\\/\\\/herculan.com\\\/fr\\\/utility\\\/applications\\\/environnement-professionnel-et-cadre-de-vie\\\/batiments-publics\\\/espaces-sanitaires-batiments-publics\\\/\",\"name\":\"Espaces sanitaires &#8226; Herculan\",\"isPartOf\":{\"@id\":\"https:\\\/\\\/herculan.com\\\/fr\\\/#website\"},\"primaryImageOfPage\":{\"@id\":\"https:\\\/\\\/herculan.com\\\/fr\\\/utility\\\/applications\\\/environnement-professionnel-et-cadre-de-vie\\\/batiments-publics\\\/espaces-sanitaires-batiments-publics\\\/#primaryimage\"},\"image\":{\"@id\":\"https:\\\/\\\/herculan.com\\\/fr\\\/utility\\\/applications\\\/environnement-professionnel-et-cadre-de-vie\\\/batiments-publics\\\/espaces-sanitaires-batiments-publics\\\/#primaryimage\"},\"thumbnailUrl\":\"https:\\\/\\\/herculan.com\\\/wp-content\\\/uploads\\\/2020\\\/09\\\/Sanitair-blauw-2.jpg\",\"datePublished\":\"2020-10-13T10:49:10+00:00\",\"dateModified\":\"2020-10-27T08:43:47+00:00\",\"breadcrumb\":{\"@id\":\"https:\\\/\\\/herculan.com\\\/fr\\\/utility\\\/applications\\\/environnement-professionnel-et-cadre-de-vie\\\/batiments-publics\\\/espaces-sanitaires-batiments-publics\\\/#breadcrumb\"},\"inLanguage\":\"fr-FR\",\"potentialAction\":[{\"@type\":\"ReadAction\",\"target\":[\"https:\\\/\\\/herculan.com\\\/fr\\\/utility\\\/applications\\\/environnement-professionnel-et-cadre-de-vie\\\/batiments-publics\\\/espaces-sanitaires-batiments-publics\\\/\"]}]},{\"@type\":\"ImageObject\",\"inLanguage\":\"fr-FR\",\"@id\":\"https:\\\/\\\/herculan.com\\\/fr\\\/utility\\\/applications\\\/environnement-professionnel-et-cadre-de-vie\\\/batiments-publics\\\/espaces-sanitaires-batiments-publics\\\/#primaryimage\",\"url\":\"https:\\\/\\\/herculan.com\\\/wp-content\\\/uploads\\\/2020\\\/09\\\/Sanitair-blauw-2.jpg\",\"contentUrl\":\"https:\\\/\\\/herculan.com\\\/wp-content\\\/uploads\\\/2020\\\/09\\\/Sanitair-blauw-2.jpg\",\"width\":1200,\"height\":537},{\"@type\":\"BreadcrumbList\",\"@id\":\"https:\\\/\\\/herculan.com\\\/fr\\\/utility\\\/applications\\\/environnement-professionnel-et-cadre-de-vie\\\/batiments-publics\\\/espaces-sanitaires-batiments-publics\\\/#breadcrumb\",\"itemListElement\":[{\"@type\":\"ListItem\",\"position\":1,\"name\":\"Home\",\"item\":\"https:\\\/\\\/herculan.com\\\/fr\\\/\"},{\"@type\":\"ListItem\",\"position\":2,\"name\":\"Utility\",\"item\":\"https:\\\/\\\/herculan.com\\\/fr\\\/utility\\\/\"},{\"@type\":\"ListItem\",\"position\":3,\"name\":\"Applications\",\"item\":\"https:\\\/\\\/herculan.com\\\/fr\\\/utility\\\/applications\\\/\"},{\"@type\":\"ListItem\",\"position\":4,\"name\":\"Environnement professionnel et cadre de vie\",\"item\":\"https:\\\/\\\/herculan.com\\\/fr\\\/utility\\\/applications\\\/environnement-professionnel-et-cadre-de-vie\\\/\"},{\"@type\":\"ListItem\",\"position\":5,\"name\":\"B\u00e2timents publics\",\"item\":\"https:\\\/\\\/herculan.com\\\/fr\\\/utility\\\/applications\\\/environnement-professionnel-et-cadre-de-vie\\\/batiments-publics\\\/\"},{\"@type\":\"ListItem\",\"position\":6,\"name\":\"Espaces sanitaires\"}]},{\"@type\":\"WebSite\",\"@id\":\"https:\\\/\\\/herculan.com\\\/fr\\\/#website\",\"url\":\"https:\\\/\\\/herculan.com\\\/fr\\\/\",\"name\":\"Herculan\",\"description\":\"We&#039;ve got it covered\",\"potentialAction\":[{\"@type\":\"SearchAction\",\"target\":{\"@type\":\"EntryPoint\",\"urlTemplate\":\"https:\\\/\\\/herculan.com\\\/fr\\\/?s={search_term_string}\"},\"query-input\":{\"@type\":\"PropertyValueSpecification\",\"valueRequired\":true,\"valueName\":\"search_term_string\"}}],\"inLanguage\":\"fr-FR\"}]}<\/script>\n<!-- \/ Yoast SEO plugin. -->","yoast_head_json":{"title":"Espaces sanitaires &#8226; Herculan","robots":{"index":"index","follow":"follow","max-snippet":"max-snippet:-1","max-image-preview":"max-image-preview:large","max-video-preview":"max-video-preview:-1"},"canonical":"https:\/\/herculan.com\/fr\/utility\/applications\/environnement-professionnel-et-cadre-de-vie\/batiments-publics\/espaces-sanitaires-batiments-publics\/","schema":{"@context":"https:\/\/schema.org","@graph":[{"@type":"WebPage","@id":"https:\/\/herculan.com\/fr\/utility\/applications\/environnement-professionnel-et-cadre-de-vie\/batiments-publics\/espaces-sanitaires-batiments-publics\/","url":"https:\/\/herculan.com\/fr\/utility\/applications\/environnement-professionnel-et-cadre-de-vie\/batiments-publics\/espaces-sanitaires-batiments-publics\/","name":"Espaces sanitaires &#8226; Herculan","isPartOf":{"@id":"https:\/\/herculan.com\/fr\/#website"},"primaryImageOfPage":{"@id":"https:\/\/herculan.com\/fr\/utility\/applications\/environnement-professionnel-et-cadre-de-vie\/batiments-publics\/espaces-sanitaires-batiments-publics\/#primaryimage"},"image":{"@id":"https:\/\/herculan.com\/fr\/utility\/applications\/environnement-professionnel-et-cadre-de-vie\/batiments-publics\/espaces-sanitaires-batiments-publics\/#primaryimage"},"thumbnailUrl":"https:\/\/herculan.com\/wp-content\/uploads\/2020\/09\/Sanitair-blauw-2.jpg","datePublished":"2020-10-13T10:49:10+00:00","dateModified":"2020-10-27T08:43:47+00:00","breadcrumb":{"@id":"https:\/\/herculan.com\/fr\/utility\/applications\/environnement-professionnel-et-cadre-de-vie\/batiments-publics\/espaces-sanitaires-batiments-publics\/#breadcrumb"},"inLanguage":"fr-FR","potentialAction":[{"@type":"ReadAction","target":["https:\/\/herculan.com\/fr\/utility\/applications\/environnement-professionnel-et-cadre-de-vie\/batiments-publics\/espaces-sanitaires-batiments-publics\/"]}]},{"@type":"ImageObject","inLanguage":"fr-FR","@id":"https:\/\/herculan.com\/fr\/utility\/applications\/environnement-professionnel-et-cadre-de-vie\/batiments-publics\/espaces-sanitaires-batiments-publics\/#primaryimage","url":"https:\/\/herculan.com\/wp-content\/uploads\/2020\/09\/Sanitair-blauw-2.jpg","contentUrl":"https:\/\/herculan.com\/wp-content\/uploads\/2020\/09\/Sanitair-blauw-2.jpg","width":1200,"height":537},{"@type":"BreadcrumbList","@id":"https:\/\/herculan.com\/fr\/utility\/applications\/environnement-professionnel-et-cadre-de-vie\/batiments-publics\/espaces-sanitaires-batiments-publics\/#breadcrumb","itemListElement":[{"@type":"ListItem","position":1,"name":"Home","item":"https:\/\/herculan.com\/fr\/"},{"@type":"ListItem","position":2,"name":"Utility","item":"https:\/\/herculan.com\/fr\/utility\/"},{"@type":"ListItem","position":3,"name":"Applications","item":"https:\/\/herculan.com\/fr\/utility\/applications\/"},{"@type":"ListItem","position":4,"name":"Environnement professionnel et cadre de vie","item":"https:\/\/herculan.com\/fr\/utility\/applications\/environnement-professionnel-et-cadre-de-vie\/"},{"@type":"ListItem","position":5,"name":"B\u00e2timents publics","item":"https:\/\/herculan.com\/fr\/utility\/applications\/environnement-professionnel-et-cadre-de-vie\/batiments-publics\/"},{"@type":"ListItem","position":6,"name":"Espaces sanitaires"}]},{"@type":"WebSite","@id":"https:\/\/herculan.com\/fr\/#website","url":"https:\/\/herculan.com\/fr\/","name":"Herculan","description":"We&#039;ve got it covered","potentialAction":[{"@type":"SearchAction","target":{"@type":"EntryPoint","urlTemplate":"https:\/\/herculan.com\/fr\/?s={search_term_string}"},"query-input":{"@type":"PropertyValueSpecification","valueRequired":true,"valueName":"search_term_string"}}],"inLanguage":"fr-FR"}]}},"_links":{"self":[{"href":"https:\/\/herculan.com\/fr\/wp-json\/wp\/v2\/pages\/3394","targetHints":{"allow":["GET"]}}],"collection":[{"href":"https:\/\/herculan.com\/fr\/wp-json\/wp\/v2\/pages"}],"about":[{"href":"https:\/\/herculan.com\/fr\/wp-json\/wp\/v2\/types\/page"}],"author":[{"embeddable":true,"href":"https:\/\/herculan.com\/fr\/wp-json\/wp\/v2\/users\/1"}],"replies":[{"embeddable":true,"href":"https:\/\/herculan.com\/fr\/wp-json\/wp\/v2\/comments?post=3394"}],"version-history":[{"count":2,"href":"https:\/\/herculan.com\/fr\/wp-json\/wp\/v2\/pages\/3394\/revisions"}],"predecessor-version":[{"id":3423,"href":"https:\/\/herculan.com\/fr\/wp-json\/wp\/v2\/pages\/3394\/revisions\/3423"}],"up":[{"embeddable":true,"href":"https:\/\/herculan.com\/fr\/wp-json\/wp\/v2\/pages\/3263"}],"wp:featuredmedia":[{"embeddable":true,"href":"https:\/\/herculan.com\/fr\/wp-json\/wp\/v2\/media\/434"}],"wp:attachment":[{"href":"https:\/\/herculan.com\/fr\/wp-json\/wp\/v2\/media?parent=3394"}],"curies":[{"name":"wp","href":"https:\/\/api.w.org\/{rel}","templated":true}]}}