{"id":3426,"date":"2020-10-13T13:06:12","date_gmt":"2020-10-13T13:06:12","guid":{"rendered":"https:\/\/herculan.com\/marine\/scheepsvloer-systemen\/"},"modified":"2020-10-27T09:12:39","modified_gmt":"2020-10-27T09:12:39","slug":"systemes-de-sol-bateau","status":"publish","type":"page","link":"https:\/\/herculan.com\/fr\/marine\/systemes-de-sol-bateau\/","title":{"rendered":"Syst\u00e8mes de sol bateau"},"content":{"rendered":"\n<p>Un rev\u00eatement de sol expos\u00e9 en permanence aux \u00e9l\u00e9ments doit \u00eatre d&rsquo;excellente qualit\u00e9 : eau, vent, froid et chaleur, parfois associ\u00e9s \u00e0 de fortes contraintes de machines ou de c\u00e2blages. \u00c0 bord des navires et installations, les sols coul\u00e9s d&rsquo;Herculan se sentent comme un poisson dans l&rsquo;eau. D\u00e9velopp\u00e9s et produits pour assurer les meilleures performances dans les conditions les plus difficiles, ils constituent une base solide dans le monde entier.<\/p>\n","protected":false},"excerpt":{"rendered":"<p>Un rev\u00eatement de sol expos\u00e9 en permanence aux \u00e9l\u00e9ments doit \u00eatre d&rsquo;excellente qualit\u00e9 : eau, vent, froid et chaleur, parfois associ\u00e9s \u00e0 de fortes contraintes de machines ou de c\u00e2blages. \u00c0 bord des navires et installations, les sols coul\u00e9s d&rsquo;Herculan se sentent comme un poisson dans l&rsquo;eau. D\u00e9velopp\u00e9s et produits pour assurer les meilleures performances [&hellip;]<\/p>\n","protected":false},"author":1,"featured_media":0,"parent":2700,"menu_order":2,"comment_status":"closed","ping_status":"closed","template":"page-systems.php","meta":{"_acf_changed":false,"footnotes":""},"class_list":["post-3426","page","type-page","status-publish","hentry"],"acf":[],"yoast_head":"<!-- This site is optimized with the Yoast SEO plugin v27.4 - https:\/\/yoast.com\/product\/yoast-seo-wordpress\/ -->\n<title>Syst\u00e8mes de sol bateau &#8226; Herculan<\/title>\n<meta name=\"robots\" content=\"index, follow, max-snippet:-1, max-image-preview:large, max-video-preview:-1\" \/>\n<link rel=\"canonical\" href=\"https:\/\/herculan.com\/fr\/marine\/systemes-de-sol-bateau\/\" \/>\n<script type=\"application\/ld+json\" class=\"yoast-schema-graph\">{\"@context\":\"https:\\\/\\\/schema.org\",\"@graph\":[{\"@type\":\"WebPage\",\"@id\":\"https:\\\/\\\/herculan.com\\\/fr\\\/marine\\\/systemes-de-sol-bateau\\\/\",\"url\":\"https:\\\/\\\/herculan.com\\\/fr\\\/marine\\\/systemes-de-sol-bateau\\\/\",\"name\":\"Syst\u00e8mes de sol bateau &#8226; Herculan\",\"isPartOf\":{\"@id\":\"https:\\\/\\\/herculan.com\\\/fr\\\/#website\"},\"datePublished\":\"2020-10-13T13:06:12+00:00\",\"dateModified\":\"2020-10-27T09:12:39+00:00\",\"breadcrumb\":{\"@id\":\"https:\\\/\\\/herculan.com\\\/fr\\\/marine\\\/systemes-de-sol-bateau\\\/#breadcrumb\"},\"inLanguage\":\"fr-FR\",\"potentialAction\":[{\"@type\":\"ReadAction\",\"target\":[\"https:\\\/\\\/herculan.com\\\/fr\\\/marine\\\/systemes-de-sol-bateau\\\/\"]}]},{\"@type\":\"BreadcrumbList\",\"@id\":\"https:\\\/\\\/herculan.com\\\/fr\\\/marine\\\/systemes-de-sol-bateau\\\/#breadcrumb\",\"itemListElement\":[{\"@type\":\"ListItem\",\"position\":1,\"name\":\"Home\",\"item\":\"https:\\\/\\\/herculan.com\\\/fr\\\/\"},{\"@type\":\"ListItem\",\"position\":2,\"name\":\"Marine\",\"item\":\"https:\\\/\\\/herculan.com\\\/fr\\\/marine\\\/\"},{\"@type\":\"ListItem\",\"position\":3,\"name\":\"Syst\u00e8mes de sol bateau\"}]},{\"@type\":\"WebSite\",\"@id\":\"https:\\\/\\\/herculan.com\\\/fr\\\/#website\",\"url\":\"https:\\\/\\\/herculan.com\\\/fr\\\/\",\"name\":\"Herculan\",\"description\":\"We&#039;ve got it covered\",\"potentialAction\":[{\"@type\":\"SearchAction\",\"target\":{\"@type\":\"EntryPoint\",\"urlTemplate\":\"https:\\\/\\\/herculan.com\\\/fr\\\/?s={search_term_string}\"},\"query-input\":{\"@type\":\"PropertyValueSpecification\",\"valueRequired\":true,\"valueName\":\"search_term_string\"}}],\"inLanguage\":\"fr-FR\"}]}<\/script>\n<!-- \/ Yoast SEO plugin. -->","yoast_head_json":{"title":"Syst\u00e8mes de sol bateau &#8226; Herculan","robots":{"index":"index","follow":"follow","max-snippet":"max-snippet:-1","max-image-preview":"max-image-preview:large","max-video-preview":"max-video-preview:-1"},"canonical":"https:\/\/herculan.com\/fr\/marine\/systemes-de-sol-bateau\/","schema":{"@context":"https:\/\/schema.org","@graph":[{"@type":"WebPage","@id":"https:\/\/herculan.com\/fr\/marine\/systemes-de-sol-bateau\/","url":"https:\/\/herculan.com\/fr\/marine\/systemes-de-sol-bateau\/","name":"Syst\u00e8mes de sol bateau &#8226; Herculan","isPartOf":{"@id":"https:\/\/herculan.com\/fr\/#website"},"datePublished":"2020-10-13T13:06:12+00:00","dateModified":"2020-10-27T09:12:39+00:00","breadcrumb":{"@id":"https:\/\/herculan.com\/fr\/marine\/systemes-de-sol-bateau\/#breadcrumb"},"inLanguage":"fr-FR","potentialAction":[{"@type":"ReadAction","target":["https:\/\/herculan.com\/fr\/marine\/systemes-de-sol-bateau\/"]}]},{"@type":"BreadcrumbList","@id":"https:\/\/herculan.com\/fr\/marine\/systemes-de-sol-bateau\/#breadcrumb","itemListElement":[{"@type":"ListItem","position":1,"name":"Home","item":"https:\/\/herculan.com\/fr\/"},{"@type":"ListItem","position":2,"name":"Marine","item":"https:\/\/herculan.com\/fr\/marine\/"},{"@type":"ListItem","position":3,"name":"Syst\u00e8mes de sol bateau"}]},{"@type":"WebSite","@id":"https:\/\/herculan.com\/fr\/#website","url":"https:\/\/herculan.com\/fr\/","name":"Herculan","description":"We&#039;ve got it covered","potentialAction":[{"@type":"SearchAction","target":{"@type":"EntryPoint","urlTemplate":"https:\/\/herculan.com\/fr\/?s={search_term_string}"},"query-input":{"@type":"PropertyValueSpecification","valueRequired":true,"valueName":"search_term_string"}}],"inLanguage":"fr-FR"}]}},"_links":{"self":[{"href":"https:\/\/herculan.com\/fr\/wp-json\/wp\/v2\/pages\/3426","targetHints":{"allow":["GET"]}}],"collection":[{"href":"https:\/\/herculan.com\/fr\/wp-json\/wp\/v2\/pages"}],"about":[{"href":"https:\/\/herculan.com\/fr\/wp-json\/wp\/v2\/types\/page"}],"author":[{"embeddable":true,"href":"https:\/\/herculan.com\/fr\/wp-json\/wp\/v2\/users\/1"}],"replies":[{"embeddable":true,"href":"https:\/\/herculan.com\/fr\/wp-json\/wp\/v2\/comments?post=3426"}],"version-history":[{"count":2,"href":"https:\/\/herculan.com\/fr\/wp-json\/wp\/v2\/pages\/3426\/revisions"}],"predecessor-version":[{"id":3464,"href":"https:\/\/herculan.com\/fr\/wp-json\/wp\/v2\/pages\/3426\/revisions\/3464"}],"up":[{"embeddable":true,"href":"https:\/\/herculan.com\/fr\/wp-json\/wp\/v2\/pages\/2700"}],"wp:attachment":[{"href":"https:\/\/herculan.com\/fr\/wp-json\/wp\/v2\/media?parent=3426"}],"curies":[{"name":"wp","href":"https:\/\/api.w.org\/{rel}","templated":true}]}}