{"id":3428,"date":"2020-10-13T13:09:37","date_gmt":"2020-10-13T13:09:37","guid":{"rendered":"https:\/\/herculan.com\/marine\/scheepsvloer-installatie\/"},"modified":"2020-10-27T09:18:20","modified_gmt":"2020-10-27T09:18:20","slug":"installation-de-sol-bateau","status":"publish","type":"page","link":"https:\/\/herculan.com\/fr\/marine\/installation-de-sol-bateau\/","title":{"rendered":"Installation de sol bateau"},"content":{"rendered":"\n<p>Lorsque l\u2019installation est effectu\u00e9e par des professionnels, votre rev\u00eatement de sol r\u00e9pond \u00e0 toutes les exigences et toutes les attentes. Nos \u00e9quipes responsables de l\u2019installation ont suivi une formation interne et elles suivent r\u00e9guli\u00e8rement des formations compl\u00e9mentaires. Elles peuvent ainsi poser les bases d\u2019un rev\u00eatement de sol Herculan parfait. Un rev\u00eatement de sol pour bateau digne d\u2019Herculan, fournissant les meilleures performances sportives possibles.<\/p>\n","protected":false},"excerpt":{"rendered":"<p>Lorsque l\u2019installation est effectu\u00e9e par des professionnels, votre rev\u00eatement de sol r\u00e9pond \u00e0 toutes les exigences et toutes les attentes. Nos \u00e9quipes responsables de l\u2019installation ont suivi une formation interne et elles suivent r\u00e9guli\u00e8rement des formations compl\u00e9mentaires. Elles peuvent ainsi poser les bases d\u2019un rev\u00eatement de sol Herculan parfait. Un rev\u00eatement de sol pour bateau [&hellip;]<\/p>\n","protected":false},"author":1,"featured_media":258,"parent":2700,"menu_order":3,"comment_status":"closed","ping_status":"closed","template":"","meta":{"_acf_changed":false,"footnotes":""},"class_list":["post-3428","page","type-page","status-publish","has-post-thumbnail","hentry"],"acf":[],"yoast_head":"<!-- This site is optimized with the Yoast SEO plugin v27.3 - https:\/\/yoast.com\/product\/yoast-seo-wordpress\/ -->\n<title>Installation de sol bateau &#8226; Herculan<\/title>\n<meta name=\"robots\" content=\"index, follow, max-snippet:-1, max-image-preview:large, max-video-preview:-1\" \/>\n<link rel=\"canonical\" href=\"https:\/\/herculan.com\/fr\/marine\/installation-de-sol-bateau\/\" \/>\n<script type=\"application\/ld+json\" class=\"yoast-schema-graph\">{\"@context\":\"https:\\\/\\\/schema.org\",\"@graph\":[{\"@type\":\"WebPage\",\"@id\":\"https:\\\/\\\/herculan.com\\\/fr\\\/marine\\\/installation-de-sol-bateau\\\/\",\"url\":\"https:\\\/\\\/herculan.com\\\/fr\\\/marine\\\/installation-de-sol-bateau\\\/\",\"name\":\"Installation de sol bateau &#8226; Herculan\",\"isPartOf\":{\"@id\":\"https:\\\/\\\/herculan.com\\\/fr\\\/#website\"},\"primaryImageOfPage\":{\"@id\":\"https:\\\/\\\/herculan.com\\\/fr\\\/marine\\\/installation-de-sol-bateau\\\/#primaryimage\"},\"image\":{\"@id\":\"https:\\\/\\\/herculan.com\\\/fr\\\/marine\\\/installation-de-sol-bateau\\\/#primaryimage\"},\"thumbnailUrl\":\"https:\\\/\\\/herculan.com\\\/wp-content\\\/uploads\\\/2020\\\/09\\\/installatie-hoofdfoto-1.jpg\",\"datePublished\":\"2020-10-13T13:09:37+00:00\",\"dateModified\":\"2020-10-27T09:18:20+00:00\",\"breadcrumb\":{\"@id\":\"https:\\\/\\\/herculan.com\\\/fr\\\/marine\\\/installation-de-sol-bateau\\\/#breadcrumb\"},\"inLanguage\":\"fr-FR\",\"potentialAction\":[{\"@type\":\"ReadAction\",\"target\":[\"https:\\\/\\\/herculan.com\\\/fr\\\/marine\\\/installation-de-sol-bateau\\\/\"]}]},{\"@type\":\"ImageObject\",\"inLanguage\":\"fr-FR\",\"@id\":\"https:\\\/\\\/herculan.com\\\/fr\\\/marine\\\/installation-de-sol-bateau\\\/#primaryimage\",\"url\":\"https:\\\/\\\/herculan.com\\\/wp-content\\\/uploads\\\/2020\\\/09\\\/installatie-hoofdfoto-1.jpg\",\"contentUrl\":\"https:\\\/\\\/herculan.com\\\/wp-content\\\/uploads\\\/2020\\\/09\\\/installatie-hoofdfoto-1.jpg\",\"width\":1200,\"height\":537},{\"@type\":\"BreadcrumbList\",\"@id\":\"https:\\\/\\\/herculan.com\\\/fr\\\/marine\\\/installation-de-sol-bateau\\\/#breadcrumb\",\"itemListElement\":[{\"@type\":\"ListItem\",\"position\":1,\"name\":\"Home\",\"item\":\"https:\\\/\\\/herculan.com\\\/fr\\\/\"},{\"@type\":\"ListItem\",\"position\":2,\"name\":\"Marine\",\"item\":\"https:\\\/\\\/herculan.com\\\/fr\\\/marine\\\/\"},{\"@type\":\"ListItem\",\"position\":3,\"name\":\"Installation de sol bateau\"}]},{\"@type\":\"WebSite\",\"@id\":\"https:\\\/\\\/herculan.com\\\/fr\\\/#website\",\"url\":\"https:\\\/\\\/herculan.com\\\/fr\\\/\",\"name\":\"Herculan\",\"description\":\"We&#039;ve got it covered\",\"potentialAction\":[{\"@type\":\"SearchAction\",\"target\":{\"@type\":\"EntryPoint\",\"urlTemplate\":\"https:\\\/\\\/herculan.com\\\/fr\\\/?s={search_term_string}\"},\"query-input\":{\"@type\":\"PropertyValueSpecification\",\"valueRequired\":true,\"valueName\":\"search_term_string\"}}],\"inLanguage\":\"fr-FR\"}]}<\/script>\n<!-- \/ Yoast SEO plugin. -->","yoast_head_json":{"title":"Installation de sol bateau &#8226; Herculan","robots":{"index":"index","follow":"follow","max-snippet":"max-snippet:-1","max-image-preview":"max-image-preview:large","max-video-preview":"max-video-preview:-1"},"canonical":"https:\/\/herculan.com\/fr\/marine\/installation-de-sol-bateau\/","schema":{"@context":"https:\/\/schema.org","@graph":[{"@type":"WebPage","@id":"https:\/\/herculan.com\/fr\/marine\/installation-de-sol-bateau\/","url":"https:\/\/herculan.com\/fr\/marine\/installation-de-sol-bateau\/","name":"Installation de sol bateau &#8226; Herculan","isPartOf":{"@id":"https:\/\/herculan.com\/fr\/#website"},"primaryImageOfPage":{"@id":"https:\/\/herculan.com\/fr\/marine\/installation-de-sol-bateau\/#primaryimage"},"image":{"@id":"https:\/\/herculan.com\/fr\/marine\/installation-de-sol-bateau\/#primaryimage"},"thumbnailUrl":"https:\/\/herculan.com\/wp-content\/uploads\/2020\/09\/installatie-hoofdfoto-1.jpg","datePublished":"2020-10-13T13:09:37+00:00","dateModified":"2020-10-27T09:18:20+00:00","breadcrumb":{"@id":"https:\/\/herculan.com\/fr\/marine\/installation-de-sol-bateau\/#breadcrumb"},"inLanguage":"fr-FR","potentialAction":[{"@type":"ReadAction","target":["https:\/\/herculan.com\/fr\/marine\/installation-de-sol-bateau\/"]}]},{"@type":"ImageObject","inLanguage":"fr-FR","@id":"https:\/\/herculan.com\/fr\/marine\/installation-de-sol-bateau\/#primaryimage","url":"https:\/\/herculan.com\/wp-content\/uploads\/2020\/09\/installatie-hoofdfoto-1.jpg","contentUrl":"https:\/\/herculan.com\/wp-content\/uploads\/2020\/09\/installatie-hoofdfoto-1.jpg","width":1200,"height":537},{"@type":"BreadcrumbList","@id":"https:\/\/herculan.com\/fr\/marine\/installation-de-sol-bateau\/#breadcrumb","itemListElement":[{"@type":"ListItem","position":1,"name":"Home","item":"https:\/\/herculan.com\/fr\/"},{"@type":"ListItem","position":2,"name":"Marine","item":"https:\/\/herculan.com\/fr\/marine\/"},{"@type":"ListItem","position":3,"name":"Installation de sol bateau"}]},{"@type":"WebSite","@id":"https:\/\/herculan.com\/fr\/#website","url":"https:\/\/herculan.com\/fr\/","name":"Herculan","description":"We&#039;ve got it covered","potentialAction":[{"@type":"SearchAction","target":{"@type":"EntryPoint","urlTemplate":"https:\/\/herculan.com\/fr\/?s={search_term_string}"},"query-input":{"@type":"PropertyValueSpecification","valueRequired":true,"valueName":"search_term_string"}}],"inLanguage":"fr-FR"}]}},"_links":{"self":[{"href":"https:\/\/herculan.com\/fr\/wp-json\/wp\/v2\/pages\/3428","targetHints":{"allow":["GET"]}}],"collection":[{"href":"https:\/\/herculan.com\/fr\/wp-json\/wp\/v2\/pages"}],"about":[{"href":"https:\/\/herculan.com\/fr\/wp-json\/wp\/v2\/types\/page"}],"author":[{"embeddable":true,"href":"https:\/\/herculan.com\/fr\/wp-json\/wp\/v2\/users\/1"}],"replies":[{"embeddable":true,"href":"https:\/\/herculan.com\/fr\/wp-json\/wp\/v2\/comments?post=3428"}],"version-history":[{"count":2,"href":"https:\/\/herculan.com\/fr\/wp-json\/wp\/v2\/pages\/3428\/revisions"}],"predecessor-version":[{"id":3476,"href":"https:\/\/herculan.com\/fr\/wp-json\/wp\/v2\/pages\/3428\/revisions\/3476"}],"up":[{"embeddable":true,"href":"https:\/\/herculan.com\/fr\/wp-json\/wp\/v2\/pages\/2700"}],"wp:featuredmedia":[{"embeddable":true,"href":"https:\/\/herculan.com\/fr\/wp-json\/wp\/v2\/media\/258"}],"wp:attachment":[{"href":"https:\/\/herculan.com\/fr\/wp-json\/wp\/v2\/media?parent=3428"}],"curies":[{"name":"wp","href":"https:\/\/api.w.org\/{rel}","templated":true}]}}