{"id":3430,"date":"2020-10-13T13:15:58","date_gmt":"2020-10-13T13:15:58","guid":{"rendered":"https:\/\/herculan.com\/marine\/productie\/"},"modified":"2020-10-27T09:20:58","modified_gmt":"2020-10-27T09:20:58","slug":"production","status":"publish","type":"page","link":"https:\/\/herculan.com\/fr\/marine\/production\/","title":{"rendered":"Production"},"content":{"rendered":"\n<p>L\u2019excellente r\u00e9putation des rev\u00eatements de sol pour bateau Herculan tient notamment \u00e0 l\u2019accent que nous pla\u00e7ons sur la qualit\u00e9. Gr\u00e2ce au savoir-faire de notre propre service de R&amp;D, la production est \u00e0 un niveau \u00e9lev\u00e9 et assur\u00e9. Les rev\u00eatements de sol pour bateau se composent d\u2019ensembles complexes de mati\u00e8res premi\u00e8res poss\u00e9dant chacune leurs propres caract\u00e9ristiques. Leur fabrication exige donc une pr\u00e9cision tr\u00e8s rigoureuse qui commence d\u00e8s les s\u00e9v\u00e8res contr\u00f4les d\u2019entr\u00e9e des mati\u00e8res premi\u00e8res. Seule la meilleure qualit\u00e9 convient pour constituer la base d\u2019un rev\u00eatement de sol pour bateau portant le nom d\u2019Herculan.<\/p>\n","protected":false},"excerpt":{"rendered":"<p>L\u2019excellente r\u00e9putation des rev\u00eatements de sol pour bateau Herculan tient notamment \u00e0 l\u2019accent que nous pla\u00e7ons sur la qualit\u00e9. Gr\u00e2ce au savoir-faire de notre propre service de R&amp;D, la production est \u00e0 un niveau \u00e9lev\u00e9 et assur\u00e9. Les rev\u00eatements de sol pour bateau se composent d\u2019ensembles complexes de mati\u00e8res premi\u00e8res poss\u00e9dant chacune leurs propres caract\u00e9ristiques. [&hellip;]<\/p>\n","protected":false},"author":1,"featured_media":98,"parent":2700,"menu_order":5,"comment_status":"closed","ping_status":"closed","template":"","meta":{"_acf_changed":false,"footnotes":""},"class_list":["post-3430","page","type-page","status-publish","has-post-thumbnail","hentry"],"acf":[],"yoast_head":"<!-- This site is optimized with the Yoast SEO plugin v27.4 - https:\/\/yoast.com\/product\/yoast-seo-wordpress\/ -->\n<title>Production &#8226; Herculan<\/title>\n<meta name=\"robots\" content=\"index, follow, max-snippet:-1, max-image-preview:large, max-video-preview:-1\" \/>\n<link rel=\"canonical\" href=\"https:\/\/herculan.com\/fr\/marine\/production\/\" \/>\n<script type=\"application\/ld+json\" class=\"yoast-schema-graph\">{\"@context\":\"https:\\\/\\\/schema.org\",\"@graph\":[{\"@type\":\"WebPage\",\"@id\":\"https:\\\/\\\/herculan.com\\\/fr\\\/marine\\\/production\\\/\",\"url\":\"https:\\\/\\\/herculan.com\\\/fr\\\/marine\\\/production\\\/\",\"name\":\"Production &#8226; Herculan\",\"isPartOf\":{\"@id\":\"https:\\\/\\\/herculan.com\\\/fr\\\/#website\"},\"primaryImageOfPage\":{\"@id\":\"https:\\\/\\\/herculan.com\\\/fr\\\/marine\\\/production\\\/#primaryimage\"},\"image\":{\"@id\":\"https:\\\/\\\/herculan.com\\\/fr\\\/marine\\\/production\\\/#primaryimage\"},\"thumbnailUrl\":\"https:\\\/\\\/herculan.com\\\/wp-content\\\/uploads\\\/2020\\\/09\\\/productie-sport-hoofdfoto.jpg\",\"datePublished\":\"2020-10-13T13:15:58+00:00\",\"dateModified\":\"2020-10-27T09:20:58+00:00\",\"breadcrumb\":{\"@id\":\"https:\\\/\\\/herculan.com\\\/fr\\\/marine\\\/production\\\/#breadcrumb\"},\"inLanguage\":\"fr-FR\",\"potentialAction\":[{\"@type\":\"ReadAction\",\"target\":[\"https:\\\/\\\/herculan.com\\\/fr\\\/marine\\\/production\\\/\"]}]},{\"@type\":\"ImageObject\",\"inLanguage\":\"fr-FR\",\"@id\":\"https:\\\/\\\/herculan.com\\\/fr\\\/marine\\\/production\\\/#primaryimage\",\"url\":\"https:\\\/\\\/herculan.com\\\/wp-content\\\/uploads\\\/2020\\\/09\\\/productie-sport-hoofdfoto.jpg\",\"contentUrl\":\"https:\\\/\\\/herculan.com\\\/wp-content\\\/uploads\\\/2020\\\/09\\\/productie-sport-hoofdfoto.jpg\",\"width\":1200,\"height\":537},{\"@type\":\"BreadcrumbList\",\"@id\":\"https:\\\/\\\/herculan.com\\\/fr\\\/marine\\\/production\\\/#breadcrumb\",\"itemListElement\":[{\"@type\":\"ListItem\",\"position\":1,\"name\":\"Home\",\"item\":\"https:\\\/\\\/herculan.com\\\/fr\\\/\"},{\"@type\":\"ListItem\",\"position\":2,\"name\":\"Marine\",\"item\":\"https:\\\/\\\/herculan.com\\\/fr\\\/marine\\\/\"},{\"@type\":\"ListItem\",\"position\":3,\"name\":\"Production\"}]},{\"@type\":\"WebSite\",\"@id\":\"https:\\\/\\\/herculan.com\\\/fr\\\/#website\",\"url\":\"https:\\\/\\\/herculan.com\\\/fr\\\/\",\"name\":\"Herculan\",\"description\":\"We&#039;ve got it covered\",\"potentialAction\":[{\"@type\":\"SearchAction\",\"target\":{\"@type\":\"EntryPoint\",\"urlTemplate\":\"https:\\\/\\\/herculan.com\\\/fr\\\/?s={search_term_string}\"},\"query-input\":{\"@type\":\"PropertyValueSpecification\",\"valueRequired\":true,\"valueName\":\"search_term_string\"}}],\"inLanguage\":\"fr-FR\"}]}<\/script>\n<!-- \/ Yoast SEO plugin. -->","yoast_head_json":{"title":"Production &#8226; Herculan","robots":{"index":"index","follow":"follow","max-snippet":"max-snippet:-1","max-image-preview":"max-image-preview:large","max-video-preview":"max-video-preview:-1"},"canonical":"https:\/\/herculan.com\/fr\/marine\/production\/","schema":{"@context":"https:\/\/schema.org","@graph":[{"@type":"WebPage","@id":"https:\/\/herculan.com\/fr\/marine\/production\/","url":"https:\/\/herculan.com\/fr\/marine\/production\/","name":"Production &#8226; Herculan","isPartOf":{"@id":"https:\/\/herculan.com\/fr\/#website"},"primaryImageOfPage":{"@id":"https:\/\/herculan.com\/fr\/marine\/production\/#primaryimage"},"image":{"@id":"https:\/\/herculan.com\/fr\/marine\/production\/#primaryimage"},"thumbnailUrl":"https:\/\/herculan.com\/wp-content\/uploads\/2020\/09\/productie-sport-hoofdfoto.jpg","datePublished":"2020-10-13T13:15:58+00:00","dateModified":"2020-10-27T09:20:58+00:00","breadcrumb":{"@id":"https:\/\/herculan.com\/fr\/marine\/production\/#breadcrumb"},"inLanguage":"fr-FR","potentialAction":[{"@type":"ReadAction","target":["https:\/\/herculan.com\/fr\/marine\/production\/"]}]},{"@type":"ImageObject","inLanguage":"fr-FR","@id":"https:\/\/herculan.com\/fr\/marine\/production\/#primaryimage","url":"https:\/\/herculan.com\/wp-content\/uploads\/2020\/09\/productie-sport-hoofdfoto.jpg","contentUrl":"https:\/\/herculan.com\/wp-content\/uploads\/2020\/09\/productie-sport-hoofdfoto.jpg","width":1200,"height":537},{"@type":"BreadcrumbList","@id":"https:\/\/herculan.com\/fr\/marine\/production\/#breadcrumb","itemListElement":[{"@type":"ListItem","position":1,"name":"Home","item":"https:\/\/herculan.com\/fr\/"},{"@type":"ListItem","position":2,"name":"Marine","item":"https:\/\/herculan.com\/fr\/marine\/"},{"@type":"ListItem","position":3,"name":"Production"}]},{"@type":"WebSite","@id":"https:\/\/herculan.com\/fr\/#website","url":"https:\/\/herculan.com\/fr\/","name":"Herculan","description":"We&#039;ve got it covered","potentialAction":[{"@type":"SearchAction","target":{"@type":"EntryPoint","urlTemplate":"https:\/\/herculan.com\/fr\/?s={search_term_string}"},"query-input":{"@type":"PropertyValueSpecification","valueRequired":true,"valueName":"search_term_string"}}],"inLanguage":"fr-FR"}]}},"_links":{"self":[{"href":"https:\/\/herculan.com\/fr\/wp-json\/wp\/v2\/pages\/3430","targetHints":{"allow":["GET"]}}],"collection":[{"href":"https:\/\/herculan.com\/fr\/wp-json\/wp\/v2\/pages"}],"about":[{"href":"https:\/\/herculan.com\/fr\/wp-json\/wp\/v2\/types\/page"}],"author":[{"embeddable":true,"href":"https:\/\/herculan.com\/fr\/wp-json\/wp\/v2\/users\/1"}],"replies":[{"embeddable":true,"href":"https:\/\/herculan.com\/fr\/wp-json\/wp\/v2\/comments?post=3430"}],"version-history":[{"count":2,"href":"https:\/\/herculan.com\/fr\/wp-json\/wp\/v2\/pages\/3430\/revisions"}],"predecessor-version":[{"id":3483,"href":"https:\/\/herculan.com\/fr\/wp-json\/wp\/v2\/pages\/3430\/revisions\/3483"}],"up":[{"embeddable":true,"href":"https:\/\/herculan.com\/fr\/wp-json\/wp\/v2\/pages\/2700"}],"wp:featuredmedia":[{"embeddable":true,"href":"https:\/\/herculan.com\/fr\/wp-json\/wp\/v2\/media\/98"}],"wp:attachment":[{"href":"https:\/\/herculan.com\/fr\/wp-json\/wp\/v2\/media?parent=3430"}],"curies":[{"name":"wp","href":"https:\/\/api.w.org\/{rel}","templated":true}]}}