{"id":3492,"date":"2020-10-13T13:56:18","date_gmt":"2020-10-13T13:56:18","guid":{"rendered":"https:\/\/herculan.com\/marine\/applications\/marine-offshore\/"},"modified":"2020-10-27T09:30:03","modified_gmt":"2020-10-27T09:30:03","slug":"marine-et-offshore","status":"publish","type":"page","link":"https:\/\/herculan.com\/fr\/marine\/applications\/marine-et-offshore\/","title":{"rendered":"Marine et offshore"},"content":{"rendered":"\n<p>Dans le secteur de la marine et le secteur offshore, certaines disciplines exigent des finitions de rev\u00eatement de sol sp\u00e9cifiques. Herculan propose pour cela les solutions ad\u00e9quates:<\/p>\n","protected":false},"excerpt":{"rendered":"<p>Dans le secteur de la marine et le secteur offshore, certaines disciplines exigent des finitions de rev\u00eatement de sol sp\u00e9cifiques. Herculan propose pour cela les solutions ad\u00e9quates:<\/p>\n","protected":false},"author":1,"featured_media":90,"parent":3424,"menu_order":1,"comment_status":"closed","ping_status":"closed","template":"page-application.php","meta":{"_acf_changed":false,"footnotes":""},"class_list":["post-3492","page","type-page","status-publish","has-post-thumbnail","hentry"],"acf":[],"yoast_head":"<!-- This site is optimized with the Yoast SEO plugin v27.3 - https:\/\/yoast.com\/product\/yoast-seo-wordpress\/ -->\n<title>Marine et offshore &#8226; Herculan<\/title>\n<meta name=\"robots\" content=\"index, follow, max-snippet:-1, max-image-preview:large, max-video-preview:-1\" \/>\n<link rel=\"canonical\" href=\"https:\/\/herculan.com\/fr\/marine\/applications\/marine-et-offshore\/\" \/>\n<script type=\"application\/ld+json\" class=\"yoast-schema-graph\">{\"@context\":\"https:\\\/\\\/schema.org\",\"@graph\":[{\"@type\":\"WebPage\",\"@id\":\"https:\\\/\\\/herculan.com\\\/fr\\\/marine\\\/applications\\\/marine-et-offshore\\\/\",\"url\":\"https:\\\/\\\/herculan.com\\\/fr\\\/marine\\\/applications\\\/marine-et-offshore\\\/\",\"name\":\"Marine et offshore &#8226; Herculan\",\"isPartOf\":{\"@id\":\"https:\\\/\\\/herculan.com\\\/fr\\\/#website\"},\"primaryImageOfPage\":{\"@id\":\"https:\\\/\\\/herculan.com\\\/fr\\\/marine\\\/applications\\\/marine-et-offshore\\\/#primaryimage\"},\"image\":{\"@id\":\"https:\\\/\\\/herculan.com\\\/fr\\\/marine\\\/applications\\\/marine-et-offshore\\\/#primaryimage\"},\"thumbnailUrl\":\"https:\\\/\\\/herculan.com\\\/wp-content\\\/uploads\\\/2020\\\/09\\\/marine-hoofdfoto.jpg\",\"datePublished\":\"2020-10-13T13:56:18+00:00\",\"dateModified\":\"2020-10-27T09:30:03+00:00\",\"breadcrumb\":{\"@id\":\"https:\\\/\\\/herculan.com\\\/fr\\\/marine\\\/applications\\\/marine-et-offshore\\\/#breadcrumb\"},\"inLanguage\":\"fr-FR\",\"potentialAction\":[{\"@type\":\"ReadAction\",\"target\":[\"https:\\\/\\\/herculan.com\\\/fr\\\/marine\\\/applications\\\/marine-et-offshore\\\/\"]}]},{\"@type\":\"ImageObject\",\"inLanguage\":\"fr-FR\",\"@id\":\"https:\\\/\\\/herculan.com\\\/fr\\\/marine\\\/applications\\\/marine-et-offshore\\\/#primaryimage\",\"url\":\"https:\\\/\\\/herculan.com\\\/wp-content\\\/uploads\\\/2020\\\/09\\\/marine-hoofdfoto.jpg\",\"contentUrl\":\"https:\\\/\\\/herculan.com\\\/wp-content\\\/uploads\\\/2020\\\/09\\\/marine-hoofdfoto.jpg\",\"width\":1200,\"height\":537},{\"@type\":\"BreadcrumbList\",\"@id\":\"https:\\\/\\\/herculan.com\\\/fr\\\/marine\\\/applications\\\/marine-et-offshore\\\/#breadcrumb\",\"itemListElement\":[{\"@type\":\"ListItem\",\"position\":1,\"name\":\"Home\",\"item\":\"https:\\\/\\\/herculan.com\\\/fr\\\/\"},{\"@type\":\"ListItem\",\"position\":2,\"name\":\"Marine\",\"item\":\"https:\\\/\\\/herculan.com\\\/fr\\\/marine\\\/\"},{\"@type\":\"ListItem\",\"position\":3,\"name\":\"Applications\",\"item\":\"https:\\\/\\\/herculan.com\\\/fr\\\/marine\\\/applications\\\/\"},{\"@type\":\"ListItem\",\"position\":4,\"name\":\"Marine et offshore\"}]},{\"@type\":\"WebSite\",\"@id\":\"https:\\\/\\\/herculan.com\\\/fr\\\/#website\",\"url\":\"https:\\\/\\\/herculan.com\\\/fr\\\/\",\"name\":\"Herculan\",\"description\":\"We&#039;ve got it covered\",\"potentialAction\":[{\"@type\":\"SearchAction\",\"target\":{\"@type\":\"EntryPoint\",\"urlTemplate\":\"https:\\\/\\\/herculan.com\\\/fr\\\/?s={search_term_string}\"},\"query-input\":{\"@type\":\"PropertyValueSpecification\",\"valueRequired\":true,\"valueName\":\"search_term_string\"}}],\"inLanguage\":\"fr-FR\"}]}<\/script>\n<!-- \/ Yoast SEO plugin. -->","yoast_head_json":{"title":"Marine et offshore &#8226; Herculan","robots":{"index":"index","follow":"follow","max-snippet":"max-snippet:-1","max-image-preview":"max-image-preview:large","max-video-preview":"max-video-preview:-1"},"canonical":"https:\/\/herculan.com\/fr\/marine\/applications\/marine-et-offshore\/","schema":{"@context":"https:\/\/schema.org","@graph":[{"@type":"WebPage","@id":"https:\/\/herculan.com\/fr\/marine\/applications\/marine-et-offshore\/","url":"https:\/\/herculan.com\/fr\/marine\/applications\/marine-et-offshore\/","name":"Marine et offshore &#8226; Herculan","isPartOf":{"@id":"https:\/\/herculan.com\/fr\/#website"},"primaryImageOfPage":{"@id":"https:\/\/herculan.com\/fr\/marine\/applications\/marine-et-offshore\/#primaryimage"},"image":{"@id":"https:\/\/herculan.com\/fr\/marine\/applications\/marine-et-offshore\/#primaryimage"},"thumbnailUrl":"https:\/\/herculan.com\/wp-content\/uploads\/2020\/09\/marine-hoofdfoto.jpg","datePublished":"2020-10-13T13:56:18+00:00","dateModified":"2020-10-27T09:30:03+00:00","breadcrumb":{"@id":"https:\/\/herculan.com\/fr\/marine\/applications\/marine-et-offshore\/#breadcrumb"},"inLanguage":"fr-FR","potentialAction":[{"@type":"ReadAction","target":["https:\/\/herculan.com\/fr\/marine\/applications\/marine-et-offshore\/"]}]},{"@type":"ImageObject","inLanguage":"fr-FR","@id":"https:\/\/herculan.com\/fr\/marine\/applications\/marine-et-offshore\/#primaryimage","url":"https:\/\/herculan.com\/wp-content\/uploads\/2020\/09\/marine-hoofdfoto.jpg","contentUrl":"https:\/\/herculan.com\/wp-content\/uploads\/2020\/09\/marine-hoofdfoto.jpg","width":1200,"height":537},{"@type":"BreadcrumbList","@id":"https:\/\/herculan.com\/fr\/marine\/applications\/marine-et-offshore\/#breadcrumb","itemListElement":[{"@type":"ListItem","position":1,"name":"Home","item":"https:\/\/herculan.com\/fr\/"},{"@type":"ListItem","position":2,"name":"Marine","item":"https:\/\/herculan.com\/fr\/marine\/"},{"@type":"ListItem","position":3,"name":"Applications","item":"https:\/\/herculan.com\/fr\/marine\/applications\/"},{"@type":"ListItem","position":4,"name":"Marine et offshore"}]},{"@type":"WebSite","@id":"https:\/\/herculan.com\/fr\/#website","url":"https:\/\/herculan.com\/fr\/","name":"Herculan","description":"We&#039;ve got it covered","potentialAction":[{"@type":"SearchAction","target":{"@type":"EntryPoint","urlTemplate":"https:\/\/herculan.com\/fr\/?s={search_term_string}"},"query-input":{"@type":"PropertyValueSpecification","valueRequired":true,"valueName":"search_term_string"}}],"inLanguage":"fr-FR"}]}},"_links":{"self":[{"href":"https:\/\/herculan.com\/fr\/wp-json\/wp\/v2\/pages\/3492","targetHints":{"allow":["GET"]}}],"collection":[{"href":"https:\/\/herculan.com\/fr\/wp-json\/wp\/v2\/pages"}],"about":[{"href":"https:\/\/herculan.com\/fr\/wp-json\/wp\/v2\/types\/page"}],"author":[{"embeddable":true,"href":"https:\/\/herculan.com\/fr\/wp-json\/wp\/v2\/users\/1"}],"replies":[{"embeddable":true,"href":"https:\/\/herculan.com\/fr\/wp-json\/wp\/v2\/comments?post=3492"}],"version-history":[{"count":2,"href":"https:\/\/herculan.com\/fr\/wp-json\/wp\/v2\/pages\/3492\/revisions"}],"predecessor-version":[{"id":3506,"href":"https:\/\/herculan.com\/fr\/wp-json\/wp\/v2\/pages\/3492\/revisions\/3506"}],"up":[{"embeddable":true,"href":"https:\/\/herculan.com\/fr\/wp-json\/wp\/v2\/pages\/3424"}],"wp:featuredmedia":[{"embeddable":true,"href":"https:\/\/herculan.com\/fr\/wp-json\/wp\/v2\/media\/90"}],"wp:attachment":[{"href":"https:\/\/herculan.com\/fr\/wp-json\/wp\/v2\/media?parent=3492"}],"curies":[{"name":"wp","href":"https:\/\/api.w.org\/{rel}","templated":true}]}}