{"id":3494,"date":"2020-10-13T13:57:34","date_gmt":"2020-10-13T13:57:34","guid":{"rendered":"https:\/\/herculan.com\/marine\/applications\/jachten-cruiseschepen\/"},"modified":"2020-10-27T09:30:45","modified_gmt":"2020-10-27T09:30:45","slug":"yachts-et-bateaux-de-croisiere","status":"publish","type":"page","link":"https:\/\/herculan.com\/fr\/marine\/applications\/yachts-et-bateaux-de-croisiere\/","title":{"rendered":"Yachts et bateaux de croisi\u00e8re"},"content":{"rendered":"\n<p>Herculan a d\u00e9velopp\u00e9 une \u00e9l\u00e9gante application pour le sol, sp\u00e9cialement destin\u00e9e aux yachts et bateaux de croisi\u00e8re de luxe : Marine Eco Teak. Il s\u2019agit d\u2019une solution id\u00e9ale rempla\u00e7ant le rev\u00eatement de sol en teck original, mais sans en n\u00e9cessiter l\u2019entretien. Ce rev\u00eatement de sol en teck pr\u00e9sente une \u00e9l\u00e9gance naturelle, il est enti\u00e8rement sans joints, tr\u00e8s r\u00e9sistant \u00e0 l\u2019usure et disponible dans tout coloris souhait\u00e9. Le rev\u00eatement Herculan Marine Eco Teak respecte les r\u00e9glementations de la Convention internationale sur la sauvegarde de la vie humaine en mer (Solas) et de l\u2019Organisation maritime internationale (OMI). Outre Herculan Marine Eco Teak, d\u2019autres syst\u00e8mes Herculan sont \u00e9galement disponibles pour l\u2019int\u00e9rieur. Il est \u00e9galement possible de r\u00e9aliser une finition de rev\u00eatement de sol pour h\u00e9lisurface. Nous avons choisi pour vous les syst\u00e8mes suivants:<\/p>\n","protected":false},"excerpt":{"rendered":"<p>Herculan a d\u00e9velopp\u00e9 une \u00e9l\u00e9gante application pour le sol, sp\u00e9cialement destin\u00e9e aux yachts et bateaux de croisi\u00e8re de luxe : Marine Eco Teak. Il s\u2019agit d\u2019une solution id\u00e9ale rempla\u00e7ant le rev\u00eatement de sol en teck original, mais sans en n\u00e9cessiter l\u2019entretien. Ce rev\u00eatement de sol en teck pr\u00e9sente une \u00e9l\u00e9gance naturelle, il est enti\u00e8rement sans [&hellip;]<\/p>\n","protected":false},"author":1,"featured_media":122,"parent":3424,"menu_order":2,"comment_status":"closed","ping_status":"closed","template":"page-application.php","meta":{"_acf_changed":false,"footnotes":""},"class_list":["post-3494","page","type-page","status-publish","has-post-thumbnail","hentry"],"acf":[],"yoast_head":"<!-- This site is optimized with the Yoast SEO plugin v27.4 - https:\/\/yoast.com\/product\/yoast-seo-wordpress\/ -->\n<title>Yachts et bateaux de croisi\u00e8re &#8226; Herculan<\/title>\n<meta name=\"robots\" content=\"index, follow, max-snippet:-1, max-image-preview:large, max-video-preview:-1\" \/>\n<link rel=\"canonical\" href=\"https:\/\/herculan.com\/fr\/marine\/applications\/yachts-et-bateaux-de-croisiere\/\" \/>\n<script type=\"application\/ld+json\" class=\"yoast-schema-graph\">{\"@context\":\"https:\\\/\\\/schema.org\",\"@graph\":[{\"@type\":\"WebPage\",\"@id\":\"https:\\\/\\\/herculan.com\\\/fr\\\/marine\\\/applications\\\/yachts-et-bateaux-de-croisiere\\\/\",\"url\":\"https:\\\/\\\/herculan.com\\\/fr\\\/marine\\\/applications\\\/yachts-et-bateaux-de-croisiere\\\/\",\"name\":\"Yachts et bateaux de croisi\u00e8re &#8226; Herculan\",\"isPartOf\":{\"@id\":\"https:\\\/\\\/herculan.com\\\/fr\\\/#website\"},\"primaryImageOfPage\":{\"@id\":\"https:\\\/\\\/herculan.com\\\/fr\\\/marine\\\/applications\\\/yachts-et-bateaux-de-croisiere\\\/#primaryimage\"},\"image\":{\"@id\":\"https:\\\/\\\/herculan.com\\\/fr\\\/marine\\\/applications\\\/yachts-et-bateaux-de-croisiere\\\/#primaryimage\"},\"thumbnailUrl\":\"https:\\\/\\\/herculan.com\\\/wp-content\\\/uploads\\\/2020\\\/09\\\/teak-hoofdfoto.jpg\",\"datePublished\":\"2020-10-13T13:57:34+00:00\",\"dateModified\":\"2020-10-27T09:30:45+00:00\",\"breadcrumb\":{\"@id\":\"https:\\\/\\\/herculan.com\\\/fr\\\/marine\\\/applications\\\/yachts-et-bateaux-de-croisiere\\\/#breadcrumb\"},\"inLanguage\":\"fr-FR\",\"potentialAction\":[{\"@type\":\"ReadAction\",\"target\":[\"https:\\\/\\\/herculan.com\\\/fr\\\/marine\\\/applications\\\/yachts-et-bateaux-de-croisiere\\\/\"]}]},{\"@type\":\"ImageObject\",\"inLanguage\":\"fr-FR\",\"@id\":\"https:\\\/\\\/herculan.com\\\/fr\\\/marine\\\/applications\\\/yachts-et-bateaux-de-croisiere\\\/#primaryimage\",\"url\":\"https:\\\/\\\/herculan.com\\\/wp-content\\\/uploads\\\/2020\\\/09\\\/teak-hoofdfoto.jpg\",\"contentUrl\":\"https:\\\/\\\/herculan.com\\\/wp-content\\\/uploads\\\/2020\\\/09\\\/teak-hoofdfoto.jpg\",\"width\":1200,\"height\":537},{\"@type\":\"BreadcrumbList\",\"@id\":\"https:\\\/\\\/herculan.com\\\/fr\\\/marine\\\/applications\\\/yachts-et-bateaux-de-croisiere\\\/#breadcrumb\",\"itemListElement\":[{\"@type\":\"ListItem\",\"position\":1,\"name\":\"Home\",\"item\":\"https:\\\/\\\/herculan.com\\\/fr\\\/\"},{\"@type\":\"ListItem\",\"position\":2,\"name\":\"Marine\",\"item\":\"https:\\\/\\\/herculan.com\\\/fr\\\/marine\\\/\"},{\"@type\":\"ListItem\",\"position\":3,\"name\":\"Applications\",\"item\":\"https:\\\/\\\/herculan.com\\\/fr\\\/marine\\\/applications\\\/\"},{\"@type\":\"ListItem\",\"position\":4,\"name\":\"Yachts et bateaux de croisi\u00e8re\"}]},{\"@type\":\"WebSite\",\"@id\":\"https:\\\/\\\/herculan.com\\\/fr\\\/#website\",\"url\":\"https:\\\/\\\/herculan.com\\\/fr\\\/\",\"name\":\"Herculan\",\"description\":\"We&#039;ve got it covered\",\"potentialAction\":[{\"@type\":\"SearchAction\",\"target\":{\"@type\":\"EntryPoint\",\"urlTemplate\":\"https:\\\/\\\/herculan.com\\\/fr\\\/?s={search_term_string}\"},\"query-input\":{\"@type\":\"PropertyValueSpecification\",\"valueRequired\":true,\"valueName\":\"search_term_string\"}}],\"inLanguage\":\"fr-FR\"}]}<\/script>\n<!-- \/ Yoast SEO plugin. -->","yoast_head_json":{"title":"Yachts et bateaux de croisi\u00e8re &#8226; Herculan","robots":{"index":"index","follow":"follow","max-snippet":"max-snippet:-1","max-image-preview":"max-image-preview:large","max-video-preview":"max-video-preview:-1"},"canonical":"https:\/\/herculan.com\/fr\/marine\/applications\/yachts-et-bateaux-de-croisiere\/","schema":{"@context":"https:\/\/schema.org","@graph":[{"@type":"WebPage","@id":"https:\/\/herculan.com\/fr\/marine\/applications\/yachts-et-bateaux-de-croisiere\/","url":"https:\/\/herculan.com\/fr\/marine\/applications\/yachts-et-bateaux-de-croisiere\/","name":"Yachts et bateaux de croisi\u00e8re &#8226; Herculan","isPartOf":{"@id":"https:\/\/herculan.com\/fr\/#website"},"primaryImageOfPage":{"@id":"https:\/\/herculan.com\/fr\/marine\/applications\/yachts-et-bateaux-de-croisiere\/#primaryimage"},"image":{"@id":"https:\/\/herculan.com\/fr\/marine\/applications\/yachts-et-bateaux-de-croisiere\/#primaryimage"},"thumbnailUrl":"https:\/\/herculan.com\/wp-content\/uploads\/2020\/09\/teak-hoofdfoto.jpg","datePublished":"2020-10-13T13:57:34+00:00","dateModified":"2020-10-27T09:30:45+00:00","breadcrumb":{"@id":"https:\/\/herculan.com\/fr\/marine\/applications\/yachts-et-bateaux-de-croisiere\/#breadcrumb"},"inLanguage":"fr-FR","potentialAction":[{"@type":"ReadAction","target":["https:\/\/herculan.com\/fr\/marine\/applications\/yachts-et-bateaux-de-croisiere\/"]}]},{"@type":"ImageObject","inLanguage":"fr-FR","@id":"https:\/\/herculan.com\/fr\/marine\/applications\/yachts-et-bateaux-de-croisiere\/#primaryimage","url":"https:\/\/herculan.com\/wp-content\/uploads\/2020\/09\/teak-hoofdfoto.jpg","contentUrl":"https:\/\/herculan.com\/wp-content\/uploads\/2020\/09\/teak-hoofdfoto.jpg","width":1200,"height":537},{"@type":"BreadcrumbList","@id":"https:\/\/herculan.com\/fr\/marine\/applications\/yachts-et-bateaux-de-croisiere\/#breadcrumb","itemListElement":[{"@type":"ListItem","position":1,"name":"Home","item":"https:\/\/herculan.com\/fr\/"},{"@type":"ListItem","position":2,"name":"Marine","item":"https:\/\/herculan.com\/fr\/marine\/"},{"@type":"ListItem","position":3,"name":"Applications","item":"https:\/\/herculan.com\/fr\/marine\/applications\/"},{"@type":"ListItem","position":4,"name":"Yachts et bateaux de croisi\u00e8re"}]},{"@type":"WebSite","@id":"https:\/\/herculan.com\/fr\/#website","url":"https:\/\/herculan.com\/fr\/","name":"Herculan","description":"We&#039;ve got it covered","potentialAction":[{"@type":"SearchAction","target":{"@type":"EntryPoint","urlTemplate":"https:\/\/herculan.com\/fr\/?s={search_term_string}"},"query-input":{"@type":"PropertyValueSpecification","valueRequired":true,"valueName":"search_term_string"}}],"inLanguage":"fr-FR"}]}},"_links":{"self":[{"href":"https:\/\/herculan.com\/fr\/wp-json\/wp\/v2\/pages\/3494","targetHints":{"allow":["GET"]}}],"collection":[{"href":"https:\/\/herculan.com\/fr\/wp-json\/wp\/v2\/pages"}],"about":[{"href":"https:\/\/herculan.com\/fr\/wp-json\/wp\/v2\/types\/page"}],"author":[{"embeddable":true,"href":"https:\/\/herculan.com\/fr\/wp-json\/wp\/v2\/users\/1"}],"replies":[{"embeddable":true,"href":"https:\/\/herculan.com\/fr\/wp-json\/wp\/v2\/comments?post=3494"}],"version-history":[{"count":2,"href":"https:\/\/herculan.com\/fr\/wp-json\/wp\/v2\/pages\/3494\/revisions"}],"predecessor-version":[{"id":3508,"href":"https:\/\/herculan.com\/fr\/wp-json\/wp\/v2\/pages\/3494\/revisions\/3508"}],"up":[{"embeddable":true,"href":"https:\/\/herculan.com\/fr\/wp-json\/wp\/v2\/pages\/3424"}],"wp:featuredmedia":[{"embeddable":true,"href":"https:\/\/herculan.com\/fr\/wp-json\/wp\/v2\/media\/122"}],"wp:attachment":[{"href":"https:\/\/herculan.com\/fr\/wp-json\/wp\/v2\/media?parent=3494"}],"curies":[{"name":"wp","href":"https:\/\/api.w.org\/{rel}","templated":true}]}}