{"id":3496,"date":"2020-10-13T13:58:52","date_gmt":"2020-10-13T13:58:52","guid":{"rendered":"https:\/\/herculan.com\/marine\/applications\/binnenvaart-zeeschepen\/"},"modified":"2020-10-27T09:31:39","modified_gmt":"2020-10-27T09:31:39","slug":"bateaux-de-navigation-fluviale-et-navires-de-haute-mer","status":"publish","type":"page","link":"https:\/\/herculan.com\/fr\/marine\/applications\/bateaux-de-navigation-fluviale-et-navires-de-haute-mer\/","title":{"rendered":"Bateaux de navigation fluviale et navires de haute mer"},"content":{"rendered":"\n<p>Pour les rev\u00eatements de sol destin\u00e9s aux bateaux de navigation int\u00e9rieure et de haute mer, Herculan a d\u00e9velopp\u00e9 un rev\u00eatement fonctionnel et d\u00e9coratif poss\u00e9dant des propri\u00e9t\u00e9s exceptionnelles. Outre l\u2019absence de joints et le style d\u00e9coratif, ce rev\u00eatement de sol est exceptionnellement r\u00e9sistant \u00e0 l\u2019usure et quasiment insensible aux conditions m\u00e9t\u00e9orologiques. L\u2019eau, le vent, le froid et la chaleur glissent sans l\u2019atteindre.<\/p>\n","protected":false},"excerpt":{"rendered":"<p>Pour les rev\u00eatements de sol destin\u00e9s aux bateaux de navigation int\u00e9rieure et de haute mer, Herculan a d\u00e9velopp\u00e9 un rev\u00eatement fonctionnel et d\u00e9coratif poss\u00e9dant des propri\u00e9t\u00e9s exceptionnelles. Outre l\u2019absence de joints et le style d\u00e9coratif, ce rev\u00eatement de sol est exceptionnellement r\u00e9sistant \u00e0 l\u2019usure et quasiment insensible aux conditions m\u00e9t\u00e9orologiques. L\u2019eau, le vent, le froid [&hellip;]<\/p>\n","protected":false},"author":1,"featured_media":38,"parent":3424,"menu_order":3,"comment_status":"closed","ping_status":"closed","template":"page-application.php","meta":{"_acf_changed":false,"footnotes":""},"class_list":["post-3496","page","type-page","status-publish","has-post-thumbnail","hentry"],"acf":[],"yoast_head":"<!-- This site is optimized with the Yoast SEO plugin v27.3 - https:\/\/yoast.com\/product\/yoast-seo-wordpress\/ -->\n<title>Bateaux de navigation fluviale et navires de haute mer &#8226; Herculan<\/title>\n<meta name=\"robots\" content=\"index, follow, max-snippet:-1, max-image-preview:large, max-video-preview:-1\" \/>\n<link rel=\"canonical\" href=\"https:\/\/herculan.com\/fr\/marine\/applications\/bateaux-de-navigation-fluviale-et-navires-de-haute-mer\/\" \/>\n<script type=\"application\/ld+json\" class=\"yoast-schema-graph\">{\"@context\":\"https:\\\/\\\/schema.org\",\"@graph\":[{\"@type\":\"WebPage\",\"@id\":\"https:\\\/\\\/herculan.com\\\/fr\\\/marine\\\/applications\\\/bateaux-de-navigation-fluviale-et-navires-de-haute-mer\\\/\",\"url\":\"https:\\\/\\\/herculan.com\\\/fr\\\/marine\\\/applications\\\/bateaux-de-navigation-fluviale-et-navires-de-haute-mer\\\/\",\"name\":\"Bateaux de navigation fluviale et navires de haute mer &#8226; Herculan\",\"isPartOf\":{\"@id\":\"https:\\\/\\\/herculan.com\\\/fr\\\/#website\"},\"primaryImageOfPage\":{\"@id\":\"https:\\\/\\\/herculan.com\\\/fr\\\/marine\\\/applications\\\/bateaux-de-navigation-fluviale-et-navires-de-haute-mer\\\/#primaryimage\"},\"image\":{\"@id\":\"https:\\\/\\\/herculan.com\\\/fr\\\/marine\\\/applications\\\/bateaux-de-navigation-fluviale-et-navires-de-haute-mer\\\/#primaryimage\"},\"thumbnailUrl\":\"https:\\\/\\\/herculan.com\\\/wp-content\\\/uploads\\\/2020\\\/09\\\/algemeen-hoofdfoto.jpg\",\"datePublished\":\"2020-10-13T13:58:52+00:00\",\"dateModified\":\"2020-10-27T09:31:39+00:00\",\"breadcrumb\":{\"@id\":\"https:\\\/\\\/herculan.com\\\/fr\\\/marine\\\/applications\\\/bateaux-de-navigation-fluviale-et-navires-de-haute-mer\\\/#breadcrumb\"},\"inLanguage\":\"fr-FR\",\"potentialAction\":[{\"@type\":\"ReadAction\",\"target\":[\"https:\\\/\\\/herculan.com\\\/fr\\\/marine\\\/applications\\\/bateaux-de-navigation-fluviale-et-navires-de-haute-mer\\\/\"]}]},{\"@type\":\"ImageObject\",\"inLanguage\":\"fr-FR\",\"@id\":\"https:\\\/\\\/herculan.com\\\/fr\\\/marine\\\/applications\\\/bateaux-de-navigation-fluviale-et-navires-de-haute-mer\\\/#primaryimage\",\"url\":\"https:\\\/\\\/herculan.com\\\/wp-content\\\/uploads\\\/2020\\\/09\\\/algemeen-hoofdfoto.jpg\",\"contentUrl\":\"https:\\\/\\\/herculan.com\\\/wp-content\\\/uploads\\\/2020\\\/09\\\/algemeen-hoofdfoto.jpg\",\"width\":1200,\"height\":537},{\"@type\":\"BreadcrumbList\",\"@id\":\"https:\\\/\\\/herculan.com\\\/fr\\\/marine\\\/applications\\\/bateaux-de-navigation-fluviale-et-navires-de-haute-mer\\\/#breadcrumb\",\"itemListElement\":[{\"@type\":\"ListItem\",\"position\":1,\"name\":\"Home\",\"item\":\"https:\\\/\\\/herculan.com\\\/fr\\\/\"},{\"@type\":\"ListItem\",\"position\":2,\"name\":\"Marine\",\"item\":\"https:\\\/\\\/herculan.com\\\/fr\\\/marine\\\/\"},{\"@type\":\"ListItem\",\"position\":3,\"name\":\"Applications\",\"item\":\"https:\\\/\\\/herculan.com\\\/fr\\\/marine\\\/applications\\\/\"},{\"@type\":\"ListItem\",\"position\":4,\"name\":\"Bateaux de navigation fluviale et navires de haute mer\"}]},{\"@type\":\"WebSite\",\"@id\":\"https:\\\/\\\/herculan.com\\\/fr\\\/#website\",\"url\":\"https:\\\/\\\/herculan.com\\\/fr\\\/\",\"name\":\"Herculan\",\"description\":\"We&#039;ve got it covered\",\"potentialAction\":[{\"@type\":\"SearchAction\",\"target\":{\"@type\":\"EntryPoint\",\"urlTemplate\":\"https:\\\/\\\/herculan.com\\\/fr\\\/?s={search_term_string}\"},\"query-input\":{\"@type\":\"PropertyValueSpecification\",\"valueRequired\":true,\"valueName\":\"search_term_string\"}}],\"inLanguage\":\"fr-FR\"}]}<\/script>\n<!-- \/ Yoast SEO plugin. -->","yoast_head_json":{"title":"Bateaux de navigation fluviale et navires de haute mer &#8226; Herculan","robots":{"index":"index","follow":"follow","max-snippet":"max-snippet:-1","max-image-preview":"max-image-preview:large","max-video-preview":"max-video-preview:-1"},"canonical":"https:\/\/herculan.com\/fr\/marine\/applications\/bateaux-de-navigation-fluviale-et-navires-de-haute-mer\/","schema":{"@context":"https:\/\/schema.org","@graph":[{"@type":"WebPage","@id":"https:\/\/herculan.com\/fr\/marine\/applications\/bateaux-de-navigation-fluviale-et-navires-de-haute-mer\/","url":"https:\/\/herculan.com\/fr\/marine\/applications\/bateaux-de-navigation-fluviale-et-navires-de-haute-mer\/","name":"Bateaux de navigation fluviale et navires de haute mer &#8226; Herculan","isPartOf":{"@id":"https:\/\/herculan.com\/fr\/#website"},"primaryImageOfPage":{"@id":"https:\/\/herculan.com\/fr\/marine\/applications\/bateaux-de-navigation-fluviale-et-navires-de-haute-mer\/#primaryimage"},"image":{"@id":"https:\/\/herculan.com\/fr\/marine\/applications\/bateaux-de-navigation-fluviale-et-navires-de-haute-mer\/#primaryimage"},"thumbnailUrl":"https:\/\/herculan.com\/wp-content\/uploads\/2020\/09\/algemeen-hoofdfoto.jpg","datePublished":"2020-10-13T13:58:52+00:00","dateModified":"2020-10-27T09:31:39+00:00","breadcrumb":{"@id":"https:\/\/herculan.com\/fr\/marine\/applications\/bateaux-de-navigation-fluviale-et-navires-de-haute-mer\/#breadcrumb"},"inLanguage":"fr-FR","potentialAction":[{"@type":"ReadAction","target":["https:\/\/herculan.com\/fr\/marine\/applications\/bateaux-de-navigation-fluviale-et-navires-de-haute-mer\/"]}]},{"@type":"ImageObject","inLanguage":"fr-FR","@id":"https:\/\/herculan.com\/fr\/marine\/applications\/bateaux-de-navigation-fluviale-et-navires-de-haute-mer\/#primaryimage","url":"https:\/\/herculan.com\/wp-content\/uploads\/2020\/09\/algemeen-hoofdfoto.jpg","contentUrl":"https:\/\/herculan.com\/wp-content\/uploads\/2020\/09\/algemeen-hoofdfoto.jpg","width":1200,"height":537},{"@type":"BreadcrumbList","@id":"https:\/\/herculan.com\/fr\/marine\/applications\/bateaux-de-navigation-fluviale-et-navires-de-haute-mer\/#breadcrumb","itemListElement":[{"@type":"ListItem","position":1,"name":"Home","item":"https:\/\/herculan.com\/fr\/"},{"@type":"ListItem","position":2,"name":"Marine","item":"https:\/\/herculan.com\/fr\/marine\/"},{"@type":"ListItem","position":3,"name":"Applications","item":"https:\/\/herculan.com\/fr\/marine\/applications\/"},{"@type":"ListItem","position":4,"name":"Bateaux de navigation fluviale et navires de haute mer"}]},{"@type":"WebSite","@id":"https:\/\/herculan.com\/fr\/#website","url":"https:\/\/herculan.com\/fr\/","name":"Herculan","description":"We&#039;ve got it covered","potentialAction":[{"@type":"SearchAction","target":{"@type":"EntryPoint","urlTemplate":"https:\/\/herculan.com\/fr\/?s={search_term_string}"},"query-input":{"@type":"PropertyValueSpecification","valueRequired":true,"valueName":"search_term_string"}}],"inLanguage":"fr-FR"}]}},"_links":{"self":[{"href":"https:\/\/herculan.com\/fr\/wp-json\/wp\/v2\/pages\/3496","targetHints":{"allow":["GET"]}}],"collection":[{"href":"https:\/\/herculan.com\/fr\/wp-json\/wp\/v2\/pages"}],"about":[{"href":"https:\/\/herculan.com\/fr\/wp-json\/wp\/v2\/types\/page"}],"author":[{"embeddable":true,"href":"https:\/\/herculan.com\/fr\/wp-json\/wp\/v2\/users\/1"}],"replies":[{"embeddable":true,"href":"https:\/\/herculan.com\/fr\/wp-json\/wp\/v2\/comments?post=3496"}],"version-history":[{"count":2,"href":"https:\/\/herculan.com\/fr\/wp-json\/wp\/v2\/pages\/3496\/revisions"}],"predecessor-version":[{"id":3510,"href":"https:\/\/herculan.com\/fr\/wp-json\/wp\/v2\/pages\/3496\/revisions\/3510"}],"up":[{"embeddable":true,"href":"https:\/\/herculan.com\/fr\/wp-json\/wp\/v2\/pages\/3424"}],"wp:featuredmedia":[{"embeddable":true,"href":"https:\/\/herculan.com\/fr\/wp-json\/wp\/v2\/media\/38"}],"wp:attachment":[{"href":"https:\/\/herculan.com\/fr\/wp-json\/wp\/v2\/media?parent=3496"}],"curies":[{"name":"wp","href":"https:\/\/api.w.org\/{rel}","templated":true}]}}