{"id":5755,"date":"2022-06-14T08:17:51","date_gmt":"2022-06-14T08:17:51","guid":{"rendered":"https:\/\/herculan.com\/sports-en-salle\/over-ons\/"},"modified":"2023-05-10T11:29:18","modified_gmt":"2023-05-10T11:29:18","slug":"a-propos-de-nous","status":"publish","type":"page","link":"https:\/\/herculan.com\/fr\/a-propos-de-nous\/","title":{"rendered":"\u00c0 propos de nous"},"content":{"rendered":"<p>Herculan d\u00e9veloppe, produit, vend et installe des sols sans joints pour divers domaines d&rsquo;application tels que les sports d&rsquo;int\u00e9rieur, les sports de plein air, la construction non r\u00e9sidentielle et la navigation. Avec environ 30 ans d&rsquo;exp\u00e9rience et +\/- 90 employ\u00e9s qualifi\u00e9s, nous pouvons garantir la livraison du plancher que vous d\u00e9sirez.<\/p>\n<p>Notre offre est enti\u00e8rement adapt\u00e9e \u00e0 vos souhaits et \u00e0 vos besoins. Nous le faisons en commen\u00e7ant toujours la conversation personnellement. De ce fait, nous vous connaissons ainsi que vos souhaits, besoins et attentes.<\/p>\n<p>Le d\u00e9veloppement et la production ont lieu dans notre propre laboratoire et dans notre usine sur notre site de Meerkerk. Une commutation rapide et facile ne nous est donc pas inconnue. Nous investissons continuellement dans notre personnel, nos mat\u00e9riaux, nos techniques et nos moyens de production. Pourquoi? Afin que nous puissions continuer \u00e0 garantir des conseils professionnels et l&rsquo;installation de nos meilleurs produits. Nous le faisons selon des accords clairs, afin que toutes les parties sachent o\u00f9 elles en sont.<\/p>\n","protected":false},"excerpt":{"rendered":"<p>Herculan d\u00e9veloppe, produit, vend et installe des sols sans joints pour divers domaines d&rsquo;application tels que les sports d&rsquo;int\u00e9rieur, les sports de plein air, la construction non r\u00e9sidentielle et la navigation. Avec environ 30 ans d&rsquo;exp\u00e9rience et +\/- 90 employ\u00e9s qualifi\u00e9s, nous pouvons garantir la livraison du plancher que vous d\u00e9sirez. Notre offre est enti\u00e8rement [&hellip;]<\/p>\n","protected":false},"author":1,"featured_media":886,"parent":0,"menu_order":50,"comment_status":"closed","ping_status":"closed","template":"page-about-us.php","meta":{"_acf_changed":false,"footnotes":""},"class_list":["post-5755","page","type-page","status-publish","has-post-thumbnail","hentry"],"acf":[],"yoast_head":"<!-- This site is optimized with the Yoast SEO plugin v27.3 - https:\/\/yoast.com\/product\/yoast-seo-wordpress\/ -->\n<title>\u00c0 propos de nous &#8226; Herculan<\/title>\n<meta name=\"robots\" content=\"index, follow, max-snippet:-1, max-image-preview:large, max-video-preview:-1\" \/>\n<link rel=\"canonical\" href=\"https:\/\/herculan.com\/fr\/a-propos-de-nous\/\" \/>\n<script type=\"application\/ld+json\" class=\"yoast-schema-graph\">{\"@context\":\"https:\\\/\\\/schema.org\",\"@graph\":[{\"@type\":\"WebPage\",\"@id\":\"https:\\\/\\\/herculan.com\\\/fr\\\/a-propos-de-nous\\\/\",\"url\":\"https:\\\/\\\/herculan.com\\\/fr\\\/a-propos-de-nous\\\/\",\"name\":\"\u00c0 propos de nous &#8226; Herculan\",\"isPartOf\":{\"@id\":\"https:\\\/\\\/herculan.com\\\/fr\\\/#website\"},\"primaryImageOfPage\":{\"@id\":\"https:\\\/\\\/herculan.com\\\/fr\\\/a-propos-de-nous\\\/#primaryimage\"},\"image\":{\"@id\":\"https:\\\/\\\/herculan.com\\\/fr\\\/a-propos-de-nous\\\/#primaryimage\"},\"thumbnailUrl\":\"https:\\\/\\\/herculan.com\\\/wp-content\\\/uploads\\\/2020\\\/09\\\/receptie-2.jpg\",\"datePublished\":\"2022-06-14T08:17:51+00:00\",\"dateModified\":\"2023-05-10T11:29:18+00:00\",\"breadcrumb\":{\"@id\":\"https:\\\/\\\/herculan.com\\\/fr\\\/a-propos-de-nous\\\/#breadcrumb\"},\"inLanguage\":\"fr-FR\",\"potentialAction\":[{\"@type\":\"ReadAction\",\"target\":[\"https:\\\/\\\/herculan.com\\\/fr\\\/a-propos-de-nous\\\/\"]}]},{\"@type\":\"ImageObject\",\"inLanguage\":\"fr-FR\",\"@id\":\"https:\\\/\\\/herculan.com\\\/fr\\\/a-propos-de-nous\\\/#primaryimage\",\"url\":\"https:\\\/\\\/herculan.com\\\/wp-content\\\/uploads\\\/2020\\\/09\\\/receptie-2.jpg\",\"contentUrl\":\"https:\\\/\\\/herculan.com\\\/wp-content\\\/uploads\\\/2020\\\/09\\\/receptie-2.jpg\",\"width\":1200,\"height\":600},{\"@type\":\"BreadcrumbList\",\"@id\":\"https:\\\/\\\/herculan.com\\\/fr\\\/a-propos-de-nous\\\/#breadcrumb\",\"itemListElement\":[{\"@type\":\"ListItem\",\"position\":1,\"name\":\"Home\",\"item\":\"https:\\\/\\\/herculan.com\\\/fr\\\/\"},{\"@type\":\"ListItem\",\"position\":2,\"name\":\"\u00c0 propos de nous\"}]},{\"@type\":\"WebSite\",\"@id\":\"https:\\\/\\\/herculan.com\\\/fr\\\/#website\",\"url\":\"https:\\\/\\\/herculan.com\\\/fr\\\/\",\"name\":\"Herculan\",\"description\":\"We&#039;ve got it covered\",\"potentialAction\":[{\"@type\":\"SearchAction\",\"target\":{\"@type\":\"EntryPoint\",\"urlTemplate\":\"https:\\\/\\\/herculan.com\\\/fr\\\/?s={search_term_string}\"},\"query-input\":{\"@type\":\"PropertyValueSpecification\",\"valueRequired\":true,\"valueName\":\"search_term_string\"}}],\"inLanguage\":\"fr-FR\"}]}<\/script>\n<!-- \/ Yoast SEO plugin. -->","yoast_head_json":{"title":"\u00c0 propos de nous &#8226; Herculan","robots":{"index":"index","follow":"follow","max-snippet":"max-snippet:-1","max-image-preview":"max-image-preview:large","max-video-preview":"max-video-preview:-1"},"canonical":"https:\/\/herculan.com\/fr\/a-propos-de-nous\/","schema":{"@context":"https:\/\/schema.org","@graph":[{"@type":"WebPage","@id":"https:\/\/herculan.com\/fr\/a-propos-de-nous\/","url":"https:\/\/herculan.com\/fr\/a-propos-de-nous\/","name":"\u00c0 propos de nous &#8226; Herculan","isPartOf":{"@id":"https:\/\/herculan.com\/fr\/#website"},"primaryImageOfPage":{"@id":"https:\/\/herculan.com\/fr\/a-propos-de-nous\/#primaryimage"},"image":{"@id":"https:\/\/herculan.com\/fr\/a-propos-de-nous\/#primaryimage"},"thumbnailUrl":"https:\/\/herculan.com\/wp-content\/uploads\/2020\/09\/receptie-2.jpg","datePublished":"2022-06-14T08:17:51+00:00","dateModified":"2023-05-10T11:29:18+00:00","breadcrumb":{"@id":"https:\/\/herculan.com\/fr\/a-propos-de-nous\/#breadcrumb"},"inLanguage":"fr-FR","potentialAction":[{"@type":"ReadAction","target":["https:\/\/herculan.com\/fr\/a-propos-de-nous\/"]}]},{"@type":"ImageObject","inLanguage":"fr-FR","@id":"https:\/\/herculan.com\/fr\/a-propos-de-nous\/#primaryimage","url":"https:\/\/herculan.com\/wp-content\/uploads\/2020\/09\/receptie-2.jpg","contentUrl":"https:\/\/herculan.com\/wp-content\/uploads\/2020\/09\/receptie-2.jpg","width":1200,"height":600},{"@type":"BreadcrumbList","@id":"https:\/\/herculan.com\/fr\/a-propos-de-nous\/#breadcrumb","itemListElement":[{"@type":"ListItem","position":1,"name":"Home","item":"https:\/\/herculan.com\/fr\/"},{"@type":"ListItem","position":2,"name":"\u00c0 propos de nous"}]},{"@type":"WebSite","@id":"https:\/\/herculan.com\/fr\/#website","url":"https:\/\/herculan.com\/fr\/","name":"Herculan","description":"We&#039;ve got it covered","potentialAction":[{"@type":"SearchAction","target":{"@type":"EntryPoint","urlTemplate":"https:\/\/herculan.com\/fr\/?s={search_term_string}"},"query-input":{"@type":"PropertyValueSpecification","valueRequired":true,"valueName":"search_term_string"}}],"inLanguage":"fr-FR"}]}},"_links":{"self":[{"href":"https:\/\/herculan.com\/fr\/wp-json\/wp\/v2\/pages\/5755","targetHints":{"allow":["GET"]}}],"collection":[{"href":"https:\/\/herculan.com\/fr\/wp-json\/wp\/v2\/pages"}],"about":[{"href":"https:\/\/herculan.com\/fr\/wp-json\/wp\/v2\/types\/page"}],"author":[{"embeddable":true,"href":"https:\/\/herculan.com\/fr\/wp-json\/wp\/v2\/users\/1"}],"replies":[{"embeddable":true,"href":"https:\/\/herculan.com\/fr\/wp-json\/wp\/v2\/comments?post=5755"}],"version-history":[{"count":4,"href":"https:\/\/herculan.com\/fr\/wp-json\/wp\/v2\/pages\/5755\/revisions"}],"predecessor-version":[{"id":7462,"href":"https:\/\/herculan.com\/fr\/wp-json\/wp\/v2\/pages\/5755\/revisions\/7462"}],"wp:featuredmedia":[{"embeddable":true,"href":"https:\/\/herculan.com\/fr\/wp-json\/wp\/v2\/media\/886"}],"wp:attachment":[{"href":"https:\/\/herculan.com\/fr\/wp-json\/wp\/v2\/media?parent=5755"}],"curies":[{"name":"wp","href":"https:\/\/api.w.org\/{rel}","templated":true}]}}