{"id":7450,"date":"2022-10-31T15:38:38","date_gmt":"2022-10-31T15:38:38","guid":{"rendered":"https:\/\/herculan.com\/a-propos-de-nous\/de-historie-van-herculan\/"},"modified":"2023-05-10T11:20:37","modified_gmt":"2023-05-10T11:20:37","slug":"une-histoire-herculan","status":"publish","type":"page","link":"https:\/\/herculan.com\/fr\/a-propos-de-nous\/une-histoire-herculan\/","title":{"rendered":"Une histoire Herculan"},"content":{"rendered":"\r\n<p>Herculan a d\u00e9but\u00e9 en 1991 sous le nom d&rsquo;Eputan Kunststoftechniek BV. Cinq hommes enthousiastes avaient d\u00e9cid\u00e9 de fonder Eputan. Il n&rsquo;y avait pas d&rsquo;argent, seulement de l&rsquo;enthousiasme, de la confiance en l&rsquo;avenir et la volont\u00e9 de r\u00e9ussir. Produire des mat\u00e9riaux un jour et poser des sols le lendemain. Tout seul, mais avec l&rsquo;aide d&rsquo;amis et de famille, car sans eux nous n&rsquo;aurions pas surv\u00e9cu \u00e0 cette phase pionni\u00e8re.<\/p>\r\n<p>En 2000, Eputan d\u00e9m\u00e9nage \u00e0 Meerkerk, Energieweg 6. Apr\u00e8s quelques r\u00e9novations, la production peut avoir lieu ici et il y a suffisamment d&rsquo;espace pour un bureau, une administration, une cantine et un laboratoire. Mais pas pour longtemps, ici aussi Eputan perd rapidement son manteau. Heureusement, l&rsquo;occasion s&rsquo;est pr\u00e9sent\u00e9e d&rsquo;acheter un terrain suppl\u00e9mentaire \u00e0 l&#8217;emplacement actuel. De nouvelles constructions et r\u00e9novations substantielles garantissent que l&rsquo;entreprise \u00e9tait en constante croissance pour finalement obtenir une base d&rsquo;accueil qui pourrait \u00e9galement g\u00e9rer la croissance future. Entre-temps, la soci\u00e9t\u00e9 Hercutrade avait \u00e9galement \u00e9t\u00e9 reprise, d&rsquo;o\u00f9 le nom Herculan.<\/p>\r\n<p>Apr\u00e8s la r\u00e9novation, l&rsquo;entreprise s&rsquo;est davantage professionnalis\u00e9e d&rsquo;un point de vue organisationnel. Une grande attention au d\u00e9veloppement de produits, aux nouveaux syst\u00e8mes TIC, \u00e0 la stabilisation du chiffre d&rsquo;affaires et \u00e0 la structure de l&rsquo;organisation. La soci\u00e9t\u00e9 Helder &amp; May a \u00e9galement \u00e9t\u00e9 reprise pour se sp\u00e9cialiser davantage dans le secteur maritime. La croissance dans divers domaines a donc \u00e9t\u00e9 centrale au cours des 30 derni\u00e8res ann\u00e9es, mais sur la base de la fondation que nous avons commenc\u00e9e autrefois\u00a0: \u00ab\u00a0Une entreprise honn\u00eate en coop\u00e9ration avec des partenaires, des employ\u00e9s, des acheteurs et des fournisseurs fid\u00e8les\u00a0\u00bb\u00a0!<\/p>\r\n<p><a href=\"https:\/\/herculan.com\/fr\/a-propos-de-nous\/\" class=\"btn-more\">Retour \u00e0 \u00e0 propos de nous<\/a><\/p>\r\n","protected":false},"excerpt":{"rendered":"<p>Herculan a d\u00e9but\u00e9 en 1991 sous le nom d&rsquo;Eputan Kunststoftechniek BV. Cinq hommes enthousiastes avaient d\u00e9cid\u00e9 de fonder Eputan. Il n&rsquo;y avait pas d&rsquo;argent, seulement de l&rsquo;enthousiasme, de la confiance en l&rsquo;avenir et la volont\u00e9 de r\u00e9ussir. Produire des mat\u00e9riaux un jour et poser des sols le lendemain. Tout seul, mais avec l&rsquo;aide d&rsquo;amis et [&hellip;]<\/p>\n","protected":false},"author":1,"featured_media":0,"parent":5755,"menu_order":0,"comment_status":"closed","ping_status":"closed","template":"","meta":{"_acf_changed":false,"footnotes":""},"class_list":["post-7450","page","type-page","status-publish","hentry"],"acf":[],"yoast_head":"<!-- This site is optimized with the Yoast SEO plugin v27.3 - https:\/\/yoast.com\/product\/yoast-seo-wordpress\/ -->\n<title>Une histoire Herculan &#8226; Herculan<\/title>\n<meta name=\"robots\" content=\"index, follow, max-snippet:-1, max-image-preview:large, max-video-preview:-1\" \/>\n<link rel=\"canonical\" href=\"https:\/\/herculan.com\/fr\/a-propos-de-nous\/une-histoire-herculan\/\" \/>\n<script type=\"application\/ld+json\" class=\"yoast-schema-graph\">{\"@context\":\"https:\\\/\\\/schema.org\",\"@graph\":[{\"@type\":\"WebPage\",\"@id\":\"https:\\\/\\\/herculan.com\\\/fr\\\/a-propos-de-nous\\\/une-histoire-herculan\\\/\",\"url\":\"https:\\\/\\\/herculan.com\\\/fr\\\/a-propos-de-nous\\\/une-histoire-herculan\\\/\",\"name\":\"Une histoire Herculan &#8226; Herculan\",\"isPartOf\":{\"@id\":\"https:\\\/\\\/herculan.com\\\/fr\\\/#website\"},\"datePublished\":\"2022-10-31T15:38:38+00:00\",\"dateModified\":\"2023-05-10T11:20:37+00:00\",\"breadcrumb\":{\"@id\":\"https:\\\/\\\/herculan.com\\\/fr\\\/a-propos-de-nous\\\/une-histoire-herculan\\\/#breadcrumb\"},\"inLanguage\":\"fr-FR\",\"potentialAction\":[{\"@type\":\"ReadAction\",\"target\":[\"https:\\\/\\\/herculan.com\\\/fr\\\/a-propos-de-nous\\\/une-histoire-herculan\\\/\"]}]},{\"@type\":\"BreadcrumbList\",\"@id\":\"https:\\\/\\\/herculan.com\\\/fr\\\/a-propos-de-nous\\\/une-histoire-herculan\\\/#breadcrumb\",\"itemListElement\":[{\"@type\":\"ListItem\",\"position\":1,\"name\":\"Home\",\"item\":\"https:\\\/\\\/herculan.com\\\/fr\\\/\"},{\"@type\":\"ListItem\",\"position\":2,\"name\":\"\u00c0 propos de nous\",\"item\":\"https:\\\/\\\/herculan.com\\\/fr\\\/a-propos-de-nous\\\/\"},{\"@type\":\"ListItem\",\"position\":3,\"name\":\"Une histoire Herculan\"}]},{\"@type\":\"WebSite\",\"@id\":\"https:\\\/\\\/herculan.com\\\/fr\\\/#website\",\"url\":\"https:\\\/\\\/herculan.com\\\/fr\\\/\",\"name\":\"Herculan\",\"description\":\"We&#039;ve got it covered\",\"potentialAction\":[{\"@type\":\"SearchAction\",\"target\":{\"@type\":\"EntryPoint\",\"urlTemplate\":\"https:\\\/\\\/herculan.com\\\/fr\\\/?s={search_term_string}\"},\"query-input\":{\"@type\":\"PropertyValueSpecification\",\"valueRequired\":true,\"valueName\":\"search_term_string\"}}],\"inLanguage\":\"fr-FR\"}]}<\/script>\n<!-- \/ Yoast SEO plugin. -->","yoast_head_json":{"title":"Une histoire Herculan &#8226; Herculan","robots":{"index":"index","follow":"follow","max-snippet":"max-snippet:-1","max-image-preview":"max-image-preview:large","max-video-preview":"max-video-preview:-1"},"canonical":"https:\/\/herculan.com\/fr\/a-propos-de-nous\/une-histoire-herculan\/","schema":{"@context":"https:\/\/schema.org","@graph":[{"@type":"WebPage","@id":"https:\/\/herculan.com\/fr\/a-propos-de-nous\/une-histoire-herculan\/","url":"https:\/\/herculan.com\/fr\/a-propos-de-nous\/une-histoire-herculan\/","name":"Une histoire Herculan &#8226; Herculan","isPartOf":{"@id":"https:\/\/herculan.com\/fr\/#website"},"datePublished":"2022-10-31T15:38:38+00:00","dateModified":"2023-05-10T11:20:37+00:00","breadcrumb":{"@id":"https:\/\/herculan.com\/fr\/a-propos-de-nous\/une-histoire-herculan\/#breadcrumb"},"inLanguage":"fr-FR","potentialAction":[{"@type":"ReadAction","target":["https:\/\/herculan.com\/fr\/a-propos-de-nous\/une-histoire-herculan\/"]}]},{"@type":"BreadcrumbList","@id":"https:\/\/herculan.com\/fr\/a-propos-de-nous\/une-histoire-herculan\/#breadcrumb","itemListElement":[{"@type":"ListItem","position":1,"name":"Home","item":"https:\/\/herculan.com\/fr\/"},{"@type":"ListItem","position":2,"name":"\u00c0 propos de nous","item":"https:\/\/herculan.com\/fr\/a-propos-de-nous\/"},{"@type":"ListItem","position":3,"name":"Une histoire Herculan"}]},{"@type":"WebSite","@id":"https:\/\/herculan.com\/fr\/#website","url":"https:\/\/herculan.com\/fr\/","name":"Herculan","description":"We&#039;ve got it covered","potentialAction":[{"@type":"SearchAction","target":{"@type":"EntryPoint","urlTemplate":"https:\/\/herculan.com\/fr\/?s={search_term_string}"},"query-input":{"@type":"PropertyValueSpecification","valueRequired":true,"valueName":"search_term_string"}}],"inLanguage":"fr-FR"}]}},"_links":{"self":[{"href":"https:\/\/herculan.com\/fr\/wp-json\/wp\/v2\/pages\/7450","targetHints":{"allow":["GET"]}}],"collection":[{"href":"https:\/\/herculan.com\/fr\/wp-json\/wp\/v2\/pages"}],"about":[{"href":"https:\/\/herculan.com\/fr\/wp-json\/wp\/v2\/types\/page"}],"author":[{"embeddable":true,"href":"https:\/\/herculan.com\/fr\/wp-json\/wp\/v2\/users\/1"}],"replies":[{"embeddable":true,"href":"https:\/\/herculan.com\/fr\/wp-json\/wp\/v2\/comments?post=7450"}],"version-history":[{"count":2,"href":"https:\/\/herculan.com\/fr\/wp-json\/wp\/v2\/pages\/7450\/revisions"}],"predecessor-version":[{"id":7460,"href":"https:\/\/herculan.com\/fr\/wp-json\/wp\/v2\/pages\/7450\/revisions\/7460"}],"up":[{"embeddable":true,"href":"https:\/\/herculan.com\/fr\/wp-json\/wp\/v2\/pages\/5755"}],"wp:attachment":[{"href":"https:\/\/herculan.com\/fr\/wp-json\/wp\/v2\/media?parent=7450"}],"curies":[{"name":"wp","href":"https:\/\/api.w.org\/{rel}","templated":true}]}}